{"id":2056,"date":"2020-04-11T18:28:37","date_gmt":"2020-04-11T16:28:37","guid":{"rendered":"http:\/\/www.tauli.cat\/institut\/?page_id=2056"},"modified":"2021-06-18T10:11:33","modified_gmt":"2021-06-18T08:11:33","slug":"recerca-i-innovacio-per-combatre-la-covid-19","status":"publish","type":"page","link":"https:\/\/www.tauli.cat\/institut\/colabora\/recerca-i-innovacio-per-combatre-la-covid-19\/","title":{"rendered":"Recerca i innovaci\u00f3 per combatre la COVID-19"},"content":{"rendered":"<div class=\"wpb-content-wrapper\">[vc_row bg_type=&#8221;image&#8221; bg_image=&#8221;2061&#8243; bg_image_type=&#8221;animated&#8221; color_overlay=&#8221;dark&#8221; opacity_overlay=&#8221;40&#8243; padding_top=&#8221;60px&#8221; padding_bottom=&#8221;60px&#8221; el_class=&#8221;header-section&#8221;][vc_column][vc_raw_html el_class=&#8221;custom-breadcrumb&#8221;]JTNDZGl2JTIwY2xhc3MlM0QlMjJicmVhZGNydW1icyUyMiUyMHR5cGVvZiUzRCUyMkJyZWFkY3J1bWJMaXN0JTIyJTIwdm9jYWIlM0QlMjJodHRwcyUzQSUyRiUyRnNjaGVtYS5vcmclMkYlMjIlM0UlMEElMDklMDklMDklMDklMDklM0MlMjEtLSUyMEJyZWFkY3J1bWIlMjBOYXZYVCUyMDYuNC4wJTIwLS0lM0UlMEElM0NzcGFuJTIwcHJvcGVydHklM0QlMjJpdGVtTGlzdEVsZW1lbnQlMjIlMjB0eXBlb2YlM0QlMjJMaXN0SXRlbSUyMiUzRSUzQ2ElMjBwcm9wZXJ0eSUzRCUyMml0ZW0lMjIlMjB0eXBlb2YlM0QlMjJXZWJQYWdlJTIyJTIwdGl0bGUlM0QlMjJWJUMzJUE5cyUyMGElMjBQYXJjJTIwVGF1bCVDMyVBRCUyMEkzUFQuJTIyJTIwaHJlZiUzRCUyMmh0dHAlM0ElMkYlMkZ3d3cudGF1bGkuY2F0JTJGaW5zdGl0dXQlMjIlMjBjbGFzcyUzRCUyMmhvbWUlMjIlM0UlM0NzcGFuJTIwcHJvcGVydHklM0QlMjJuYW1lJTIyJTNFSW5pY2klM0MlMkZzcGFuJTNFJTNDJTJGYSUzRSUzQ21ldGElMjBwcm9wZXJ0eSUzRCUyMnBvc2l0aW9uJTIyJTIwY29udGVudCUzRCUyMjElMjIlM0UlM0MlMkZzcGFuJTNFJTIwJTI2Z3QlM0IlMjAlM0NzcGFuJTIwcHJvcGVydHklM0QlMjJpdGVtTGlzdEVsZW1lbnQlMjIlMjB0eXBlb2YlM0QlMjJMaXN0SXRlbSUyMiUzRSUzQ2ElMjBwcm9wZXJ0eSUzRCUyMml0ZW0lMjIlMjB0eXBlb2YlM0QlMjJXZWJQYWdlJTIyJTIwdGl0bGUlM0QlMjJWJUMzJUE5cyUyMGElMjBDb2wlQzIlQjdsYWJvcmEuJTIyJTIwaHJlZiUzRCUyMmh0dHAlM0ElMkYlMkZ3d3cudGF1bGkuY2F0JTJGaW5zdGl0dXQlMkZjb2xhYm9yYSUyRiUyMiUyMGNsYXNzJTNEJTIycG9zdCUyMHBvc3QtcGFnZSUyMiUzRSUzQ3NwYW4lMjBwcm9wZXJ0eSUzRCUyMm5hbWUlMjIlM0VDb2wlQzIlQjdsYWJvcmElM0MlMkZzcGFuJTNFJTNDJTJGYSUzRSUzQ21ldGElMjBwcm9wZXJ0eSUzRCUyMnBvc2l0aW9uJTIyJTIwY29udGVudCUzRCUyMjIlMjIlM0UlM0MlMkZzcGFuJTNFJTIwJTI2Z3QlM0IlMjAlM0NzcGFuJTIwY2xhc3MlM0QlMjJwb3N0JTIwcG9zdC1wYWdlJTIwY3VycmVudC1pdGVtJTIyJTNFUmVjZXJjYSUyMGklMjBpbm5vdmFjaSVDMyVCMyUyMHBlciUyMGNvbWJhdHJlJTIwbGElMjBDT1ZJRC0xOSUzQyUyRnNwYW4lM0UlMjAlMjAlMjAlMjAlMjAlMjAlMjAlMjAlMjAlMjAlMjAlMjAlMjAlMjAlMjAlMjAlM0MlMkZkaXYlM0U=[\/vc_raw_html][vc_custom_heading source=&#8221;post_title&#8221; font_container=&#8221;tag:h1|text_align:left|color:%23ffffff&#8221; use_theme_fonts=&#8221;yes&#8221;][vc_row_inner][vc_column_inner width=&#8221;2\/3&#8243; tablet_width=&#8221;1&#8243;][vc_custom_heading text=&#8221;Degut a la situaci\u00f3 d&#8217;emerg\u00e8ncia mundial que estem vivint, l\u2019I3PT est\u00e0 dedicant tots els seus esfor\u00e7os al desenvolupament de solucions innovadores que ajudin a combatre la COVID-19.&#8221; font_container=&#8221;tag:h4|text_align:left|color:%23ffffff&#8221; use_theme_fonts=&#8221;yes&#8221; css_animation=&#8221;fadeInDown&#8221; css=&#8221;.vc_custom_1586618262051{margin-bottom: 0px !important;}&#8221;][\/vc_column_inner][\/vc_row_inner][\/vc_column][\/vc_row][vc_row el_class=&#8221;donacio-rdi&#8221;][vc_column width=&#8221;2\/3&#8243;][vc_column_text]Aquest dies, m\u00e9s que mai, hem vist la necessitat d\u2019avan\u00e7ar en el coneixement cient\u00edfic contra l&#8217;epid\u00e8mia mundial provocada pel virus SARS-CoV-2, que actualment ja afecta a m\u00e9s de 180 pa\u00efsos. \u00c9s per aix\u00f2 que <strong>demanem a la ciutadania que aportin el seu granet de sorra per finan\u00e7ar alguns dels projectes m\u00e9s prometedors del nostre Institut.<\/strong><\/p>\n<p>Aquests projectes aborden els seg\u00fcents <strong>reptes<\/strong>:<\/p>\n<ul>\n<li>Millorar el diagn\u00f2stic i el pron\u00f2stic d\u2019individus amb la COVID-19.<\/li>\n<li>Desenvolupar tractaments efectius contra els efectes del SARS-CoV-2.<\/li>\n<li>Millorar la monitoritzaci\u00f3 dels pacients COVID evitant el risc de contagi dels professionals sanitaris.<\/li>\n<li>Millorar la comunicaci\u00f3 dels malalts COVID amb els seus familiars.<\/li>\n<\/ul>\n[\/vc_column_text][\/vc_column][vc_column width=&#8221;1\/3&#8243;]<div class=\"eut-element eut-box eut-align-center\" style=\"\"><div class=\"eut-media\"><a href=\"http:\/\/www.tauli.cat\/institut\/colabora\/donacio\/?projecte=1\" target=\"_self\"><img width=\"512\" height=\"512\" src=\"https:\/\/www.tauli.cat\/institut\/wp-content\/uploads\/2020\/04\/donacion.png\" class=\"attachment-full size-full\" alt=\"\" decoding=\"async\" loading=\"lazy\" srcset=\"https:\/\/www.tauli.cat\/institut\/wp-content\/uploads\/2020\/04\/donacion.png 512w, https:\/\/www.tauli.cat\/institut\/wp-content\/uploads\/2020\/04\/donacion-300x300.png 300w, https:\/\/www.tauli.cat\/institut\/wp-content\/uploads\/2020\/04\/donacion-150x150.png 150w, https:\/\/www.tauli.cat\/institut\/wp-content\/uploads\/2020\/04\/donacion-100x100.png 100w\" sizes=\"(max-width: 512px) 100vw, 512px\" \/><\/a><\/div>  <div class=\"eut-box-content\">    <a href=\"http:\/\/www.tauli.cat\/institut\/colabora\/donacio\/?projecte=1\" target=\"_self\"><h4 class=\"eut-box-title\">Fes la teva donaci\u00f3!<\/h4>    <\/a>    <p><\/p>  <\/div><\/div>[\/vc_column][\/vc_row]\n<\/div>","protected":false},"excerpt":{"rendered":"<p>[vc_row bg_type=&#8221;image&#8221; bg_image=&#8221;2061&#8243; bg_image_type=&#8221;animated&#8221; color_overlay=&#8221;dark&#8221; opacity_overlay=&#8221;40&#8243; padding_top=&#8221;60px&#8221; padding_bottom=&#8221;60px&#8221; el_class=&#8221;header-section&#8221;][vc_column][vc_raw_html el_class=&#8221;custom-breadcrumb&#8221;]JTNDZGl2JTIwY2xhc3MlM0QlMjJicmVhZGNydW1icyUyMiUyMHR5cGVvZiUzRCUyMkJyZWFkY3J1bWJMaXN0JTIyJTIwdm9jYWIlM0QlMjJodHRwcyUzQSUyRiUyRnNjaGVtYS5vcmclMkYlMjIlM0UlMEElMDklMDklMDklMDklMDklM0MlMjEtLSUyMEJyZWFkY3J1bWIlMjBOYXZYVCUyMDYuNC4wJTIwLS0lM0UlMEElM0NzcGFuJTIwcHJvcGVydHklM0QlMjJpdGVtTGlzdEVsZW1lbnQlMjIlMjB0eXBlb2YlM0QlMjJMaXN0SXRlbSUyMiUzRSUzQ2ElMjBwcm9wZXJ0eSUzRCUyMml0ZW0lMjIlMjB0eXBlb2YlM0QlMjJXZWJQYWdlJTIyJTIwdGl0bGUlM0QlMjJWJUMzJUE5cyUyMGElMjBQYXJjJTIwVGF1bCVDMyVBRCUyMEkzUFQuJTIyJTIwaHJlZiUzRCUyMmh0dHAlM0ElMkYlMkZ3d3cudGF1bGkuY2F0JTJGaW5zdGl0dXQlMjIlMjBjbGFzcyUzRCUyMmhvbWUlMjIlM0UlM0NzcGFuJTIwcHJvcGVydHklM0QlMjJuYW1lJTIyJTNFSW5pY2klM0MlMkZzcGFuJTNFJTNDJTJGYSUzRSUzQ21ldGElMjBwcm9wZXJ0eSUzRCUyMnBvc2l0aW9uJTIyJTIwY29udGVudCUzRCUyMjElMjIlM0UlM0MlMkZzcGFuJTNFJTIwJTI2Z3QlM0IlMjAlM0NzcGFuJTIwcHJvcGVydHklM0QlMjJpdGVtTGlzdEVsZW1lbnQlMjIlMjB0eXBlb2YlM0QlMjJMaXN0SXRlbSUyMiUzRSUzQ2ElMjBwcm9wZXJ0eSUzRCUyMml0ZW0lMjIlMjB0eXBlb2YlM0QlMjJXZWJQYWdlJTIyJTIwdGl0bGUlM0QlMjJWJUMzJUE5cyUyMGElMjBDb2wlQzIlQjdsYWJvcmEuJTIyJTIwaHJlZiUzRCUyMmh0dHAlM0ElMkYlMkZ3d3cudGF1bGkuY2F0JTJGaW5zdGl0dXQlMkZjb2xhYm9yYSUyRiUyMiUyMGNsYXNzJTNEJTIycG9zdCUyMHBvc3QtcGFnZSUyMiUzRSUzQ3NwYW4lMjBwcm9wZXJ0eSUzRCUyMm5hbWUlMjIlM0VDb2wlQzIlQjdsYWJvcmElM0MlMkZzcGFuJTNFJTNDJTJGYSUzRSUzQ21ldGElMjBwcm9wZXJ0eSUzRCUyMnBvc2l0aW9uJTIyJTIwY29udGVudCUzRCUyMjIlMjIlM0UlM0MlMkZzcGFuJTNFJTIwJTI2Z3QlM0IlMjAlM0NzcGFuJTIwY2xhc3MlM0QlMjJwb3N0JTIwcG9zdC1wYWdlJTIwY3VycmVudC1pdGVtJTIyJTNFUmVjZXJjYSUyMGklMjBpbm5vdmFjaSVDMyVCMyUyMHBlciUyMGNvbWJhdHJlJTIwbGElMjBDT1ZJRC0xOSUzQyUyRnNwYW4lM0UlMjAlMjAlMjAlMjAlMjAlMjAlMjAlMjAlMjAlMjAlMjAlMjAlMjAlMjAlMjAlMjAlM0MlMkZkaXYlM0U=[\/vc_raw_html][vc_custom_heading source=&#8221;post_title&#8221; font_container=&#8221;tag:h1|text_align:left|color:%23ffffff&#8221; use_theme_fonts=&#8221;yes&#8221;][vc_row_inner][vc_column_inner width=&#8221;2\/3&#8243; tablet_width=&#8221;1&#8243;][vc_custom_heading text=&#8221;Degut a la situaci\u00f3 d&#8217;emerg\u00e8ncia mundial que estem vivint, l\u2019I3PT est\u00e0 dedicant tots els seus esfor\u00e7os al desenvolupament de solucions innovadores que ajudin a combatre la COVID-19.&#8221; font_container=&#8221;tag:h4|text_align:left|color:%23ffffff&#8221; use_theme_fonts=&#8221;yes&#8221; css_animation=&#8221;fadeInDown&#8221; css=&#8221;.vc_custom_1586618262051{margin-bottom: 0px !important;}&#8221;][\/vc_column_inner][\/vc_row_inner][\/vc_column][\/vc_row][vc_row el_class=&#8221;donacio-rdi&#8221;][vc_column width=&#8221;2\/3&#8243;][vc_column_text]Aquest dies, m\u00e9s que mai, hem [&hellip;]<\/p>\n","protected":false},"author":1,"featured_media":2061,"parent":569,"menu_order":0,"comment_status":"closed","ping_status":"closed","template":"","meta":[],"_links":{"self":[{"href":"https:\/\/www.tauli.cat\/institut\/wp-json\/wp\/v2\/pages\/2056"}],"collection":[{"href":"https:\/\/www.tauli.cat\/institut\/wp-json\/wp\/v2\/pages"}],"about":[{"href":"https:\/\/www.tauli.cat\/institut\/wp-json\/wp\/v2\/types\/page"}],"author":[{"embeddable":true,"href":"https:\/\/www.tauli.cat\/institut\/wp-json\/wp\/v2\/users\/1"}],"replies":[{"embeddable":true,"href":"https:\/\/www.tauli.cat\/institut\/wp-json\/wp\/v2\/comments?post=2056"}],"version-history":[{"count":30,"href":"https:\/\/www.tauli.cat\/institut\/wp-json\/wp\/v2\/pages\/2056\/revisions"}],"predecessor-version":[{"id":9231,"href":"https:\/\/www.tauli.cat\/institut\/wp-json\/wp\/v2\/pages\/2056\/revisions\/9231"}],"up":[{"embeddable":true,"href":"https:\/\/www.tauli.cat\/institut\/wp-json\/wp\/v2\/pages\/569"}],"wp:featuredmedia":[{"embeddable":true,"href":"https:\/\/www.tauli.cat\/institut\/wp-json\/wp\/v2\/media\/2061"}],"wp:attachment":[{"href":"https:\/\/www.tauli.cat\/institut\/wp-json\/wp\/v2\/media?parent=2056"}],"curies":[{"name":"wp","href":"https:\/\/api.w.org\/{rel}","templated":true}]}}