{"id":210,"date":"2019-11-07T16:34:38","date_gmt":"2019-11-07T15:34:38","guid":{"rendered":"http:\/\/www.tauli.cat\/institut\/?page_id=210"},"modified":"2023-05-22T13:17:03","modified_gmt":"2023-05-22T11:17:03","slug":"unitat-de-projectes","status":"publish","type":"page","link":"https:\/\/www.tauli.cat\/institut\/plataformes-i-serveis\/unitat-de-projectes\/","title":{"rendered":"Unitat de Projectes"},"content":{"rendered":"<div class=\"wpb-content-wrapper\">[vc_row section_id=&#8221;custom-top-tabs&#8221;][vc_column][vc_column_text el_class=&#8221;top-tabs&#8221;]\n<ul>\n<li data-hash=\"sobre\">Presentaci\u00f3<\/li>\n<li data-hash=\"serveis\">Serveis<\/li>\n<li data-hash=\"contacte\">Contacte<\/li>\n<\/ul>\n[\/vc_column_text][\/vc_column][\/vc_row][vc_row el_class=&#8221;custom-top-tabs-content&#8221;][vc_column width=&#8221;2\/3&#8243;][vc_column_text]La Unitat de Projectes t\u00e9 com a objectiu dinamitzar la recerca que es realitza al Consorci Corporaci\u00f3 Sanit\u00e0ria Parc Taul\u00ed per tal d\u2019incrementar la participaci\u00f3 tant en projectes nacionals com internacionals i la captaci\u00f3 de recursos.<\/p>\n<p><strong><span style=\"color: #5a5a5a;\">Comptem amb una \u00e0mplia experi\u00e8ncia en la gesti\u00f3 de projectes de compra p\u00fablica precomercial i compra p\u00fablica d\u2019innovaci\u00f3. Des de 2013 estem participat en projectes europeus de la modalitat Pre-Comercial Procurement (PCP) i Public Procurement of Innovation (PPI) i des de 2019 estem gestionant projectes de compra p\u00fablica d\u2019innovaci\u00f3 (CPI) a nivell auton\u00f2mic.<\/span><\/strong><\/p>\n<h4>Missi\u00f3<\/h4>\n<ul>\n<li>Centralitzar els projectes que es realitzin al Parc Taul\u00ed, per tal de dur una gesti\u00f3 eficient i efica\u00e7.<\/li>\n<li>Identificar professionals que tinguin una idea de projecte o b\u00e9 un projecte ja estructurat i que vulguin explorar noves fonts de finan\u00e7ament.<\/li>\n<li>Contactar amb els investigadors interessats en participar en projectes, con\u00e8ixer les seves capacitats i interessos per tal d\u2019assessorar-los en el desenvolupament d\u2019 un projecte de recerca de qualitat.<\/li>\n<li>Impulsar la participaci\u00f3 dels investigadors en projectes i fomentar el lideratge en projectes internacionals.<\/li>\n<\/ul>\n<ul>\n<li class=\"icon-list link\">\n<h4><a href=\"https:\/\/www.tauli.cat\/institut\/projectes-i-xarxes\/projectes-en-curs\/\">Projectes en curs<\/a><\/h4>\n<\/li>\n<li class=\"icon-list link\">\n<h4><a href=\"https:\/\/www.tauli.cat\/institut\/projectes-i-xarxes\/xarxes\/\">Xarxes<\/a><\/h4>\n<\/li>\n<\/ul>\n[\/vc_column_text][\/vc_column][vc_column width=&#8221;1\/3&#8243;]\r\n\t\t<div class=\"eut-team eut-element team\" style=\"\">\r\n\t\t\t<figure>\r\n\t\t\t\t\t\t\t\t<div class=\"eut-team-person eut-media eut-align-center\">\r\n\t\t\t\t\t<img width=\"550\" height=\"673\" src=\"https:\/\/www.tauli.cat\/institut\/wp-content\/uploads\/2019\/11\/i3pt-ana-aguilar.jpg\" class=\"attachment-large size-large\" alt=\"\" decoding=\"async\" loading=\"lazy\" srcset=\"https:\/\/www.tauli.cat\/institut\/wp-content\/uploads\/2019\/11\/i3pt-ana-aguilar.jpg 550w, https:\/\/www.tauli.cat\/institut\/wp-content\/uploads\/2019\/11\/i3pt-ana-aguilar-245x300.jpg 245w\" sizes=\"(max-width: 550px) 100vw, 550px\" \/>\t\t\t\t<\/div>\r\n\t\t\t\t\t\t\t\t<figcaption>\r\n\t\t\t\t\t<div class=\"eut-team-description eut-align-center\">\r\n\t\t\t\t\t\t<div class=\"eut-team-identity eut-subtitle\">Coordinaci\u00f3<\/div>\r\n\t\t\t\t\t\t\t\t\t\t\t\t<h5 class=\"eut-team-name\">Anna Aguilar Aguilar<\/h5>\r\n\t\t\t\t\t\t\t\t\t\t\t\t\t\t\t\t\t\t<p class=\"eut-team-content\"><a href=\"mailto:aaguilara@tauli.cat\">aaguilara@tauli.cat<\/a><\/p>\r\n\t\t\t\t\t\t\t\t\t\t\t<\/div>\r\n\t\t\t\t\t\t\t\t\t<\/figcaption>\r\n\t\t\t<\/figure>\r\n\t\t<\/div>\r\n\r\n\t\t[\/vc_column][\/vc_row][vc_row el_class=&#8221;custom-top-tabs-content&#8221;][vc_column][vc_column_text]La Unitat de Projectes d\u00f3na suport als investigadors en les diferents fases del projecte:<\/p>\n<ul>\n<li>Identificaci\u00f3 de l\u00ednies de finan\u00e7ament que s\u2019ajustin a les necessitats dels investigadors.<\/li>\n<li>Difusi\u00f3 de convocat\u00f2ries per a la realitzaci\u00f3 de projectes, per a la incorporaci\u00f3 de personal (investigador i t\u00e8cnic) i per a la sol\u00b7licitud de premis.<\/li>\n<li>Suport en l\u2019elaboraci\u00f3 del pla de treball (paquets de treball, cronogrames i assignaci\u00f3 de responsabilitats).<\/li>\n<li>Formaci\u00f3 i consolidaci\u00f3 dels consorcis (cerca de socis si escau).<\/li>\n<li>Assessorament en la redacci\u00f3 de propostes (suport metodol\u00f2gic, financer i\/o legal).<\/li>\n<li>Elaboraci\u00f3 del pla de treball (paquets de treball, cronogrames i assignaci\u00f3 de responsabilitats).<\/li>\n<li>Tr\u00e0mits de les sol\u00b7licituds amb les entitats finan\u00e7adores.<\/li>\n<li>Gesti\u00f3 dels projectes concedits: seguiment d\u2019activitats cient\u00edfiques, justificacions econ\u00f2miques i auditories.<\/li>\n<li>Preparaci\u00f3 d\u2019informes finals, revisi\u00f3 i tancament documental del projecte.<\/li>\n<\/ul>\n[\/vc_column_text][\/vc_column][\/vc_row][vc_row el_class=&#8221;custom-top-tabs-content&#8221;][vc_column width=&#8221;2\/5&#8243; tablet_width=&#8221;5-12&#8243; tablet_sm_width=&#8221;5-12&#8243;][vc_column_text]\n<h4>Unitat de Projectes<\/h4>\n<p><strong>Institut d&#8217;Investigaci\u00f3 i Innovaci\u00f3 Parc Taul\u00ed<br \/>\n<\/strong>Pla\u00e7a Torre de l&#8217;Aigua, s\/n,<br \/>\n08208 Sabadell<\/p>\n<ul>\n<li class=\"icon-list phone\">93 745 83 29<\/li>\n<li class=\"icon-list mail\"><a href=\"mailto:projectesi3pt@tauli.cat\">projectesi3pt@tauli.cat<\/a><\/li>\n<\/ul>\n[\/vc_column_text][\/vc_column][vc_column width=&#8221;3\/5&#8243; tablet_width=&#8221;7-12&#8243; tablet_sm_width=&#8221;7-12&#8243;][vc_raw_html]JTNDaWZyYW1lJTIwc3JjJTNEJTIyaHR0cHMlM0ElMkYlMkZ3d3cuZ29vZ2xlLmNvbSUyRm1hcHMlMkZlbWJlZCUzRnBiJTNEJTIxMW0xOCUyMTFtMTIlMjExbTMlMjExZDUzMTkuNjgxMDI0MjQ0MzQzNSUyMTJkMi4xMDg5ODc4MDg4Nzc3NDgzJTIxM2Q0MS41NTY5MDc4ODA4NjM0NyUyMTJtMyUyMTFmMCUyMTJmMCUyMTNmMCUyMTNtMiUyMTFpMTAyNCUyMTJpNzY4JTIxNGYxMy4xJTIxM20zJTIxMW0yJTIxMXMweDAlMjUzQTB4OWZiYTkwZGI4MjhmNjAxYiUyMTJ6Um5WdVpHRmphY096SUZCaGNtTWdWR0YxYk1PdCUyMTVlMCUyMTNtMiUyMTFzZXMlMjEyc2VzJTIxNHYxNTc0MzU2ODQyNjc4JTIxNW0yJTIxMXNlcyUyMTJzZXMlMjIlMjB3aWR0aCUzRCUyMjEwMCUyNSUyMiUyMGhlaWdodCUzRCUyMjI4MCUyMiUyMGZyYW1lYm9yZGVyJTNEJTIyMCUyMiUyMHN0eWxlJTNEJTIyYm9yZGVyJTNBMCUzQiUyMiUyMGFsbG93ZnVsbHNjcmVlbiUzRCUyMiUyMiUzRSUzQyUyRmlmcmFtZSUzRQ==[\/vc_raw_html][\/vc_column][\/vc_row]\n<\/div>","protected":false},"excerpt":{"rendered":"<p>[vc_row section_id=&#8221;custom-top-tabs&#8221;][vc_column][vc_column_text el_class=&#8221;top-tabs&#8221;] Presentaci\u00f3 Serveis Contacte [\/vc_column_text][\/vc_column][\/vc_row][vc_row el_class=&#8221;custom-top-tabs-content&#8221;][vc_column width=&#8221;2\/3&#8243;][vc_column_text]La Unitat de Projectes t\u00e9 com a objectiu dinamitzar la recerca que es realitza al Consorci Corporaci\u00f3 Sanit\u00e0ria Parc Taul\u00ed per tal d\u2019incrementar la participaci\u00f3 tant en projectes nacionals com internacionals i la captaci\u00f3 de recursos. Comptem amb una \u00e0mplia experi\u00e8ncia en la gesti\u00f3 de projectes de [&hellip;]<\/p>\n","protected":false},"author":12,"featured_media":0,"parent":2289,"menu_order":0,"comment_status":"closed","ping_status":"closed","template":"","meta":[],"_links":{"self":[{"href":"https:\/\/www.tauli.cat\/institut\/wp-json\/wp\/v2\/pages\/210"}],"collection":[{"href":"https:\/\/www.tauli.cat\/institut\/wp-json\/wp\/v2\/pages"}],"about":[{"href":"https:\/\/www.tauli.cat\/institut\/wp-json\/wp\/v2\/types\/page"}],"author":[{"embeddable":true,"href":"https:\/\/www.tauli.cat\/institut\/wp-json\/wp\/v2\/users\/12"}],"replies":[{"embeddable":true,"href":"https:\/\/www.tauli.cat\/institut\/wp-json\/wp\/v2\/comments?post=210"}],"version-history":[{"count":18,"href":"https:\/\/www.tauli.cat\/institut\/wp-json\/wp\/v2\/pages\/210\/revisions"}],"predecessor-version":[{"id":10072,"href":"https:\/\/www.tauli.cat\/institut\/wp-json\/wp\/v2\/pages\/210\/revisions\/10072"}],"up":[{"embeddable":true,"href":"https:\/\/www.tauli.cat\/institut\/wp-json\/wp\/v2\/pages\/2289"}],"wp:attachment":[{"href":"https:\/\/www.tauli.cat\/institut\/wp-json\/wp\/v2\/media?parent=210"}],"curies":[{"name":"wp","href":"https:\/\/api.w.org\/{rel}","templated":true}]}}