{"id":21147,"date":"2025-12-02T14:19:53","date_gmt":"2025-12-02T13:19:53","guid":{"rendered":"https:\/\/www.tauli.cat\/institut\/?page_id=21147"},"modified":"2026-04-16T10:03:03","modified_gmt":"2026-04-16T08:03:03","slug":"expressions-dinteres","status":"publish","type":"page","link":"https:\/\/www.tauli.cat\/institut\/talent\/expressions-dinteres\/","title":{"rendered":"Expressions d&#8217;inter\u00e8s"},"content":{"rendered":"<div class=\"wpb-content-wrapper\">[vc_row][vc_column][vc_column_text css=&#8221;&#8221;]\n<p data-start=\"240\" data-end=\"564\">L\u2019Institut d\u2019Investigaci\u00f3 i Innovaci\u00f3 del Parc Taul\u00ed (I3PT) posa a disposici\u00f3 aquest espai per publicar les seves <strong data-start=\"354\" data-end=\"379\">expressions d\u2019inter\u00e8s<\/strong> en projectes de recerca, col\u00b7laboracions i convocat\u00f2ries espec\u00edfiques. Aqu\u00ed trobar\u00e0s la informaci\u00f3 necess\u00e0ria per con\u00e8ixer les oportunitats obertes i els requisits per participar-hi.<\/p>\n<p data-start=\"566\" data-end=\"696\">Consulta regularment aquesta secci\u00f3 per estar al dia<span class=\"TextRun SCXW167653226 BCX0\" lang=\"CA-ES\" xml:lang=\"CA-ES\" data-contrast=\"auto\"><span class=\"NormalTextRun CommentHighlightClicked SCXW167653226 BCX0\">\u00a0i envia<\/span><\/span><span class=\"TrackChangeTextInsertion TrackedChange SCXW167653226 BCX0\"><span class=\"TextRun SCXW167653226 BCX0\" lang=\"CA-ES\" xml:lang=\"CA-ES\" data-contrast=\"auto\"><span class=\"NormalTextRun CommentHighlightClicked SCXW167653226 BCX0\">\u2019<\/span><\/span><\/span><span class=\"TextRun SCXW167653226 BCX0\" lang=\"CA-ES\" xml:lang=\"CA-ES\" data-contrast=\"auto\"><span class=\"NormalTextRun CommentHighlightClicked SCXW167653226 BCX0\">n<\/span><\/span><span class=\"TextRun SCXW167653226 BCX0\" lang=\"CA-ES\" xml:lang=\"CA-ES\" data-contrast=\"auto\"><span class=\"NormalTextRun CommentHighlightClicked SCXW167653226 BCX0\">s el teu CV si el teu perfil s\u2019ajusta a alguna d\u2019elles!<\/span><\/span><\/p>\n[\/vc_column_text][\/vc_column][\/vc_row][vc_row][vc_column][vc_tta_accordion][vc_tta_section title=&#8221;Expressions d&#8217;inter\u00e8s actives&#8221; tab_id=&#8221;expressions-interes-actives&#8221;]<div class=\"eut-element eut-box-icon eut-align-left eut-medium eut-with-shape\" style=\"\"><a href=\"https:\/\/www.tauli.cat\/institut\/wp-content\/uploads\/2026\/02\/Expressio_interes_POSTDOCTORAL.pdf\" target=\"_blank\">  <div class=\"eut-wrapper-icon eut-simple eut-circle eut-bg-primary-1\"><i class=\"fas fa-microscope eut-color-white\"><\/i><\/div><\/a>  <div class=\"eut-box-content\"><a href=\"https:\/\/www.tauli.cat\/institut\/wp-content\/uploads\/2026\/02\/Expressio_interes_POSTDOCTORAL.pdf\" target=\"_blank\">      <h4 class=\"eut-box-title\">Incorporaci\u00f3 de personal POSTDOCTORAL<\/h4><\/a>    <p class=\"\">Mitjan\u00e7at ajuts de RH en convocat\u00f2ries competitives p\u00fabliques<\/p>  <\/div><\/div><div class=\"eut-element eut-box-icon eut-align-left eut-medium eut-with-shape\" style=\"\"><a href=\"https:\/\/www.tauli.cat\/institut\/wp-content\/uploads\/2026\/02\/Expressio_interes_PREDOCTORAL.pdf\" target=\"_blank\">  <div class=\"eut-wrapper-icon eut-simple eut-circle eut-bg-primary-1\"><i class=\"fas fa-microscope eut-color-white\"><\/i><\/div><\/a>  <div class=\"eut-box-content\"><a href=\"https:\/\/www.tauli.cat\/institut\/wp-content\/uploads\/2026\/02\/Expressio_interes_PREDOCTORAL.pdf\" target=\"_blank\">      <h4 class=\"eut-box-title\">Incorporaci\u00f3 de personal PREDOCTORAL<\/h4><\/a>    <p class=\"\">Mitjan\u00e7at ajuts de RH en convocat\u00f2ries competitives p\u00fabliques<\/p>  <\/div><\/div><div class=\"eut-element eut-box-icon eut-align-left eut-medium eut-with-shape\" style=\"\"><a href=\"https:\/\/www.tauli.cat\/institut\/wp-content\/uploads\/2026\/04\/Expressio_interes_RRHH_I3PT_PTA-2026.pdf\" target=\"_blank\">  <div class=\"eut-wrapper-icon eut-simple eut-circle eut-bg-primary-1\"><i class=\"fas fa-microscope eut-color-white\"><\/i><\/div><\/a>  <div class=\"eut-box-content\"><a href=\"https:\/\/www.tauli.cat\/institut\/wp-content\/uploads\/2026\/04\/Expressio_interes_RRHH_I3PT_PTA-2026.pdf\" target=\"_blank\">      <h4 class=\"eut-box-title\">Incorporaci\u00f3 de personal POSTDOCTORAL \u2013 Ajudes per a personal t\u00e8cnic d'R+D+i del Programa Estatal d'RH<\/h4><\/a>    <p class=\"\">Mitjan\u00e7at ajuts de RH en convocat\u00f2ries competitives p\u00fabliques<\/p>  <\/div><\/div><div class=\"eut-element eut-box-icon eut-align-left eut-medium eut-with-shape\" style=\"\"><a href=\"https:\/\/www.tauli.cat\/institut\/wp-content\/uploads\/2026\/04\/Expressio_interes_RRHH_I3PT_JdC2026.pdf\" target=\"_blank\">  <div class=\"eut-wrapper-icon eut-simple eut-circle eut-bg-primary-1\"><i class=\"fas fa-microscope eut-color-white\"><\/i><\/div><\/a>  <div class=\"eut-box-content\"><a href=\"https:\/\/www.tauli.cat\/institut\/wp-content\/uploads\/2026\/04\/Expressio_interes_RRHH_I3PT_JdC2026.pdf\" target=\"_blank\">      <h4 class=\"eut-box-title\">Incorporaci\u00f3 de personal POSTDOCTORAL \u2013 Contractes Juan de la Cierva (JdC) 2026<\/h4><\/a>    <p class=\"\">Mitjan\u00e7at ajuts de RH en convocat\u00f2ries competitives p\u00fabliques<\/p>  <\/div><\/div><div class=\"eut-element eut-box-icon eut-align-left eut-medium eut-with-shape\" style=\"\"><a href=\"https:\/\/www.tauli.cat\/institut\/wp-content\/uploads\/2026\/04\/Expressio_interes_RRHH_I3PT_RyC2026.pdf\" target=\"_blank\">  <div class=\"eut-wrapper-icon eut-simple eut-circle eut-bg-primary-1\"><i class=\"fas fa-microscope eut-color-white\"><\/i><\/div><\/a>  <div class=\"eut-box-content\"><a href=\"https:\/\/www.tauli.cat\/institut\/wp-content\/uploads\/2026\/04\/Expressio_interes_RRHH_I3PT_RyC2026.pdf\" target=\"_blank\">      <h4 class=\"eut-box-title\">Incorporaci\u00f3 de personal POSTDOCTORAL \u2013 Contractes Ram\u00f3n y Cajal (RyC) 2026<\/h4><\/a>    <p class=\"\">Mitjan\u00e7at ajuts de RH en convocat\u00f2ries competitives p\u00fabliques<\/p>  <\/div><\/div>[\/vc_tta_section][vc_tta_section title=&#8221;Expressions d&#8217;inter\u00e8s tancades&#8221; tab_id=&#8221;expressions-interes-tancades&#8221;]<div class=\"eut-element eut-box-icon eut-align-left eut-medium eut-with-shape\" style=\"\">  <div class=\"eut-wrapper-icon eut-simple eut-circle eut-bg-primary-1\"><i class=\"fas fa-microscope eut-color-white\"><\/i><\/div>  <div class=\"eut-box-content\">      <h4 class=\"eut-box-title\">Convocat\u00f2ria Juan de la Cierva<\/h4>    <p class=\"\">Actualment tancada.<\/p>  <\/div><\/div><div class=\"eut-element eut-box-icon eut-align-left eut-medium eut-with-shape\" style=\"\">  <div class=\"eut-wrapper-icon eut-simple eut-circle eut-bg-primary-1\"><i class=\"fas fa-microscope eut-color-white\"><\/i><\/div>  <div class=\"eut-box-content\">      <h4 class=\"eut-box-title\">Convocat\u00f2ria Ramon y Cajal<\/h4>    <p class=\"\">Actualment tancada.<\/p>  <\/div><\/div>[\/vc_tta_section][\/vc_tta_accordion][\/vc_column][\/vc_row][vc_row][vc_column][vc_column_text css=&#8221;&#8221;]\n<p data-start=\"240\" data-end=\"564\"><span class=\"TextRun SCXW167653226 BCX0\" lang=\"CA-ES\" xml:lang=\"CA-ES\" data-contrast=\"auto\"><span class=\"NormalTextRun CommentHighlightClicked SCXW167653226 BCX0\">Si actualment no hi ha <strong>cap expressi\u00f3 d&#8217;inter\u00e8s oberta que t&#8217;encaixi<\/strong>, pots enviar-nos la teva expressi\u00f3 d\u2019inter\u00e8s perqu\u00e8 la puguem avaluar.\u00a0<\/span><\/span><\/p>\n[\/vc_column_text]<div class=\"eut-element eut-box-icon eut-align-left eut-small\" style=\"\"><a href=\"mailto:projectesi3pt@tauli.cat\" target=\"_self\">  <div class=\"eut-wrapper-icon eut-no-shape eut-color-grey\"><i class=\"far fa-envelope eut-color-primary-1\"><\/i><\/div><\/a>  <div class=\"eut-box-content\">    <p class=\"\">projectesi3pt@tauli.cat<\/p>  <\/div><\/div>[\/vc_column][\/vc_row][vc_row][vc_column][vc_separator css=&#8221;&#8221;][vc_column_text css=&#8221;&#8221;]\n<h3>Altres<\/h3>\n[\/vc_column_text][vc_column_text css=&#8221;&#8221;]\n<h5>Convocat\u00f2ria Ajuts Joan Or\u00f3<\/h5>\n[\/vc_column_text]<div class=\"eut-element eut-box-icon eut-align-left eut-small\" style=\"\"><a href=\"https:\/\/www.tauli.cat\/institut\/wp-content\/uploads\/2026\/01\/Document_criteris_prioritzacio_FI_I3PT_2026-1.pdf\" target=\"_blank\">  <div class=\"eut-wrapper-icon eut-no-shape eut-color-grey\"><i class=\"far fa-file-alt eut-color-primary-1\"><\/i><\/div><\/a>  <div class=\"eut-box-content\">    <p class=\"\">Criteris de prioritzaci\u00f3 de les sol\u00b7licituds dels Ajuts Joan Or\u00f3 per a la contractaci\u00f3 de personal investigador predoctoral en formaci\u00f3 (FI) per al 2026<\/p>  <\/div><\/div><div class=\"eut-element eut-box-icon eut-align-left eut-small\" style=\"\"><a href=\"https:\/\/www.tauli.cat\/institut\/wp-content\/uploads\/2026\/04\/Prioritzacio_persones_candidates_signat_.pdf\" target=\"_blank\">  <div class=\"eut-wrapper-icon eut-no-shape eut-color-grey\"><i class=\"far fa-file-alt eut-color-primary-1\"><\/i><\/div><\/a>  <div class=\"eut-box-content\">    <p class=\"\">Prioritzaci\u00f3 de les persones candidates a la Convocat\u00f2ria d&#8217;Ajuts Joan Or\u00f3 2026<\/p>  <\/div><\/div>[\/vc_column][\/vc_row]\n<\/div>","protected":false},"excerpt":{"rendered":"<p>[vc_row][vc_column][vc_column_text css=&#8221;&#8221;] L\u2019Institut d\u2019Investigaci\u00f3 i Innovaci\u00f3 del Parc Taul\u00ed (I3PT) posa a disposici\u00f3 aquest espai per publicar les seves expressions d\u2019inter\u00e8s en projectes de recerca, col\u00b7laboracions i convocat\u00f2ries espec\u00edfiques. Aqu\u00ed trobar\u00e0s la informaci\u00f3 necess\u00e0ria per con\u00e8ixer les oportunitats obertes i els requisits per participar-hi. Consulta regularment aquesta secci\u00f3 per estar al dia\u00a0i envia\u2019ns el teu [&hellip;]<\/p>\n","protected":false},"author":28,"featured_media":0,"parent":18128,"menu_order":0,"comment_status":"closed","ping_status":"closed","template":"","meta":[],"_links":{"self":[{"href":"https:\/\/www.tauli.cat\/institut\/wp-json\/wp\/v2\/pages\/21147"}],"collection":[{"href":"https:\/\/www.tauli.cat\/institut\/wp-json\/wp\/v2\/pages"}],"about":[{"href":"https:\/\/www.tauli.cat\/institut\/wp-json\/wp\/v2\/types\/page"}],"author":[{"embeddable":true,"href":"https:\/\/www.tauli.cat\/institut\/wp-json\/wp\/v2\/users\/28"}],"replies":[{"embeddable":true,"href":"https:\/\/www.tauli.cat\/institut\/wp-json\/wp\/v2\/comments?post=21147"}],"version-history":[{"count":20,"href":"https:\/\/www.tauli.cat\/institut\/wp-json\/wp\/v2\/pages\/21147\/revisions"}],"predecessor-version":[{"id":21151,"href":"https:\/\/www.tauli.cat\/institut\/wp-json\/wp\/v2\/pages\/21147\/revisions\/21151"}],"up":[{"embeddable":true,"href":"https:\/\/www.tauli.cat\/institut\/wp-json\/wp\/v2\/pages\/18128"}],"wp:attachment":[{"href":"https:\/\/www.tauli.cat\/institut\/wp-json\/wp\/v2\/media?parent=21147"}],"curies":[{"name":"wp","href":"https:\/\/api.w.org\/{rel}","templated":true}]}}