{"id":2163,"date":"2020-04-14T14:18:35","date_gmt":"2020-04-14T12:18:35","guid":{"rendered":"http:\/\/www.tauli.cat\/institut\/?page_id=2163"},"modified":"2024-05-10T11:30:33","modified_gmt":"2024-05-10T09:30:33","slug":"beneficis-fiscals","status":"publish","type":"page","link":"https:\/\/www.tauli.cat\/institut\/colabora\/beneficis-fiscals\/","title":{"rendered":"Beneficis fiscals"},"content":{"rendered":"<div class=\"wpb-content-wrapper\">[vc_row][vc_column width=&#8221;1\/2&#8243; tablet_sm_width=&#8221;1&#8243;][vc_column_text css=&#8221;.vc_custom_1587491340446{margin-bottom: 0px !important;}&#8221;]Les donacions a l\u2019I3PT est\u00e1n en el marc de la Llei 49\/2002 de 23 de desembre de r\u00e8gim fiscal de les entitats sense finalitats lucratives i dels incentius fiscals al mecenatge. Aix\u00f2 comporta beneficis fiscals en forma de <strong>deduccions<\/strong> en l&#8217;IRPF per a persones f\u00edsiques (<a href=\"#calculadora-beneficis-fiscals\">calcula aqu\u00ed el teu estalvi<\/a>), o en l&#8217;Impost de Societats per a persones jur\u00eddiques.[\/vc_column_text][\/vc_column][vc_column width=&#8221;1\/2&#8243; mobile_width=&#8221;hide&#8221;][vc_column_text]\n<ul>\n<li class=\"icon-list link\"><a href=\"https:\/\/www.tauli.cat\/institut\/colabora\/\">Fes la teva donaci\u00f3<\/a><\/li>\n<li class=\"icon-list link\"><a href=\"https:\/\/www.tauli.cat\/institut\/colabora\/certificat-de-donacio\/\">Demana el teu certificat de donaci\u00f3<\/a><\/li>\n<\/ul>\n[\/vc_column_text][\/vc_column][\/vc_row][vc_row margin_bottom=&#8221;0&#8243;][vc_column][vc_column_text]\n<h3 style=\"text-align: center;\">Persones f\u00edsiques<\/h3>\n[\/vc_column_text][\/vc_column][\/vc_row][vc_row middle_content=&#8221;yes&#8221; tablet_portrait_equal_columns=&#8221;inherit&#8221; el_class=&#8221;beneficis-fiscals green&#8221;][vc_column width=&#8221;1\/2&#8243;][vc_column_text el_class=&#8221;quantitat&#8221;]\n<p style=\"text-align: center;\">Donacions fins a<\/p>\n<h4 style=\"text-align: center;\">250 \u20ac<\/h4>\n[\/vc_column_text][\/vc_column][vc_column width=&#8221;1\/2&#8243;]<div class=\"eut-element eut-pie-chart\" style=\"\">  <div class=\"eut-chart-number\" data-percent=\"80\" data-pie-active-color=\"#65c157\" data-pie-color=\"#eaeaea\" data-pie-line-cap=\"round\" data-pie-line-size=\"10\">    <span class=\"eut-counter\">80%<\/span>  <\/div>      <p>de deducci\u00f3 en l'IRPF<\/p><\/div>[\/vc_column][\/vc_row][vc_row middle_content=&#8221;yes&#8221; tablet_portrait_equal_columns=&#8221;inherit&#8221; el_class=&#8221;beneficis-fiscals blue&#8221;][vc_column width=&#8221;1\/2&#8243;][vc_column_text el_class=&#8221;quantitat&#8221;]\n<p style=\"text-align: center;\">Donacions a partir de<\/p>\n<h4 style=\"text-align: center;\">250 \u20ac<\/h4>\n[\/vc_column_text][\/vc_column][vc_column width=&#8221;1\/2&#8243;]<div class=\"eut-element eut-pie-chart\" style=\"\">  <div class=\"eut-chart-number\" data-percent=\"40\" data-pie-active-color=\"#48b9d6\" data-pie-color=\"#eaeaea\" data-pie-line-cap=\"round\" data-pie-line-size=\"10\">    <span class=\"eut-counter\">40%<\/span>  <\/div>      <p>de deducci\u00f3 en l'IRPF<\/p><\/div>[\/vc_column][\/vc_row][vc_row middle_content=&#8221;yes&#8221; tablet_portrait_equal_columns=&#8221;inherit&#8221; el_class=&#8221;beneficis-fiscals yellow&#8221;][vc_column width=&#8221;1\/2&#8243;][vc_column_text el_class=&#8221;quantitat&#8221;]\n<p style=\"text-align: center;\">Donacions a partir de 250\u20ac<\/p>\n<h4 style=\"text-align: center;\">recurrents *<\/h4>\n[\/vc_column_text][\/vc_column][vc_column width=&#8221;1\/2&#8243;]<div class=\"eut-element eut-pie-chart\" style=\"\">  <div class=\"eut-chart-number\" data-percent=\"45\" data-pie-active-color=\"#d8ca08\" data-pie-color=\"#eaeaea\" data-pie-line-cap=\"round\" data-pie-line-size=\"10\">    <span class=\"eut-counter\">45%<\/span>  <\/div>      <p>de deducci\u00f3 en l'IRPF<\/p><\/div>[\/vc_column][\/vc_row][vc_row][vc_column][vc_column_text]<span style=\"color: #d8ca08; font-size: 3em; display: block; float: left; margin-top: -13px; margin-right: 13px;\"><strong>* <\/strong><\/span><em>Una donaci\u00f3 es considera <strong>recurrent<\/strong> si \u00e9s el tercer any consecutiu que col\u00b7labores amb una quantitat anual igual o superior<\/em>[\/vc_column_text][\/vc_column][\/vc_row][vc_row bg_type=&#8221;color&#8221; margin_bottom=&#8221;65px&#8221; bg_color=&#8221;#f2f2f2&#8243; padding_top=&#8221;40px&#8221; padding_bottom=&#8221;40px&#8221; el_class=&#8221;calculadora-beneficis-fiscals&#8221; section_id=&#8221;calculadora-beneficis-fiscals&#8221;][vc_column width=&#8221;2\/5&#8243;][vc_column_text]\n<h4>Calcula l&#8217;estalvi en IRPF<\/h4>\n[\/vc_column_text][vc_raw_html]JTNDaW5wdXQlMjBpZCUzRCUyMmlucHV0LWRvbmFjaW8lMjIlMjB0eXBlJTNEJTIybnVtYmVyJTIyJTIwcGxhY2Vob2xkZXIlM0QlMjJJbnRyb2R1ZWl4JTIwdW5hJTIwcXVhbnRpdGF0JTIyJTNFJTNDJTJGaW5wdXQlM0UlM0NzcGFuJTIwY2xhc3MlM0QlMjJtb25leSUyMiUzRSVFMiU4MiVBQyUzQyUyRnNwYW4lM0UlM0NzcGFuJTIwY2xhc3MlM0QlMjJjYWxjdWxhJTIyJTNFQ2FsY3VsYSUzQyUyRnNwYW4lM0U=[\/vc_raw_html][\/vc_column][vc_column width=&#8221;3\/5&#8243;][vc_column_text el_class=&#8221;resultat1&#8243; css=&#8221;.vc_custom_1650544904995{margin-bottom: 0px !important;}&#8221;]Per una donaci\u00f3 de <strong>value<\/strong>, la deducci\u00f3 en l&#8217;IRPF seria de <strong>value<\/strong> (80%).[\/vc_column_text][vc_column_text el_class=&#8221;resultat2&#8243; css=&#8221;.vc_custom_1715083902222{margin-bottom: 0px !important;}&#8221;]Per una donaci\u00f3 no recurrent de <strong>value<\/strong>, la deducci\u00f3 en l&#8217;IRPF seria de <strong>value<\/strong>:<\/p>\n<ul>\n<li><strong>120\u20ac<\/strong> (80%) dels primers 250\u20ac.<\/li>\n<li><strong>value<\/strong> (40%) dels <u>value<\/u> restants.<\/li>\n<\/ul>\n[\/vc_column_text][\/vc_column][\/vc_row][vc_row margin_bottom=&#8221;0&#8243;][vc_column][vc_column_text]\n<h3 style=\"text-align: center;\">Persones jur\u00eddiques<\/h3>\n[\/vc_column_text][\/vc_column][\/vc_row][vc_row middle_content=&#8221;yes&#8221; tablet_portrait_equal_columns=&#8221;inherit&#8221; el_class=&#8221;beneficis-fiscals blue&#8221;][vc_column width=&#8221;1\/2&#8243;][vc_column_text el_class=&#8221;quantitat&#8221;]\n<p style=\"text-align: center;\">Donacions<\/p>\n<h4 style=\"text-align: center;\">generals<\/h4>\n[\/vc_column_text][\/vc_column][vc_column width=&#8221;1\/2&#8243;]<div class=\"eut-element eut-pie-chart\" style=\"\">  <div class=\"eut-chart-number\" data-percent=\"40\" data-pie-active-color=\"#48b9d6\" data-pie-color=\"#eaeaea\" data-pie-line-cap=\"round\" data-pie-line-size=\"10\">    <span class=\"eut-counter\">40%<\/span>  <\/div>      <p>de deducci\u00f3 en l'Impost de Societats<\/p><\/div>[\/vc_column][\/vc_row][vc_row middle_content=&#8221;yes&#8221; tablet_portrait_equal_columns=&#8221;inherit&#8221; el_class=&#8221;beneficis-fiscals yellow&#8221; margin_bottom=&#8221;65px&#8221;][vc_column width=&#8221;1\/2&#8243;][vc_column_text el_class=&#8221;quantitat&#8221;]\n<p style=\"text-align: center;\">Donacions<\/p>\n<h4 style=\"text-align: center;\">recurrents<\/h4>\n[\/vc_column_text][\/vc_column][vc_column width=&#8221;1\/2&#8243;]<div class=\"eut-element eut-pie-chart\" style=\"\">  <div class=\"eut-chart-number\" data-percent=\"50\" data-pie-active-color=\"#d8ca08\" data-pie-color=\"#eaeaea\" data-pie-line-cap=\"round\" data-pie-line-size=\"10\">    <span class=\"eut-counter\">50%<\/span>  <\/div>      <p>de deducci\u00f3 en l'Impost de Societats<\/p><\/div>[\/vc_column][\/vc_row][vc_row][vc_column][vc_column_text]<span style=\"color: #d8ca08; font-size: 3em; display: block; float: left; margin-top: -13px; margin-right: 13px;\"><strong>* <\/strong><\/span><em>Una donaci\u00f3 es considera <strong>recurrent<\/strong> si \u00e9s el tercer any consecutiu que col\u00b7labores amb una quantitat anual igual o superior<\/em>[\/vc_column_text][\/vc_column][\/vc_row][vc_row][vc_column desktop_hide=&#8221;hide&#8221; tablet_width=&#8221;hide&#8221;][vc_column_text]\n<ul>\n<li class=\"icon-list link\"><a href=\"https:\/\/www.tauli.cat\/institut\/colabora\/\">En quins projectes o iniciatives pots col\u00b7laborar?<\/a><\/li>\n<li class=\"icon-list link\"><a href=\"https:\/\/www.tauli.cat\/institut\/colabora\/fes-la-teva-donacio\/\">Fes la teva donaci\u00f3<\/a><\/li>\n<li class=\"icon-list link\"><a href=\"https:\/\/www.tauli.cat\/institut\/colabora\/certificat-de-donacio\/\">Demana el teu certificat de donaci\u00f3<\/a><\/li>\n<\/ul>\n[\/vc_column_text][\/vc_column][\/vc_row][vc_row][vc_column][vc_raw_js]JTNDc2NyaXB0JTNFJTBBalF1ZXJ5JTI4ZG9jdW1lbnQlMjkucmVhZHklMjhmdW5jdGlvbiUyMCUyOCUyNCUyOSUyMCU3QiUwQSUyMCUyMCUyNCUyOCUyMi5jYWxjdWxhJTIyJTI5Lm9uJTI4JTIyY2xpY2slMjIlMkMlMjBmdW5jdGlvbiUyMCUyOCUyOSUyMCU3QiUwQSUyMCUyMCUyMCUyMCUyNCUyOCUyMi5yZXN1bHRhdDElMjIlMjkuaGlkZSUyOCUyOSUzQiUwQSUyMCUyMCUyMCUyMCUyNCUyOCUyMi5yZXN1bHRhdDIlMjIlMjkuaGlkZSUyOCUyOSUzQiUwQSUyMCUyMCUyMCUyMHZhciUyMGRvbmFjaW8lMjAlM0QlMjAlMjQlMjglMjIlMjNpbnB1dC1kb25hY2lvJTIyJTI5LnZhbCUyOCUyOSUzQiUwQSUyMCUyMCUyMCUyMCUyNCUyOCUyMiUyM2lucHV0LWRvbmFjaW8lMjIlMjkudmFsJTI4JTIyJTIyJTI5JTNCJTBBJTIwJTIwJTIwJTIwaWYlMjAlMjhkb25hY2lvJTIwJTNDJTNEJTIwMjUwJTI5JTIwJTdCJTBBJTIwJTIwJTIwJTIwJTIwJTIwaWYlMjAlMjhkb25hY2lvJTIwJTNEJTNEJTNEJTIwJTIyJTIyJTI5JTIwJTdCJTBBJTIwJTIwJTIwJTIwJTIwJTIwJTIwJTIwZG9uYWNpbyUyMCUzRCUyMDAlM0IlMEElMjAlMjAlMjAlMjAlMjAlMjAlN0QlMEElMjAlMjAlMjAlMjAlMjAlMjB2YXIlMjBkZWR1Y2NpbyUyMCUzRCUyMGRvbmFjaW8lMjAlMkElMjAwLjglM0IlMEElMjAlMjAlMjAlMjAlMjAlMjAlMjQlMjglMjIucmVzdWx0YXQxJTIwcCUyMHN0cm9uZyUzQWZpcnN0LWNoaWxkJTIyJTI5LnRleHQlMjhmb3JtYXRBbW91bnQlMjhkb25hY2lvJTI5JTIwJTJCJTIwJTIyJUUyJTgyJUFDJTIyJTI5JTNCJTBBJTIwJTIwJTIwJTIwJTIwJTIwJTI0JTI4JTIyLnJlc3VsdGF0MSUyMHAlMjBzdHJvbmclM0FsYXN0LWNoaWxkJTIyJTI5LnRleHQlMjhmb3JtYXRBbW91bnQlMjhkZWR1Y2NpbyUyOSUyMCUyQiUyMCUyMiVFMiU4MiVBQyUyMiUyOSUzQiUwQSUyMCUyMCUyMCUyMCUyMCUyMCUyNCUyOCUyMi5yZXN1bHRhdDElMjIlMjkuc2hvdyUyOCUyOSUzQiUwQSUyMCUyMCUyMCUyMCU3RCUyMGVsc2UlMjAlN0IlMEElMjAlMjAlMjAlMjAlMjAlMjB2YXIlMjBkZWR1Y2NpbzElMjAlM0QlMjAxMTIuNSUzQiUwQSUyMCUyMCUyMCUyMCUyMCUyMHZhciUyMHJlc3RhbnRzJTIwJTNEJTIwZG9uYWNpbyUyMC0lMjAyNTAlM0IlMEElMjAlMjAlMjAlMjAlMjAlMjB2YXIlMjBkZWR1Y2NpbzIlMjAlM0QlMjByZXN0YW50cyUyMCUyQSUyMDAuNCUzQiUwQSUyMCUyMCUyMCUyMCUyMCUyMCUyNCUyOCUyMi5yZXN1bHRhdDIlMjB1bCUyMGxpJTNBbGFzdC1jaGlsZCUyMHUlMjIlMjkudGV4dCUyOGZvcm1hdEFtb3VudCUyOHJlc3RhbnRzJTI5JTIwJTJCJTIwJTIyJUUyJTgyJUFDJTIyJTI5JTNCJTBBJTIwJTIwJTIwJTIwJTIwJTIwJTI0JTI4JTIyLnJlc3VsdGF0MiUyMHVsJTIwbGklM0FsYXN0LWNoaWxkJTIwc3Ryb25nJTIyJTI5LnRleHQlMjglMEElMjAlMjAlMjAlMjAlMjAlMjAlMjAlMjBmb3JtYXRBbW91bnQlMjhkZWR1Y2NpbzIlMjklMjAlMkIlMjAlMjIlRTIlODIlQUMlMjIlMEElMjAlMjAlMjAlMjAlMjAlMjAlMjklM0IlMEElMjAlMjAlMjAlMjAlMjAlMjB2YXIlMjB0b3RhbCUyMCUzRCUyMGRlZHVjY2lvMSUyMCUyQiUyMGRlZHVjY2lvMiUzQiUwQSUyMCUyMCUyMCUyMCUyMCUyMCUyNCUyOCUyMi5yZXN1bHRhdDIlMjBwJTIwc3Ryb25nJTNBZmlyc3QtY2hpbGQlMjIlMjkudGV4dCUyOGZvcm1hdEFtb3VudCUyOGRvbmFjaW8lMjklMjAlMkIlMjAlMjIlRTIlODIlQUMlMjIlMjklM0IlMEElMjAlMjAlMjAlMjAlMjAlMjAlMjQlMjglMjIucmVzdWx0YXQyJTIwcCUyMHN0cm9uZyUzQWxhc3QtY2hpbGQlMjIlMjkudGV4dCUyOGZvcm1hdEFtb3VudCUyOHRvdGFsJTI5JTIwJTJCJTIwJTIyJUUyJTgyJUFDJTIyJTI5JTNCJTBBJTIwJTIwJTIwJTIwJTIwJTIwJTI0JTI4JTIyLnJlc3VsdGF0MiUyMiUyOS5zaG93JTI4JTI5JTNCJTBBJTIwJTIwJTIwJTIwJTdEJTBBJTIwJTIwJTdEJTI5JTNCJTBBJTBBJTIwJTIwZnVuY3Rpb24lMjBmb3JtYXRBbW91bnQlMjhhbW91bnQlMjklMjAlN0IlMEElMjAlMjAlMjAlMjB2YXIlMjBhbW91bnRGbG9hdCUyMCUzRCUyMHBhcnNlRmxvYXQlMjhhbW91bnQlMjklM0IlMEElMjAlMjAlMjAlMjB2YXIlMjBhbW91bnRGb3JtYXQlMjAlM0QlMjBhbW91bnRGbG9hdC50b0ZpeGVkJTI4MiUyOSUzQiUwQSUyMCUyMCUyMCUyMHZhciUyMHN0ciUyMCUzRCUyMGFtb3VudEZvcm1hdC50b1N0cmluZyUyOCUyOSUzQiUwQSUyMCUyMCUyMCUyMHZhciUyMHN0ckZvcm1hdCUyMCUzRCUyMHN0ci5yZXBsYWNlJTI4JTIyLiUyMiUyQyUyMCUyMiUyQyUyMiUyOSUzQiUwQSUyMCUyMCUyMCUyMHJldHVybiUyMHN0ckZvcm1hdCUzQiUwQSUyMCUyMCU3RCUwQSU3RCUyOSUzQiUwQSUwQSUwQSUzQyUyRnNjcmlwdCUzRQ==[\/vc_raw_js][\/vc_column][\/vc_row]\n<\/div>","protected":false},"excerpt":{"rendered":"<p>[vc_row][vc_column width=&#8221;1\/2&#8243; tablet_sm_width=&#8221;1&#8243;][vc_column_text css=&#8221;.vc_custom_1587491340446{margin-bottom: 0px !important;}&#8221;]Les donacions a l\u2019I3PT est\u00e1n en el marc de la Llei 49\/2002 de 23 de desembre de r\u00e8gim fiscal de les entitats sense finalitats lucratives i dels incentius fiscals al mecenatge. Aix\u00f2 comporta beneficis fiscals en forma de deduccions en l&#8217;IRPF per a persones f\u00edsiques (calcula aqu\u00ed el teu estalvi), [&hellip;]<\/p>\n","protected":false},"author":1,"featured_media":0,"parent":569,"menu_order":0,"comment_status":"closed","ping_status":"closed","template":"","meta":[],"_links":{"self":[{"href":"https:\/\/www.tauli.cat\/institut\/wp-json\/wp\/v2\/pages\/2163"}],"collection":[{"href":"https:\/\/www.tauli.cat\/institut\/wp-json\/wp\/v2\/pages"}],"about":[{"href":"https:\/\/www.tauli.cat\/institut\/wp-json\/wp\/v2\/types\/page"}],"author":[{"embeddable":true,"href":"https:\/\/www.tauli.cat\/institut\/wp-json\/wp\/v2\/users\/1"}],"replies":[{"embeddable":true,"href":"https:\/\/www.tauli.cat\/institut\/wp-json\/wp\/v2\/comments?post=2163"}],"version-history":[{"count":109,"href":"https:\/\/www.tauli.cat\/institut\/wp-json\/wp\/v2\/pages\/2163\/revisions"}],"predecessor-version":[{"id":14760,"href":"https:\/\/www.tauli.cat\/institut\/wp-json\/wp\/v2\/pages\/2163\/revisions\/14760"}],"up":[{"embeddable":true,"href":"https:\/\/www.tauli.cat\/institut\/wp-json\/wp\/v2\/pages\/569"}],"wp:attachment":[{"href":"https:\/\/www.tauli.cat\/institut\/wp-json\/wp\/v2\/media?parent=2163"}],"curies":[{"name":"wp","href":"https:\/\/api.w.org\/{rel}","templated":true}]}}