{"id":21766,"date":"2026-02-09T14:10:53","date_gmt":"2026-02-09T13:10:53","guid":{"rendered":"https:\/\/www.tauli.cat\/institut\/?page_id=21766"},"modified":"2026-03-11T13:23:12","modified_gmt":"2026-03-11T12:23:12","slug":"diploma-despecialitzacio-en-fisioterapia-pediatrica","status":"publish","type":"page","link":"https:\/\/www.tauli.cat\/institut\/docencia\/postgrau\/diploma-despecialitzacio-en-fisioterapia-pediatrica\/","title":{"rendered":"Diploma d&#8217;Especialitzaci\u00f3 en Fisioter\u00e0pia Pedi\u00e0trica"},"content":{"rendered":"<div class=\"wpb-content-wrapper\">[vc_row section_id=&#8221;custom-top-tabs&#8221;][vc_column][vc_row_inner el_class=&#8221;resum-curs&#8221;][vc_column_inner mobile_width=&#8221;hide&#8221;]<div class=\"eut-element eut-box-icon eut-align-left eut-small\" style=\"\">  <div class=\"eut-wrapper-icon eut-no-shape eut-color-grey\"><i class=\"fas fa-tag eut-color-black\"><\/i><\/div>  <div class=\"eut-box-content\">      <h4 class=\"eut-box-title\">Tipologia<\/h4>    <p class=\"\">Diplomes d&#8217;expert (D)<\/p>  <\/div><\/div><div class=\"eut-element eut-box-icon eut-align-left eut-small\" style=\"\">  <div class=\"eut-wrapper-icon eut-no-shape eut-color-grey\"><i class=\"fas fa-users eut-color-black\"><\/i><\/div>  <div class=\"eut-box-content\">      <h4 class=\"eut-box-title\">Places<\/h4>    <p class=\"\">25<\/p>  <\/div><\/div><div class=\"eut-element eut-box-icon eut-align-left eut-small\" style=\"\">  <div class=\"eut-wrapper-icon eut-no-shape eut-color-grey\"><i class=\"fas fa-map-marker-alt eut-color-black\"><\/i><\/div>  <div class=\"eut-box-content\">      <h4 class=\"eut-box-title\">Format<\/h4>    <p class=\"\">Presencial<\/p>  <\/div><\/div><div class=\"eut-element eut-box-icon eut-align-left eut-small\" style=\"\">  <div class=\"eut-wrapper-icon eut-no-shape eut-color-grey\"><i class=\"fas fa-flag eut-color-black\"><\/i><\/div>  <div class=\"eut-box-content\">      <h4 class=\"eut-box-title\">Idioma<\/h4>    <p class=\"\">Castell\u00e0<\/p>  <\/div><\/div><div class=\"eut-element eut-box-icon eut-align-left eut-small\" style=\"\">  <div class=\"eut-wrapper-icon eut-no-shape eut-color-grey\"><i class=\"fas fa-star eut-color-black\"><\/i><\/div>  <div class=\"eut-box-content\">      <h4 class=\"eut-box-title\">Acreditaci\u00f3<\/h4>    <p class=\"\">30 ECTS<\/p>  <\/div><\/div><div class=\"eut-element eut-box-icon eut-align-left eut-small\" style=\"\">  <div class=\"eut-wrapper-icon eut-no-shape eut-color-grey\"><i class=\"fas fa-euro-sign eut-color-black\"><\/i><\/div>  <div class=\"eut-box-content\">      <h4 class=\"eut-box-title\">Preu<\/h4>    <p class=\"\">2400 \u20ac<\/p>  <\/div><\/div><div class=\"eut-element eut-box-icon eut-align-left eut-small\" style=\"\"><a href=\"https:\/\/www.tauli.cat\/tauli\/joomla\/cursosfpt\/Inscripcio.asp?Codi=202635&#038;Tipus=Altres&#038;titol=Diploma%20Expert%20Fisioter%C3%A0pia%20Pedi%C3%A0trica&#038;Inici=01\/10\/2026&#038;Final=01\/07\/2027\" target=\"_blank\">  <div class=\"eut-wrapper-icon eut-no-shape eut-color-grey\"><i class=\"fas fa-pencil-alt eut-color-black\"><\/i><\/div><\/a>  <div class=\"eut-box-content\"><a href=\"https:\/\/www.tauli.cat\/tauli\/joomla\/cursosfpt\/Inscripcio.asp?Codi=202635&#038;Tipus=Altres&#038;titol=Diploma%20Expert%20Fisioter%C3%A0pia%20Pedi%C3%A0trica&#038;Inici=01\/10\/2026&#038;Final=01\/07\/2027\" target=\"_blank\">      <h4 class=\"eut-box-title\">Inscripcions<\/h4><\/a>    <p class=\"\">Obertes<\/p>  <\/div><\/div><div class=\"eut-element eut-box-icon eut-align-left eut-small\" style=\"\">  <div class=\"eut-wrapper-icon eut-no-shape eut-color-grey\"><i class=\"fas fa-calendar-alt eut-color-black\"><\/i><\/div>  <div class=\"eut-box-content\">      <h4 class=\"eut-box-title\">Duraci\u00f3<\/h4>    <p class=\"\">Inici: 1\/10\/2026 | Final: 1\/7\/2027<\/p>  <\/div><\/div>[\/vc_column_inner][\/vc_row_inner][vc_tta_accordion active_section=&#8221;0&#8243; collapsible_all=&#8221;true&#8221; el_id=&#8221;accordion-resum-curs&#8221;][vc_tta_section title=&#8221;Resum&#8221; tab_id=&#8221;resum&#8221; el_class=&#8221;resum-curs&#8221;][vc_row_inner][vc_column_inner][\/vc_column_inner][\/vc_row_inner][\/vc_tta_section][\/vc_tta_accordion][vc_row_inner][vc_column_inner][vc_empty_space height=&#8221;62px&#8221;][\/vc_column_inner][\/vc_row_inner][vc_column_text css=&#8221;&#8221; el_class=&#8221;top-tabs&#8221;]\n<ul>\n<li data-hash=\"presentacio\">Presentaci\u00f3<\/li>\n<li data-hash=\"admissio\">Admissi\u00f3<\/li>\n<li data-hash=\"matricula\">Matr\u00edcula<\/li>\n<li data-hash=\"programa\">Pla d&#8217;estudis<\/li>\n<li data-hash=\"professorat\">Professorat<\/li>\n<li data-hash=\"contacte\">Seu i contacte<\/li>\n<\/ul>\n[\/vc_column_text][\/vc_column][\/vc_row][vc_row el_class=&#8221;custom-top-tabs-content&#8221;][vc_column][vc_column_text]\n<h2>Presentaci\u00f3<\/h2>\n[\/vc_column_text][vc_row_inner el_class=&#8221;flex-row-ai&#8221;][vc_column_inner][vc_column_text css=&#8221;&#8221;]Ets fisioterapeuta i t&#8217;agradaria especialitzar-te en el treball amb infants i les seves fam\u00edlies? Aquest postgrau t&#8217;ofereix una formaci\u00f3 completa i actualitzada per convertir-te en un professional qualificat en l&#8217;\u00e0mbit pedi\u00e0tric.<\/p>\n<p>Al llarg del programa:<\/p>\n<ul>\n<li>Descobrir\u00e0s l&#8217;espectre de patologies infantils que requereixen intervenci\u00f3 de fisioter\u00e0pia.<\/li>\n<li>Aprendr\u00e0s a utilitzar eines de valoraci\u00f3 validada.<\/li>\n<li>Coneixer\u00e0s estrat\u00e8gies de tractament amb el suport de l&#8217;evid\u00e8ncia cient\u00edfica m\u00e9s recent.<\/li>\n<li>Identificar\u00e0s el rol del fisioterapeuta en els diferents \u00e0mbits de treball i equips multidisciplinaris.<\/li>\n<\/ul>\n<p>Comptem amb un professorat amb s\u00f2lida experi\u00e8ncia cl\u00ednica i docent en atenci\u00f3 pedi\u00e0trica especialitzada, que et guiar\u00e0 en un aprenentatge din\u00e0mic, pr\u00e0ctic i orientat a la resoluci\u00f3 de casos. Aquest diploma \u00e9s ideal per a fisioterapeutes que busquen especialitzar-se en pediatria, ampliar els seus horitzons professionals i contribuir activament al benestar infantil des d&#8217;una perspectiva integral i basada en l&#8217;evid\u00e8ncia.<\/p>\n<p>A m\u00e9s, el curs compta amb l\u2019aval de la <strong>Sociedad Espa\u00f1ola de Fisioterapia en Pediatr\u00eda<\/strong>.[\/vc_column_text][\/vc_column_inner][\/vc_row_inner][vc_row_inner][vc_column_inner width=&#8221;1\/3&#8243;][vc_empty_space height=&#8221;52px&#8221;]<div class=\"eut-element eut-box eut-align-left\" style=\"\"><div class=\"eut-media\"><img width=\"300\" height=\"180\" src=\"https:\/\/www.tauli.cat\/institut\/wp-content\/uploads\/2026\/03\/SEFIP_MARCA-HORIT_02-300x180-1.png\" class=\"attachment-full size-full\" alt=\"\" decoding=\"async\" loading=\"lazy\" \/><\/div>  <div class=\"eut-box-content\">    <p><\/p>  <\/div><\/div>[\/vc_column_inner][vc_column_inner width=&#8221;1\/3&#8243;][\/vc_column_inner][vc_column_inner width=&#8221;1\/3&#8243;][\/vc_column_inner][\/vc_row_inner][vc_empty_space height=&#8221;52px&#8221;][vc_column_text css=&#8221;&#8221;]\n<h4>Sortides professionals<\/h4>\n<p>Amb els coneixements adquirits, els estudiants podran optar a treballar en serveis que ofereixin atenci\u00f3 de fisioter\u00e0pia a poblaci\u00f3 pedi\u00e0trica, com ara hospitals o altres centres sanitaris, serveis educatius, serveis d&#8217;atenci\u00f3 preco\u00e7 o cl\u00edniques privades.[\/vc_column_text]<div class=\"eut-element eut-box-icon eut-align-left eut-medium\" style=\"\"><a href=\"https:\/\/www.tauli.cat\/institut\/wp-content\/uploads\/2026\/03\/Programa-Diploma-dEspecialitzacio-en-Fisioterapia-Pediatrica.pdf\" target=\"_self\">  <div class=\"eut-wrapper-icon eut-no-shape eut-color-grey\"><i class=\"far fa-file-alt eut-color-primary-1\"><\/i><\/div><\/a>  <div class=\"eut-box-content\"><a href=\"https:\/\/www.tauli.cat\/institut\/wp-content\/uploads\/2026\/03\/Programa-Diploma-dEspecialitzacio-en-Fisioterapia-Pediatrica.pdf\" target=\"_self\">      <h4 class=\"eut-box-title\">Consulta el programa<\/h4><\/a>  <\/div><\/div>[\/vc_column][\/vc_row][vc_row el_class=&#8221;custom-top-tabs-content&#8221;][vc_column][vc_column_text css=&#8221;&#8221;]\n<h2>Admissi\u00f3<\/h2>\n<h4>Sol\u00b7licita l&#8217;admissi\u00f3 al programa: Inscriu-te!<\/h4>\n<p>El proc\u00e9s d&#8217;admissi\u00f3 serveix per a comprovar que tots els alumnes compleixen els requisits del programa i garantir un ambient de treball \u00f2ptim. Per a sol\u00b7licitar l&#8217;admissi\u00f3, has d&#8217;inscriure&#8217;t.<\/p>\n<h4>Requisits d&#8217;acc\u00e9s<\/h4>\n<p>Diplomat o Graduat en Fisioter\u00e0pia<\/p>\n<h4>Criteris de selecci\u00f3<\/h4>\n<p><strong>Es valorar\u00e0:<\/strong><\/p>\n<ul>\n<li>Curr\u00edculum Vitae<\/li>\n<li>Carta de motivaci\u00f3<\/li>\n<li>En cas que la demanda sigui superior a l&#8217;oferta, es prioritzar\u00e0 els candidats amb m\u00e9s experi\u00e8ncia en l&#8217;\u00e0mbit de la pediatria i\/o aquells que actualment estiguin treballant en pediatria.<\/li>\n<\/ul>\n[\/vc_column_text][\/vc_column][\/vc_row][vc_row el_class=&#8221;custom-top-tabs-content&#8221;][vc_column][vc_column_text css=&#8221;&#8221;]\n<h2>Matr\u00edcula<\/h2>\n<p>La matr\u00edcula serveix per formalitzar el teu ingr\u00e9s al programa i atorgar-te els drets al t\u00edtol o certificat corresponent en la mesura en que el superis. Una vegada rebis la notificaci\u00f3 d\u2019admissi\u00f3, podr\u00e0s matricular-te en els terminis que t\u2019indiqui la direcci\u00f3 del programa.[\/vc_column_text][vc_row_inner][vc_column_inner width=&#8221;1\/3&#8243;][vc_column_text css=&#8221;&#8221;]\n<h4>Lloc de matr\u00edcula<\/h4>\n<p>Institut d&#8217;Investigaci\u00f3 i Innovaci\u00f3 Parc Taul\u00ed[\/vc_column_text][\/vc_column_inner][vc_column_inner width=&#8221;1\/3&#8243;][vc_column_text css=&#8221;&#8221;]\n<h4>Preu<\/h4>\n<p>2.400 \u20ac[\/vc_column_text][\/vc_column_inner][vc_column_inner width=&#8221;1\/3&#8243;][vc_column_text css=&#8221;&#8221;]\n<h4>Cr\u00e8dits<\/h4>\n<p>30 ECTS[\/vc_column_text][\/vc_column_inner][\/vc_row_inner][vc_empty_space height=&#8221;50px&#8221;][vc_column_text css=&#8221;&#8221;]\n<h4>Proc\u00e9s de matriculaci\u00f3<\/h4>\n<p><strong>N\u00famero de places: 25<\/strong><\/p>\n<ol>\n<li>Completa el <a href=\"https:\/\/www.tauli.cat\/tauli\/joomla\/cursosfpt\/Inscripcio.asp?Codi=202635&amp;Tipus=Altres&amp;titol=Diploma%20Expert%20Fisioter%C3%A0pia%20Pedi%C3%A0trica&amp;Inici=01\/10\/2026&amp;Final=01\/07\/2027\">formulari d&#8217;inscripci\u00f3<\/a> i espera la confirmaci\u00f3 de la pla\u00e7a.<\/li>\n<li>Realitza la transfer\u00e8ncia.<\/li>\n<li>Un cop realitzada la transfer\u00e8ncia, haur\u00e0s d\u2019enviar-ne per correu electr\u00f2nic (<a href=\"mailto:efreixa@tauli.cat\">efreixa@tauli.cat<\/a>) el comprovant indicant el nom de la persona inscrita. En aquest moment, la teva pla\u00e7a quedar\u00e0 reservada autom\u00e0ticament.<\/li>\n<\/ol>\n<h4>Preu i pagament<\/h4>\n<ul>\n<li>Import: 2.400 \u20ac<\/li>\n<li>Forma de pagament:\n<ul>\n<li>50% en la matr\u00edcula: 1.200 \u20ac<\/li>\n<li>50% abans de l&#8217;1\/12\/2026<\/li>\n<\/ul>\n<\/li>\n<li>Transfer\u00e8ncia banc\u00e0ria al seg\u00fcent compte:<\/li>\n<\/ul>\n<p><strong>BANC DE SABADELL<\/strong><br \/>\n<strong>ES69 0081 5154 22 0002103622<\/strong><\/p>\n<p>En cas que el pagament de la inscripci\u00f3 es faci mitjan\u00e7ant una empresa, caldr\u00e0 enviar un correu a\u00a0<a href=\"mailto:efreixa@tauli.cat\">efreixa@tauli.cat<\/a>\u00a0per proporcionar les dades fiscals:<\/p>\n<ul>\n<li>Nom de l\u2019empresa<\/li>\n<li>Adre\u00e7a, codi postal i poblaci\u00f3<\/li>\n<li>CIF<\/li>\n<li>Persona de contacte i correu electr\u00f2nic<\/li>\n<\/ul>\n<p><b>Despesa<\/b>\u00a0<b>de<\/b>\u00a0<b>gesti\u00f3<\/b>\u00a0<b>de<\/b>\u00a0<b>cancel\u00b7laci\u00f3:<\/b><\/p>\n<p>Abans de l&#8217;1\/9\/2026 \u2013 50\u20ac. S\u2019ha d\u2019informar de la baixa a secretaria <b><a href=\"mailto:efreixa@tauli.cat\">efreixa@tauli.cat<\/a><\/b><a href=\"mailto:efreixa@tauli.cat\">.<\/a>\u00a0Passada aquesta data, no s\u2019efectuar\u00e0 cap devoluci\u00f3.[\/vc_column_text][vc_column_text css=&#8221;&#8221;]\n<h4>Beques i ajuts<\/h4>\n<p>Consulta tota la informaci\u00f3 sobre possibilitats de beques i ajuts a la\u00a0<a href=\"https:\/\/www.uab.cat\/web\/ajuts-beques-i-convocatories-1345808127641.html\" target=\"_blank\" rel=\"noopener\">p\u00e0gina de beques, ajuts i convocat\u00f2ries UAB<\/a>.[\/vc_column_text][\/vc_column][\/vc_row][vc_row el_class=&#8221;custom-top-tabs-content&#8221;][vc_column][vc_column_text css=&#8221;&#8221;]\n<h2>Pla d&#8217;estudis<\/h2>\n<h4>Continguts<\/h4>\n<p>El programa s&#8217;estructura en base a dos eixos tem\u00e0tics: patologia i valoraci\u00f3 i intervenci\u00f3 contextualitzada als diferents entorns de treball. Els blocs de continguts seran els seg\u00fcents:<\/p>\n<ul>\n<li>Desenvolupament en la primera inf\u00e0ncia; bases fisiol\u00f2giques, proc\u00e9s de maduraci\u00f3 i possibles alteracions.<\/li>\n<li>Patologies del sistema nervi\u00f3s en la poblaci\u00f3 pedi\u00e0trica.<\/li>\n<li>Altres patologies prevalents en poblaci\u00f3 pedi\u00e0trica.<\/li>\n<li>Eines de valoraci\u00f3 en fisioter\u00e0pia pedi\u00e0trica.<\/li>\n<li>Intervencions terap\u00e8utiques basades en l&#8217;evid\u00e8ncia.<\/li>\n<li>Desenvolupament del fisioterapeuta pedi\u00e0tric en els diferents \u00e0mbits de treball.<\/li>\n<\/ul>\n<p>Les assignatures tindran una part d&#8217;avaluaci\u00f3 intr\u00ednseca del coneixement adquirit i una altra part que consistir\u00e0 en un sumatori de 4 m\u00f2duls (dos per assignatura) per plantejar, raonar, avaluar i intervenir un cas cl\u00ednic que ser\u00e0 exposat en el darrer seminari.<\/p>\n<p>La doc\u00e8ncia s&#8217;impartir\u00e0 de manera presencial una o dues vegades al mes en el format seg\u00fcent:<\/p>\n<ul>\n<li>Divendres de 15:00 a 20:00<\/li>\n<li>Dissabte de 9:00 a 14:00 i de 15:00 a 20:00<\/li>\n<\/ul>\n<p><strong>S&#8217;adjuntar\u00e0 el calendari amb les dates i els t\u00edtols dels m\u00f2duls pr\u00f2ximament.<\/strong>[\/vc_column_text][vc_column_text css=&#8221;&#8221;]\n<table style=\"height: 120px; width: 100%; border-collapse: collapse; border-color: #e8e8e8; background-color: #ffffff;\" border=\"0\">\n<tbody>\n<tr style=\"height: 24px;\">\n<td style=\"width: 76.6106%; height: 24px;\"><strong>Assignatura<\/strong><\/td>\n<td style=\"width: 11.2744%; height: 24px;\"><strong>Cr\u00e8dits<\/strong><\/td>\n<td style=\"width: 12.1149%; height: 24px;\"><strong>Car\u00e0cter<\/strong><\/td>\n<\/tr>\n<tr style=\"height: 24px;\">\n<td style=\"width: 76.6106%; height: 24px;\">Desenvolupament normal i patol\u00f2gic en la primera inf\u00e0ncia; principals afectacions en la poblaci\u00f3 pedi\u00e0trica.<\/td>\n<td style=\"width: 11.2744%; height: 24px;\">15 ECTS<\/td>\n<td style=\"width: 12.1149%; height: 24px;\">Obligat\u00f2ria<\/td>\n<\/tr>\n<tr style=\"height: 72px;\">\n<td style=\"width: 76.6106%; height: 72px;\">Rol del fisioterapeuta pedi\u00e0tric en els diferents \u00e0mbits: valoraci\u00f3 i intervenci\u00f3 basada en l&#8217;evid\u00e8ncia.<\/td>\n<td style=\"width: 11.2744%; height: 72px;\">15 ECTS<\/td>\n<td style=\"width: 12.1149%; height: 72px;\">Obligat\u00f2ria<\/td>\n<\/tr>\n<\/tbody>\n<\/table>\n[\/vc_column_text][vc_tta_accordion active_section=&#8221;5&#8243; collapsible_all=&#8221;true&#8221;][vc_tta_section title=&#8221;Compet\u00e8ncies b\u00e0siques&#8221; tab_id=&#8221;competencies-basiques&#8221;][vc_column_text css=&#8221;&#8221;]\n<ul>\n<li>Posseir i comprendre coneixements que aportin una base o oportunitat de ser originals en el desenvolupament i\/o aplicaci\u00f3 d&#8217;idees.<\/li>\n<li>Que els estudiants s\u00e0piguen aplicar els coneixements adquirits i la seva capacitat de resoluci\u00f3 de problemes en entorns nous o poc coneguts dins de contextos m\u00e9s amplis (o multidisciplinaris) relatius al seu camp d&#8217;estudi.<\/li>\n<li>Que els estudiants siguin capa\u00e7os d&#8217;integrar coneixements i enfrontar-se a la complexitat de formular judicis a partir d&#8217;una informaci\u00f3 que, sent incompleta o limitada, inclogui reflexions sobre les responsabilitats socials i \u00e8tiques vinculades a l&#8217;aplicaci\u00f3 dels seus coneixements i judicis.<\/li>\n<li>Que els estudiants s\u00e0piguen comunicar les seves conclusions amb els coneixements i raons \u00faltimes que les sustenten a p\u00fablics especialitzats i no especialitzats d&#8217;una manera clara i sense ambig\u00fcitats.<\/li>\n<li>Que els estudiants tinguin les habilitats d&#8217;aprenentatge que els permetin continuar estudiant d&#8217;una manera que haur\u00e0 de ser en gran manera autodirigida o aut\u00f2noma.<\/li>\n<\/ul>\n<p><strong>S&#8217;adjuntar\u00e0 el calendari amb les dates i els t\u00edtols dels m\u00f2duls pr\u00f2ximament.<\/strong>[\/vc_column_text][\/vc_tta_section][vc_tta_section title=&#8221;Compet\u00e8ncies espec\u00edfiques&#8221; tab_id=&#8221;competencies-especifiques&#8221;][vc_column_text css=&#8221;&#8221;]\n<ul>\n<li>KT01: Explicar el funcionament del desenvolupament motor en la inf\u00e0ncia.<br \/>\nKT02: Distingir els indicadors d&#8217;anomalies en el funcionament del nen.<br \/>\nKT03: Recon\u00e8ixer les principals patologies que afecten la funci\u00f3 del nen.<br \/>\nKT04: Descriure el rol del fisioterapeuta en els diferents entorns de treball.<\/li>\n<li>ST01: Utilitzar la comunicaci\u00f3 adequadament en el treball amb nens i les seves fam\u00edlies.<br \/>\nST02: Identificar els par\u00e0metres i la informaci\u00f3 rellevants en el proc\u00e9s de valoraci\u00f3 del nen.<br \/>\nST03: Programar una intervenci\u00f3 adequada al perfil del nen i la seva patologia.<br \/>\nST04: Seleccionar les ajudes t\u00e8cniques apropiades a les dificultats del nen.<\/li>\n<li>CT01: Seleccionar procediments d&#8217;avaluaci\u00f3 en fisioter\u00e0pia pedi\u00e0trica, amb validesa i fiabilitat contrastades.<br \/>\nCT02: Planificar la intervenci\u00f3 en fisioter\u00e0pia pedi\u00e0trica m\u00e9s eficient; controlar i avaluar les respostes, utilitzant l&#8217;evid\u00e8ncia cient\u00edfica.<br \/>\nCT03: Sistematitzar el Pla d&#8217;Intervenci\u00f3 en Fisioter\u00e0pia atenent al principi d&#8217;individualitat de l&#8217;usuari, usant les eines terap\u00e8utiques espec\u00edfiques de la Fisioter\u00e0pia Pedi\u00e0trica.<br \/>\nCT04: Compilar els coneixements sobre desenvolupament, aprenentatge i control del moviment del nen, aix\u00ed com de les patologies m\u00e9s comunes en la inf\u00e0ncia.<\/li>\n<\/ul>\n[\/vc_column_text][\/vc_tta_section][\/vc_tta_accordion][vc_column_text css=&#8221;&#8221;]\n<h4>T\u00edtol que s&#8217;obt\u00e9<\/h4>\n<div class=\"col-lg-9\">\n<div class=\"contingut\">\n<p>Diploma d&#8217;Especialitzaci\u00f3 en Fisioter\u00e0pia Pedi\u00e0trica<\/p>\n<\/div>\n<\/div>\n[\/vc_column_text][\/vc_column][\/vc_row][vc_row el_class=&#8221;custom-top-tabs-content&#8221;][vc_column][vc_column_text css=&#8221;&#8221;]\n<h2>Professorat<\/h2>\n<h4>Direcci\u00f3<\/h4>\n<ul>\n<li>Fabio Chiner Oms<\/li>\n<li>Raquel Corripio Collado<\/li>\n<\/ul>\n<h4>Professorat<\/h4>\n<ul>\n<li>Carmeta Alonso Gonz\u00e1lez<\/li>\n<li>Enrique Beltr\u00e1n Fust\u00e9<\/li>\n<li>Ariadna Borr\u00e0s Mart\u00ednez<\/li>\n<li>Marta Casbas Mourelle<\/li>\n<li>Fabio Chiner Oms<\/li>\n<li>Joaquin Angel Fagoaga Mata<\/li>\n<li>Maria Folch Curto<\/li>\n<li>Mar\u00eda Galindo Barru\u00e9<\/li>\n<li>Maria Jesus Garcia Catalan<\/li>\n<li>Nuria Gimeno Calavia<\/li>\n<li>Patricia Jovellar Isiegas<\/li>\n<li>Andrea L\u00f3pez Erdoz\u00e1in<\/li>\n<li>Lourdes Mac\u00edas Merlo<\/li>\n<li>Alicia Manzanas Garc\u00eda<\/li>\n<li>Ascensi\u00f3n Mart\u00edn D\u00edez<\/li>\n<li>Mirari Ochandorena Acha<\/li>\n<li>Manuel Pacheco Molero<\/li>\n<li>Joan Petanas Argemi<\/li>\n<li>Judith Sanchez Manubens<\/li>\n<li>Denys Santa Marina van Oudheusden<\/li>\n<li>Susana Trallero Rodriguez<\/li>\n<li>Andrea Valiente Planas<\/li>\n<li>Griselda Valles Cardona<\/li>\n<li>Alba Valls Llovera<\/li>\n<li>Jordi Ventura Medina<\/li>\n<\/ul>\n<h4>Centres responsables<\/h4>\n<p>Institut d&#8217;Investigaci\u00f3 i Innovaci\u00f3 Parc Taul\u00ed (I3PT)[\/vc_column_text][\/vc_column][\/vc_row][vc_row el_class=&#8221;custom-top-tabs-content&#8221;][vc_column][vc_column_text]\n<h2>Seu i contacte<\/h2>\n<h3>Seu del m\u00e0ster<\/h3>\n[\/vc_column_text][vc_row_inner][vc_column_inner width=&#8221;1\/2&#8243;][vc_raw_html css=&#8221;.vc_custom_1609406082624{margin-bottom: 40px !important;}&#8221;]JTNDaWZyYW1lJTIwc3JjJTNEJTIyaHR0cHMlM0ElMkYlMkZ3d3cuZ29vZ2xlLmNvbSUyRm1hcHMlMkZlbWJlZCUzRnBiJTNEJTIxMW0xOCUyMTFtMTIlMjExbTMlMjExZDI5ODUuNTc2ODExNjE5MzI2MiUyMTJkMi4xMDg3Mjc5MTYwMDQ0ODE2JTIxM2Q0MS41NTY3NTkyNzkyNDg5MzYlMjEybTMlMjExZjAlMjEyZjAlMjEzZjAlMjEzbTIlMjExaTEwMjQlMjEyaTc2OCUyMTRmMTMuMSUyMTNtMyUyMTFtMiUyMTFzMHgxMmE0OTUxZWE5OTQzNzEzJTI1M0EweDlmYzdlYjFkMWYyNmEyZCUyMTJzQ29uc29yY2klMjUyMENvcnBvcmFjaSUyNUMzJTI1QjMlMjUyMFNhbml0JTI1QzMlMjVBMHJpYSUyNTIwUGFyYyUyNTIwVGF1bCUyNUMzJTI1QUQlMjUyMGRlJTI1MjBTYWJhZGVsbCUyMTVlMCUyMTNtMiUyMTFzZXMlMjEyc2VzJTIxNHYxNjA5NDA1Nzk4Mjk5JTIxNW0yJTIxMXNlcyUyMTJzZXMlMjIlMjB3aWR0aCUzRCUyMjYwMCUyMiUyMGhlaWdodCUzRCUyMjQ1MCUyMiUyMGZyYW1lYm9yZGVyJTNEJTIyMCUyMiUyMHN0eWxlJTNEJTIyYm9yZGVyJTNBMCUzQiUyMiUyMGFsbG93ZnVsbHNjcmVlbiUzRCUyMiUyMiUyMGFyaWEtaGlkZGVuJTNEJTIyZmFsc2UlMjIlMjB0YWJpbmRleCUzRCUyMjAlMjIlM0UlM0MlMkZpZnJhbWUlM0U=[\/vc_raw_html][\/vc_column_inner][vc_column_inner width=&#8221;1\/2&#8243;][vc_column_text css=&#8221;&#8221;]<span class=\"notranslate\"><strong>Fundaci\u00f3 Institut d&#8217;Investigaci\u00f3 i Innovaci\u00f3 Parc Taul\u00ed. Universitat Aut\u00f2noma de Barcelona<\/strong><br \/>\nPla\u00e7a Torre de l&#8217;Aigua, s\/n<br \/>\n08208 Sabadell (Barcelona)<\/span><\/p>\n<p><span class=\"notranslate\"><strong>Consorci Corporaci\u00f3 Sanit\u00e0ria Parc Taul\u00ed de Sabadell<\/strong><br \/>\nParc Taul\u00ed, 1<br \/>\n08208 Sabadell (Barcelona)<\/span>[\/vc_column_text][\/vc_column_inner][\/vc_row_inner][vc_column_text css=&#8221;&#8221;]\n<h3>Contacte<\/h3>\n<ul>\n<li><strong>Secretaria T\u00e8cnica:<\/strong> Ester Freixa, <a href=\"mailto:efreixa@tauli.cat\">efreixa@tauli.cat<\/a> | 93 745 82 38 (Horari: de 10:00 a 13:00 h)<\/li>\n<li><strong>Direcci\u00f3 Acad\u00e8mica:<\/strong> Fabio Chiner, <a href=\"mailto:fchiner@tauli.cat\">fchiner@tauli.cat<\/a><\/li>\n<\/ul>\n[\/vc_column_text][\/vc_column][\/vc_row]\n<\/div>","protected":false},"excerpt":{"rendered":"<p>[vc_row section_id=&#8221;custom-top-tabs&#8221;][vc_column][vc_row_inner el_class=&#8221;resum-curs&#8221;][vc_column_inner mobile_width=&#8221;hide&#8221;][\/vc_column_inner][\/vc_row_inner][vc_tta_accordion active_section=&#8221;0&#8243; collapsible_all=&#8221;true&#8221; el_id=&#8221;accordion-resum-curs&#8221;][vc_tta_section title=&#8221;Resum&#8221; tab_id=&#8221;resum&#8221; el_class=&#8221;resum-curs&#8221;][vc_row_inner][vc_column_inner][\/vc_column_inner][\/vc_row_inner][\/vc_tta_section][\/vc_tta_accordion][vc_row_inner][vc_column_inner][vc_empty_space height=&#8221;62px&#8221;][\/vc_column_inner][\/vc_row_inner][vc_column_text css=&#8221;&#8221; el_class=&#8221;top-tabs&#8221;] Presentaci\u00f3 Admissi\u00f3 Matr\u00edcula Pla d&#8217;estudis Professorat Seu i contacte [\/vc_column_text][\/vc_column][\/vc_row][vc_row el_class=&#8221;custom-top-tabs-content&#8221;][vc_column][vc_column_text] Presentaci\u00f3 [\/vc_column_text][vc_row_inner el_class=&#8221;flex-row-ai&#8221;][vc_column_inner][vc_column_text css=&#8221;&#8221;]Ets fisioterapeuta i t&#8217;agradaria especialitzar-te en el treball amb infants i les seves fam\u00edlies? Aquest postgrau t&#8217;ofereix una formaci\u00f3 completa i actualitzada per convertir-te en un professional qualificat [&hellip;]<\/p>\n","protected":false},"author":28,"featured_media":0,"parent":957,"menu_order":0,"comment_status":"closed","ping_status":"closed","template":"","meta":[],"_links":{"self":[{"href":"https:\/\/www.tauli.cat\/institut\/wp-json\/wp\/v2\/pages\/21766"}],"collection":[{"href":"https:\/\/www.tauli.cat\/institut\/wp-json\/wp\/v2\/pages"}],"about":[{"href":"https:\/\/www.tauli.cat\/institut\/wp-json\/wp\/v2\/types\/page"}],"author":[{"embeddable":true,"href":"https:\/\/www.tauli.cat\/institut\/wp-json\/wp\/v2\/users\/28"}],"replies":[{"embeddable":true,"href":"https:\/\/www.tauli.cat\/institut\/wp-json\/wp\/v2\/comments?post=21766"}],"version-history":[{"count":21,"href":"https:\/\/www.tauli.cat\/institut\/wp-json\/wp\/v2\/pages\/21766\/revisions"}],"predecessor-version":[{"id":22434,"href":"https:\/\/www.tauli.cat\/institut\/wp-json\/wp\/v2\/pages\/21766\/revisions\/22434"}],"up":[{"embeddable":true,"href":"https:\/\/www.tauli.cat\/institut\/wp-json\/wp\/v2\/pages\/957"}],"wp:attachment":[{"href":"https:\/\/www.tauli.cat\/institut\/wp-json\/wp\/v2\/media?parent=21766"}],"curies":[{"name":"wp","href":"https:\/\/api.w.org\/{rel}","templated":true}]}}