{"id":21918,"date":"2026-02-17T14:07:28","date_gmt":"2026-02-17T13:07:28","guid":{"rendered":"https:\/\/www.tauli.cat\/institut\/?page_id=21918"},"modified":"2026-02-17T14:07:28","modified_gmt":"2026-02-17T13:07:28","slug":"biblioteca","status":"publish","type":"page","link":"https:\/\/www.tauli.cat\/institut\/biblioteca\/","title":{"rendered":"Biblioteca"},"content":{"rendered":"<div class=\"wpb-content-wrapper\">[vc_row section_id=&#8221;custom-top-tabs&#8221;][vc_column][vc_column_text el_class=&#8221;top-tabs&#8221;]\n<ul>\n<li data-hash=\"presentacio\">Presentaci\u00f3<\/li>\n<li data-hash=\"serveis\">Serveis<\/li>\n<li data-hash=\"suport-recerca\">Suport a la recerca<\/li>\n<li data-hash=\"recursos\">Recursos<\/li>\n<li data-hash=\"contacte\">Contacte<\/li>\n<\/ul>\n[\/vc_column_text][\/vc_column][\/vc_row][vc_row el_class=&#8221;custom-top-tabs-content&#8221;][vc_column width=&#8221;2\/3&#8243;][vc_column_text]La Biblioteca del Consorci Corporaci\u00f3 Sanit\u00e0ria Parc Taul\u00ed de Sabadell (CCSPT) \u00e9s un centre obert a tots els professionals de la Corporaci\u00f3, actiu, din\u00e0mic i innovador, que a trav\u00e9s dels seus serveis permet compartir tota mena de recursos d\u2019informaci\u00f3 en l\u2019\u00e0mbit de la biomedicina.<\/p>\n<p>La <strong>missi\u00f3<\/strong> de la Biblioteca del CCSPT \u00e9s proporcionar informaci\u00f3 cient\u00edfica als seus professionals, siguin presencials o en l\u00ednia, amb l\u2019objectiu d&#8217;obtenir els millors resultats possibles en els camps assistencial, docent i de recerca. Aix\u00f2 involucra tant serveis b\u00e0sics de la biblioteca (informaci\u00f3, pr\u00e9stec i consulta), com d\u2019altres m\u00e9s espec\u00edfics (formaci\u00f3 d\u2019usuaris i assessorament en la recerca).<\/p>\n<p>Com a <strong>visi\u00f3 de futur<\/strong>, aquesta Biblioteca pret\u00e9n esdevenir un centre de coneixement obert que s\u2019adapti al nou paradigma que plantegen ci\u00e8ncia i noves societats, tant en contingut com en forma. Aix\u00f2 implica adaptar-se a les noves tend\u00e8ncies i donar-hi resposta a trav\u00e9s d\u2019una vessant de la gesti\u00f3 del coneixement cada cop m\u00e9s innovadora (serveis totalment digitals, suport a la ci\u00e8ncia i a l\u2019aprenentatge en obert, etc.).<\/p>\n<h3>Funcions<\/h3>\n<h4>Doc\u00e8ncia<\/h4>\n<ul>\n<li>Biblioteca diposit\u00e0ria de fons de la UAB: pr\u00e9stec de llibres de la UAB<\/li>\n<li>Oferir punts de lectura, Wifi i acc\u00e9s al HCE als estudiants de la UAB<\/li>\n<li>Atendre consultes sobre: cerques en bases de dades, bibliografia, etc.<\/li>\n<\/ul>\n<h4>Recerca<\/h4>\n<ul>\n<li>Gestionar una col\u00b7lecci\u00f3 digital equitativa i de qualitat segons les diferents l\u00ednies de recerca i serveis del CCSPT.<\/li>\n<li>Gestionar l\u2019acc\u00e9s als recursos d\u2019informaci\u00f3 digital (cat\u00e0leg, bbdd i revistes).<\/li>\n<li>Recuperar informaci\u00f3 a trav\u00e9s de cerques bibliogr\u00e0fiques especialitzades.<\/li>\n<li>Localitzaci\u00f3 de dades bibliom\u00e8triques: factor d\u2019impacte, h-index i quartils.<\/li>\n<li>Assessorament en la recerca (signatura d\u2019articles, afiliaci\u00f3, publicaci\u00f3&#8230;).<\/li>\n<li>Formaci\u00f3 d\u2019usuaris en habilitats informacionals i \u00fas dels recursos d\u2019informaci\u00f3.<\/li>\n<li>Visibilitat dels articles publicats a trav\u00e9s de blocs, xarxes socials i mem\u00f2ries.<\/li>\n<\/ul>\n<h3>Difusi\u00f3<\/h3>\n<h4>Blog de not\u00edcies<\/h4>\n<ul>\n<li class=\"icon-list link\"><a href=\"https:\/\/www.tauli.cat\/institut\/actualitat\/divulgacio-cientifica\/\">Blog: Divulgaci\u00f3 cient\u00edfica<\/a><\/li>\n<\/ul>\n<h4>Producci\u00f3 cient\u00edfica<\/h4>\n<ul>\n<li class=\"icon-list link\"><a href=\"https:\/\/www.ncbi.nlm.nih.gov\/pubmed\/?term=tauli+OR+tauli+OR+albada+OR+udiat+OR+(sabadell+AND+hospital)+OR+tauli.cat+OR+cspt\" target=\"_blank\" rel=\"noopener noreferrer\">Darrers articles del Taul\u00ed a Pubmed<\/a><\/li>\n<\/ul>\n[\/vc_column_text][\/vc_column][vc_column width=&#8221;1\/3&#8243;]\r\n\t\t<div class=\"eut-team eut-element team\" style=\"\">\r\n\t\t\t<figure>\r\n\t\t\t\t\t\t\t\t<div class=\"eut-team-person eut-media eut-align-center\">\r\n\t\t\t\t\t<img width=\"673\" height=\"547\" src=\"https:\/\/www.tauli.cat\/institut\/wp-content\/uploads\/2025\/12\/Image-1-e1765540276360.jpg\" class=\"attachment-large size-large\" alt=\"\" decoding=\"async\" loading=\"lazy\" srcset=\"https:\/\/www.tauli.cat\/institut\/wp-content\/uploads\/2025\/12\/Image-1-e1765540276360.jpg 673w, https:\/\/www.tauli.cat\/institut\/wp-content\/uploads\/2025\/12\/Image-1-e1765540276360-300x244.jpg 300w, https:\/\/www.tauli.cat\/institut\/wp-content\/uploads\/2025\/12\/Image-1-e1765540276360-600x488.jpg 600w\" sizes=\"(max-width: 673px) 100vw, 673px\" \/>\t\t\t\t<\/div>\r\n\t\t\t\t\t\t\t\t<figcaption>\r\n\t\t\t\t\t<div class=\"eut-team-description eut-align-center\">\r\n\t\t\t\t\t\t<div class=\"eut-team-identity eut-subtitle\">Responsable<\/div>\r\n\t\t\t\t\t\t\t\t\t\t\t\t<h5 class=\"eut-team-name\">Guillem Cebri\u00e1n Gr\u00edfol<\/h5>\r\n\t\t\t\t\t\t\t\t\t\t\t\t\t\t\t\t\t\t<p class=\"eut-team-content\"><a href=\"mailto:gcebrian@tauli.cat\">gcebrian@tauli.cat<\/a><\/p>\r\n\t\t\t\t\t\t\t\t\t\t\t<\/div>\r\n\t\t\t\t\t\t\t\t\t<\/figcaption>\r\n\t\t\t<\/figure>\r\n\t\t<\/div>\r\n\r\n\t\t[\/vc_column][\/vc_row][vc_row el_class=&#8221;custom-top-tabs-content&#8221;][vc_column][vc_column_text]\n<h4>Serveis b\u00e0sics<\/h4>\n<ul>\n<li>Servei de sala, on es disposa d\u2019ordinadors de sobretaula amb acc\u00e9s a Internet.<\/li>\n<li>Servei de pr\u00e9stec de llibres, adre\u00e7at principalment als estudiants de la UAB.<\/li>\n<li>Servei d\u2019informaci\u00f3 i de refer\u00e8ncia.<\/li>\n<\/ul>\n<h4>Servei d&#8217;obtenci\u00f3 de documents<\/h4>\n<p>Aquest \u00e9s un recurs en l\u00ednia que, per mitj\u00e0 del cat\u00e0leg, permet als usuaris obtenir aquells documents als quals no han pogut accedir per ells mateixos.<\/p>\n<p>En cas de no estar inclosos al cat\u00e0leg, a trav\u00e9s del pr\u00e9stec interbibliotecari es garanteix l\u2019intercanvi de documents entre biblioteques, donant aix\u00ed resposta a aquest tipus de necessitats.<\/p>\n<h4>Formacions i assessorament<\/h4>\n<p>Des de la Biblioteca s\u2019ofereixen un seguit de formacions en el marc del Pla Institucional de Formaci\u00f3 (PIF). Aquestes estan adre\u00e7ades a tots els usuaris, essent des d\u2019una formaci\u00f3 b\u00e0sica en compet\u00e8ncies informacionals (com i on fer cerques), fins a la utilitzaci\u00f3 d\u2019una eina o un recurs en concret.[\/vc_column_text][\/vc_column][\/vc_row][vc_row el_class=&#8221;custom-top-tabs-content&#8221;][vc_column][vc_tta_tour][vc_tta_section title=&#8221;Com fer la cerca de bibliografia?&#8221; tab_id=&#8221;com-fer-cerca-bibliografia&#8221;][vc_column_text]A l\u2019hora de comen\u00e7ar a investigar \u00e9s important saber escollir aquelles fonts d\u2019informaci\u00f3 que s\u00f3n de qualitat (d\u2019impacte, originals, fiables&#8230;). Des de la Biblioteca del CCSPT recomanem <strong>realitzar les cerques bibliogr\u00e0fiques a les principals bases de dades cient\u00edfiques <\/strong>(PubMed i Web of Science), aix\u00ed com als <strong>nostres recursos exclusius<\/strong> (cat\u00e0leg, Clinical Key i Medline Complete, entre d\u2019altres).<\/p>\n<h4>Guies i manuals d\u2019\u00fas<\/h4>\n<ul>\n<li class=\"icon-list link\"><a href=\"https:\/\/www.ncbi.nlm.nih.gov\/home\/tutorials\/\" target=\"_blank\" rel=\"noopener noreferrer\">Tutorials Pubmed<\/a><\/li>\n<li class=\"icon-list link\"><a href=\"https:\/\/www.elsevier.com\/__data\/assets\/pdf_file\/0010\/880192\/UserGuide-Espanol.pdf\" target=\"_blank\" rel=\"noopener noreferrer\">Guia de usuario Clinical Key<\/a><\/li>\n<li class=\"icon-list link\"><a href=\"es_medline_complete_tutorial.ppt\" target=\"_blank\" rel=\"noopener noreferrer\">Tutorial Medline Complete<\/a><\/li>\n<\/ul>\n<p>A banda de totes aquestes guies i manuals, cada prove\u00efdor de revistes i bases de dades cient\u00edfiques posen a la nostra disposici\u00f3 formadors professionals per a dur a terme sessions presencials sobre \u00fas i funcionalitats de cadascuna d\u2019elles.[\/vc_column_text][\/vc_tta_section][vc_tta_section title=&#8221;On i com publicar?&#8221; tab_id=&#8221;on-i-com-publicar&#8221;][vc_column_text]Des de la Biblioteca s\u2019ofereix assessorament a l\u2019hora d\u2019escollir la revista on publicar. Els principals criteris a seguir, s\u00f3n:<\/p>\n<ul>\n<li>Factor d\u2019impacte.<\/li>\n<li>Quartil.<\/li>\n<li>Periodicitat.<\/li>\n<li>N\u00famero d&#8217;articles per any.<\/li>\n<li>% de rebuig.<\/li>\n<li>Tem\u00e0tica.<\/li>\n<li>Tipus de lector.<\/li>\n<\/ul>\n<p>Tamb\u00e9 cal contemplar les normatives de cada revista, les quals parlen d\u2019extensi\u00f3, ordre de les seccions, paginaci\u00f3 i bibliografia. Tanmateix, es recomana, sempre que es pugui, publicar en revistes amb factor d\u2019impacte, idealment de Quartil 1.<\/p>\n<p>La Direcci\u00f3 de Recerca i Innovaci\u00f3 del Parc Taul\u00ed disposa d&#8217;una <strong>normativa de filiaci\u00f3 institucional<\/strong> per tal d\u2019identificar, de manera homog\u00e8nia, totes les publicacions cient\u00edfiques generades des de qualsevol \u00e0mbit del Parc Taul\u00ed.[\/vc_column_text][\/vc_tta_section][vc_tta_section title=&#8221;Cites i bibliografia&#8221; tab_id=&#8221;cites-i-bibliografia&#8221;][vc_column_text]Per saber com citar tots aquells recursos que s\u2019han consultat i quins criteris hem de seguir a l\u2019hora d\u2019elaborar la bibliografia, es pot consultar el seg\u00fcent article:<\/p>\n<ul>\n<li class=\"icon-list link\"><a href=\"http:\/\/guides.library.uwa.edu.au\/c.php?g=324981&amp;p=2177753\" target=\"_blank\" rel=\"noopener noreferrer\">Com citar i fer bibliografia, segons Vancouver. The University of Western Australia.<\/a><\/li>\n<\/ul>\n<p>Tanmateix, hi ha eines que faciliten tota aquesta tasca de gesti\u00f3 de refer\u00e8ncies, com el gestor bibliogr\u00e0fic Mendeley:<\/p>\n<ul>\n<li class=\"icon-list link\"><a href=\"https:\/\/www.mendeley.com\/\" target=\"_blank\" rel=\"noopener noreferrer\">Gestor bibliogr\u00e0fic Mendeley<\/a><\/li>\n<\/ul>\n<p>En el seg\u00fcent v\u00eddeo de BibliotecasUNED, s&#8217;explica com inserir cites i refer\u00e8ncies en un treball acad\u00e8mic emprant aquest gestor:[\/vc_column_text][\/vc_tta_section][\/vc_tta_tour][\/vc_column][\/vc_row][vc_row el_class=&#8221;custom-top-tabs-content&#8221;][vc_column][vc_column_text]\n<h4>Cat\u00e0leg<\/h4>\n<p>Tots els professionals del Parc Taul\u00ed amb un usuari creat poden accedir al <a href=\"https:\/\/b-hpt.c17.net\/\" target=\"_blank\" rel=\"noopener noreferrer\">Cat\u00e0leg de revistes de la Corporaci\u00f3 Sanit\u00e0ria Parc Taul\u00ed<\/a> des de fora de la instituci\u00f3 i disposen d\u2019un repositori personal on dipositar-hi els seus PDF. New England Journal of Medicine o Jama s\u00f3n algunes de les revistes amb major factor d\u2019impacte que es troben integrades dins del cat\u00e0leg.<\/p>\n<p>Tanmateix, els estudiants de la UAB poden utilitzar el <a href=\"https:\/\/www.uab.cat\/biblioteques\/\" target=\"_blank\" rel=\"noopener noreferrer\">cat\u00e0leg de biblioteques de la UAB<\/a>, pr\u00e8via identificaci\u00f3 amb les seves credencials, on hi trobaran tamb\u00e9 infinitat de recursos de qualitat.[\/vc_column_text][vc_column_text]\n<h4>Open Access<\/h4>\n<p>L\u2019acc\u00e9s obert a la informaci\u00f3 cient\u00edfica (<strong>Open Access<\/strong>) \u00e9s un corrent cada cop m\u00e9s est\u00e8s dins la comunitat cient\u00edfica. A grans trets, consisteix en la publicaci\u00f3 i\/o dip\u00f2sit de la producci\u00f3 cient\u00edfica sense limitacions ni llic\u00e8ncies d\u2019\u00fas restrictives.[\/vc_column_text][vc_row_inner css=&#8221;.vc_custom_1736426804490{padding-bottom: 2rem !important;}&#8221;][vc_column_inner width=&#8221;1\/2&#8243; tablet_sm_width=&#8221;1&#8243;][vc_column_text]Mitjan\u00e7ant un conveni amb la Universitat Aut\u00f2noma de Barcelona, des de l\u2019any 2019 la Biblioteca del CCSPT permet dipositar al <a href=\"https:\/\/ddd.uab.cat\/\" target=\"_blank\" rel=\"noopener noreferrer\">Dip\u00f2sit Digital de Dades (DDD)<\/a> les seves publicacions. Es tracta d\u2019un repositori institucional que t\u00e9 com a finalitat aplegar, preservar i difondre tota aquesta producci\u00f3.[\/vc_column_text][\/vc_column_inner][vc_column_inner width=&#8221;1\/2&#8243; tablet_sm_width=&#8221;1&#8243;]<div class=\"eut-element eut-image eut-align-center\" style=\"\"><a href=\"https:\/\/ddd.uab.cat\/\" target=\"_blank\"><img width=\"498\" height=\"90\" src=\"https:\/\/www.tauli.cat\/institut\/wp-content\/uploads\/2019\/12\/ddd.jpg\" class=\"attachment-full size-full\" alt=\"\" decoding=\"async\" loading=\"lazy\" srcset=\"https:\/\/www.tauli.cat\/institut\/wp-content\/uploads\/2019\/12\/ddd.jpg 498w, https:\/\/www.tauli.cat\/institut\/wp-content\/uploads\/2019\/12\/ddd-300x54.jpg 300w\" sizes=\"(max-width: 498px) 100vw, 498px\" \/><\/a><\/div>[\/vc_column_inner][\/vc_row_inner][vc_column_text css=&#8221;&#8221;]\n<h4>Gesti\u00f3 de Dades<\/h4>\n<p>Fer un \u00fas adequat de les dades de recerca i una bona gesti\u00f3 d\u2019aquestes forma part de les responsabilitats del personal investigador de l\u2019Institut d\u2019Investigaci\u00f3 i Innovaci\u00f3 Parc Taul\u00ed (I3PT). Comprenem per dades els elements, informaci\u00f3, i\/o materials observats, recopilats, simulats, processats i\/o generats de l\u2019activitat investigadora durant tot el transcurs del projecte d\u2019investigaci\u00f3, necessaris per validar o certificar els resultats obtinguts.<\/p>\n[\/vc_column_text][vc_row_inner css=&#8221;.vc_custom_1736424943914{padding-bottom: 2rem !important;}&#8221;][vc_column_inner width=&#8221;1\/2&#8243; tablet_sm_width=&#8221;1&#8243;][vc_column_text css=&#8221;&#8221;]De cara a que el personal investigador pugui dipositar adequadament les seves dades de recerca i difondre-les pr\u00f2piament, es disposa d\u2019un espai propi al <a href=\"https:\/\/dataverse.csuc.cat\/dataverse\/I3PT _blank\" target=\"_blank\" rel=\"noopener\">Repositori de Dades de Recerca (RDR)<\/a>, el repositori de dades on tots els centres CERCA i les universitats catalanes comparteixen els seus datasets.[\/vc_column_text][\/vc_column_inner][vc_column_inner width=&#8221;1\/2&#8243; tablet_sm_width=&#8221;1&#8243;]<div class=\"eut-element eut-image eut-align-center\" style=\"\"><a href=\"https:\/\/dataverse.csuc.cat\/dataverse\/I3PT\" target=\"_blank\"><img width=\"439\" height=\"180\" src=\"https:\/\/www.tauli.cat\/institut\/wp-content\/uploads\/2025\/01\/Imatge2.jpg\" class=\"attachment-full size-full\" alt=\"\" decoding=\"async\" loading=\"lazy\" srcset=\"https:\/\/www.tauli.cat\/institut\/wp-content\/uploads\/2025\/01\/Imatge2.jpg 439w, https:\/\/www.tauli.cat\/institut\/wp-content\/uploads\/2025\/01\/Imatge2-300x123.jpg 300w\" sizes=\"(max-width: 439px) 100vw, 439px\" \/><\/a><\/div>[\/vc_column_inner][\/vc_row_inner][\/vc_column][\/vc_row][vc_row el_class=&#8221;custom-top-tabs-content&#8221;][vc_column width=&#8221;2\/5&#8243;][vc_column_text css=&#8221;&#8221;]\n<h4>Biblioteca<\/h4>\n<ul>\n<li class=\"icon-list phone\">93 723 10 10 ext. 89271<\/li>\n<li class=\"icon-list fax\"><a href=\"mailto:biblitoeca@tauli.cat\">biblioteca@tauli.cat<\/a><\/li>\n<\/ul>\n<p><strong>Sala de lectura<\/strong><br \/>\nParc del Taul\u00ed, 1<br \/>\nEdifici La Salut, planta -1 de l\u2019antiga biblioteca (acc\u00e9s des de l\u2019exterior, entre Compres i La Capella)<br \/>\n08208 Sabadell<\/p>\n<p><strong>Oficina<br \/>\n<\/strong>Pla\u00e7a Torre de l&#8217;Aigua, s\/n<br \/>\nEdifici I3PT 1\u00aa Planta,<br \/>\n08208 Sabadell[\/vc_column_text][\/vc_column][vc_column width=&#8221;3\/5&#8243;][vc_raw_html css=&#8221;&#8221;]JTNDaWZyYW1lJTIwc3JjJTNEJTIyaHR0cHMlM0ElMkYlMkZ3d3cuZ29vZ2xlLmNvbSUyRm1hcHMlMkZlbWJlZCUzRnBiJTNEJTIxMW0xOCUyMTFtMTIlMjExbTMlMjExZDI5ODUuNTQ0NzI1MTEwMTU5NiUyMTJkMi4xMDg5NTA5NzY0OTU4NzQ1JTIxM2Q0MS41NTc0NTM4ODU0MjgzNSUyMTJtMyUyMTFmMCUyMTJmMCUyMTNmMCUyMTNtMiUyMTFpMTAyNCUyMTJpNzY4JTIxNGYxMy4xJTIxM20zJTIxMW0yJTIxMXMweDEyYTQ5NTE5NjcyOWRkNWIlMjUzQTB4ZGRjYTM4MmJmM2ExNmNmNCUyMTJzRWRpZmljaSUyNTIwTGElMjUyMFNhbHV0JTIxNWUwJTIxM20yJTIxMXNlcyUyMTJzZXMlMjE0djE3MzY0MjUzNjkwMjYlMjE1bTIlMjExc2VzJTIxMnNlcyUyMiUyMHdpZHRoJTNEJTIyNjAwJTIyJTIwaGVpZ2h0JTNEJTIyNDUwJTIyJTIwc3R5bGUlM0QlMjJib3JkZXIlM0EwJTNCJTIyJTIwYWxsb3dmdWxsc2NyZWVuJTNEJTIyJTIyJTIwbG9hZGluZyUzRCUyMmxhenklMjIlMjByZWZlcnJlcnBvbGljeSUzRCUyMm5vLXJlZmVycmVyLXdoZW4tZG93bmdyYWRlJTIyJTNFJTNDJTJGaWZyYW1lJTNF[\/vc_raw_html][\/vc_column][\/vc_row]\n<\/div>","protected":false},"excerpt":{"rendered":"<p>[vc_row section_id=&#8221;custom-top-tabs&#8221;][vc_column][vc_column_text el_class=&#8221;top-tabs&#8221;] Presentaci\u00f3 Serveis Suport a la recerca Recursos Contacte [\/vc_column_text][\/vc_column][\/vc_row][vc_row el_class=&#8221;custom-top-tabs-content&#8221;][vc_column width=&#8221;2\/3&#8243;][vc_column_text]La Biblioteca del Consorci Corporaci\u00f3 Sanit\u00e0ria Parc Taul\u00ed de Sabadell (CCSPT) \u00e9s un centre obert a tots els professionals de la Corporaci\u00f3, actiu, din\u00e0mic i innovador, que a trav\u00e9s dels seus serveis permet compartir tota mena de recursos d\u2019informaci\u00f3 en l\u2019\u00e0mbit de [&hellip;]<\/p>\n","protected":false},"author":24,"featured_media":0,"parent":0,"menu_order":0,"comment_status":"closed","ping_status":"closed","template":"","meta":[],"_links":{"self":[{"href":"https:\/\/www.tauli.cat\/institut\/wp-json\/wp\/v2\/pages\/21918"}],"collection":[{"href":"https:\/\/www.tauli.cat\/institut\/wp-json\/wp\/v2\/pages"}],"about":[{"href":"https:\/\/www.tauli.cat\/institut\/wp-json\/wp\/v2\/types\/page"}],"author":[{"embeddable":true,"href":"https:\/\/www.tauli.cat\/institut\/wp-json\/wp\/v2\/users\/24"}],"replies":[{"embeddable":true,"href":"https:\/\/www.tauli.cat\/institut\/wp-json\/wp\/v2\/comments?post=21918"}],"version-history":[{"count":2,"href":"https:\/\/www.tauli.cat\/institut\/wp-json\/wp\/v2\/pages\/21918\/revisions"}],"predecessor-version":[{"id":21925,"href":"https:\/\/www.tauli.cat\/institut\/wp-json\/wp\/v2\/pages\/21918\/revisions\/21925"}],"wp:attachment":[{"href":"https:\/\/www.tauli.cat\/institut\/wp-json\/wp\/v2\/media?parent=21918"}],"curies":[{"name":"wp","href":"https:\/\/api.w.org\/{rel}","templated":true}]}}