{"id":21963,"date":"2026-02-23T09:07:22","date_gmt":"2026-02-23T08:07:22","guid":{"rendered":"https:\/\/www.tauli.cat\/institut\/?page_id=21963"},"modified":"2026-02-23T11:08:06","modified_gmt":"2026-02-23T10:08:06","slug":"unitat-de-comunicacio","status":"publish","type":"page","link":"https:\/\/www.tauli.cat\/institut\/plataformes-i-serveis\/unitat-de-comunicacio\/","title":{"rendered":"Unitat de Comunicaci\u00f3"},"content":{"rendered":"<div class=\"wpb-content-wrapper\">[vc_row section_id=&#8221;custom-top-tabs&#8221;][vc_column][vc_column_text el_class=&#8221;top-tabs&#8221;]\n<ul>\n<li data-hash=\"presentacio\">Presentaci\u00f3<\/li>\n<li data-hash=\"serveis\">Serveis<\/li>\n<li data-hash=\"contacte\">Contacte<\/li>\n<\/ul>\n[\/vc_column_text][\/vc_column][\/vc_row][vc_row el_class=&#8221;custom-top-tabs-content&#8221;][vc_column width=&#8221;2\/3&#8243;][vc_column_text css=&#8221;&#8221;]La Unitat de Comunicaci\u00f3 de l\u2019I3PT s&#8217;encarrega de definir, coordinar i desplegar l\u2019estrat\u00e8gia comunicativa de l\u2019institut. \u00c9s la responsable de vetllar perqu\u00e8 tots els missatges siguin coherents amb la identitat i els valors de l\u2019I3PT, aix\u00ed com garantir que la projecci\u00f3 p\u00fablica de l\u2019institut reflecteixi l\u2019estrat\u00e8gia i el posicionament institucionals.<\/p>\n<p>Tamb\u00e9 treballa perqu\u00e8 la recerca, la innovaci\u00f3 i el coneixement generats pel personal investigador de l\u2019I3PT siguin visibles, comprensibles i rellevants per a la comunitat cient\u00edfica i la societat, mitjan\u00e7ant continguts adaptats a diferents formats i canals.[\/vc_column_text][\/vc_column][vc_column width=&#8221;1\/3&#8243;]\r\n\t\t<div class=\"eut-team eut-element team\" style=\"\">\r\n\t\t\t<figure>\r\n\t\t\t\t\t\t\t\t<div class=\"eut-team-person eut-media eut-align-center\">\r\n\t\t\t\t\t<img width=\"800\" height=\"800\" src=\"https:\/\/www.tauli.cat\/institut\/wp-content\/uploads\/2026\/02\/1770387389468.jpeg\" class=\"attachment-large size-large\" alt=\"\" decoding=\"async\" loading=\"lazy\" srcset=\"https:\/\/www.tauli.cat\/institut\/wp-content\/uploads\/2026\/02\/1770387389468.jpeg 800w, https:\/\/www.tauli.cat\/institut\/wp-content\/uploads\/2026\/02\/1770387389468-300x300.jpeg 300w, https:\/\/www.tauli.cat\/institut\/wp-content\/uploads\/2026\/02\/1770387389468-150x150.jpeg 150w, https:\/\/www.tauli.cat\/institut\/wp-content\/uploads\/2026\/02\/1770387389468-768x768.jpeg 768w, https:\/\/www.tauli.cat\/institut\/wp-content\/uploads\/2026\/02\/1770387389468-600x600.jpeg 600w\" sizes=\"(max-width: 800px) 100vw, 800px\" \/>\t\t\t\t<\/div>\r\n\t\t\t\t\t\t\t\t<figcaption>\r\n\t\t\t\t\t<div class=\"eut-team-description eut-align-center\">\r\n\t\t\t\t\t\t<div class=\"eut-team-identity eut-subtitle\">Responsable<\/div>\r\n\t\t\t\t\t\t\t\t\t\t\t\t<h5 class=\"eut-team-name\">Mireia C\u00f3rcoles Canet<\/h5>\r\n\t\t\t\t\t\t\t\t\t\t\t\t\t\t\t\t\t\t<p class=\"eut-team-content\"><a href=\"mailto:mcorcoles@tauli.cat\">mcorcoles@tauli.cat<\/a><\/p>\r\n\t\t\t\t\t\t\t\t\t\t\t<\/div>\r\n\t\t\t\t\t\t\t\t\t<\/figcaption>\r\n\t\t\t<\/figure>\r\n\t\t<\/div>\r\n\r\n\t\t[\/vc_column][\/vc_row][vc_row el_class=&#8221;custom-top-tabs-content&#8221;][vc_column][vc_row_inner][vc_column_inner]<div class=\"eut-element eut-box-icon eut-align-left eut-medium\" style=\"\">  <div class=\"eut-wrapper-icon eut-no-shape eut-color-grey\"><i class=\"fas fa-hospital-alt eut-color-primary-1\"><\/i><\/div>  <div class=\"eut-box-content\">      <h4 class=\"eut-box-title\">Comunicaci\u00f3 institucional<\/h4>  <\/div><\/div>[vc_column_text css=&#8221;&#8221;]Vetllem perqu\u00e8 tots els missatges de l\u2019institut siguin coherents amb la seva identitat i valors, i contribueixin a refor\u00e7ar la projecci\u00f3 i el posicionament de l\u2019I3PT.[\/vc_column_text][vc_separator]<div class=\"eut-element eut-box-icon eut-align-left eut-medium\" style=\"\">  <div class=\"eut-wrapper-icon eut-no-shape eut-color-grey\"><i class=\"fas fa-network-wired eut-color-primary-1\"><\/i><\/div>  <div class=\"eut-box-content\">      <h4 class=\"eut-box-title\">Comunicaci\u00f3 interna<\/h4>  <\/div><\/div>[vc_column_text css=&#8221;&#8221;]Informem i posem al dia el personal de l\u2019I3PT sobre activitats, projectes i fites de l\u2019institut a trav\u00e9s dels nostres canals interns.[\/vc_column_text][vc_separator]<div class=\"eut-element eut-box-icon eut-align-left eut-medium\" style=\"\">  <div class=\"eut-wrapper-icon eut-no-shape eut-color-grey\"><i class=\"fas fa-microscope eut-color-primary-1\"><\/i><\/div>  <div class=\"eut-box-content\">      <h4 class=\"eut-box-title\">Suport al personal investigador<\/h4>  <\/div><\/div>[vc_column_text css=&#8221;&#8221;]Ajudem el personal investigador a fer visibles els seus projectes i resultats, tant per a p\u00fablic especialitzat com general.[\/vc_column_text][vc_separator]<div class=\"eut-element eut-box-icon eut-align-left eut-medium\" style=\"\"><a href=\"https:\/\/www.tauli.cat\/institut\/sala-de-premsa\/\" target=\"_self\">  <div class=\"eut-wrapper-icon eut-no-shape eut-color-grey\"><i class=\"fas fa-newspaper eut-color-primary-1\"><\/i><\/div><\/a>  <div class=\"eut-box-content\"><a href=\"https:\/\/www.tauli.cat\/institut\/sala-de-premsa\/\" target=\"_self\">      <h4 class=\"eut-box-title\">Gesti\u00f3 de mitjans i gabinet de premsa<\/h4><\/a>  <\/div><\/div>[vc_column_text css=&#8221;&#8221;]Coordinem les relacions amb els mitjans de comunicaci\u00f3, preparem notes de premsa i gestionem entrevistes per donar visibilitat a projectes i aven\u00e7os cient\u00edfics.<\/p>\n<p><a href=\"https:\/\/www.tauli.cat\/institut\/sala-de-premsa\/\">\ud83d\udcf0 Sala de premsa<\/a>[\/vc_column_text][vc_separator]<div class=\"eut-element eut-box-icon eut-align-left eut-medium\" style=\"\">  <div class=\"eut-wrapper-icon eut-no-shape eut-color-grey\"><i class=\"fas fa-hashtag eut-color-primary-1\"><\/i><\/div>  <div class=\"eut-box-content\">      <h4 class=\"eut-box-title\">Gesti\u00f3 dels canals de comunicaci\u00f3 digitals<\/h4>  <\/div><\/div>[vc_column_text css=&#8221;&#8221;]Gestionem i mantenim actualitzades la web i les xarxes socials corporatives.[\/vc_column_text][vc_separator]<div class=\"eut-element eut-box-icon eut-align-left eut-medium\" style=\"\">  <div class=\"eut-wrapper-icon eut-no-shape eut-color-grey\"><i class=\"fab fa-wpexplorer eut-color-primary-1\"><\/i><\/div>  <div class=\"eut-box-content\">      <h4 class=\"eut-box-title\">Divulgaci\u00f3 i educaci\u00f3 cient\u00edfica<\/h4>  <\/div><\/div>[vc_column_text css=&#8221;&#8221;]Promovem la recerca i la innovaci\u00f3 a trav\u00e9s de l&#8217;organitzaci\u00f3 de jornades de portes obertes, visites, tallers escolars i creaci\u00f3 de materials divulgatius.[\/vc_column_text][vc_separator]<div class=\"eut-element eut-box-icon eut-align-left eut-medium\" style=\"\">  <div class=\"eut-wrapper-icon eut-no-shape eut-color-grey\"><i class=\"fas fa-calendar-plus eut-color-primary-1\"><\/i><\/div>  <div class=\"eut-box-content\">      <h4 class=\"eut-box-title\">Organitzaci\u00f3 d'actes<\/h4>  <\/div><\/div>[vc_column_text css=&#8221;&#8221;]Participem en l&#8217;organitzaci\u00f3 de confer\u00e8ncies, jornades, seminaris i altres actes institucionals de l&#8217;institut.[\/vc_column_text][\/vc_column_inner][\/vc_row_inner][\/vc_column][\/vc_row][vc_row el_class=&#8221;custom-top-tabs-content&#8221;][vc_column width=&#8221;2\/5&#8243; tablet_width=&#8221;5-12&#8243; tablet_sm_width=&#8221;5-12&#8243;][vc_column_text css=&#8221;&#8221;]\n<h4>Unitat de Comunicaci\u00f3<\/h4>\n<p><strong>Institut d&#8217;Investigaci\u00f3 i Innovaci\u00f3 Parc Taul\u00ed<\/strong><br \/>\nPla\u00e7a de la Torre de l\u2019Aigua, s\/n<br \/>\n08202 Sabadell<\/p>\n<ul>\n<li class=\"icon-list phone\">93 723 10 10<\/li>\n<li class=\"icon-list mail\">\n<div><a href=\"mailto:comunicacioi3pt@tauli.cat\">comunicacioi3pt@tauli.cat<\/a><\/div>\n<\/li>\n<\/ul>\n[\/vc_column_text][\/vc_column][vc_column width=&#8221;3\/5&#8243; tablet_width=&#8221;7-12&#8243; tablet_sm_width=&#8221;7-12&#8243;][vc_raw_html]JTNDaWZyYW1lJTIwc3JjJTNEJTIyaHR0cHMlM0ElMkYlMkZ3d3cuZ29vZ2xlLmNvbSUyRm1hcHMlMkZlbWJlZCUzRnBiJTNEJTIxMW0xOCUyMTFtMTIlMjExbTMlMjExZDUzMTkuNjgxMDI0MjQ0MzQzNSUyMTJkMi4xMDg5ODc4MDg4Nzc3NDgzJTIxM2Q0MS41NTY5MDc4ODA4NjM0NyUyMTJtMyUyMTFmMCUyMTJmMCUyMTNmMCUyMTNtMiUyMTFpMTAyNCUyMTJpNzY4JTIxNGYxMy4xJTIxM20zJTIxMW0yJTIxMXMweDAlMjUzQTB4OWZiYTkwZGI4MjhmNjAxYiUyMTJ6Um5WdVpHRmphY096SUZCaGNtTWdWR0YxYk1PdCUyMTVlMCUyMTNtMiUyMTFzZXMlMjEyc2VzJTIxNHYxNTc0MzU2ODQyNjc4JTIxNW0yJTIxMXNlcyUyMTJzZXMlMjIlMjB3aWR0aCUzRCUyMjEwMCUyNSUyMiUyMGhlaWdodCUzRCUyMjI4MCUyMiUyMGZyYW1lYm9yZGVyJTNEJTIyMCUyMiUyMHN0eWxlJTNEJTIyYm9yZGVyJTNBMCUzQiUyMiUyMGFsbG93ZnVsbHNjcmVlbiUzRCUyMiUyMiUzRSUzQyUyRmlmcmFtZSUzRQ==[\/vc_raw_html][\/vc_column][\/vc_row]\n<\/div>","protected":false},"excerpt":{"rendered":"<p>[vc_row section_id=&#8221;custom-top-tabs&#8221;][vc_column][vc_column_text el_class=&#8221;top-tabs&#8221;] Presentaci\u00f3 Serveis Contacte [\/vc_column_text][\/vc_column][\/vc_row][vc_row el_class=&#8221;custom-top-tabs-content&#8221;][vc_column width=&#8221;2\/3&#8243;][vc_column_text css=&#8221;&#8221;]La Unitat de Comunicaci\u00f3 de l\u2019I3PT s&#8217;encarrega de definir, coordinar i desplegar l\u2019estrat\u00e8gia comunicativa de l\u2019institut. \u00c9s la responsable de vetllar perqu\u00e8 tots els missatges siguin coherents amb la identitat i els valors de l\u2019I3PT, aix\u00ed com garantir que la projecci\u00f3 p\u00fablica de l\u2019institut reflecteixi l\u2019estrat\u00e8gia [&hellip;]<\/p>\n","protected":false},"author":28,"featured_media":0,"parent":2289,"menu_order":0,"comment_status":"closed","ping_status":"closed","template":"","meta":[],"_links":{"self":[{"href":"https:\/\/www.tauli.cat\/institut\/wp-json\/wp\/v2\/pages\/21963"}],"collection":[{"href":"https:\/\/www.tauli.cat\/institut\/wp-json\/wp\/v2\/pages"}],"about":[{"href":"https:\/\/www.tauli.cat\/institut\/wp-json\/wp\/v2\/types\/page"}],"author":[{"embeddable":true,"href":"https:\/\/www.tauli.cat\/institut\/wp-json\/wp\/v2\/users\/28"}],"replies":[{"embeddable":true,"href":"https:\/\/www.tauli.cat\/institut\/wp-json\/wp\/v2\/comments?post=21963"}],"version-history":[{"count":53,"href":"https:\/\/www.tauli.cat\/institut\/wp-json\/wp\/v2\/pages\/21963\/revisions"}],"predecessor-version":[{"id":22060,"href":"https:\/\/www.tauli.cat\/institut\/wp-json\/wp\/v2\/pages\/21963\/revisions\/22060"}],"up":[{"embeddable":true,"href":"https:\/\/www.tauli.cat\/institut\/wp-json\/wp\/v2\/pages\/2289"}],"wp:attachment":[{"href":"https:\/\/www.tauli.cat\/institut\/wp-json\/wp\/v2\/media?parent=21963"}],"curies":[{"name":"wp","href":"https:\/\/api.w.org\/{rel}","templated":true}]}}