{"id":22026,"date":"2026-02-23T09:07:56","date_gmt":"2026-02-23T08:07:56","guid":{"rendered":"https:\/\/www.tauli.cat\/institut\/?page_id=22026"},"modified":"2026-02-23T11:09:18","modified_gmt":"2026-02-23T10:09:18","slug":"unitat-juridica","status":"publish","type":"page","link":"https:\/\/www.tauli.cat\/institut\/plataformes-i-serveis\/unitat-juridica\/","title":{"rendered":"Unitat Jur\u00eddica"},"content":{"rendered":"<div class=\"wpb-content-wrapper\">[vc_row section_id=&#8221;custom-top-tabs&#8221;][vc_column][vc_column_text el_class=&#8221;top-tabs&#8221;]\n<ul>\n<li data-hash=\"presentacio\">Presentaci\u00f3<\/li>\n<li data-hash=\"serveis\">Serveis<\/li>\n<li data-hash=\"contacte\">Contacte<\/li>\n<\/ul>\n[\/vc_column_text][\/vc_column][\/vc_row][vc_row el_class=&#8221;custom-top-tabs-content&#8221;][vc_column width=&#8221;2\/3&#8243;][vc_column_text css=&#8221;&#8221;]La Unitat Jur\u00eddica de l\u2019I3PT ofereix assessorament jur\u00eddic transversal als \u00f2rgans de govern, direcci\u00f3, personal investigador, laboratoris tecnol\u00f2gics i a la resta de serveis i unitats de suport, amb l\u2019objectiu de garantir la seguretat jur\u00eddica institucional i el compliment de la normativa aplicable en cada cas.<\/p>\n<p>Treballa integrada en les estructures de suport i cient\u00edfiques de l\u2019Institut, donant cobertura a l\u2019activitat de recerca, innovaci\u00f3, doc\u00e8ncia, contractaci\u00f3 p\u00fablica i relacions institucionals.<\/p>\n<p>La Unitat vetlla pel correcte encaix jur\u00eddic de la recerca biom\u00e8dica i dels projectes d\u2019innovaci\u00f3, identificant i minimitzant els riscos legals i garantint que la documentaci\u00f3, els procediments i els acords associats compleixin la normativa vigent. D\u2019aquesta manera, s\u2019assegura que els interessos de l\u2019I3PT, del Parc Taul\u00ed i de les persones participants (pacients i professionals) estiguin adequadament protegits en totes les fases dels projectes.[\/vc_column_text][\/vc_column][vc_column width=&#8221;1\/3&#8243;]\r\n\t\t<div class=\"eut-team eut-element team\" style=\"\">\r\n\t\t\t<figure>\r\n\t\t\t\t\t\t\t\t<div class=\"eut-team-person eut-media eut-align-center\">\r\n\t\t\t\t\t<img width=\"512\" height=\"512\" src=\"https:\/\/www.tauli.cat\/institut\/wp-content\/uploads\/2026\/02\/MCS.jpg\" class=\"attachment-large size-large\" alt=\"\" decoding=\"async\" loading=\"lazy\" srcset=\"https:\/\/www.tauli.cat\/institut\/wp-content\/uploads\/2026\/02\/MCS.jpg 512w, https:\/\/www.tauli.cat\/institut\/wp-content\/uploads\/2026\/02\/MCS-300x300.jpg 300w, https:\/\/www.tauli.cat\/institut\/wp-content\/uploads\/2026\/02\/MCS-150x150.jpg 150w\" sizes=\"(max-width: 512px) 100vw, 512px\" \/>\t\t\t\t<\/div>\r\n\t\t\t\t\t\t\t\t<figcaption>\r\n\t\t\t\t\t<div class=\"eut-team-description eut-align-center\">\r\n\t\t\t\t\t\t<div class=\"eut-team-identity eut-subtitle\">Responsable<\/div>\r\n\t\t\t\t\t\t\t\t\t\t\t\t<h5 class=\"eut-team-name\">M\u00edriam Carles Soler<\/h5>\r\n\t\t\t\t\t\t\t\t\t\t\t\t\t\t\t\t\t\t<p class=\"eut-team-content\"><a href=\"mailto:mcarles@tauli.cat\">mcarles@tauli.cat<\/a><\/p>\r\n\t\t\t\t\t\t\t\t\t\t\t<\/div>\r\n\t\t\t\t\t\t\t\t\t<\/figcaption>\r\n\t\t\t<\/figure>\r\n\t\t<\/div>\r\n\r\n\t\t[\/vc_column][\/vc_row][vc_row el_class=&#8221;custom-top-tabs-content&#8221;][vc_column][vc_row_inner][vc_column_inner]<div class=\"eut-element eut-box-icon eut-align-left eut-medium\" style=\"\">  <div class=\"eut-wrapper-icon eut-no-shape eut-color-grey\"><i class=\"fas fa-gavel eut-color-primary-1\"><\/i><\/div>  <div class=\"eut-box-content\">      <h4 class=\"eut-box-title\">Assessorament i suport jur\u00eddic transversal<\/h4>  <\/div><\/div><div class=\"eut-element eut-list eut-list-check \" style=\"\"><ul>\n<li><span data-teams=\"true\">Assessorament i suport jur\u00eddic multidisciplinari als \u00f2rgans de govern, direcci\u00f3 i personal d&#8217;investigaci\u00f3 en totes les fases dels projectes i activitats de l\u2019Institut.<\/span><\/li>\n<li>Interpretaci\u00f3 i aplicaci\u00f3 del r\u00e8gim jur\u00eddic del sector p\u00fablic, fundacions i normativa espec\u00edfica del sistema de salut i de recerca biom\u00e8dica.<\/li>\n<li>Emissi\u00f3 d\u2019informes, al\u00b7legacions i resoluci\u00f3 de consultes en mat\u00e8ria de recerca, justificaci\u00f3 de projectes competitius, innovaci\u00f3, compatibilitats, creaci\u00f3 de spin-offs i altres q\u00fcestions relacionades.<\/li>\n<\/ul>\n<\/div>[vc_separator]<div class=\"eut-element eut-box-icon eut-align-left eut-medium\" style=\"\">  <div class=\"eut-wrapper-icon eut-no-shape eut-color-grey\"><i class=\"fas fa-handshake eut-color-primary-1\"><\/i><\/div>  <div class=\"eut-box-content\">      <h4 class=\"eut-box-title\">Gesti\u00f3 d'acords convenis i contractes<\/h4>  <\/div><\/div><div class=\"eut-element eut-list eut-list-check \" style=\"\"><ul>\n<li>Redacci\u00f3, revisi\u00f3 i suport en la negociaci\u00f3 d\u2019acords, convenis i contractes vinculats a l\u2019activitat de recerca i innovaci\u00f3: convenis de consorci, projectes de recerca i innovaci\u00f3, mecenatge, doc\u00e8ncia, convenis de pr\u00e0ctiques, col\u00b7laboracions cient\u00edfiques i acords de confidencialitat, entre d&#8217;altres.<\/li>\n<li>Contractes d&#8217;assaigs cl\u00ednics i estudis cl\u00ednics: revisi\u00f3 i negociaci\u00f3 en coordinaci\u00f3 amb la Unitat de Suport als Assaigs Cl\u00ednics, per garantir la protecci\u00f3 dels interessos del Parc Taul\u00ed i de les persones participants.<\/li>\n<\/ul>\n<\/div>[vc_separator]<div class=\"eut-element eut-box-icon eut-align-left eut-medium\" style=\"\">  <div class=\"eut-wrapper-icon eut-no-shape eut-color-grey\"><i class=\"fas fa-file-signature eut-color-primary-1\"><\/i><\/div>  <div class=\"eut-box-content\">      <h4 class=\"eut-box-title\">Contractaci\u00f3 p\u00fablica<\/h4>  <\/div><\/div><div class=\"eut-element eut-list eut-list-check \" style=\"\"><ul>\n<li>Assessorament i suport en els procediments de compres i contractaci\u00f3 p\u00fablica de serveis i subministraments vinculats als projectes de recerca i a l\u2019activitat de l\u2019Institut.<\/li>\n<li>Suport en l\u2019elaboraci\u00f3 d\u2019informes de necessitat, en la preparaci\u00f3 d\u2019expedients de contracte menor i licitacions, i en el seguiment jur\u00eddic de l\u2019execuci\u00f3 contractual.<\/li>\n<li>Transpar\u00e8ncia en contractaci\u00f3: compliment de les obligacions de publicitat i registre (PSCP, Registre P\u00fablic de Contractes, etc.).<\/li>\n<\/ul>\n<\/div>[vc_separator]<div class=\"eut-element eut-box-icon eut-align-left eut-medium\" style=\"\"><a href=\"https:\/\/www.tauli.cat\/institut\/sala-de-premsa\/\" target=\"_self\">  <div class=\"eut-wrapper-icon eut-no-shape eut-color-grey\"><i class=\"fas fa-vote-yea eut-color-primary-1\"><\/i><\/div><\/a>  <div class=\"eut-box-content\"><a href=\"https:\/\/www.tauli.cat\/institut\/sala-de-premsa\/\" target=\"_self\">      <h4 class=\"eut-box-title\">Compliment normatiu<\/h4><\/a>  <\/div><\/div><div class=\"eut-element eut-list eut-list-check \" style=\"\"><ul>\n<li>Desenvolupament i revisi\u00f3 de pol\u00edtiques i procediments interns per garantir el compliment de la normativa nacional i internacional aplicable.<\/li>\n<li>Coordinaci\u00f3 dels aspectes jur\u00eddics vinculats a la protecci\u00f3 de dades en projectes de recerca, en coordinaci\u00f3 amb el Delegat de Protecci\u00f3 de Dades, <a id=\"menur8dt\" class=\"fui-Link ___1q1shib f2hkw1w f3rmtva f1ewtqcl fyind8e f1k6fduh f1w7gpdv fk6fouc fjoy568 figsok6 f1s184ao f1mk8lai fnbmjn9 f1o700av f13mvf36 f1cmlufx f9n3di6 f1ids18y f1tx3yz7 f1deo86v f1eh06m1 f1iescvh fhgqx19 f1olyrje f1p93eir f1nev41a f1h8hb77 f1lqvz6u f10aw75t fsle3fq f17ae5zn\" title=\"https:\/\/ticsalutsocial.cat\/dpd-salut\/\" href=\"https:\/\/ticsalutsocial.cat\/dpd-salut\/\" target=\"_blank\" rel=\"noreferrer noopener\" aria-label=\"Enlla\u00e7 Oficina del DPD de Salut\">Oficina del DPD de Salut<\/a>.<\/li>\n<\/ul>\n<\/div>[vc_separator]<div class=\"eut-element eut-box-icon eut-align-left eut-medium\" style=\"\"><a href=\"https:\/\/www.tauli.cat\/institut\/sala-de-premsa\/\" target=\"_self\">  <div class=\"eut-wrapper-icon eut-no-shape eut-color-grey\"><i class=\"fas fa-copyright eut-color-primary-1\"><\/i><\/div><\/a>  <div class=\"eut-box-content\"><a href=\"https:\/\/www.tauli.cat\/institut\/sala-de-premsa\/\" target=\"_self\">      <h4 class=\"eut-box-title\">Propietat intel\u00b7lectual i transfer\u00e8ncia<\/h4><\/a>  <\/div><\/div><div class=\"eut-element eut-list eut-list-check \" style=\"\"><ul>\n<li>Suport a la Unitat d\u2019Innovaci\u00f3 en la protecci\u00f3 de la propietat intel\u00b7lectual i industrial i en els processos de transfer\u00e8ncia tecnol\u00f2gica.<\/li>\n<li>Assessorament en acords de transfer\u00e8ncia i documents societaris associats a spin-offs i altres vehicles de transfer\u00e8ncia.<\/li>\n<\/ul>\n<\/div>[\/vc_column_inner][\/vc_row_inner][\/vc_column][\/vc_row][vc_row el_class=&#8221;custom-top-tabs-content&#8221;][vc_column width=&#8221;2\/5&#8243; tablet_width=&#8221;5-12&#8243; tablet_sm_width=&#8221;5-12&#8243;][vc_column_text css=&#8221;&#8221;]\n<h4>Unitat Jur\u00eddica<\/h4>\n<p><strong>Institut d&#8217;Investigaci\u00f3 i Innovaci\u00f3 Parc Taul\u00ed<\/strong><br \/>\nPla\u00e7a de la Torre de l\u2019Aigua, s\/n<br \/>\n08202 Sabadell<\/p>\n<ul>\n<li class=\"icon-list phone\">93 723 10 10<\/li>\n<li class=\"icon-list mail\">\n<div><a href=\"mailto:juridici3pt@tauli.cat\">juridici3pt@tauli.cat<\/a><\/div>\n<\/li>\n<li class=\"icon-list mail\">\n<div><a href=\"mailto:contractesceim@tauli.cat\">contractesceim@tauli.cat<\/a><\/div>\n<\/li>\n<\/ul>\n[\/vc_column_text][\/vc_column][vc_column width=&#8221;3\/5&#8243; tablet_width=&#8221;7-12&#8243; tablet_sm_width=&#8221;7-12&#8243;][vc_raw_html]JTNDaWZyYW1lJTIwc3JjJTNEJTIyaHR0cHMlM0ElMkYlMkZ3d3cuZ29vZ2xlLmNvbSUyRm1hcHMlMkZlbWJlZCUzRnBiJTNEJTIxMW0xOCUyMTFtMTIlMjExbTMlMjExZDUzMTkuNjgxMDI0MjQ0MzQzNSUyMTJkMi4xMDg5ODc4MDg4Nzc3NDgzJTIxM2Q0MS41NTY5MDc4ODA4NjM0NyUyMTJtMyUyMTFmMCUyMTJmMCUyMTNmMCUyMTNtMiUyMTFpMTAyNCUyMTJpNzY4JTIxNGYxMy4xJTIxM20zJTIxMW0yJTIxMXMweDAlMjUzQTB4OWZiYTkwZGI4MjhmNjAxYiUyMTJ6Um5WdVpHRmphY096SUZCaGNtTWdWR0YxYk1PdCUyMTVlMCUyMTNtMiUyMTFzZXMlMjEyc2VzJTIxNHYxNTc0MzU2ODQyNjc4JTIxNW0yJTIxMXNlcyUyMTJzZXMlMjIlMjB3aWR0aCUzRCUyMjEwMCUyNSUyMiUyMGhlaWdodCUzRCUyMjI4MCUyMiUyMGZyYW1lYm9yZGVyJTNEJTIyMCUyMiUyMHN0eWxlJTNEJTIyYm9yZGVyJTNBMCUzQiUyMiUyMGFsbG93ZnVsbHNjcmVlbiUzRCUyMiUyMiUzRSUzQyUyRmlmcmFtZSUzRQ==[\/vc_raw_html][\/vc_column][\/vc_row]\n<\/div>","protected":false},"excerpt":{"rendered":"<p>[vc_row section_id=&#8221;custom-top-tabs&#8221;][vc_column][vc_column_text el_class=&#8221;top-tabs&#8221;] Presentaci\u00f3 Serveis Contacte [\/vc_column_text][\/vc_column][\/vc_row][vc_row el_class=&#8221;custom-top-tabs-content&#8221;][vc_column width=&#8221;2\/3&#8243;][vc_column_text css=&#8221;&#8221;]La Unitat Jur\u00eddica de l\u2019I3PT ofereix assessorament jur\u00eddic transversal als \u00f2rgans de govern, direcci\u00f3, personal investigador, laboratoris tecnol\u00f2gics i a la resta de serveis i unitats de suport, amb l\u2019objectiu de garantir la seguretat jur\u00eddica institucional i el compliment de la normativa aplicable en cada cas. [&hellip;]<\/p>\n","protected":false},"author":28,"featured_media":0,"parent":2289,"menu_order":0,"comment_status":"closed","ping_status":"closed","template":"","meta":[],"_links":{"self":[{"href":"https:\/\/www.tauli.cat\/institut\/wp-json\/wp\/v2\/pages\/22026"}],"collection":[{"href":"https:\/\/www.tauli.cat\/institut\/wp-json\/wp\/v2\/pages"}],"about":[{"href":"https:\/\/www.tauli.cat\/institut\/wp-json\/wp\/v2\/types\/page"}],"author":[{"embeddable":true,"href":"https:\/\/www.tauli.cat\/institut\/wp-json\/wp\/v2\/users\/28"}],"replies":[{"embeddable":true,"href":"https:\/\/www.tauli.cat\/institut\/wp-json\/wp\/v2\/comments?post=22026"}],"version-history":[{"count":15,"href":"https:\/\/www.tauli.cat\/institut\/wp-json\/wp\/v2\/pages\/22026\/revisions"}],"predecessor-version":[{"id":22062,"href":"https:\/\/www.tauli.cat\/institut\/wp-json\/wp\/v2\/pages\/22026\/revisions\/22062"}],"up":[{"embeddable":true,"href":"https:\/\/www.tauli.cat\/institut\/wp-json\/wp\/v2\/pages\/2289"}],"wp:attachment":[{"href":"https:\/\/www.tauli.cat\/institut\/wp-json\/wp\/v2\/media?parent=22026"}],"curies":[{"name":"wp","href":"https:\/\/api.w.org\/{rel}","templated":true}]}}