{"id":22072,"date":"2026-02-24T11:56:34","date_gmt":"2026-02-24T10:56:34","guid":{"rendered":"https:\/\/www.tauli.cat\/institut\/?page_id=22072"},"modified":"2026-02-24T11:56:34","modified_gmt":"2026-02-24T10:56:34","slug":"unitat-de-gestio-del-coneixement","status":"publish","type":"page","link":"https:\/\/www.tauli.cat\/institut\/plataformes-i-serveis\/unitat-de-gestio-del-coneixement\/","title":{"rendered":"Unitat de Gesti\u00f3 del Coneixement"},"content":{"rendered":"<div class=\"wpb-content-wrapper\">[vc_row section_id=&#8221;custom-top-tabs&#8221;][vc_column][vc_column_text el_class=&#8221;top-tabs&#8221;]\n<ul>\n<li data-hash=\"presentacio\">Presentaci\u00f3<\/li>\n<li data-hash=\"serveis\">Serveis<\/li>\n<li data-hash=\"contacte\">Contacte<\/li>\n<\/ul>\n[\/vc_column_text][\/vc_column][\/vc_row][vc_row el_class=&#8221;custom-top-tabs-content&#8221;][vc_column width=&#8221;2\/3&#8243;][vc_column_text css=&#8221;&#8221;]La Unitat de Gesti\u00f3 del Coneixement i Qualitat dona suport transversal a l\u2019activitat de l\u2019I3PT mitjan\u00e7ant el desplegament del sistema de gesti\u00f3 de qualitat i el desenvolupament d\u2019eines i pr\u00e0ctiques de gesti\u00f3 del coneixement institucional.<\/p>\n<p>Tamb\u00e9 treballa per facilitar els processos d\u2019avaluaci\u00f3, certificaci\u00f3 i millora cont\u00ednua, assegurar la disponibilitat d\u2019informaci\u00f3 fiable i preservar el coneixement rellevant vinculat a l\u2019activitat de l&#8217;Institut.<\/p>\n<p>Mitjan\u00e7ant aquestes actuacions, contribueix a refor\u00e7ar la qualitat i la interoperativitat dels processos que es duen a terme a les unitats de suport a la recerca, millora la transpar\u00e8ncia institucional i afavoreix la capacitat d&#8217;aprenentatge organitzatiu.<\/p>\n[\/vc_column_text][\/vc_column][vc_column width=&#8221;1\/3&#8243;]\r\n\t\t<div class=\"eut-team eut-element team\" style=\"\">\r\n\t\t\t<figure>\r\n\t\t\t\t\t\t\t\t<div class=\"eut-team-person eut-media eut-align-center\">\r\n\t\t\t\t\t<img width=\"800\" height=\"800\" src=\"https:\/\/www.tauli.cat\/institut\/wp-content\/uploads\/2026\/02\/1749756774065.jpg\" class=\"attachment-large size-large\" alt=\"\" decoding=\"async\" loading=\"lazy\" srcset=\"https:\/\/www.tauli.cat\/institut\/wp-content\/uploads\/2026\/02\/1749756774065.jpg 800w, https:\/\/www.tauli.cat\/institut\/wp-content\/uploads\/2026\/02\/1749756774065-300x300.jpg 300w, https:\/\/www.tauli.cat\/institut\/wp-content\/uploads\/2026\/02\/1749756774065-150x150.jpg 150w, https:\/\/www.tauli.cat\/institut\/wp-content\/uploads\/2026\/02\/1749756774065-768x768.jpg 768w, https:\/\/www.tauli.cat\/institut\/wp-content\/uploads\/2026\/02\/1749756774065-600x600.jpg 600w\" sizes=\"(max-width: 800px) 100vw, 800px\" \/>\t\t\t\t<\/div>\r\n\t\t\t\t\t\t\t\t<figcaption>\r\n\t\t\t\t\t<div class=\"eut-team-description eut-align-center\">\r\n\t\t\t\t\t\t<div class=\"eut-team-identity eut-subtitle\">Responsable<\/div>\r\n\t\t\t\t\t\t\t\t\t\t\t\t<h5 class=\"eut-team-name\">Martha Ariza S\u00e1enz <\/h5>\r\n\t\t\t\t\t\t\t\t\t\t\t\t\t\t\t\t\t\t<p class=\"eut-team-content\"><a href=\"mailto:mrariza@tauli.cat\">mrariza@tauli.cat<\/a><\/p>\r\n\t\t\t\t\t\t\t\t\t\t\t<\/div>\r\n\t\t\t\t\t\t\t\t\t<\/figcaption>\r\n\t\t\t<\/figure>\r\n\t\t<\/div>\r\n\r\n\t\t[\/vc_column][\/vc_row][vc_row el_class=&#8221;custom-top-tabs-content&#8221;][vc_column][vc_row_inner][vc_column_inner]<div class=\"eut-element eut-box-icon eut-align-left eut-medium\" style=\"\">  <div class=\"eut-wrapper-icon eut-no-shape eut-color-grey\"><i class=\"fas fa-poll-h eut-color-primary-1\"><\/i><\/div>  <div class=\"eut-box-content\">      <h4 class=\"eut-box-title\">Gesti\u00f3 de la qualitat<\/h4>  <\/div><\/div><div class=\"eut-element eut-list eut-list-check \" style=\"\"><ul>\n<li>Gesti\u00f3 del Pla de Millora institucional.<\/li>\n<li>Coordinaci\u00f3 d\u2019auditories de certificaci\u00f3, acreditaci\u00f3 i reconeixement (ISO 560001,\u00a0 ISCIII, HRS4R)<\/li>\n<li>Gesti\u00f3 i centralitzaci\u00f3 d\u2019indicadors per a entitats avaluadores externes (UNEIX, SICTI, ISCIII, INE).<\/li>\n<li>Gesti\u00f3 del sistema de queixes i suggeriments.<\/li>\n<li>Gesti\u00f3 d\u2019enquestes de satisfacci\u00f3.<\/li>\n<li>Avaluaci\u00f3 de prove\u00efdors.<\/li>\n<li>Suport i control en l\u2019elaboraci\u00f3 de la documentaci\u00f3 institucional.<\/li>\n<\/ul>\n<\/div>[vc_separator]<div class=\"eut-element eut-box-icon eut-align-left eut-medium\" style=\"\">  <div class=\"eut-wrapper-icon eut-no-shape eut-color-grey\"><i class=\"fas fa-file-signature eut-color-primary-1\"><\/i><\/div>  <div class=\"eut-box-content\">      <h4 class=\"eut-box-title\">Gesti\u00f3 del coneixement<\/h4>  <\/div><\/div><div class=\"eut-element eut-list eut-list-check \" style=\"\"><ul>\n<li>Gesti\u00f3 del repositori de documentaci\u00f3 institucional.<\/li>\n<li>Control de versions i tra\u00e7abilitat del coneixement institucional.<\/li>\n<li>Mapeig del coneixement intern.<\/li>\n<li>Identificaci\u00f3 i millora dels circuits de treball.<\/li>\n<li>Optimitzaci\u00f3 de processos.<\/li>\n<\/ul>\n<\/div>[\/vc_column_inner][\/vc_row_inner][\/vc_column][\/vc_row][vc_row el_class=&#8221;custom-top-tabs-content&#8221;][vc_column width=&#8221;2\/5&#8243; tablet_width=&#8221;5-12&#8243; tablet_sm_width=&#8221;5-12&#8243;][vc_column_text css=&#8221;&#8221;]\n<h4>Unitat de Gesti\u00f3 del Coneixement<\/h4>\n<p><strong>Institut d&#8217;Investigaci\u00f3 i Innovaci\u00f3 Parc Taul\u00ed<\/strong><br \/>\nPla\u00e7a de la Torre de l\u2019Aigua, s\/n<br \/>\n08202 Sabadell<\/p>\n<ul>\n<li class=\"icon-list phone\">93 723 10 10<\/li>\n<li class=\"icon-list mail\">\n<div><a href=\"gconeixementi3pt@tauli.cat\">gconeixementi3pt@tauli.cat<\/a><\/div>\n<\/li>\n<\/ul>\n[\/vc_column_text][\/vc_column][vc_column width=&#8221;3\/5&#8243; tablet_width=&#8221;7-12&#8243; tablet_sm_width=&#8221;7-12&#8243;][vc_raw_html]JTNDaWZyYW1lJTIwc3JjJTNEJTIyaHR0cHMlM0ElMkYlMkZ3d3cuZ29vZ2xlLmNvbSUyRm1hcHMlMkZlbWJlZCUzRnBiJTNEJTIxMW0xOCUyMTFtMTIlMjExbTMlMjExZDUzMTkuNjgxMDI0MjQ0MzQzNSUyMTJkMi4xMDg5ODc4MDg4Nzc3NDgzJTIxM2Q0MS41NTY5MDc4ODA4NjM0NyUyMTJtMyUyMTFmMCUyMTJmMCUyMTNmMCUyMTNtMiUyMTFpMTAyNCUyMTJpNzY4JTIxNGYxMy4xJTIxM20zJTIxMW0yJTIxMXMweDAlMjUzQTB4OWZiYTkwZGI4MjhmNjAxYiUyMTJ6Um5WdVpHRmphY096SUZCaGNtTWdWR0YxYk1PdCUyMTVlMCUyMTNtMiUyMTFzZXMlMjEyc2VzJTIxNHYxNTc0MzU2ODQyNjc4JTIxNW0yJTIxMXNlcyUyMTJzZXMlMjIlMjB3aWR0aCUzRCUyMjEwMCUyNSUyMiUyMGhlaWdodCUzRCUyMjI4MCUyMiUyMGZyYW1lYm9yZGVyJTNEJTIyMCUyMiUyMHN0eWxlJTNEJTIyYm9yZGVyJTNBMCUzQiUyMiUyMGFsbG93ZnVsbHNjcmVlbiUzRCUyMiUyMiUzRSUzQyUyRmlmcmFtZSUzRQ==[\/vc_raw_html][\/vc_column][\/vc_row]\n<\/div>","protected":false},"excerpt":{"rendered":"<p>[vc_row section_id=&#8221;custom-top-tabs&#8221;][vc_column][vc_column_text el_class=&#8221;top-tabs&#8221;] Presentaci\u00f3 Serveis Contacte [\/vc_column_text][\/vc_column][\/vc_row][vc_row el_class=&#8221;custom-top-tabs-content&#8221;][vc_column width=&#8221;2\/3&#8243;][vc_column_text css=&#8221;&#8221;]La Unitat de Gesti\u00f3 del Coneixement i Qualitat dona suport transversal a l\u2019activitat de l\u2019I3PT mitjan\u00e7ant el desplegament del sistema de gesti\u00f3 de qualitat i el desenvolupament d\u2019eines i pr\u00e0ctiques de gesti\u00f3 del coneixement institucional. Tamb\u00e9 treballa per facilitar els processos d\u2019avaluaci\u00f3, certificaci\u00f3 i millora cont\u00ednua, [&hellip;]<\/p>\n","protected":false},"author":28,"featured_media":0,"parent":2289,"menu_order":0,"comment_status":"closed","ping_status":"closed","template":"","meta":[],"_links":{"self":[{"href":"https:\/\/www.tauli.cat\/institut\/wp-json\/wp\/v2\/pages\/22072"}],"collection":[{"href":"https:\/\/www.tauli.cat\/institut\/wp-json\/wp\/v2\/pages"}],"about":[{"href":"https:\/\/www.tauli.cat\/institut\/wp-json\/wp\/v2\/types\/page"}],"author":[{"embeddable":true,"href":"https:\/\/www.tauli.cat\/institut\/wp-json\/wp\/v2\/users\/28"}],"replies":[{"embeddable":true,"href":"https:\/\/www.tauli.cat\/institut\/wp-json\/wp\/v2\/comments?post=22072"}],"version-history":[{"count":8,"href":"https:\/\/www.tauli.cat\/institut\/wp-json\/wp\/v2\/pages\/22072\/revisions"}],"predecessor-version":[{"id":22083,"href":"https:\/\/www.tauli.cat\/institut\/wp-json\/wp\/v2\/pages\/22072\/revisions\/22083"}],"up":[{"embeddable":true,"href":"https:\/\/www.tauli.cat\/institut\/wp-json\/wp\/v2\/pages\/2289"}],"wp:attachment":[{"href":"https:\/\/www.tauli.cat\/institut\/wp-json\/wp\/v2\/media?parent=22072"}],"curies":[{"name":"wp","href":"https:\/\/api.w.org\/{rel}","templated":true}]}}