{"id":2234,"date":"2020-04-14T16:48:04","date_gmt":"2020-04-14T14:48:04","guid":{"rendered":"http:\/\/www.tauli.cat\/institut\/?page_id=2234"},"modified":"2024-03-19T09:38:09","modified_gmt":"2024-03-19T08:38:09","slug":"donacio","status":"publish","type":"page","link":"https:\/\/www.tauli.cat\/institut\/colabora\/donacio\/","title":{"rendered":"Fes la teva donaci\u00f3"},"content":{"rendered":"<div class=\"wpb-content-wrapper\">[vc_row section_id=&#8221;projecte&#8221;][vc_column][vc_column_text][\/vc_column_text][\/vc_column][\/vc_row][vc_row][vc_column width=&#8221;1\/4&#8243;]<div class=\"eut-element eut-box-icon eut-align-center eut-large paypal\" style=\"\">  <div class=\"eut-wrapper-icon eut-no-shape eut-color-grey\"><i class=\"fa fa-credit-card-alt eut-color-orange\"><\/i><\/div>  <div class=\"eut-box-content\">      <h3 class=\"eut-box-title\">Targeta de cr\u00e8dit<\/h3>    <p class=\"\"><span class=\"project-not-selected\">Clica aqu\u00ed per escollir el projecte al qual vols fer la donaci\u00f3. <\/span>Et redirigirem a la passarel\u00b7la de PayPal, on podr\u00e0s escollir l&#8217;opci\u00f3 de fer la donaci\u00f3 amb targeta de cr\u00e8dit.<\/p>  <\/div><\/div>[\/vc_column][vc_column width=&#8221;1\/4&#8243;]<div class=\"eut-element eut-box-icon eut-align-center eut-large paypal\" style=\"\">  <div class=\"eut-wrapper-icon eut-no-shape eut-color-grey\"><i class=\"fa fa-paypal eut-color-blue\"><\/i><\/div>  <div class=\"eut-box-content\">      <h3 class=\"eut-box-title\">PayPal<\/h3>    <p class=\"\"><span class=\"project-not-selected\">Clica aqu\u00ed per escollir el projecte al qual vols fer la donaci\u00f3. <\/span>Si ja tens compte de PayPal, nom\u00e9s et caldr\u00e0 iniciar sessi\u00f3 per fer la teva donaci\u00f3.<\/p>  <\/div><\/div>[\/vc_column][vc_column width=&#8221;1\/4&#8243;]<div class=\"eut-element eut-box-icon eut-align-center eut-large transferencia\" style=\"\">  <div class=\"eut-wrapper-icon eut-no-shape eut-color-grey\"><i class=\"fa fa-university eut-color-primary-3\"><\/i><\/div>  <div class=\"eut-box-content\">      <h3 class=\"eut-box-title\">Transfer\u00e8ncia banc\u00e0ria<\/h3>    <p class=\"\">Clica al n\u00famero de compte per copiar-lo: <a>ES02 0081 5154 2900 0181 3582<\/a>. En el concepte de la transfer\u00e8ncia haur\u00e0s d&#8217;indicar el nom del projecte al qual vols que arribi la donaci\u00f3.<\/p>  <\/div><\/div>[vc_column_text el_id=&#8221;numcompte&#8221;]<i class=\"fa fa-check-circle\"><\/i> N\u00famero de compte copiat[\/vc_column_text][\/vc_column][vc_column width=&#8221;1\/4&#8243;]<div class=\"eut-element eut-box-icon eut-align-center eut-large bizum\" style=\"\">  <div class=\"eut-wrapper-icon eut-no-shape eut-color-grey\"><i class=\"fa fa-mobile eut-color-primary-3\"><\/i><\/div>  <div class=\"eut-box-content\">      <h3 class=\"eut-box-title\">Bizum<\/h3>    <p class=\"\">Fes un BIZUM al <a>05498<\/a>.<br \/>\nEn el concepte del BIZUM haur\u00e0s d&#8217;indicar el nom del projecte al qual vols que arribi la donaci\u00f3.<\/p>  <\/div><\/div>[\/vc_column][\/vc_row][vc_row el_class=&#8221;important&#8221;][vc_column][vc_column_text]\n<ul>\n<li class=\"icon-list link\"><a href=\"https:\/\/www.tauli.cat\/institut\/colabora\/\">En quins projectes o iniciatives pots col\u00b7laborar?<\/a><\/li>\n<li class=\"icon-list link\"><a href=\"https:\/\/www.tauli.cat\/institut\/colabora\/beneficis-fiscals\/\">Quins beneficis fiscals obtindr\u00e0s amb la teva donaci\u00f3?<\/a><\/li>\n<li class=\"icon-list link\"><a href=\"https:\/\/www.tauli.cat\/institut\/colabora\/donacio\/certificat\/\">Demana el teu certificat de donaci\u00f3<\/a><\/li>\n<\/ul>\n[\/vc_column_text][\/vc_column][\/vc_row][vc_row section_id=&#8221;llista-projectes&#8221;][vc_column][vc_column_text]\n<h4>A quin projecte vols destinar la teva donaci\u00f3?<\/h4>\n<ul>\n<li><a href=\"https:\/\/www.paypal.com\/donate?hosted_button_id=FGERLSJNNWMJW\">Projectes de recerca i innovaci\u00f3 en salut<\/a><\/li>\n<li><a href=\"https:\/\/www.paypal.com\/donate?hosted_button_id=NGY8D9LL3JJMU\">Projectes de recerca i innovaci\u00f3 per combatre la COVID-19<\/a> <a class=\"info\" href=\"https:\/\/www.tauli.cat\/institut\/colabora\/recerca-i-innovacio-per-combatre-la-covid-19\/\">(+ info)<\/a><\/li>\n<li><a href=\"https:\/\/www.paypal.com\/donate?hosted_button_id=EZ73PP7EX9VFW\">Altres finalitats (caldr\u00e0 especificar)<\/a><\/li>\n<\/ul>\n[\/vc_column_text]<div class=\"eut-element eut-align-center\"><a class=\"eut-btn eut-btn-large eut-round eut-grey-color\" href=\"\" target=\"_blank\" style=\"margin-bottom: -35px;\"><span>Fes ara la teva donaci\u00f3<\/span><\/a><\/div>[vc_icon icon_fontawesome=&#8221;fa fa-times-circle&#8221; color=&#8221;juicy_pink&#8221; align=&#8221;center&#8221; el_class=&#8221;close&#8221;][\/vc_column][\/vc_row][vc_row][vc_column][vc_raw_js]JTNDc2NyaXB0JTNFJTBBJTBBalF1ZXJ5JTI4ZG9jdW1lbnQlMjkucmVhZHklMjhmdW5jdGlvbiUyOCUyNCUyOSU3QiUwQSUwQWNvbnN0JTIwcXVlcnlTdHJpbmclMjAlM0QlMjB3aW5kb3cubG9jYXRpb24uc2VhcmNoJTNCJTBBY29uc3QlMjB1cmxQYXJhbXMlMjAlM0QlMjBuZXclMjBVUkxTZWFyY2hQYXJhbXMlMjhxdWVyeVN0cmluZyUyOSUzQiUwQWNvbnN0JTIwcHJvamVjdGUlMjAlM0QlMjB1cmxQYXJhbXMuZ2V0JTI4JTI3cHJvamVjdGUlMjclMjklMEElMEFpZiUyMCUyOHByb2plY3RlJTI5JTIwJTdCJTBBJTI0JTI4JTIyLnBheXBhbCUyMHNwYW4ucHJvamVjdC1ub3Qtc2VsZWN0ZWQlMjIlMjkuY3NzJTI4JTIyZGlzcGxheSUyMiUyQyUyMm5vbmUlMjIlMjklM0IlMEF2YXIlMjBub21wcm9qZWN0ZSUyMCUzRCUyMCUyNCUyOCUyMiUyM2xsaXN0YS1wcm9qZWN0ZXMlMjB1bCUyMGxpJTNBZXElMjglMjIlMkJwcm9qZWN0ZSUyQiUyMiUyOSUyMGElM0FmaXJzdC1jaGlsZCUyMiUyOS50ZXh0JTI4JTI5JTNCJTBBJTI0JTI4JTIyJTIzcHJvamVjdGUlMjAuZXV0LXRleHQlMjIlMjkuYXBwZW5kJTI4JTIyJTNDcCUzRUxhJTIwdGV2YSUyMGRvbmFjaSVDMyVCMyUyMGVzJTIwZmFyJUMzJUEwJTIwcGVyJTIwYWwlMjBwcm9qZWN0ZSUzQSUyMCUzQ3N0cm9uZyUzRSUyMiUyQm5vbXByb2plY3RlJTJCJTIyJTNDJTJGc3Ryb25nJTNFLiUyMCUzQ2ElMjBjbGFzcyUzRCU1QyUyMmFsdHJlLXByb2plY3RlJTVDJTIyJTNFVm9scyUyMGVzY29sbGlyJTIwdW4lMjBhbHRyZSUyMHByb2plY3RlJTNGJTNDJTJGYSUzRSUzQyUyRnAlM0UlMjIlMjklM0IlMEElN0QlMEElMEElMjQlMjglMjIlMjNsbGlzdGEtcHJvamVjdGVzJTIwJTNFJTIwLmV1dC1yb3clMjIlMjkuYWRkQ2xhc3MlMjglMjJsbGlzdGEtcHJvamVjdGVzJTIyJTI5LmFwcGVuZFRvJTI4JTIyYm9keSUyMiUyOSUzQiUwQSUyNCUyOCUyMi5sbGlzdGEtcHJvamVjdGVzJTIwLmV1dC1idG4lMjIlMjkucmVtb3ZlQ2xhc3MlMjglMjJldXQtZ3JleS1jb2xvciUyMiUyOS5hZGRDbGFzcyUyOCUyMmV1dC1iZy1ncmV5JTIyJTI5JTNCJTBBdmFyJTIwYXJyYXlVcmxQYXlwYWwlMjAlM0QlMjAlNUIlNUQlM0IlMEElMjQlMjglMjIubGxpc3RhLXByb2plY3RlcyUyMHVsJTIwbGklMjBhJTNBZmlyc3QtY2hpbGQlMjIlMjkuZWFjaCUyOGZ1bmN0aW9uJTI4JTI5JTIwJTdCJTBBYXJyYXlVcmxQYXlwYWwucHVzaCUyOCUyNCUyOHRoaXMlMjkuYXR0ciUyOCUyMmhyZWYlMjIlMjklMjklM0IlMEElN0QlMjklM0IlMEElMjQlMjglMjIubGxpc3RhLXByb2plY3RlcyUyMHVsJTIwbGklMjBhJTNBZmlyc3QtY2hpbGQlMjIlMjkucmVtb3ZlQXR0ciUyOCUyMmhyZWYlMjIlMjklM0IlMEElMjQlMjglMjIubGxpc3RhLXByb2plY3RlcyUyMC5ldXQtYnRuJTIyJTI5LnJlbW92ZUF0dHIlMjglMjJocmVmJTIyJTI5JTNCJTBBJTBBJTI0JTI4JTIyLmxsaXN0YS1wcm9qZWN0ZXMlMjBsaSUyMiUyOS5vbiUyOCUyMmNsaWNrJTIyJTJDZnVuY3Rpb24lMjglMjklN0IlMEFpZiUyMCUyOCUyNCUyOHRoaXMlMjkuaGFzQ2xhc3MlMjglMjJlc2NvbGxpdCUyMiUyOSUyOSUyMCU3QiUwQSUyNCUyOHRoaXMlMjkucmVtb3ZlQ2xhc3MlMjglMjJlc2NvbGxpdCUyMiUyOSUzQiUwQSUyNCUyOCUyMi5sbGlzdGEtcHJvamVjdGVzJTIwLmV1dC1idG4lMjIlMjkucmVtb3ZlQ2xhc3MlMjglMjJldXQtYmctcHJpbWFyeS0xJTIyJTI5LmFkZENsYXNzJTI4JTIyZXV0LWJnLWdyZXklMjIlMjkucmVtb3ZlQXR0ciUyOCUyMmhyZWYlMjIlMjklM0IlMEElN0QlMjBlbHNlJTIwJTdCJTBBJTI0JTI4JTIyLmxsaXN0YS1wcm9qZWN0ZXMlMjBsaSUyMiUyOS5yZW1vdmVDbGFzcyUyOCUyMmVzY29sbGl0JTIyJTI5JTNCJTBBJTI0JTI4dGhpcyUyOS5hZGRDbGFzcyUyOCUyMmVzY29sbGl0JTIyJTI5JTNCJTBBJTI0JTI4JTIyLmxsaXN0YS1wcm9qZWN0ZXMlMjAuZXV0LWJ0biUyMiUyOS5yZW1vdmVDbGFzcyUyOCUyMmV1dC1iZy1ncmV5JTIyJTI5LmFkZENsYXNzJTI4JTIyZXV0LWJnLXByaW1hcnktMSUyMiUyOSUzQiUwQXZhciUyMGluZGV4JTIwJTNEJTIwJTI0JTI4dGhpcyUyOS5pbmRleCUyOCUyOSUzQiUwQSUyNCUyOCUyMi5sbGlzdGEtcHJvamVjdGVzJTIwLmV1dC1idG4lMjIlMjkuYXR0ciUyOCUyMmhyZWYlMjIlMkNhcnJheVVybFBheXBhbCU1QmluZGV4JTVEJTI5JTNCJTBBJTdEJTBBJTdEJTI5JTNCJTBBJTBBJTI0JTI4JTIyLmFsdHJlLXByb2plY3RlJTIyJTI5Lm9uJTI4JTIyY2xpY2slMjIlMkNmdW5jdGlvbiUyOCUyOSU3QiUwQSUyNCUyOCUyMi5sbGlzdGEtcHJvamVjdGVzJTIyJTI5LmFkZENsYXNzJTI4JTIyZXNjb2xsaXIlMjIlMjklM0IlMEElN0QlMjklM0IlMEElMEElMjQlMjglMjIucGF5cGFsJTIyJTI5Lm9uJTI4JTIyY2xpY2slMjIlMkNmdW5jdGlvbiUyOCUyOSU3QiUwQWlmJTIwJTI4cHJvamVjdGUlMjklMjAlN0IlMEF3aW5kb3cub3BlbiUyOGFycmF5VXJsUGF5cGFsJTVCcHJvamVjdGUlNUQlMjklM0IlMEElN0QlMjBlbHNlJTIwJTdCJTBBJTI0JTI4JTIyLmxsaXN0YS1wcm9qZWN0ZXMlMjIlMjkuYWRkQ2xhc3MlMjglMjJlc2NvbGxpciUyMiUyOSUzQiUwQSU3RCUwQSU3RCUyOSUzQiUwQSUwQSUyNCUyOCUyMi5sbGlzdGEtcHJvamVjdGVzJTIwLmNsb3NlJTIyJTI5Lm9uJTI4JTIyY2xpY2slMjIlMkNmdW5jdGlvbiUyOCUyOSU3QiUwQSUyNCUyOCUyMi5sbGlzdGEtcHJvamVjdGVzJTIyJTI5LnJlbW92ZUNsYXNzJTI4JTIyZXNjb2xsaXIlMjIlMjklM0IlMEElN0QlMjklM0IlMEElMEElMjQlMjglMjIudHJhbnNmZXJlbmNpYSUyMGElMjIlMjkub24lMjglMjJjbGljayUyMiUyQ2Z1bmN0aW9uJTI4JTI5JTdCJTBBdmFyJTIwbnVtY29tcHRlJTIwJTNEJTIwJTIyRVMwMiUyMDIxMDAlMjAxMTU2JTIwNTIwMiUyMDAwMDYlMjAyMzQ4JTIyJTNCJTBBdmFyJTIwJTI0dGVtcCUyMCUzRCUyMCUyNCUyOCUyMiUzQ2lucHV0JTNFJTIyJTI5JTNCJTBBJTI0JTI4JTIyYm9keSUyMiUyOS5hcHBlbmQlMjglMjR0ZW1wJTI5JTNCJTBBJTI0dGVtcC52YWwlMjhudW1jb21wdGUlMjkuc2VsZWN0JTI4JTI5JTNCJTBBZG9jdW1lbnQuZXhlY0NvbW1hbmQlMjglMjJjb3B5JTIyJTI5JTNCJTBBJTI0dGVtcC5yZW1vdmUlMjglMjklM0IlMEElMjQlMjglMjIlMjNudW1jb21wdGUlMjIlMjkuYWRkQ2xhc3MlMjglMjJjb3BpYXQlMjIlMjklM0IlMEFzZXRUaW1lb3V0JTI4ZnVuY3Rpb24lMjglMjklN0IlMjAlMjQlMjglMjIlMjNudW1jb21wdGUlMjIlMjkucmVtb3ZlQ2xhc3MlMjglMjJjb3BpYXQlMjIlMjklM0IlMjAlN0QlMkMlMjAyMDAwJTI5JTNCJTBBJTdEJTI5JTNCJTBBJTBBJTdEJTI5JTNCJTBBJTBBJTNDJTJGc2NyaXB0JTNF[\/vc_raw_js][\/vc_column][\/vc_row]\n<\/div>","protected":false},"excerpt":{"rendered":"<p>[vc_row section_id=&#8221;projecte&#8221;][vc_column][vc_column_text][\/vc_column_text][\/vc_column][\/vc_row][vc_row][vc_column width=&#8221;1\/4&#8243;][\/vc_column][vc_column width=&#8221;1\/4&#8243;][\/vc_column][vc_column width=&#8221;1\/4&#8243;][vc_column_text el_id=&#8221;numcompte&#8221;] N\u00famero de compte copiat[\/vc_column_text][\/vc_column][vc_column width=&#8221;1\/4&#8243;][\/vc_column][\/vc_row][vc_row el_class=&#8221;important&#8221;][vc_column][vc_column_text] En quins projectes o iniciatives pots col\u00b7laborar? Quins beneficis fiscals obtindr\u00e0s amb la teva donaci\u00f3? Demana el teu certificat de donaci\u00f3 [\/vc_column_text][\/vc_column][\/vc_row][vc_row section_id=&#8221;llista-projectes&#8221;][vc_column][vc_column_text] A quin projecte vols destinar la teva donaci\u00f3? Projectes de recerca i innovaci\u00f3 en salut Projectes de recerca i innovaci\u00f3 [&hellip;]<\/p>\n","protected":false},"author":1,"featured_media":0,"parent":569,"menu_order":0,"comment_status":"closed","ping_status":"closed","template":"","meta":[],"_links":{"self":[{"href":"https:\/\/www.tauli.cat\/institut\/wp-json\/wp\/v2\/pages\/2234"}],"collection":[{"href":"https:\/\/www.tauli.cat\/institut\/wp-json\/wp\/v2\/pages"}],"about":[{"href":"https:\/\/www.tauli.cat\/institut\/wp-json\/wp\/v2\/types\/page"}],"author":[{"embeddable":true,"href":"https:\/\/www.tauli.cat\/institut\/wp-json\/wp\/v2\/users\/1"}],"replies":[{"embeddable":true,"href":"https:\/\/www.tauli.cat\/institut\/wp-json\/wp\/v2\/comments?post=2234"}],"version-history":[{"count":84,"href":"https:\/\/www.tauli.cat\/institut\/wp-json\/wp\/v2\/pages\/2234\/revisions"}],"predecessor-version":[{"id":15418,"href":"https:\/\/www.tauli.cat\/institut\/wp-json\/wp\/v2\/pages\/2234\/revisions\/15418"}],"up":[{"embeddable":true,"href":"https:\/\/www.tauli.cat\/institut\/wp-json\/wp\/v2\/pages\/569"}],"wp:attachment":[{"href":"https:\/\/www.tauli.cat\/institut\/wp-json\/wp\/v2\/media?parent=2234"}],"curies":[{"name":"wp","href":"https:\/\/api.w.org\/{rel}","templated":true}]}}