{"id":2289,"date":"2020-04-15T17:47:00","date_gmt":"2020-04-15T15:47:00","guid":{"rendered":"http:\/\/www.tauli.cat\/institut\/?page_id=2289"},"modified":"2026-02-24T11:59:00","modified_gmt":"2026-02-24T10:59:00","slug":"plataformes-i-serveis","status":"publish","type":"page","link":"https:\/\/www.tauli.cat\/institut\/plataformes-i-serveis\/","title":{"rendered":"Plataformes i serveis"},"content":{"rendered":"<div class=\"wpb-content-wrapper\">[vc_row][vc_column][vc_tta_tour][vc_tta_section title=&#8221;Serveis cientificot\u00e8cnics i Biobanc&#8221; tab_id=&#8221;cientificotecnics-biobanc&#8221;][vc_row_inner el_class=&#8221;flex-media-box&#8221;][vc_column_inner]<div class=\"eut-element eut-box eut-align-center box-link\" style=\"\"><div class=\"eut-media\"><a href=\"https:\/\/www.tauli.cat\/institut\/plataformes-i-serveis\/plataformes-cientifiques\/\" target=\"_self\"><img width=\"512\" height=\"512\" src=\"https:\/\/www.tauli.cat\/institut\/wp-content\/uploads\/2020\/04\/serveis-cientificotecnics.png\" class=\"attachment-full size-full\" alt=\"\" decoding=\"async\" loading=\"lazy\" srcset=\"https:\/\/www.tauli.cat\/institut\/wp-content\/uploads\/2020\/04\/serveis-cientificotecnics.png 512w, https:\/\/www.tauli.cat\/institut\/wp-content\/uploads\/2020\/04\/serveis-cientificotecnics-300x300.png 300w, https:\/\/www.tauli.cat\/institut\/wp-content\/uploads\/2020\/04\/serveis-cientificotecnics-150x150.png 150w, https:\/\/www.tauli.cat\/institut\/wp-content\/uploads\/2020\/04\/serveis-cientificotecnics-100x100.png 100w\" sizes=\"(max-width: 512px) 100vw, 512px\" \/><\/a><\/div>  <div class=\"eut-box-content\">    <a href=\"https:\/\/www.tauli.cat\/institut\/plataformes-i-serveis\/plataformes-cientifiques\/\" target=\"_self\"><h4 class=\"eut-box-title\">Plataformes cient\u00edfiques<\/h4>    <\/a>    <p><\/p>  <\/div><\/div><div class=\"eut-element eut-box eut-align-center box-link\" style=\"\"><div class=\"eut-media\"><a href=\"https:\/\/www.tauli.cat\/institut\/plataformes-i-serveis\/biobanc\/\" target=\"_self\"><img width=\"512\" height=\"512\" src=\"https:\/\/www.tauli.cat\/institut\/wp-content\/uploads\/2020\/04\/biobanc.png\" class=\"attachment-full size-full\" alt=\"\" decoding=\"async\" loading=\"lazy\" srcset=\"https:\/\/www.tauli.cat\/institut\/wp-content\/uploads\/2020\/04\/biobanc.png 512w, https:\/\/www.tauli.cat\/institut\/wp-content\/uploads\/2020\/04\/biobanc-300x300.png 300w, https:\/\/www.tauli.cat\/institut\/wp-content\/uploads\/2020\/04\/biobanc-150x150.png 150w, https:\/\/www.tauli.cat\/institut\/wp-content\/uploads\/2020\/04\/biobanc-100x100.png 100w\" sizes=\"(max-width: 512px) 100vw, 512px\" \/><\/a><\/div>  <div class=\"eut-box-content\">    <a href=\"https:\/\/www.tauli.cat\/institut\/plataformes-i-serveis\/biobanc\/\" target=\"_self\"><h4 class=\"eut-box-title\">Biobanc<\/h4>    <\/a>    <p><\/p>  <\/div><\/div><div class=\"eut-element eut-box eut-align-center box-link\" style=\"\"><div class=\"eut-media\"><a href=\"https:\/\/www.tauli.cat\/institut\/plataformes-i-serveis\/plataforma-de-terapies-avancades\/\" target=\"_self\"><img width=\"407\" height=\"392\" src=\"https:\/\/www.tauli.cat\/institut\/wp-content\/uploads\/2024\/02\/Captura.jpg\" class=\"attachment-full size-full\" alt=\"\" decoding=\"async\" loading=\"lazy\" srcset=\"https:\/\/www.tauli.cat\/institut\/wp-content\/uploads\/2024\/02\/Captura.jpg 407w, https:\/\/www.tauli.cat\/institut\/wp-content\/uploads\/2024\/02\/Captura-300x289.jpg 300w\" sizes=\"(max-width: 407px) 100vw, 407px\" \/><\/a><\/div>  <div class=\"eut-box-content\">    <a href=\"https:\/\/www.tauli.cat\/institut\/plataformes-i-serveis\/plataforma-de-terapies-avancades\/\" target=\"_self\"><h4 class=\"eut-box-title\">Plataforma de Ter\u00e0pies Avan\u00e7ades<\/h4>    <\/a>    <p><\/p>  <\/div><\/div>[\/vc_column_inner][\/vc_row_inner][\/vc_tta_section][vc_tta_section title=&#8221;Laboratoris tecnol\u00f2gics&#8221; tab_id=&#8221;laboratoris-tecnologics&#8221;][vc_row_inner el_class=&#8221;flex-media-box&#8221;][vc_column_inner]<div class=\"eut-element eut-box eut-align-center box-link\" style=\"\"><div class=\"eut-media\"><a href=\"https:\/\/www.tauli.cat\/institut\/planificacio-quirurgica-impressio-3d\/\" target=\"_self\"><img width=\"512\" height=\"512\" src=\"https:\/\/www.tauli.cat\/institut\/wp-content\/uploads\/2020\/04\/lab3d.png\" class=\"attachment-full size-full\" alt=\"\" decoding=\"async\" loading=\"lazy\" srcset=\"https:\/\/www.tauli.cat\/institut\/wp-content\/uploads\/2020\/04\/lab3d.png 512w, https:\/\/www.tauli.cat\/institut\/wp-content\/uploads\/2020\/04\/lab3d-300x300.png 300w, https:\/\/www.tauli.cat\/institut\/wp-content\/uploads\/2020\/04\/lab3d-150x150.png 150w, https:\/\/www.tauli.cat\/institut\/wp-content\/uploads\/2020\/04\/lab3d-100x100.png 100w\" sizes=\"(max-width: 512px) 100vw, 512px\" \/><\/a><\/div>  <div class=\"eut-box-content\">    <a href=\"https:\/\/www.tauli.cat\/institut\/planificacio-quirurgica-impressio-3d\/\" target=\"_self\"><h4 class=\"eut-box-title\">Laboratori 3D<\/h4>    <\/a>    <p><\/p>  <\/div><\/div><div class=\"eut-element eut-box eut-align-center box-link\" style=\"\"><div class=\"eut-media\"><a href=\"https:\/\/www.tauli.cat\/institut\/plataformes-i-serveis\/laboratori-imatge-medica-digital\/\" target=\"_self\"><img width=\"512\" height=\"512\" src=\"https:\/\/www.tauli.cat\/institut\/wp-content\/uploads\/2020\/04\/cimd.png\" class=\"attachment-full size-full\" alt=\"\" decoding=\"async\" loading=\"lazy\" srcset=\"https:\/\/www.tauli.cat\/institut\/wp-content\/uploads\/2020\/04\/cimd.png 512w, https:\/\/www.tauli.cat\/institut\/wp-content\/uploads\/2020\/04\/cimd-300x300.png 300w, https:\/\/www.tauli.cat\/institut\/wp-content\/uploads\/2020\/04\/cimd-150x150.png 150w, https:\/\/www.tauli.cat\/institut\/wp-content\/uploads\/2020\/04\/cimd-100x100.png 100w\" sizes=\"(max-width: 512px) 100vw, 512px\" \/><\/a><\/div>  <div class=\"eut-box-content\">    <a href=\"https:\/\/www.tauli.cat\/institut\/plataformes-i-serveis\/laboratori-imatge-medica-digital\/\" target=\"_self\"><h4 class=\"eut-box-title\">Laboratori d'Imatge M\u00e8dica Digital<\/h4>    <\/a>    <p><\/p>  <\/div><\/div><div class=\"eut-element eut-box eut-align-center box-link\" style=\"\"><div class=\"eut-media\"><a href=\"https:\/\/www.tauli.cat\/institut\/plataformes-i-serveis\/laboratori-senyals\/\" target=\"_self\"><img width=\"512\" height=\"512\" src=\"https:\/\/www.tauli.cat\/institut\/wp-content\/uploads\/2020\/07\/senyals.png\" class=\"attachment-full size-full\" alt=\"\" decoding=\"async\" loading=\"lazy\" srcset=\"https:\/\/www.tauli.cat\/institut\/wp-content\/uploads\/2020\/07\/senyals.png 512w, https:\/\/www.tauli.cat\/institut\/wp-content\/uploads\/2020\/07\/senyals-300x300.png 300w, https:\/\/www.tauli.cat\/institut\/wp-content\/uploads\/2020\/07\/senyals-150x150.png 150w\" sizes=\"(max-width: 512px) 100vw, 512px\" \/><\/a><\/div>  <div class=\"eut-box-content\">    <a href=\"https:\/\/www.tauli.cat\/institut\/plataformes-i-serveis\/laboratori-senyals\/\" target=\"_self\"><h4 class=\"eut-box-title\">Laboratori de Senyals<\/h4>    <\/a>    <p><\/p>  <\/div><\/div><div class=\"eut-element eut-box eut-align-center box-link\" style=\"\"><div class=\"eut-media\"><a href=\"https:\/\/www.tauli.cat\/institut\/plataformes-i-serveis\/simulacio-parc-tauli\/\" target=\"_self\"><img width=\"512\" height=\"512\" src=\"https:\/\/www.tauli.cat\/institut\/wp-content\/uploads\/2020\/04\/simulacio.png\" class=\"attachment-full size-full\" alt=\"\" decoding=\"async\" loading=\"lazy\" srcset=\"https:\/\/www.tauli.cat\/institut\/wp-content\/uploads\/2020\/04\/simulacio.png 512w, https:\/\/www.tauli.cat\/institut\/wp-content\/uploads\/2020\/04\/simulacio-300x300.png 300w, https:\/\/www.tauli.cat\/institut\/wp-content\/uploads\/2020\/04\/simulacio-150x150.png 150w, https:\/\/www.tauli.cat\/institut\/wp-content\/uploads\/2020\/04\/simulacio-100x100.png 100w\" sizes=\"(max-width: 512px) 100vw, 512px\" \/><\/a><\/div>  <div class=\"eut-box-content\">    <a href=\"https:\/\/www.tauli.cat\/institut\/plataformes-i-serveis\/simulacio-parc-tauli\/\" target=\"_self\"><h4 class=\"eut-box-title\">Simulaci\u00f3 Parc Taul\u00ed<\/h4>    <\/a>    <p><\/p>  <\/div><\/div>[\/vc_column_inner][\/vc_row_inner][\/vc_tta_section][vc_tta_section title=&#8221;Unitats de suport&#8221; tab_id=&#8221;suport&#8221;][vc_row_inner el_class=&#8221;flex-media-box&#8221;][vc_column_inner]<div class=\"eut-element eut-box eut-align-center box-link\" style=\"\"><div class=\"eut-media\"><a href=\"https:\/\/www.tauli.cat\/institut\/recerca\/cei-ceim\/\" target=\"_self\"><img width=\"64\" height=\"64\" src=\"https:\/\/www.tauli.cat\/institut\/wp-content\/uploads\/2020\/06\/crm.png\" class=\"attachment-full size-full\" alt=\"\" decoding=\"async\" loading=\"lazy\" \/><\/a><\/div>  <div class=\"eut-box-content\">    <a href=\"https:\/\/www.tauli.cat\/institut\/recerca\/cei-ceim\/\" target=\"_self\"><h4 class=\"eut-box-title\">CEI \/ CEIm<\/h4>    <\/a>    <p><\/p>  <\/div><\/div><div class=\"eut-element eut-box eut-align-center box-link\" style=\"\"><div class=\"eut-media\"><a href=\"https:\/\/www.tauli.cat\/institut\/plataformes-i-serveis\/unitat-assajos-clinics\/\" target=\"_self\"><img width=\"64\" height=\"64\" src=\"https:\/\/www.tauli.cat\/institut\/wp-content\/uploads\/2020\/06\/assajos-clinics.png\" class=\"attachment-full size-full\" alt=\"\" decoding=\"async\" loading=\"lazy\" \/><\/a><\/div>  <div class=\"eut-box-content\">    <a href=\"https:\/\/www.tauli.cat\/institut\/plataformes-i-serveis\/unitat-assajos-clinics\/\" target=\"_self\"><h4 class=\"eut-box-title\">Unitat de Suport als Assaigs Cl\u00ednics<\/h4>    <\/a>    <p><\/p>  <\/div><\/div><div class=\"eut-element eut-box eut-align-center box-link\" style=\"\"><div class=\"eut-media\"><a href=\"https:\/\/www.tauli.cat\/institut\/plataformes-i-serveis\/unitat-innovacio\/\" target=\"_self\"><img width=\"512\" height=\"512\" src=\"https:\/\/www.tauli.cat\/institut\/wp-content\/uploads\/2020\/04\/innovacio.png\" class=\"attachment-full size-full\" alt=\"\" decoding=\"async\" loading=\"lazy\" srcset=\"https:\/\/www.tauli.cat\/institut\/wp-content\/uploads\/2020\/04\/innovacio.png 512w, https:\/\/www.tauli.cat\/institut\/wp-content\/uploads\/2020\/04\/innovacio-300x300.png 300w, https:\/\/www.tauli.cat\/institut\/wp-content\/uploads\/2020\/04\/innovacio-150x150.png 150w, https:\/\/www.tauli.cat\/institut\/wp-content\/uploads\/2020\/04\/innovacio-100x100.png 100w\" sizes=\"(max-width: 512px) 100vw, 512px\" \/><\/a><\/div>  <div class=\"eut-box-content\">    <a href=\"https:\/\/www.tauli.cat\/institut\/plataformes-i-serveis\/unitat-innovacio\/\" target=\"_self\"><h4 class=\"eut-box-title\">Unitat d'Innovaci\u00f3<\/h4>    <\/a>    <p><\/p>  <\/div><\/div><div class=\"eut-element eut-box eut-align-center box-link\" style=\"\"><div class=\"eut-media\"><a href=\"https:\/\/www.tauli.cat\/institut\/plataformes-i-serveis\/unitat-de-projectes\/\" target=\"_self\"><img width=\"64\" height=\"64\" src=\"https:\/\/www.tauli.cat\/institut\/wp-content\/uploads\/2020\/06\/proyecto.png\" class=\"attachment-full size-full\" alt=\"\" decoding=\"async\" loading=\"lazy\" \/><\/a><\/div>  <div class=\"eut-box-content\">    <a href=\"https:\/\/www.tauli.cat\/institut\/plataformes-i-serveis\/unitat-de-projectes\/\" target=\"_self\"><h4 class=\"eut-box-title\">Unitat de Projectes<\/h4>    <\/a>    <p><\/p>  <\/div><\/div><div class=\"eut-element eut-box eut-align-center box-link\" style=\"\"><div class=\"eut-media\"><a href=\"https:\/\/www.tauli.cat\/institut\/plataformes-i-serveis\/produccio-cientifica\/\" target=\"_self\"><img width=\"512\" height=\"512\" src=\"https:\/\/www.tauli.cat\/institut\/wp-content\/uploads\/2020\/04\/biblioteca.png\" class=\"attachment-full size-full\" alt=\"\" decoding=\"async\" loading=\"lazy\" srcset=\"https:\/\/www.tauli.cat\/institut\/wp-content\/uploads\/2020\/04\/biblioteca.png 512w, https:\/\/www.tauli.cat\/institut\/wp-content\/uploads\/2020\/04\/biblioteca-300x300.png 300w, https:\/\/www.tauli.cat\/institut\/wp-content\/uploads\/2020\/04\/biblioteca-150x150.png 150w, https:\/\/www.tauli.cat\/institut\/wp-content\/uploads\/2020\/04\/biblioteca-100x100.png 100w\" sizes=\"(max-width: 512px) 100vw, 512px\" \/><\/a><\/div>  <div class=\"eut-box-content\">    <a href=\"https:\/\/www.tauli.cat\/institut\/plataformes-i-serveis\/produccio-cientifica\/\" target=\"_self\"><h4 class=\"eut-box-title\">Unitat de Producci\u00f3 Cient\u00edfica i Ci\u00e8ncia Oberta<\/h4>    <\/a>    <p><\/p>  <\/div><\/div><div class=\"eut-element eut-box eut-align-center box-link\" style=\"\"><div class=\"eut-media\"><a href=\"https:\/\/www.tauli.cat\/institut\/plataformes-i-serveis\/unitat-administracio\/\" target=\"_self\"><img width=\"64\" height=\"64\" src=\"https:\/\/www.tauli.cat\/institut\/wp-content\/uploads\/2020\/06\/presupuesto.png\" class=\"attachment-full size-full\" alt=\"\" decoding=\"async\" loading=\"lazy\" \/><\/a><\/div>  <div class=\"eut-box-content\">    <a href=\"https:\/\/www.tauli.cat\/institut\/plataformes-i-serveis\/unitat-administracio\/\" target=\"_self\"><h4 class=\"eut-box-title\">Unitat d'Administraci\u00f3<\/h4>    <\/a>    <p><\/p>  <\/div><\/div><div class=\"eut-element eut-box eut-align-center box-link\" style=\"\"><div class=\"eut-media\"><a href=\"https:\/\/www.tauli.cat\/institut\/plataformes-i-serveis\/unitat-de-suport-a-la-recerca\/\" target=\"_self\"><img width=\"256\" height=\"256\" src=\"https:\/\/www.tauli.cat\/institut\/wp-content\/uploads\/2026\/02\/investigar.png\" class=\"attachment-full size-full\" alt=\"\" decoding=\"async\" loading=\"lazy\" srcset=\"https:\/\/www.tauli.cat\/institut\/wp-content\/uploads\/2026\/02\/investigar.png 256w, https:\/\/www.tauli.cat\/institut\/wp-content\/uploads\/2026\/02\/investigar-150x150.png 150w\" sizes=\"(max-width: 256px) 100vw, 256px\" \/><\/a><\/div>  <div class=\"eut-box-content\">    <a href=\"https:\/\/www.tauli.cat\/institut\/plataformes-i-serveis\/unitat-de-suport-a-la-recerca\/\" target=\"_self\"><h4 class=\"eut-box-title\">Unitat de Suport a la Recerca<\/h4>    <\/a>    <p><\/p>  <\/div><\/div><div class=\"eut-element eut-box eut-align-center box-link\" style=\"\"><div class=\"eut-media\"><a href=\"https:\/\/www.tauli.cat\/institut\/plataformes-i-serveis\/unitat-juridica\/\" target=\"_self\"><img width=\"256\" height=\"256\" src=\"https:\/\/www.tauli.cat\/institut\/wp-content\/uploads\/2026\/02\/juridico-1.png\" class=\"attachment-full size-full\" alt=\"\" decoding=\"async\" loading=\"lazy\" srcset=\"https:\/\/www.tauli.cat\/institut\/wp-content\/uploads\/2026\/02\/juridico-1.png 256w, https:\/\/www.tauli.cat\/institut\/wp-content\/uploads\/2026\/02\/juridico-1-150x150.png 150w\" sizes=\"(max-width: 256px) 100vw, 256px\" \/><\/a><\/div>  <div class=\"eut-box-content\">    <a href=\"https:\/\/www.tauli.cat\/institut\/plataformes-i-serveis\/unitat-juridica\/\" target=\"_self\"><h4 class=\"eut-box-title\">Unitat Jur\u00eddica<\/h4>    <\/a>    <p><\/p>  <\/div><\/div><div class=\"eut-element eut-box eut-align-center box-link\" style=\"\"><div class=\"eut-media\"><a href=\"https:\/\/www.tauli.cat\/institut\/plataformes-i-serveis\/unitat-de-comunicacio\/\" target=\"_self\"><img width=\"256\" height=\"256\" src=\"https:\/\/www.tauli.cat\/institut\/wp-content\/uploads\/2026\/02\/digital-marketing.png\" class=\"attachment-full size-full\" alt=\"\" decoding=\"async\" loading=\"lazy\" srcset=\"https:\/\/www.tauli.cat\/institut\/wp-content\/uploads\/2026\/02\/digital-marketing.png 256w, https:\/\/www.tauli.cat\/institut\/wp-content\/uploads\/2026\/02\/digital-marketing-150x150.png 150w\" sizes=\"(max-width: 256px) 100vw, 256px\" \/><\/a><\/div>  <div class=\"eut-box-content\">    <a href=\"https:\/\/www.tauli.cat\/institut\/plataformes-i-serveis\/unitat-de-comunicacio\/\" target=\"_self\"><h4 class=\"eut-box-title\">Unitat de Comunicaci\u00f3<\/h4>    <\/a>    <p><\/p>  <\/div><\/div><div class=\"eut-element eut-box eut-align-center box-link\" style=\"\"><div class=\"eut-media\"><a href=\"https:\/\/www.tauli.cat\/institut\/plataformes-i-serveis\/unitat-de-gestio-del-coneixement\/\" target=\"_self\"><img width=\"256\" height=\"256\" src=\"https:\/\/www.tauli.cat\/institut\/wp-content\/uploads\/2026\/02\/gestion-de-proyectos.png\" class=\"attachment-full size-full\" alt=\"\" decoding=\"async\" loading=\"lazy\" srcset=\"https:\/\/www.tauli.cat\/institut\/wp-content\/uploads\/2026\/02\/gestion-de-proyectos.png 256w, https:\/\/www.tauli.cat\/institut\/wp-content\/uploads\/2026\/02\/gestion-de-proyectos-150x150.png 150w\" sizes=\"(max-width: 256px) 100vw, 256px\" \/><\/a><\/div>  <div class=\"eut-box-content\">    <a href=\"https:\/\/www.tauli.cat\/institut\/plataformes-i-serveis\/unitat-de-gestio-del-coneixement\/\" target=\"_self\"><h4 class=\"eut-box-title\">Unitat de Gesti\u00f3 del Coneixement<\/h4>    <\/a>    <p><\/p>  <\/div><\/div>[\/vc_column_inner][\/vc_row_inner][\/vc_tta_section][vc_tta_section title=&#8221;Sala de premsa&#8221; tab_id=&#8221;sala-premsa&#8221;][vc_row_inner el_class=&#8221;flex-media-box&#8221;][vc_column_inner]<div class=\"eut-element eut-box eut-align-center box-link\" style=\"\"><div class=\"eut-media\"><a href=\"https:\/\/www.tauli.cat\/institut\/sala-de-premsa\/\" target=\"_self\"><img width=\"512\" height=\"512\" src=\"https:\/\/www.tauli.cat\/institut\/wp-content\/uploads\/2023\/08\/Imagen1.png\" class=\"attachment-full size-full\" alt=\"\" decoding=\"async\" loading=\"lazy\" srcset=\"https:\/\/www.tauli.cat\/institut\/wp-content\/uploads\/2023\/08\/Imagen1.png 512w, https:\/\/www.tauli.cat\/institut\/wp-content\/uploads\/2023\/08\/Imagen1-300x300.png 300w, https:\/\/www.tauli.cat\/institut\/wp-content\/uploads\/2023\/08\/Imagen1-150x150.png 150w\" sizes=\"(max-width: 512px) 100vw, 512px\" \/><\/a><\/div>  <div class=\"eut-box-content\">    <a href=\"https:\/\/www.tauli.cat\/institut\/sala-de-premsa\/\" target=\"_self\"><h4 class=\"eut-box-title\">Sala de premsa<\/h4>    <\/a>    <p><\/p>  <\/div><\/div>[\/vc_column_inner][\/vc_row_inner][\/vc_tta_section][\/vc_tta_tour][\/vc_column][\/vc_row]\n<\/div>","protected":false},"excerpt":{"rendered":"<p>[vc_row][vc_column][vc_tta_tour][vc_tta_section title=&#8221;Serveis cientificot\u00e8cnics i Biobanc&#8221; tab_id=&#8221;cientificotecnics-biobanc&#8221;][vc_row_inner el_class=&#8221;flex-media-box&#8221;][vc_column_inner][\/vc_column_inner][\/vc_row_inner][\/vc_tta_section][vc_tta_section title=&#8221;Laboratoris tecnol\u00f2gics&#8221; tab_id=&#8221;laboratoris-tecnologics&#8221;][vc_row_inner el_class=&#8221;flex-media-box&#8221;][vc_column_inner][\/vc_column_inner][\/vc_row_inner][\/vc_tta_section][vc_tta_section title=&#8221;Unitats de suport&#8221; tab_id=&#8221;suport&#8221;][vc_row_inner el_class=&#8221;flex-media-box&#8221;][vc_column_inner][\/vc_column_inner][\/vc_row_inner][\/vc_tta_section][vc_tta_section title=&#8221;Sala de premsa&#8221; tab_id=&#8221;sala-premsa&#8221;][vc_row_inner el_class=&#8221;flex-media-box&#8221;][vc_column_inner][\/vc_column_inner][\/vc_row_inner][\/vc_tta_section][\/vc_tta_tour][\/vc_column][\/vc_row]<\/p>\n","protected":false},"author":1,"featured_media":0,"parent":0,"menu_order":0,"comment_status":"closed","ping_status":"closed","template":"","meta":[],"_links":{"self":[{"href":"https:\/\/www.tauli.cat\/institut\/wp-json\/wp\/v2\/pages\/2289"}],"collection":[{"href":"https:\/\/www.tauli.cat\/institut\/wp-json\/wp\/v2\/pages"}],"about":[{"href":"https:\/\/www.tauli.cat\/institut\/wp-json\/wp\/v2\/types\/page"}],"author":[{"embeddable":true,"href":"https:\/\/www.tauli.cat\/institut\/wp-json\/wp\/v2\/users\/1"}],"replies":[{"embeddable":true,"href":"https:\/\/www.tauli.cat\/institut\/wp-json\/wp\/v2\/comments?post=2289"}],"version-history":[{"count":53,"href":"https:\/\/www.tauli.cat\/institut\/wp-json\/wp\/v2\/pages\/2289\/revisions"}],"predecessor-version":[{"id":22086,"href":"https:\/\/www.tauli.cat\/institut\/wp-json\/wp\/v2\/pages\/2289\/revisions\/22086"}],"wp:attachment":[{"href":"https:\/\/www.tauli.cat\/institut\/wp-json\/wp\/v2\/media?parent=2289"}],"curies":[{"name":"wp","href":"https:\/\/api.w.org\/{rel}","templated":true}]}}