{"id":2816,"date":"2020-05-27T08:55:17","date_gmt":"2020-05-27T06:55:17","guid":{"rendered":"http:\/\/www.tauli.cat\/institut\/?page_id=2816"},"modified":"2025-10-22T14:12:06","modified_gmt":"2025-10-22T12:12:06","slug":"i3pt-en-xifres","status":"publish","type":"page","link":"https:\/\/www.tauli.cat\/institut\/presentacio\/i3pt-en-xifres\/","title":{"rendered":"I3PT en xifres"},"content":{"rendered":"<div class=\"wpb-content-wrapper\">[vc_row margin_bottom=&#8221;0&#8243;][vc_column][vc_column_text css=&#8221;&#8221;]\n<h2>Projectes (2024)<\/h2>\n[\/vc_column_text][\/vc_column][\/vc_row][vc_row][vc_column width=&#8221;1\/4&#8243; tablet_sm_width=&#8221;1-2&#8243;]<div class=\"eut-element eut-counter eut-align-center\" style=\"\">  <div class=\"eut-counter-icon\">  <i class=\" eut-color-grey eut-medium\"><\/i>  <\/div>  <div class=\"eut-counter-content\">    <div class=\"eut-counter-item eut-color-primary-1 eut-medium\">      <span data-thousands-separator-vis=\"yes\" data-thousands-separator=\",\" data-prefix=\"\" data-suffix=\"\" data-start-val=\"0\" data-end-val=\"34\" data-decimal-points=\"0\" data-decimal-separator=\".\">0<\/span>    <\/div>\t<h3 class=\"eut-counter-title\">COMPETITIUS APROVATS<\/h3>  <\/div><\/div>[\/vc_column][vc_column width=&#8221;1\/4&#8243; tablet_sm_width=&#8221;1-2&#8243;]<div class=\"eut-element eut-counter eut-align-center\" style=\"\">  <div class=\"eut-counter-icon\">  <i class=\" eut-color-grey eut-medium\"><\/i>  <\/div>  <div class=\"eut-counter-content\">    <div class=\"eut-counter-item eut-color-primary-1 eut-medium\">      <span data-thousands-separator-vis=\"yes\" data-thousands-separator=\",\" data-prefix=\"\" data-suffix=\"\" data-start-val=\"0\" data-end-val=\"354\" data-decimal-points=\"0\" data-decimal-separator=\".\">0<\/span>    <\/div>\t<h3 class=\"eut-counter-title\">PRESENTATS AL CEIm<\/h3>  <\/div><\/div>[\/vc_column][vc_column width=&#8221;1\/4&#8243; tablet_sm_width=&#8221;1-2&#8243;]<div class=\"eut-element eut-counter eut-align-center\" style=\"\">  <div class=\"eut-counter-icon\">  <i class=\" eut-color-grey eut-medium\"><\/i>  <\/div>  <div class=\"eut-counter-content\">    <div class=\"eut-counter-item eut-color-primary-1 eut-medium\">      <span data-thousands-separator-vis=\"yes\" data-thousands-separator=\",\" data-prefix=\"\" data-suffix=\"\" data-start-val=\"0\" data-end-val=\"27\" data-decimal-points=\"0\" data-decimal-separator=\".\">0<\/span>    <\/div>\t<h3 class=\"eut-counter-title\">NOVES IDEES<\/h3>  <\/div><\/div>[\/vc_column][vc_column width=&#8221;1\/4&#8243; tablet_sm_width=&#8221;1-2&#8243;]<div class=\"eut-element eut-counter eut-align-center\" style=\"\">  <div class=\"eut-counter-icon\">  <i class=\" eut-color-grey eut-medium\"><\/i>  <\/div>  <div class=\"eut-counter-content\">    <div class=\"eut-counter-item eut-color-primary-1 eut-medium\">      <span data-thousands-separator-vis=\"yes\" data-thousands-separator=\",\" data-prefix=\"\" data-suffix=\"\" data-start-val=\"0\" data-end-val=\"143\" data-decimal-points=\"0\" data-decimal-separator=\".\">0<\/span>    <\/div>\t<h3 class=\"eut-counter-title\">EN CARTERA D'INNOVACI\u00d3<\/h3>  <\/div><\/div>[\/vc_column][\/vc_row][vc_row tablet_portrait_equal_columns=&#8221;inherit&#8221; margin_bottom=&#8221;90px&#8221;][vc_column width=&#8221;1\/2&#8243;][vc_line_chart style=&#8221;custom&#8221; x_values=&#8221;2016;2017;2018;2019;2020;2021;2022;2023;2024&#8243; values=&#8221;%5B%7B%22title%22%3A%22Nacionals%22%2C%22y_values%22%3A%2218%3B29%3B43%3B30%3B42%3B21%3B22%3B34%3B29%22%2C%22color%22%3A%22purple%22%2C%22custom_color%22%3A%22%239c4266%22%7D%2C%7B%22title%22%3A%22Internacionals%22%2C%22y_values%22%3A%222%3B0%3B2%3B4%3B4%3B2%3B2%3B4%3B5%22%2C%22color%22%3A%22purple%22%2C%22custom_color%22%3A%22%23faac10%22%7D%5D&#8221; css=&#8221;&#8221; title=&#8221;Projectes competitius aprovats&#8221;][\/vc_column][vc_column width=&#8221;1\/2&#8243;][\/vc_column][\/vc_row][vc_row tablet_portrait_equal_columns=&#8221;inherit&#8221; margin_bottom=&#8221;90px&#8221;][vc_column width=&#8221;1\/2&#8243;][vc_line_chart style=&#8221;custom&#8221; x_values=&#8221;2016;2017;2018;2019;2020;2021;2022;2023;2024&#8243; values=&#8221;%5B%7B%22title%22%3A%22Total%22%2C%22y_values%22%3A%22263%3B267%3B257%3B297%3B388%3B374%3B366%3B358%3B354%22%2C%22color%22%3A%22purple%22%2C%22custom_color%22%3A%22%239c4266%22%7D%5D&#8221; css=&#8221;&#8221; title=&#8221;Projectes avaluats pel CEIm&#8221;][\/vc_column][vc_column width=&#8221;1\/2&#8243;][vc_round_chart type=&#8221;doughnut&#8221; stroke_width=&#8221;2&#8243; legend_position=&#8221;top&#8221; values=&#8221;%5B%7B%22title%22%3A%22Assaigs%20cl%C3%ADnics%20amb%20medicament%22%2C%22value%22%3A%2271%22%2C%22color%22%3A%22turquoise%22%7D%2C%7B%22title%22%3A%22Assaigs%20cl%C3%ADnics%20amb%20producte%20sanitari%22%2C%22value%22%3A%2213%22%2C%22color%22%3A%22chino%22%7D%2C%7B%22title%22%3A%22Assaigs%20cl%C3%ADnics%20sense%20medicaments%20ni%20producte%20sanitari%22%2C%22value%22%3A%2228%22%2C%22color%22%3A%22orange%22%7D%2C%7B%22title%22%3A%22Estudis%20observacionals%22%2C%22value%22%3A%22116%22%2C%22color%22%3A%22vista-blue%22%2C%22custom_color%22%3A%22%2358b9da%22%7D%5D&#8221; css=&#8221;&#8221; title=&#8221;Tipus d&#8217;estudi&#8221;][\/vc_column][\/vc_row][vc_row][vc_column][vc_column_text]\n<h2>Producci\u00f3 cient\u00edfica<\/h2>\n[\/vc_column_text][vc_row_inner][vc_column_inner width=&#8221;2\/3&#8243;][vc_line_chart x_values=&#8221;2006;2007;2008;2009;2010;2011;2012;2013;2014;2015;2016;2017;2018;2019;2020;2021;2022;2023;2024&#8243; values=&#8221;%5B%7B%22title%22%3A%22En%20revistes%20no%20classificades%20a%20JCR%22%2C%22y_values%22%3A%2258%3B44%3B73%3B58%3B47%3B59%3B48%3B47%3B48%3B62%3B53%3B75%3B37%3B39%3B75%3B52%3B68%3B31%3B%2022%22%2C%22color%22%3A%22chino%22%7D%2C%7B%22title%22%3A%22En%20revistes%20classificades%20a%20JCR%22%2C%22y_values%22%3A%22110%3B101%3B115%3B119%3B152%3B191%3B245%3B243%3B306%3B316%3B325%3B328%3B386%3B421%3B412%3B459%3B445%3B426%3B%20447%22%2C%22color%22%3A%22orange%22%7D%5D&#8221; css=&#8221;&#8221; title=&#8221;Articles publicats&#8221;][\/vc_column_inner][vc_column_inner width=&#8221;1\/3&#8243;][\/vc_column_inner][\/vc_row_inner][vc_row_inner][vc_column_inner width=&#8221;1\/4&#8243;][vc_round_chart stroke_width=&#8221;2&#8243; values=&#8221;%5B%7B%22title%22%3A%22Q1%22%2C%22value%22%3A%22265%22%2C%22color%22%3A%22sandy-brown%22%7D%2C%7B%22title%22%3A%22Q2%22%2C%22value%22%3A%22112%22%2C%22color%22%3A%22orange%22%7D%2C%7B%22title%22%3A%22Q3%22%2C%22value%22%3A%2245%22%2C%22color%22%3A%22chino%22%7D%2C%7B%22title%22%3A%22Q4%22%2C%22value%22%3A%2220%22%2C%22color%22%3A%22grey%22%7D%5D&#8221; css=&#8221;&#8221; title=&#8221;Articles per quartils 2024&#8243;][\/vc_column_inner][vc_column_inner width=&#8221;1\/4&#8243;][vc_round_chart stroke_width=&#8221;2&#8243; values=&#8221;%5B%7B%22title%22%3A%22Q1%22%2C%22value%22%3A%22255%22%2C%22color%22%3A%22sandy-brown%22%7D%2C%7B%22title%22%3A%22Q2%22%2C%22value%22%3A%2291%22%2C%22color%22%3A%22orange%22%7D%2C%7B%22title%22%3A%22Q3%22%2C%22value%22%3A%2267%22%2C%22color%22%3A%22chino%22%7D%2C%7B%22title%22%3A%22Q4%22%2C%22value%22%3A%2213%22%2C%22color%22%3A%22grey%22%7D%5D&#8221; title=&#8221;Articles per quartils 2023&#8243;][\/vc_column_inner][vc_column_inner width=&#8221;1\/4&#8243;][vc_round_chart stroke_width=&#8221;2&#8243; values=&#8221;%5B%7B%22title%22%3A%22Q1%22%2C%22value%22%3A%22212%22%2C%22color%22%3A%22sandy-brown%22%7D%2C%7B%22title%22%3A%22Q2%22%2C%22value%22%3A%22123%22%2C%22color%22%3A%22orange%22%7D%2C%7B%22title%22%3A%22Q3%22%2C%22value%22%3A%2270%22%2C%22color%22%3A%22chino%22%7D%2C%7B%22title%22%3A%22Q4%22%2C%22value%22%3A%2240%22%2C%22color%22%3A%22grey%22%7D%5D&#8221; title=&#8221;Articles per quartils 2022&#8243;][\/vc_column_inner][vc_column_inner width=&#8221;1\/4&#8243;][vc_round_chart stroke_width=&#8221;2&#8243; values=&#8221;%5B%7B%22title%22%3A%22Q1%22%2C%22value%22%3A%22204%22%2C%22color%22%3A%22sandy-brown%22%7D%2C%7B%22title%22%3A%22Q2%22%2C%22value%22%3A%22138%22%2C%22color%22%3A%22orange%22%7D%2C%7B%22title%22%3A%22Q3%22%2C%22value%22%3A%2282%22%2C%22color%22%3A%22chino%22%7D%2C%7B%22title%22%3A%22Q4%22%2C%22value%22%3A%2235%22%2C%22color%22%3A%22grey%22%7D%5D&#8221; title=&#8221;Articles per quartils 2021&#8243;][\/vc_column_inner][\/vc_row_inner][vc_row_inner][vc_column_inner width=&#8221;1\/4&#8243;][vc_round_chart stroke_width=&#8221;2&#8243; values=&#8221;%5B%7B%22title%22%3A%22Q1%22%2C%22value%22%3A%22186%22%2C%22color%22%3A%22sandy-brown%22%7D%2C%7B%22title%22%3A%22Q2%22%2C%22value%22%3A%2297%22%2C%22color%22%3A%22orange%22%7D%2C%7B%22title%22%3A%22Q3%22%2C%22value%22%3A%2288%22%2C%22color%22%3A%22chino%22%7D%2C%7B%22title%22%3A%22Q4%22%2C%22value%22%3A%2240%22%2C%22color%22%3A%22grey%22%7D%5D&#8221; title=&#8221;Articles per quartils 2020&#8243;][\/vc_column_inner][vc_column_inner width=&#8221;1\/4&#8243;][\/vc_column_inner][vc_column_inner width=&#8221;1\/4&#8243;][\/vc_column_inner][vc_column_inner width=&#8221;1\/4&#8243;][\/vc_column_inner][\/vc_row_inner][\/vc_column][\/vc_row][vc_row][vc_column][vc_column_text css=&#8221;&#8221;]\n<h2>Gesti\u00f3 econ\u00f2mica (2024)<\/h2>\n[\/vc_column_text][\/vc_column][\/vc_row][vc_row][vc_column width=&#8221;1\/2&#8243;][vc_round_chart type=&#8221;doughnut&#8221; style=&#8221;custom&#8221; stroke_width=&#8221;2&#8243; values=&#8221;%5B%7B%22title%22%3A%22%E2%82%AC%20estructura%20overheads%22%2C%22value%22%3A%222622851%22%2C%22color%22%3A%22blue%22%2C%22custom_color%22%3A%22%239c4266%22%7D%2C%7B%22title%22%3A%22%E2%82%AC%20estructura%20altres%22%2C%22value%22%3A%221255737%22%2C%22color%22%3A%22blue%22%2C%22custom_color%22%3A%22%23c4738e%22%7D%2C%7B%22title%22%3A%22%E2%82%AC%20privats%20per%20projectes%22%2C%22value%22%3A%222096213%22%2C%22color%22%3A%22pink%22%2C%22custom_color%22%3A%22%23faac10%22%7D%2C%7B%22title%22%3A%22%E2%82%AC%20publics%20per%20projectes%22%2C%22value%22%3A%222374711%22%2C%22color%22%3A%22pink%22%2C%22custom_color%22%3A%22%23edd397%22%7D%5D&#8221; css=&#8221;&#8221; title=&#8221;Pressupost&#8221;][\/vc_column][vc_column width=&#8221;1\/2&#8243;]<div class=\"eut-element eut-counter eut-align-center\" style=\"\">  <div class=\"eut-counter-icon\">  <i class=\" eut-color-grey eut-medium\"><\/i>  <\/div>  <div class=\"eut-counter-content\">    <div class=\"eut-counter-item eut-color-primary-1 eut-medium\">      <span data-thousands-separator-vis=\"\" data-thousands-separator=\".\" data-prefix=\"\" data-suffix=\"M\" data-start-val=\"0\" data-end-val=\"2.80\" data-decimal-points=\"1\" data-decimal-separator=\",\">0<\/span>    <\/div>\t<h3 class=\"eut-counter-title\">GESTIONATS DE CONVOCAT\u00d2RIES COMPETITIVES<\/h3>  <\/div><\/div>[\/vc_column][\/vc_row][vc_row][vc_column][vc_column_text css=&#8221;&#8221;]\n<h2>Equip professional (2024)<\/h2>\n[\/vc_column_text][\/vc_column][\/vc_row][vc_row middle_content=&#8221;yes&#8221; tablet_portrait_equal_columns=&#8221;inherit&#8221;][vc_column width=&#8221;1\/4&#8243; tablet_sm_width=&#8221;1-2&#8243;][vc_round_chart style=&#8221;custom&#8221; stroke_width=&#8221;2&#8243; values=&#8221;%5B%7B%22title%22%3A%22Dones%22%2C%22value%22%3A%22331%22%2C%22color%22%3A%22blue%22%2C%22custom_color%22%3A%22%239c4266%22%7D%2C%7B%22title%22%3A%22Homes%22%2C%22value%22%3A%22177%22%2C%22color%22%3A%22pink%22%2C%22custom_color%22%3A%22%23faac10%22%7D%5D&#8221; animation=&#8221;easeOutElastic&#8221; css=&#8221;&#8221; el_class=&#8221;professionals&#8221;][\/vc_column][vc_column width=&#8221;1\/4&#8243; tablet_sm_width=&#8221;1-2&#8243;]<div class=\"eut-element eut-counter eut-align-center\" style=\"\">  <div class=\"eut-counter-content\">    <div class=\"eut-counter-item eut-color-primary-1 eut-medium\">      <span data-thousands-separator-vis=\"yes\" data-thousands-separator=\",\" data-prefix=\"\" data-suffix=\"\" data-start-val=\"0\" data-end-val=\"174\" data-decimal-points=\"0\" data-decimal-separator=\".\">0<\/span>    <\/div>\t<h3 class=\"eut-counter-title\">PERSONAL INVESTIGADOR DOCTORATS<\/h3>  <\/div><\/div>[\/vc_column][vc_column width=&#8221;1\/4&#8243; tablet_sm_width=&#8221;1-2&#8243;]<div class=\"eut-element eut-counter eut-align-center\" style=\"\">  <div class=\"eut-counter-content\">    <div class=\"eut-counter-item eut-color-primary-1 eut-medium\">      <span data-thousands-separator-vis=\"yes\" data-thousands-separator=\",\" data-prefix=\"\" data-suffix=\"\" data-start-val=\"0\" data-end-val=\"71\" data-decimal-points=\"0\" data-decimal-separator=\".\">0<\/span>    <\/div>\t<h3 class=\"eut-counter-title\">PERSONAL INVESTIGADOR PREDOCTORAL<\/h3>  <\/div><\/div>[\/vc_column][vc_column width=&#8221;1\/4&#8243;]<div class=\"eut-element eut-counter eut-align-center\" style=\"\">  <div class=\"eut-counter-content\">    <div class=\"eut-counter-item eut-color-primary-1 eut-medium\">      <span data-thousands-separator-vis=\"yes\" data-thousands-separator=\",\" data-prefix=\"\" data-suffix=\"\" data-start-val=\"0\" data-end-val=\"155\" data-decimal-points=\"0\" data-decimal-separator=\".\">0<\/span>    <\/div>\t<h3 class=\"eut-counter-title\">PERSONAL INVESTIGADOR NO DOCTOR<\/h3>  <\/div><\/div>[\/vc_column][\/vc_row][vc_row middle_content=&#8221;yes&#8221;][vc_column width=&#8221;1\/3&#8243; tablet_sm_width=&#8221;1-2&#8243;]<div class=\"eut-element eut-counter eut-align-center\" style=\"\">  <div class=\"eut-counter-content\">    <div class=\"eut-counter-item eut-color-primary-1 eut-medium\">      <span data-thousands-separator-vis=\"yes\" data-thousands-separator=\",\" data-prefix=\"\" data-suffix=\"\" data-start-val=\"0\" data-end-val=\"41\" data-decimal-points=\"0\" data-decimal-separator=\".\">0<\/span>    <\/div>\t<h3 class=\"eut-counter-title\">PERSONAL D'ADMINISTRACI\u00d3 I GER\u00c8NCIA<\/h3>  <\/div><\/div>[\/vc_column][vc_column width=&#8221;1\/3&#8243; tablet_sm_width=&#8221;1-2&#8243;]<div class=\"eut-element eut-counter eut-align-center\" style=\"\">  <div class=\"eut-counter-content\">    <div class=\"eut-counter-item eut-color-primary-1 eut-medium\">      <span data-thousands-separator-vis=\"yes\" data-thousands-separator=\",\" data-prefix=\"\" data-suffix=\"\" data-start-val=\"0\" data-end-val=\"39\" data-decimal-points=\"0\" data-decimal-separator=\".\">0<\/span>    <\/div>\t<h3 class=\"eut-counter-title\">PERSONAL DE SUPORT A LA RECERCA<\/h3>  <\/div><\/div>[\/vc_column][vc_column width=&#8221;1\/3&#8243; tablet_sm_width=&#8221;1-2&#8243;]<div class=\"eut-element eut-counter eut-align-center\" style=\"\">  <div class=\"eut-counter-content\">    <div class=\"eut-counter-item eut-color-primary-1 eut-medium\">      <span data-thousands-separator-vis=\"yes\" data-thousands-separator=\",\" data-prefix=\"\" data-suffix=\"\" data-start-val=\"0\" data-end-val=\"43\" data-decimal-points=\"0\" data-decimal-separator=\".\">0<\/span>    <\/div>\t<h3 class=\"eut-counter-title\">PERSONAL INFERMERIA<\/h3>  <\/div><\/div>[\/vc_column][\/vc_row][vc_row el_class=&#8221;custom-top-tabs-content&#8221;][vc_column][vc_tta_tour][vc_tta_section title=&#8221;Com fer la cerca de bibliografia?&#8221; tab_id=&#8221;com-fer-cerca-bibliografia5f83-bd79&#8243;][vc_column_text]A l\u2019hora de comen\u00e7ar a investigar \u00e9s important saber escollir aquelles fonts d\u2019informaci\u00f3 que s\u00f3n de qualitat (d\u2019impacte, originals, fiables&#8230;). Des de la Biblioteca del CCSPT recomanem <strong>realitzar les cerques bibliogr\u00e0fiques a les principals bases de dades cient\u00edfiques <\/strong>(PubMed i Web of Science), aix\u00ed com als <strong>nostres recursos exclusius<\/strong> (cat\u00e0leg, Clinical Key i Medline Complete, entre d\u2019altres).<\/p>\n<h4>Guies i manuals d\u2019\u00fas<\/h4>\n<ul>\n<li class=\"icon-list link\"><a href=\"https:\/\/www.ncbi.nlm.nih.gov\/home\/tutorials\/\" target=\"_blank\" rel=\"noopener noreferrer\">Tutorials Pubmed<\/a><\/li>\n<li class=\"icon-list link\"><a href=\"https:\/\/www.elsevier.com\/__data\/assets\/pdf_file\/0010\/880192\/UserGuide-Espanol.pdf\" target=\"_blank\" rel=\"noopener noreferrer\">Guia de usuario Clinical Key<\/a><\/li>\n<li class=\"icon-list link\"><a href=\"es_medline_complete_tutorial.ppt\" target=\"_blank\" rel=\"noopener noreferrer\">Tutorial Medline Complete<\/a><\/li>\n<\/ul>\n<p>A banda de totes aquestes guies i manuals, cada prove\u00efdor de revistes i bases de dades cient\u00edfiques posen a la nostra disposici\u00f3 formadors professionals per a dur a terme sessions presencials sobre \u00fas i funcionalitats de cadascuna d\u2019elles.[\/vc_column_text][\/vc_tta_section][vc_tta_section title=&#8221;On i com publicar?&#8221; tab_id=&#8221;on-i-com-publicar5f83-bd79&#8243;][vc_column_text]Des de la Biblioteca s\u2019ofereix assessorament a l\u2019hora d\u2019escollir la revista on publicar. Els principals criteris a seguir, s\u00f3n:<\/p>\n<ul>\n<li>Factor d\u2019impacte.<\/li>\n<li>Quartil.<\/li>\n<li>Periodicitat.<\/li>\n<li>N\u00famero d&#8217;articles per any.<\/li>\n<li>% de rebuig.<\/li>\n<li>Tem\u00e0tica.<\/li>\n<li>Tipus de lector.<\/li>\n<\/ul>\n<p>Tamb\u00e9 cal contemplar les normatives de cada revista, les quals parlen d\u2019extensi\u00f3, ordre de les seccions, paginaci\u00f3 i bibliografia. Tanmateix, es recomana, sempre que es pugui, publicar en revistes amb factor d\u2019impacte, idealment de Quartil 1.<\/p>\n<p>La Direcci\u00f3 de Recerca i Innovaci\u00f3 del Parc Taul\u00ed disposa d&#8217;una <strong>normativa de filiaci\u00f3 institucional<\/strong> per tal d\u2019identificar, de manera homog\u00e8nia, totes les publicacions cient\u00edfiques generades des de qualsevol \u00e0mbit del Parc Taul\u00ed.[\/vc_column_text][\/vc_tta_section][vc_tta_section title=&#8221;Impacte de la recerca de l&#8217;I3PT&#8221; tab_id=&#8221;impacte-recerca-i3pt5f83-bd79&#8243;][vc_column_text]\n<h3>Articles publicats i factor d&#8217;impacte<\/h3>\n[\/vc_column_text][vc_column_text]\n<h3>Sectors Quartils<\/h3>\n[\/vc_column_text][\/vc_tta_section][vc_tta_section title=&#8221;Cites i bibliografia&#8221; tab_id=&#8221;cites-i-bibliografia5f83-bd79&#8243;][vc_column_text]Per saber com citar tots aquells recursos que s\u2019han consultat i quins criteris hem de seguir a l\u2019hora d\u2019elaborar la bibliografia, es pot consultar el seg\u00fcent article:<\/p>\n<ul>\n<li class=\"icon-list link\"><a href=\"http:\/\/guides.library.uwa.edu.au\/c.php?g=324981&amp;p=2177753\" target=\"_blank\" rel=\"noopener noreferrer\">Com citar i fer bibliografia, segons Vancouver. The University of Western Australia.<\/a><\/li>\n<\/ul>\n<p>Tanmateix, hi ha eines que faciliten tota aquesta tasca de gesti\u00f3 de refer\u00e8ncies, com el gestor bibliogr\u00e0fic Mendeley:<\/p>\n<ul>\n<li class=\"icon-list link\"><a href=\"https:\/\/www.mendeley.com\/\" target=\"_blank\" rel=\"noopener noreferrer\">Gestor bibliogr\u00e0fic Mendeley<\/a><\/li>\n<\/ul>\n<p>En el seg\u00fcent v\u00eddeo de BibliotecasUNED, s&#8217;explica com inserir cites i refer\u00e8ncies en un treball acad\u00e8mic emprant aquest gestor:[\/vc_column_text]<div class=\"eut-element eut-video\" style=\"\"><div class=\"eut-privacy-fallback-content eut-align-center\"><div class=\"eut-privacy-fallback-inner\"><img class=\"eut-privacy-fallback-icon\" src=\"https:\/\/www.tauli.cat\/institut\/wp-content\/themes\/corpus\/images\/privacy\/youtube-icon.png\" alt=\"YouTube\">This content is blocked. Please review your Privacy Preferences.<div class=\"clear\"><\/div><a href=\"#\" class=\"eut-privacy-popup-btn\">Editar privacitat<\/a> \/ <a href=\"https:\/\/youtu.be\/mLkO-aYzvx8\" target=\"_blank\" rel=\"noopener noreferrer\">YouTube<\/a><\/div><\/div><\/div>[\/vc_tta_section][\/vc_tta_tour][\/vc_column][\/vc_row]\n<\/div>","protected":false},"excerpt":{"rendered":"<p>[vc_row margin_bottom=&#8221;0&#8243;][vc_column][vc_column_text css=&#8221;&#8221;] Projectes (2024) [\/vc_column_text][\/vc_column][\/vc_row][vc_row][vc_column width=&#8221;1\/4&#8243; tablet_sm_width=&#8221;1-2&#8243;][\/vc_column][vc_column width=&#8221;1\/4&#8243; tablet_sm_width=&#8221;1-2&#8243;][\/vc_column][vc_column width=&#8221;1\/4&#8243; tablet_sm_width=&#8221;1-2&#8243;][\/vc_column][vc_column width=&#8221;1\/4&#8243; tablet_sm_width=&#8221;1-2&#8243;][\/vc_column][\/vc_row][vc_row tablet_portrait_equal_columns=&#8221;inherit&#8221; margin_bottom=&#8221;90px&#8221;][vc_column width=&#8221;1\/2&#8243;][vc_line_chart style=&#8221;custom&#8221; x_values=&#8221;2016;2017;2018;2019;2020;2021;2022;2023;2024&#8243; values=&#8221;%5B%7B%22title%22%3A%22Nacionals%22%2C%22y_values%22%3A%2218%3B29%3B43%3B30%3B42%3B21%3B22%3B34%3B29%22%2C%22color%22%3A%22purple%22%2C%22custom_color%22%3A%22%239c4266%22%7D%2C%7B%22title%22%3A%22Internacionals%22%2C%22y_values%22%3A%222%3B0%3B2%3B4%3B4%3B2%3B2%3B4%3B5%22%2C%22color%22%3A%22purple%22%2C%22custom_color%22%3A%22%23faac10%22%7D%5D&#8221; css=&#8221;&#8221; title=&#8221;Projectes competitius aprovats&#8221;][\/vc_column][vc_column width=&#8221;1\/2&#8243;][\/vc_column][\/vc_row][vc_row tablet_portrait_equal_columns=&#8221;inherit&#8221; margin_bottom=&#8221;90px&#8221;][vc_column width=&#8221;1\/2&#8243;][vc_line_chart style=&#8221;custom&#8221; x_values=&#8221;2016;2017;2018;2019;2020;2021;2022;2023;2024&#8243; values=&#8221;%5B%7B%22title%22%3A%22Total%22%2C%22y_values%22%3A%22263%3B267%3B257%3B297%3B388%3B374%3B366%3B358%3B354%22%2C%22color%22%3A%22purple%22%2C%22custom_color%22%3A%22%239c4266%22%7D%5D&#8221; css=&#8221;&#8221; title=&#8221;Projectes avaluats pel CEIm&#8221;][\/vc_column][vc_column width=&#8221;1\/2&#8243;][vc_round_chart type=&#8221;doughnut&#8221; stroke_width=&#8221;2&#8243; legend_position=&#8221;top&#8221; values=&#8221;%5B%7B%22title%22%3A%22Assaigs%20cl%C3%ADnics%20amb%20medicament%22%2C%22value%22%3A%2271%22%2C%22color%22%3A%22turquoise%22%7D%2C%7B%22title%22%3A%22Assaigs%20cl%C3%ADnics%20amb%20producte%20sanitari%22%2C%22value%22%3A%2213%22%2C%22color%22%3A%22chino%22%7D%2C%7B%22title%22%3A%22Assaigs%20cl%C3%ADnics%20sense%20medicaments%20ni%20producte%20sanitari%22%2C%22value%22%3A%2228%22%2C%22color%22%3A%22orange%22%7D%2C%7B%22title%22%3A%22Estudis%20observacionals%22%2C%22value%22%3A%22116%22%2C%22color%22%3A%22vista-blue%22%2C%22custom_color%22%3A%22%2358b9da%22%7D%5D&#8221; css=&#8221;&#8221; title=&#8221;Tipus d&#8217;estudi&#8221;][\/vc_column][\/vc_row][vc_row][vc_column][vc_column_text] Producci\u00f3 cient\u00edfica [\/vc_column_text][vc_row_inner][vc_column_inner width=&#8221;2\/3&#8243;][vc_line_chart x_values=&#8221;2006;2007;2008;2009;2010;2011;2012;2013;2014;2015;2016;2017;2018;2019;2020;2021;2022;2023;2024&#8243; values=&#8221;%5B%7B%22title%22%3A%22En%20revistes%20no%20classificades%20a%20JCR%22%2C%22y_values%22%3A%2258%3B44%3B73%3B58%3B47%3B59%3B48%3B47%3B48%3B62%3B53%3B75%3B37%3B39%3B75%3B52%3B68%3B31%3B%2022%22%2C%22color%22%3A%22chino%22%7D%2C%7B%22title%22%3A%22En%20revistes%20classificades%20a%20JCR%22%2C%22y_values%22%3A%22110%3B101%3B115%3B119%3B152%3B191%3B245%3B243%3B306%3B316%3B325%3B328%3B386%3B421%3B412%3B459%3B445%3B426%3B%20447%22%2C%22color%22%3A%22orange%22%7D%5D&#8221; css=&#8221;&#8221; title=&#8221;Articles publicats&#8221;][\/vc_column_inner][vc_column_inner width=&#8221;1\/3&#8243;][\/vc_column_inner][\/vc_row_inner][vc_row_inner][vc_column_inner width=&#8221;1\/4&#8243;][vc_round_chart [&hellip;]<\/p>\n","protected":false},"author":1,"featured_media":0,"parent":2906,"menu_order":0,"comment_status":"closed","ping_status":"closed","template":"","meta":[],"_links":{"self":[{"href":"https:\/\/www.tauli.cat\/institut\/wp-json\/wp\/v2\/pages\/2816"}],"collection":[{"href":"https:\/\/www.tauli.cat\/institut\/wp-json\/wp\/v2\/pages"}],"about":[{"href":"https:\/\/www.tauli.cat\/institut\/wp-json\/wp\/v2\/types\/page"}],"author":[{"embeddable":true,"href":"https:\/\/www.tauli.cat\/institut\/wp-json\/wp\/v2\/users\/1"}],"replies":[{"embeddable":true,"href":"https:\/\/www.tauli.cat\/institut\/wp-json\/wp\/v2\/comments?post=2816"}],"version-history":[{"count":93,"href":"https:\/\/www.tauli.cat\/institut\/wp-json\/wp\/v2\/pages\/2816\/revisions"}],"predecessor-version":[{"id":20738,"href":"https:\/\/www.tauli.cat\/institut\/wp-json\/wp\/v2\/pages\/2816\/revisions\/20738"}],"up":[{"embeddable":true,"href":"https:\/\/www.tauli.cat\/institut\/wp-json\/wp\/v2\/pages\/2906"}],"wp:attachment":[{"href":"https:\/\/www.tauli.cat\/institut\/wp-json\/wp\/v2\/media?parent=2816"}],"curies":[{"name":"wp","href":"https:\/\/api.w.org\/{rel}","templated":true}]}}