{"id":2875,"date":"2020-05-27T11:30:41","date_gmt":"2020-05-27T09:30:41","guid":{"rendered":"http:\/\/www.tauli.cat\/institut\/?page_id=2875"},"modified":"2024-12-16T11:25:14","modified_gmt":"2024-12-16T10:25:14","slug":"convocatories-intramurals","status":"publish","type":"page","link":"https:\/\/www.tauli.cat\/institut\/recerca\/convocatories-intramurals\/","title":{"rendered":"Convocat\u00f2ries intramurals"},"content":{"rendered":"<div class=\"wpb-content-wrapper\">[vc_row][vc_column][vc_tta_tour][vc_tta_section title=&#8221;Beques Taul\u00ed&#8221; tab_id=&#8221;beques-tauli&#8221;][vc_column_text]\n<h2>Beques Taul\u00ed de Recerca i Innovaci\u00f3<\/h2>\n[\/vc_column_text][vc_column_text]El programa de <strong>Beques Taul\u00ed <\/strong>t\u00e9 la finalitat de promoure la recerca i la innovaci\u00f3 entre els professionals investigadors de l\u2019I3PT, ajudant a finan\u00e7ar projectes d\u2019excel\u00b7l\u00e8ncia, aix\u00ed com grups emergents per desenvolupar els seus projectes i adquirir l\u2019experi\u00e8ncia suficient per ser competitius en convocat\u00f2ries competitives.<\/p>\n<p>Les Beques Taul\u00ed es convoquen anualment i incorporen tres modalitats:<\/p>\n<ul>\n<li><strong>Ajuts per a la recerca de grups acreditats de l\u2019I3PT<\/strong><\/li>\n<li><strong>Ajuts per a projectes d\u2019innovaci\u00f3<\/strong><\/li>\n<li><strong>Ajuts d\u2019incentivaci\u00f3 a la recerca per a estudiants de medicina de la UAB.<\/strong><\/li>\n<\/ul>\n[\/vc_column_text][vc_row_inner el_class=&#8221;flex-media-box&#8221; css=&#8221;.vc_custom_1590649720405{margin-bottom: 55px !important;}&#8221;][vc_column_inner width=&#8221;1\/2&#8243;]<div class=\"eut-element eut-video\" style=\"\"><div class=\"eut-privacy-fallback-content eut-align-center\"><div class=\"eut-privacy-fallback-inner\"><img class=\"eut-privacy-fallback-icon\" src=\"https:\/\/www.tauli.cat\/institut\/wp-content\/themes\/corpus\/images\/privacy\/youtube-icon.png\" alt=\"YouTube\">This content is blocked. Please review your Privacy Preferences.<div class=\"clear\"><\/div><a href=\"#\" class=\"eut-privacy-popup-btn\">Editar privacitat<\/a> \/ <a href=\"https:\/\/www.youtube.com\/watch?v=FUcH_zzD7ao&#038;list=PLJ4kf3xX9nfmrvF0aFh-PABSOCZ4-Vojn&#038;index=3\" target=\"_blank\" rel=\"noopener noreferrer\">YouTube<\/a><\/div><\/div><\/div>[\/vc_column_inner][vc_column_inner width=&#8221;1\/2&#8243;]<div class=\"eut-element eut-video\" style=\"\"><div class=\"eut-privacy-fallback-content eut-align-center\"><div class=\"eut-privacy-fallback-inner\"><img class=\"eut-privacy-fallback-icon\" src=\"https:\/\/www.tauli.cat\/institut\/wp-content\/themes\/corpus\/images\/privacy\/youtube-icon.png\" alt=\"YouTube\">This content is blocked. Please review your Privacy Preferences.<div class=\"clear\"><\/div><a href=\"#\" class=\"eut-privacy-popup-btn\">Editar privacitat<\/a> \/ <a href=\"https:\/\/www.youtube.com\/watch?v=pi6jd_gLPCo&#038;list=PLJ4kf3xX9nfmrvF0aFh-PABSOCZ4-Vojn&#038;index=5\" target=\"_blank\" rel=\"noopener noreferrer\">YouTube<\/a><\/div><\/div><\/div>[\/vc_column_inner][\/vc_row_inner][vc_column_text]L&#8217;entrega de les Beques Taul\u00ed se celebra a finals d&#8217;any en un dels actes institucionals m\u00e9s destacats del Parc Taul\u00ed, on participen <strong>ponents de prestigi<\/strong> del m\u00f3n de la recerca amb confer\u00e8ncies magistrals:[\/vc_column_text][vc_row_inner el_class=&#8221;flex-media-box&#8221; css=&#8221;.vc_custom_1590649720405{margin-bottom: 55px !important;}&#8221;][vc_column_inner]<div class=\"eut-element eut-image\" style=\"\">  <figure class=\"eut-hover-style-1 eut-image-hover eut-zoom-in\">    <div class=\"eut-media eut-primary-1-overlay eut-opacity-80\"><img width=\"500\" height=\"500\" src=\"https:\/\/www.tauli.cat\/institut\/wp-content\/uploads\/2024\/12\/Carme-Torras.jpg\" class=\"attachment-eut-image-small-square size-eut-image-small-square\" alt=\"\" decoding=\"async\" loading=\"lazy\" srcset=\"https:\/\/www.tauli.cat\/institut\/wp-content\/uploads\/2024\/12\/Carme-Torras.jpg 500w, https:\/\/www.tauli.cat\/institut\/wp-content\/uploads\/2024\/12\/Carme-Torras-300x300.jpg 300w, https:\/\/www.tauli.cat\/institut\/wp-content\/uploads\/2024\/12\/Carme-Torras-150x150.jpg 150w\" sizes=\"(max-width: 500px) 100vw, 500px\" \/>    <\/div>      <figcaption><h6 class=\"eut-title eut-primary-1\">Dra. Carme Torras<\/h6><span class=\"eut-caption eut-primary-1\">Matem\u00e0tica, escriptora i professora de recerca del CSIC. Confer\u00e8ncia 2023: \u201dRobots d\u2019assist\u00e8ncia a persones amb limitacions f\u00edsiques o cognitives: reptes tecnocient\u00edfics i \u00e8tics\u201d.<\/span>      <\/figcaption>  <\/figure><\/div><div class=\"eut-element eut-image\" style=\"\">  <figure class=\"eut-hover-style-1 eut-image-hover eut-zoom-in\">    <div class=\"eut-media eut-primary-1-overlay eut-opacity-80\"><img width=\"600\" height=\"478\" src=\"https:\/\/www.tauli.cat\/institut\/wp-content\/uploads\/2024\/12\/Nuria_Monterrat-1-600x478.jpg\" class=\"attachment-eut-image-small-square size-eut-image-small-square\" alt=\"\" decoding=\"async\" loading=\"lazy\" \/>    <\/div>      <figcaption><h6 class=\"eut-title eut-primary-1\">Dra. N\u00faria Montserrat<\/h6><span class=\"eut-caption eut-primary-1\">Consellera de Recerca. Confer\u00e8ncia 2022: \u201dGenerant mino-\u00f2rgans \u201c\u00e0 la carte\u201d: somni o realitat?\u201d.<\/span>      <\/figcaption>  <\/figure><\/div><div class=\"eut-element eut-image\" style=\"\">  <figure class=\"eut-hover-style-1 eut-image-hover eut-zoom-in\">    <div class=\"eut-media eut-primary-1-overlay eut-opacity-80\"><img width=\"600\" height=\"600\" src=\"https:\/\/www.tauli.cat\/institut\/wp-content\/uploads\/2020\/05\/lluis-torner-600x600.jpg\" class=\"attachment-eut-image-small-square size-eut-image-small-square\" alt=\"\" decoding=\"async\" loading=\"lazy\" srcset=\"https:\/\/www.tauli.cat\/institut\/wp-content\/uploads\/2020\/05\/lluis-torner-600x600.jpg 600w, https:\/\/www.tauli.cat\/institut\/wp-content\/uploads\/2020\/05\/lluis-torner-300x300.jpg 300w, https:\/\/www.tauli.cat\/institut\/wp-content\/uploads\/2020\/05\/lluis-torner-150x150.jpg 150w, https:\/\/www.tauli.cat\/institut\/wp-content\/uploads\/2020\/05\/lluis-torner-768x768.jpg 768w, https:\/\/www.tauli.cat\/institut\/wp-content\/uploads\/2020\/05\/lluis-torner.jpg 800w\" sizes=\"(max-width: 600px) 100vw, 600px\" \/>    <\/div>      <figcaption><h6 class=\"eut-title eut-primary-1\">Dr. Llu\u00eds Torner<\/h6><span class=\"eut-caption eut-primary-1\">Director de l\u2019Institut de Ci\u00e8ncies Fot\u00f2niques (ICFO). Confer\u00e8ncia 2019: \u201cFotons: una de les eines clau per a l\u2019exploraci\u00f3 de les fronteres de la ci\u00e8ncia\u201d.<\/span>      <\/figcaption>  <\/figure><\/div><div class=\"eut-element eut-image\" style=\"\">  <figure class=\"eut-hover-style-1 eut-image-hover eut-zoom-in\">    <div class=\"eut-media eut-primary-1-overlay eut-opacity-80\"><img width=\"400\" height=\"400\" src=\"https:\/\/www.tauli.cat\/institut\/wp-content\/uploads\/2020\/05\/anna-veiga.jpg\" class=\"attachment-eut-image-small-square size-eut-image-small-square\" alt=\"\" decoding=\"async\" loading=\"lazy\" srcset=\"https:\/\/www.tauli.cat\/institut\/wp-content\/uploads\/2020\/05\/anna-veiga.jpg 400w, https:\/\/www.tauli.cat\/institut\/wp-content\/uploads\/2020\/05\/anna-veiga-300x300.jpg 300w, https:\/\/www.tauli.cat\/institut\/wp-content\/uploads\/2020\/05\/anna-veiga-150x150.jpg 150w\" sizes=\"(max-width: 400px) 100vw, 400px\" \/>    <\/div>      <figcaption><h6 class=\"eut-title eut-primary-1\">Dra. Anna Veiga<\/h6><span class=\"eut-caption eut-primary-1\">Directora del Banc de L\u00ednies Cel\u00b7lulars del Centre de Medicina Regenerativa de Barcelona. Confer\u00e8ncia 2018: \u201cC\u00e8l\u00b7lules mare pluripotents: recerca i aplicaci\u00f3 cl\u00ednica\u201d.<\/span>      <\/figcaption>  <\/figure><\/div><div class=\"eut-element eut-image\" style=\"\">  <figure class=\"eut-hover-style-1 eut-image-hover eut-zoom-in\">    <div class=\"eut-media eut-primary-1-overlay eut-opacity-80\"><img width=\"400\" height=\"400\" src=\"https:\/\/www.tauli.cat\/institut\/wp-content\/uploads\/2020\/05\/pisunyer.jpg\" class=\"attachment-eut-image-small-square size-eut-image-small-square\" alt=\"\" decoding=\"async\" loading=\"lazy\" srcset=\"https:\/\/www.tauli.cat\/institut\/wp-content\/uploads\/2020\/05\/pisunyer.jpg 400w, https:\/\/www.tauli.cat\/institut\/wp-content\/uploads\/2020\/05\/pisunyer-300x300.jpg 300w, https:\/\/www.tauli.cat\/institut\/wp-content\/uploads\/2020\/05\/pisunyer-150x150.jpg 150w\" sizes=\"(max-width: 400px) 100vw, 400px\" \/>    <\/div>      <figcaption><h6 class=\"eut-title eut-primary-1\">Dr. Francesc Xavier Pi-Sunyer<\/h6><span class=\"eut-caption eut-primary-1\">Metge endocrin\u00f2leg, professor a la Columbia University de Nova York. Confer\u00e8ncia 2017: \u201dVal la pena fer dieta en la diabetis?\u201d.<\/span>      <\/figcaption>  <\/figure><\/div><div class=\"eut-element eut-image\" style=\"\">  <figure class=\"eut-hover-style-1 eut-image-hover eut-zoom-in\">    <div class=\"eut-media eut-primary-1-overlay eut-opacity-80\"><img width=\"600\" height=\"600\" src=\"https:\/\/www.tauli.cat\/institut\/wp-content\/uploads\/2020\/05\/clotet.jpg\" class=\"attachment-eut-image-small-square size-eut-image-small-square\" alt=\"\" decoding=\"async\" loading=\"lazy\" srcset=\"https:\/\/www.tauli.cat\/institut\/wp-content\/uploads\/2020\/05\/clotet.jpg 600w, https:\/\/www.tauli.cat\/institut\/wp-content\/uploads\/2020\/05\/clotet-300x300.jpg 300w, https:\/\/www.tauli.cat\/institut\/wp-content\/uploads\/2020\/05\/clotet-150x150.jpg 150w\" sizes=\"(max-width: 600px) 100vw, 600px\" \/>    <\/div>      <figcaption><h6 class=\"eut-title eut-primary-1\">Dr. Bonaventura Clotet<\/h6><span class=\"eut-caption eut-primary-1\">Director de l\u2019Institut de Recerca de la Sida IrsiCaixa. Confer\u00e8ncia 2016: \u201dEs pot curar la sida?\u201d.<\/span>      <\/figcaption>  <\/figure><\/div>[\/vc_column_inner][\/vc_row_inner][vc_column_text]Actualment, es presenten una mitjana de 75 projectes anuals, dels quals el 25% resulten premiats. Tots els projectes estan avaluats per un comit\u00e8 avaluador en el qual hi participen m\u00e9s de 70 professionals.[\/vc_column_text][vc_line_chart style=&#8221;custom&#8221; legend=&#8221;&#8221; x_values=&#8221;1999;2000;2001;2002;2003;2004;2005;2006;2007;2008;2009;2010;2011;2012;2013;2014;2015;2016;2017;2018;2019;2020;2021;2022;2023;2024&#8243; values=&#8221;%5B%7B%22title%22%3A%22Dotaci%C3%B3%20econ%C3%B2mica%22%2C%22y_values%22%3A%2216.528%3B33.056%3B48.081%3B66.110%3B72.000%3B75.000%3B78.000%3B90.000%3B106.679%3B120.000%3B143.700%3B146.898%3B134.119%3B135.200%3B100.000%3B101.250%3B106.000%3B100.000%3B100.000%3B100.000%3B130.000%3B130.000%3B130.000%3B130.000%3B132.500%3B132.500%22%2C%22color%22%3A%22blue%22%2C%22custom_color%22%3A%22%239c4266%22%7D%5D&#8221; title=&#8221;Evoluci\u00f3 de la dotaci\u00f3 econ\u00f2mica de les Beques Taul\u00ed (en milers \u20ac)&#8221;][\/vc_tta_section][vc_tta_section title=&#8221;Intensifica&#8217;t&#8221; tab_id=&#8221;intensificat&#8221;][vc_column_text]\n<h2>Intensifica&#8217;t al Taul\u00ed<\/h2>\n[\/vc_column_text]<div class=\"eut-element eut-image-text\" style=\"\"><div class=\"eut-image\"><img width=\"2480\" height=\"1754\" src=\"https:\/\/www.tauli.cat\/institut\/wp-content\/uploads\/2022\/09\/BSFundacio_CAT.jpg\" class=\"attachment-full size-full\" alt=\"\" decoding=\"async\" loading=\"lazy\" srcset=\"https:\/\/www.tauli.cat\/institut\/wp-content\/uploads\/2022\/09\/BSFundacio_CAT.jpg 2480w, https:\/\/www.tauli.cat\/institut\/wp-content\/uploads\/2022\/09\/BSFundacio_CAT-300x212.jpg 300w, https:\/\/www.tauli.cat\/institut\/wp-content\/uploads\/2022\/09\/BSFundacio_CAT-1200x849.jpg 1200w, https:\/\/www.tauli.cat\/institut\/wp-content\/uploads\/2022\/09\/BSFundacio_CAT-768x543.jpg 768w, https:\/\/www.tauli.cat\/institut\/wp-content\/uploads\/2022\/09\/BSFundacio_CAT-600x424.jpg 600w, https:\/\/www.tauli.cat\/institut\/wp-content\/uploads\/2022\/09\/BSFundacio_CAT-1536x1086.jpg 1536w, https:\/\/www.tauli.cat\/institut\/wp-content\/uploads\/2022\/09\/BSFundacio_CAT-1920x1358.jpg 1920w\" sizes=\"(max-width: 2480px) 100vw, 2480px\" \/><\/div>  <div class=\"eut-content eut-align-left\">  <p>El programa d\u2019intensificaci\u00f3 interna va n\u00e9ixer l\u2019any 2016, t\u00e9 una periodicitat anual i compta amb la col.laboraci\u00f3 de la <strong>Fundaci\u00f3 Banc Sabadell<\/strong>.<\/p>  <\/div><\/div>[vc_column_text css=&#8221;.vc_custom_1591274694741{margin-bottom: 65px !important;}&#8221;]El programa <strong>Intensifica\u2019t <\/strong>t\u00e9 per objectiu incentivar l\u2019activitat de recerca i innovaci\u00f3 dels grups de recerca a trav\u00e9s de l\u2019assignaci\u00f3 de dedicaci\u00f3 parcial o total en exclusiva a la recerca, amb objectius s\u00f2lids i el comprom\u00eds dels investigadors que presenten les seves candidatures.<\/p>\n<p>La intensificaci\u00f3 de personal assistencial permet als investigadors compaginar millor la seva feina d\u2019assist\u00e8ncia amb la investigaci\u00f3 i facilita la translaci\u00f3 dels resultats en millores de pr\u00e0ctica cl\u00ednica amb l\u2019objectiu de mantenir una assist\u00e8ncia sanit\u00e0ria de qualitat.[\/vc_column_text][vc_column_text]\n<h4>Com han aprofitat la intensificaci\u00f3 els nostres investigadors?<\/h4>\n[\/vc_column_text]<h5 class=\"eut-element eut-align-left eut-title-no-line\" style=\"\"><span>Joan Calvet | INTENSIFICAT A LA CONVOCAT\u00d2RIA 2020<\/span><\/h5><div class=\"eut-element eut-video\" style=\"\"><div class=\"eut-privacy-fallback-content eut-align-center\"><div class=\"eut-privacy-fallback-inner\"><img class=\"eut-privacy-fallback-icon\" src=\"https:\/\/www.tauli.cat\/institut\/wp-content\/themes\/corpus\/images\/privacy\/youtube-icon.png\" alt=\"YouTube\">This content is blocked. Please review your Privacy Preferences.<div class=\"clear\"><\/div><a href=\"#\" class=\"eut-privacy-popup-btn\">Editar privacitat<\/a> \/ <a href=\"https:\/\/www.youtube.com\/watch?v=JzuZYRS_sk4&#038;list=PLJ4kf3xX9nfmrvF0aFh-PABSOCZ4-Vojn&#038;index=2\" target=\"_blank\" rel=\"noopener noreferrer\">YouTube<\/a><\/div><\/div><\/div>[vc_row_inner css=&#8221;.vc_custom_1591092198385{margin-bottom: 65px !important;}&#8221;][vc_column_inner width=&#8221;2\/5&#8243; tablet_sm_width=&#8221;1&#8243;]\r\n\t\t<div class=\"eut-team eut-element team\" style=\"\">\r\n\t\t\t<figure>\r\n\t\t\t\t\t\t\t\t<div class=\"eut-team-person eut-media eut-align-center\">\r\n\t\t\t\t\t<img width=\"555\" height=\"555\" src=\"https:\/\/www.tauli.cat\/institut\/wp-content\/uploads\/2020\/06\/intensificat-delapoza.jpg\" class=\"attachment-large size-large\" alt=\"\" decoding=\"async\" loading=\"lazy\" srcset=\"https:\/\/www.tauli.cat\/institut\/wp-content\/uploads\/2020\/06\/intensificat-delapoza.jpg 555w, https:\/\/www.tauli.cat\/institut\/wp-content\/uploads\/2020\/06\/intensificat-delapoza-300x300.jpg 300w, https:\/\/www.tauli.cat\/institut\/wp-content\/uploads\/2020\/06\/intensificat-delapoza-150x150.jpg 150w\" sizes=\"(max-width: 555px) 100vw, 555px\" \/>\t\t\t\t<\/div>\r\n\t\t\t\t\t\t\t\t<figcaption>\r\n\t\t\t\t\t<div class=\"eut-team-description eut-align-center\">\r\n\t\t\t\t\t\t<div class=\"eut-team-identity eut-subtitle\"><\/div>\r\n\t\t\t\t\t\t\t\t\t\t\t\t<h5 class=\"eut-team-name\">Juan F. Delgado de la Poza<\/h5>\r\n\t\t\t\t\t\t\t\t\t\t\t\t\t\t\t\t\t\t<p class=\"eut-team-content\">Intensificat a la convocat\u00f2ria 2019<\/p>\r\n\t\t\t\t\t\t\t\t\t\t\t<\/div>\r\n\t\t\t\t\t\t\t\t\t<\/figcaption>\r\n\t\t\t<\/figure>\r\n\t\t<\/div>\r\n\r\n\t\t[\/vc_column_inner][vc_column_inner width=&#8221;3\/5&#8243; tablet_sm_width=&#8221;1&#8243;]<blockquote class=\"eut-element\" style=\"\"><p>La intensificaci\u00f3 m&#8217;ha perm\u00e8s avan\u00e7ar en &#8220;Taby Diagnostics&#8221;, un projecte que millorar\u00e0 el diagn\u00f2stic preco\u00e7 de c\u00e0ncer de fetge mitjan\u00e7ant una tecnologia que incrementa la immunogenicitat d&#8217;ant\u00edgens associats a tumors. Concretament, he pogut realitzar una s\u00e8rie d&#8217;experiments amb els quals he obtingut una prova de concepte s\u00f2lida, gr\u00e0cies al fet d&#8217;haver afegit un grup control extra de pacients (hepatopaties cr\u00f2niques actives) i la possibilitat de realitzar una patent de l&#8217;ep\u00edtop inmunodominant identificat, que facilitar\u00e0 la creaci\u00f3 d&#8217;una spin-off per comercialitzar la tecnologia.<\/p><\/blockquote>[\/vc_column_inner][\/vc_row_inner][vc_row_inner css=&#8221;.vc_custom_1591092198385{margin-bottom: 65px !important;}&#8221;][vc_column_inner width=&#8221;2\/5&#8243; tablet_sm_width=&#8221;1&#8243;]\r\n\t\t<div class=\"eut-team eut-element team\" style=\"\">\r\n\t\t\t<figure>\r\n\t\t\t\t\t\t\t\t<div class=\"eut-team-person eut-media eut-align-center\">\r\n\t\t\t\t\t<img width=\"538\" height=\"538\" src=\"https:\/\/www.tauli.cat\/institut\/wp-content\/uploads\/2020\/06\/intensificat-ibeas2.jpg\" class=\"attachment-large size-large\" alt=\"\" decoding=\"async\" loading=\"lazy\" srcset=\"https:\/\/www.tauli.cat\/institut\/wp-content\/uploads\/2020\/06\/intensificat-ibeas2.jpg 538w, https:\/\/www.tauli.cat\/institut\/wp-content\/uploads\/2020\/06\/intensificat-ibeas2-300x300.jpg 300w, https:\/\/www.tauli.cat\/institut\/wp-content\/uploads\/2020\/06\/intensificat-ibeas2-150x150.jpg 150w\" sizes=\"(max-width: 538px) 100vw, 538px\" \/>\t\t\t\t<\/div>\r\n\t\t\t\t\t\t\t\t<figcaption>\r\n\t\t\t\t\t<div class=\"eut-team-description eut-align-center\">\r\n\t\t\t\t\t\t<div class=\"eut-team-identity eut-subtitle\"><\/div>\r\n\t\t\t\t\t\t\t\t\t\t\t\t<h5 class=\"eut-team-name\">Jos\u00e9 Ibeas L\u00f3pez<\/h5>\r\n\t\t\t\t\t\t\t\t\t\t\t\t\t\t\t\t\t\t<p class=\"eut-team-content\">Intensificat a la convocat\u00f2ria 2018<\/p>\r\n\t\t\t\t\t\t\t\t\t\t\t<\/div>\r\n\t\t\t\t\t\t\t\t\t<\/figcaption>\r\n\t\t\t<\/figure>\r\n\t\t<\/div>\r\n\r\n\t\t[\/vc_column_inner][vc_column_inner width=&#8221;3\/5&#8243; tablet_sm_width=&#8221;1&#8243;]<blockquote class=\"eut-element\" style=\"\"><p>El programa d&#8217;intensificaci\u00f3 \u00e9s un clar \u00e8xit. M&#8217;ha perm\u00e8s consolidar l&#8217;\u00e0rea de l&#8217;acc\u00e9s vascular per hemodi\u00e0lisi, no nom\u00e9s a nivell docent, sin\u00f3 tamb\u00e9 quant a la recerca i la innovaci\u00f3, obrint l\u00ednies de col\u00b7laboraci\u00f3 a nivell nacional i internacional. D&#8217;altra banda, m&#8217;ha perm\u00e8s desenvolupar l&#8217;\u00e0rea de simulaci\u00f3 computacional i intel\u00b7lig\u00e8ncia artificial en nefrologia. Tot aix\u00f2 ha generat 11 publicacions, la participaci\u00f3 en 5 propostes a projectes europeus (liderant una d&#8217;elles per a la propera convocat\u00f2ria H2020), l&#8217;aplicaci\u00f3 per a la primera patent dins del projecte ANAIS, la transfer\u00e8ncia del programari Nephrocloud al mercat, la generaci\u00f3 d&#8217;un M\u00e0ster en Intel\u00b7lig\u00e8ncia Artificial en Salut, un acord d&#8217;investigaci\u00f3 traslacional amb la University of North Carolina i la coordinaci\u00f3 d&#8217;un multic\u00e8ntric nacional i de 2 projectes en biologia vascular i hemodin\u00e0mia.<\/p><\/blockquote>[\/vc_column_inner][\/vc_row_inner][vc_row_inner css=&#8221;.vc_custom_1591252507778{margin-bottom: 65px !important;}&#8221;][vc_column_inner width=&#8221;2\/5&#8243; tablet_sm_width=&#8221;1&#8243;]\r\n\t\t<div class=\"eut-team eut-element team\" style=\"\">\r\n\t\t\t<figure>\r\n\t\t\t\t\t\t\t\t<div class=\"eut-team-person eut-media eut-align-center\">\r\n\t\t\t\t\t<img width=\"555\" height=\"555\" src=\"https:\/\/www.tauli.cat\/institut\/wp-content\/uploads\/2020\/06\/intensificat-caixas.jpg\" class=\"attachment-large size-large\" alt=\"\" decoding=\"async\" loading=\"lazy\" srcset=\"https:\/\/www.tauli.cat\/institut\/wp-content\/uploads\/2020\/06\/intensificat-caixas.jpg 555w, https:\/\/www.tauli.cat\/institut\/wp-content\/uploads\/2020\/06\/intensificat-caixas-300x300.jpg 300w, https:\/\/www.tauli.cat\/institut\/wp-content\/uploads\/2020\/06\/intensificat-caixas-150x150.jpg 150w\" sizes=\"(max-width: 555px) 100vw, 555px\" \/>\t\t\t\t<\/div>\r\n\t\t\t\t\t\t\t\t<figcaption>\r\n\t\t\t\t\t<div class=\"eut-team-description eut-align-center\">\r\n\t\t\t\t\t\t<div class=\"eut-team-identity eut-subtitle\"><\/div>\r\n\t\t\t\t\t\t\t\t\t\t\t\t<h5 class=\"eut-team-name\">Assumpta Caix\u00e0s Pedrag\u00f3s<\/h5>\r\n\t\t\t\t\t\t\t\t\t\t\t\t\t\t\t\t\t\t<p class=\"eut-team-content\">Intensificada a la convocat\u00f2ria 2016<\/p>\r\n\t\t\t\t\t\t\t\t\t\t\t<\/div>\r\n\t\t\t\t\t\t\t\t\t<\/figcaption>\r\n\t\t\t<\/figure>\r\n\t\t<\/div>\r\n\r\n\t\t[\/vc_column_inner][vc_column_inner width=&#8221;3\/5&#8243;]<blockquote class=\"eut-element\" style=\"\"><p>Vaig portar a terme el projecte FIS (PI14\/02057) sobre l\u2019estudi de vies cerebrals alternatives a les de gana i sacietat en pacients amb s\u00edndrome de Prader-Willi (SPW), concretament les vies del f\u00e0stic. Aquestes vies van resultar alterades i obren la possibilitat de noves dianes terap\u00e8utiques. Tamb\u00e9 vaig poder realitzar una estada al New York Obesity Center de Columbia University per a l\u2019estudi de l\u2019efecte de la cirurgia bari\u00e0trica en la metabol\u00f2mica de la microbiota. Tot en conjunt va permetre fer cr\u00e9ixer el grup de recerca &#8220;Obesitat i SPW&#8221; obtenint publicacions de primer quartil i fomentant la seva projecci\u00f3 tant en l\u2019\u00e0mbit nacional com internacional.<\/p><\/blockquote>[\/vc_column_inner][\/vc_row_inner][vc_row_inner][vc_column_inner width=&#8221;2\/5&#8243; tablet_sm_width=&#8221;1&#8243;]\r\n\t\t<div class=\"eut-team eut-element team\" style=\"\">\r\n\t\t\t<figure>\r\n\t\t\t\t\t\t\t\t<div class=\"eut-team-person eut-media eut-align-center\">\r\n\t\t\t\t\t<img width=\"555\" height=\"555\" src=\"https:\/\/www.tauli.cat\/institut\/wp-content\/uploads\/2020\/06\/intensificat-monso.jpg\" class=\"attachment-large size-large\" alt=\"\" decoding=\"async\" loading=\"lazy\" srcset=\"https:\/\/www.tauli.cat\/institut\/wp-content\/uploads\/2020\/06\/intensificat-monso.jpg 555w, https:\/\/www.tauli.cat\/institut\/wp-content\/uploads\/2020\/06\/intensificat-monso-300x300.jpg 300w, https:\/\/www.tauli.cat\/institut\/wp-content\/uploads\/2020\/06\/intensificat-monso-150x150.jpg 150w\" sizes=\"(max-width: 555px) 100vw, 555px\" \/>\t\t\t\t<\/div>\r\n\t\t\t\t\t\t\t\t<figcaption>\r\n\t\t\t\t\t<div class=\"eut-team-description eut-align-center\">\r\n\t\t\t\t\t\t<div class=\"eut-team-identity eut-subtitle\"><\/div>\r\n\t\t\t\t\t\t\t\t\t\t\t\t<h5 class=\"eut-team-name\">Eduard Mons\u00f3 Molas<\/h5>\r\n\t\t\t\t\t\t\t\t\t\t\t\t\t\t\t\t\t\t<p class=\"eut-team-content\">Intensificat a la convocat\u00f2ria 2016<\/p>\r\n\t\t\t\t\t\t\t\t\t\t\t<\/div>\r\n\t\t\t\t\t\t\t\t\t<\/figcaption>\r\n\t\t\t<\/figure>\r\n\t\t<\/div>\r\n\r\n\t\t[\/vc_column_inner][vc_column_inner width=&#8221;3\/5&#8243; tablet_sm_width=&#8221;1&#8243;]<blockquote class=\"eut-element\" style=\"\"><p>La intensificaci\u00f3 m&#8217;ha perm\u00e8s disposar de mitja jornada del meu horari laboral per dedicar-me plenament a la recerca. En aquest temps, he potenciat els grups de recerca que coordino i les l\u00ednies de malaltia pulmonar obstructiva cr\u00f2nica, microbioma respiratori i c\u00e0ncer de pulm\u00f3, en les quals treballo personalment. Tota aquesta activitat ha facilitat l&#8217;execuci\u00f3 de 16 projectes i la publicaci\u00f3 de 12 articles cient\u00edfics exposant els resultats obtinguts. Entre aquests resultats, hem pogut identificar uns marcadors pron\u00f2stics de c\u00e0ncer de pulm\u00f3 en el seu estadi inicial, que podrien reduir-ne la mortalitat. Tamb\u00e9 hem pogut identificar millor les causes dels episodis d&#8217;exacerbaci\u00f3 de la MPOC.<\/p><\/blockquote>[\/vc_column_inner][\/vc_row_inner][\/vc_tta_section][vc_tta_section title=&#8221;Premis a la millora de la qualitat assistencial&#8221; tab_id=&#8221;premis-millora-qualitat&#8221;][vc_column_text]\n<h2>Premis a la Millora de la Qualitat Assistencial<\/h2>\n<p>Els <strong>Premis a la Millora de la Qualitat Assistencial <\/strong>pretenen recon\u00e8ixer, potenciant i aflorant, les iniciatives de millora dels professionals, en qualsevol de les dimensions de la qualitat, que s&#8217;estiguin duent a terme, o es plantegin fer, en la instituci\u00f3.<\/p>\n<p>Les necessitats assistencials estan en constant canvi i els professionals ens esforcem per adequar el nostre treball a aquestes exig\u00e8ncies. Ho fem,\u00a0 habitualment, procurant la incorporaci\u00f3 de noves tecnologies diagn\u00f2stiques i terap\u00e8utiques, o f\u00e0rmacs, m\u00e9s efectius i segurs. Per\u00f2, tamb\u00e9, molt important, adequant el seu \u00fas (evitant el sobre\u00fas) i amb noves formes de fer la feina i organitzar-nos (millora de processos), en benefici dels nostres pacients. Aquest benefici pot traduir-se en avan\u00e7ar en l&#8217;atenci\u00f3 centrada en el pacient (millor suport emocional i presa de decisions compartida), major efectivitat, millor resposta en el temps, m\u00e9s seguretat, efici\u00e8ncia i\/o equitat.<\/p>\n<p>La primera convocat\u00f2ria dels Premis de qualitat va tenir lloc l\u2019any al 2017. Anualment, es concedeixen tres premis als projectes millor valorats, pel Comit\u00e8 de Qualitat de l\u2019Hospital, del total de projectes presentats que est\u00e0 entorn a les 50 propostes anuals.[\/vc_column_text][\/vc_tta_section][\/vc_tta_tour][\/vc_column][\/vc_row]\n<\/div>","protected":false},"excerpt":{"rendered":"<p>[vc_row][vc_column][vc_tta_tour][vc_tta_section title=&#8221;Beques Taul\u00ed&#8221; tab_id=&#8221;beques-tauli&#8221;][vc_column_text] Beques Taul\u00ed de Recerca i Innovaci\u00f3 [\/vc_column_text][vc_column_text]El programa de Beques Taul\u00ed t\u00e9 la finalitat de promoure la recerca i la innovaci\u00f3 entre els professionals investigadors de l\u2019I3PT, ajudant a finan\u00e7ar projectes d\u2019excel\u00b7l\u00e8ncia, aix\u00ed com grups emergents per desenvolupar els seus projectes i adquirir l\u2019experi\u00e8ncia suficient per ser competitius en convocat\u00f2ries competitives. [&hellip;]<\/p>\n","protected":false},"author":1,"featured_media":0,"parent":2911,"menu_order":0,"comment_status":"closed","ping_status":"closed","template":"","meta":[],"_links":{"self":[{"href":"https:\/\/www.tauli.cat\/institut\/wp-json\/wp\/v2\/pages\/2875"}],"collection":[{"href":"https:\/\/www.tauli.cat\/institut\/wp-json\/wp\/v2\/pages"}],"about":[{"href":"https:\/\/www.tauli.cat\/institut\/wp-json\/wp\/v2\/types\/page"}],"author":[{"embeddable":true,"href":"https:\/\/www.tauli.cat\/institut\/wp-json\/wp\/v2\/users\/1"}],"replies":[{"embeddable":true,"href":"https:\/\/www.tauli.cat\/institut\/wp-json\/wp\/v2\/comments?post=2875"}],"version-history":[{"count":58,"href":"https:\/\/www.tauli.cat\/institut\/wp-json\/wp\/v2\/pages\/2875\/revisions"}],"predecessor-version":[{"id":17585,"href":"https:\/\/www.tauli.cat\/institut\/wp-json\/wp\/v2\/pages\/2875\/revisions\/17585"}],"up":[{"embeddable":true,"href":"https:\/\/www.tauli.cat\/institut\/wp-json\/wp\/v2\/pages\/2911"}],"wp:attachment":[{"href":"https:\/\/www.tauli.cat\/institut\/wp-json\/wp\/v2\/media?parent=2875"}],"curies":[{"name":"wp","href":"https:\/\/api.w.org\/{rel}","templated":true}]}}