{"id":2878,"date":"2020-05-27T11:35:18","date_gmt":"2020-05-27T09:35:18","guid":{"rendered":"http:\/\/www.tauli.cat\/institut\/?page_id=2878"},"modified":"2023-05-05T17:41:40","modified_gmt":"2023-05-05T15:41:40","slug":"collaboracions-externes","status":"publish","type":"page","link":"https:\/\/www.tauli.cat\/institut\/recerca\/collaboracions-externes\/","title":{"rendered":"Col\u00b7laboracions externes"},"content":{"rendered":"<div class=\"wpb-content-wrapper\">[vc_row][vc_column][vc_tta_tour][vc_tta_section title=&#8221;Integraci\u00f3 de grups i investigadors&#8221; tab_id=&#8221;integracio-grups-investigadors&#8221;][vc_column_text]\n<h2>Integraci\u00f3 de grups i investigadors<\/h2>\n<p>L&#8217;I3PT t\u00e9 com a objectiu fomentar la integraci\u00f3 dels grups de recerca que conformen l\u2019Institut alhora que establir els mecanismes per l\u2019adscripci\u00f3 de nous grups i personal investigador. En cas d\u2019estar interessats, en ambd\u00f3s casos s\u2019ha de fer arribar una sol.licitud adre\u00e7ada a la Direcci\u00f3 Cient\u00edfica de l\u2019Institut per iniciar el proc\u00e9s intern d\u2019avaluaci\u00f3.<\/p>\n<p>L\u2019avaluaci\u00f3 es fa seguint els mateixos criteris que els que estan internament aprovats pels Comit\u00e8s Cient\u00edfics i \u00d2rgans de Govern per l\u2019acreditaci\u00f3 de grups a l\u2019Institut i tamb\u00e9 es t\u00e9 en compte l\u2019alineaci\u00f3 amb les \u00e0rees de recerca del mateix.<\/p>\n<p>Podeu adre\u00e7ar la vostra sol.licitud a l\u2019adre\u00e7a <a href=\"mailto:direccioi3pt@tauli.cat\">direccioi3pt@tauli.cat.<\/a>[\/vc_column_text][\/vc_tta_section][vc_tta_section title=&#8221;Unitats mixtes&#8221; tab_id=&#8221;unitats-mixtes&#8221;][vc_column_text]\n<h2>Unitats mixtes<\/h2>\n<p>La Universitat Aut\u00f2noma de Barcelona forma part de l\u2019I3PT i es fomenta la col\u00b7laboraci\u00f3 entres els grups de recerca apropant la recerca b\u00e0sica i la recerca cl\u00ednica.<\/p>\n<p>Hi ha acords de col\u00b7laboraci\u00f3 subscrits en diferents \u00e0mbits de coneixement per\u00f2, tamb\u00e9 tenim la possibilitat de crear una Unitat Mixta consolidant la relaci\u00f3 i integraci\u00f3 dels grups.<\/p>\n<p>Actualment l&#8217;I3PT i la UAB tenen dues Unitats Mixtes d&#8217;Investigaci\u00f3:<\/p>\n<ul>\n<li class=\"icon-list link\"><a href=\"https:\/\/www.tauli.cat\/institut\/recerca\/arees\/neurociencies-i-salut-mental\/#unitat-mitxa\" target=\"_blank\" rel=\"noopener\">Unitat de Neuroci\u00e8ncies Traslacional<\/a><\/li>\n<li><a href=\"https:\/\/www.tauli.cat\/institut\/recerca\/arees\/cirurgia-i-procediments-intervencionistes\/#unitat-mixta\" target=\"_blank\" rel=\"noopener\">Unitat Mixta Kidney4All<\/a><\/li>\n<\/ul>\n[\/vc_column_text][\/vc_tta_section][\/vc_tta_tour][\/vc_column][\/vc_row]\n<\/div>","protected":false},"excerpt":{"rendered":"<p>[vc_row][vc_column][vc_tta_tour][vc_tta_section title=&#8221;Integraci\u00f3 de grups i investigadors&#8221; tab_id=&#8221;integracio-grups-investigadors&#8221;][vc_column_text] Integraci\u00f3 de grups i investigadors L&#8217;I3PT t\u00e9 com a objectiu fomentar la integraci\u00f3 dels grups de recerca que conformen l\u2019Institut alhora que establir els mecanismes per l\u2019adscripci\u00f3 de nous grups i personal investigador. En cas d\u2019estar interessats, en ambd\u00f3s casos s\u2019ha de fer arribar una sol.licitud adre\u00e7ada a [&hellip;]<\/p>\n","protected":false},"author":1,"featured_media":0,"parent":2911,"menu_order":0,"comment_status":"closed","ping_status":"closed","template":"","meta":[],"_links":{"self":[{"href":"https:\/\/www.tauli.cat\/institut\/wp-json\/wp\/v2\/pages\/2878"}],"collection":[{"href":"https:\/\/www.tauli.cat\/institut\/wp-json\/wp\/v2\/pages"}],"about":[{"href":"https:\/\/www.tauli.cat\/institut\/wp-json\/wp\/v2\/types\/page"}],"author":[{"embeddable":true,"href":"https:\/\/www.tauli.cat\/institut\/wp-json\/wp\/v2\/users\/1"}],"replies":[{"embeddable":true,"href":"https:\/\/www.tauli.cat\/institut\/wp-json\/wp\/v2\/comments?post=2878"}],"version-history":[{"count":7,"href":"https:\/\/www.tauli.cat\/institut\/wp-json\/wp\/v2\/pages\/2878\/revisions"}],"predecessor-version":[{"id":9971,"href":"https:\/\/www.tauli.cat\/institut\/wp-json\/wp\/v2\/pages\/2878\/revisions\/9971"}],"up":[{"embeddable":true,"href":"https:\/\/www.tauli.cat\/institut\/wp-json\/wp\/v2\/pages\/2911"}],"wp:attachment":[{"href":"https:\/\/www.tauli.cat\/institut\/wp-json\/wp\/v2\/media?parent=2878"}],"curies":[{"name":"wp","href":"https:\/\/api.w.org\/{rel}","templated":true}]}}