{"id":2888,"date":"2020-05-27T12:13:09","date_gmt":"2020-05-27T10:13:09","guid":{"rendered":"http:\/\/www.tauli.cat\/institut\/?page_id=2888"},"modified":"2026-02-25T13:56:46","modified_gmt":"2026-02-25T12:56:46","slug":"unitat-assajos-clinics","status":"publish","type":"page","link":"https:\/\/www.tauli.cat\/institut\/plataformes-i-serveis\/unitat-assajos-clinics\/","title":{"rendered":"Unitat de Suport als Assaigs Cl\u00ednics"},"content":{"rendered":"<div class=\"wpb-content-wrapper\">[vc_row section_id=&#8221;custom-top-tabs&#8221;][vc_column][vc_column_text el_class=&#8221;top-tabs&#8221;]\n<ul>\n<li data-hash=\"presentacio\">Presentaci\u00f3<\/li>\n<li data-hash=\"serveis\">Serveis<\/li>\n<li data-hash=\"contacte\">Contacte<\/li>\n<\/ul>\n[\/vc_column_text][\/vc_column][\/vc_row][vc_row el_class=&#8221;custom-top-tabs-content&#8221;][vc_column width=&#8221;2\/3&#8243;][vc_column_text]La Unitat de Suport als Assaigs Cl\u00ednics (USAC) es crea amb el prop\u00f2sit d&#8217;afavorir i facilitar la recerca cl\u00ednica en la instituci\u00f3.<\/p>\n<p>Per poder dur a terme aquest objectiu, la USAC est\u00e0 formada per un equip de professionals encarregats de l&#8217;execuci\u00f3 dels assaigs cl\u00ednics: coordinadors d&#8217;estudi, personal d&#8217;infermeria, gestors de dades i personal administratiu. De manera coordinada s\u00f3n els responsables de la log\u00edstica, coordinaci\u00f3, gesti\u00f3 de les dades i totes aquelles activitats per posar en marxa un estudi fins a la seva finalitzaci\u00f3.<\/p>\n<p>La finalitat d&#8217;aquest treball conjunt \u00e9s posar en marxa l&#8217;estudi el m\u00e9s aviat possible, garantint la qualitat i fiabilitat de les dades obtingudes en l&#8217;estudi i complir amb els acords amb els promotors.[\/vc_column_text][vc_row_inner][vc_column_inner width=&#8221;1\/2&#8243;][vc_raw_html css=&#8221;&#8221;]JTNDaWZyYW1lJTIwd2lkdGglM0QlMjIzNjAlMjIlMjBoZWlnaHQlM0QlMjIyMDMlMjIlMEFzcmMlM0QlMjJodHRwcyUzQSUyRiUyRnd3dy55b3V0dWJlLmNvbSUyRmVtYmVkJTJGdmlBcDBNQTJ2V0UlMjIlMEF0aXRsZSUzRCUyMllvdVR1YmUlMjB2aWRlbyUyMHBsYXllciUyMiUyMGZyYW1lYm9yZGVyJTNEJTIyMCUyMiUwQWFsbG93JTNEJTIyYWNjZWxlcm9tZXRlciUzQiUyMGF1dG9wbGF5JTNCJTIwY2xpcGJvYXJkLXdyaXRlJTNCJTIwZW5jcnlwdGVkLW1lZGlhJTNCJTIwZ3lyb3Njb3BlJTNCJTIwcGljdHVyZS1pbi1waWN0dXJlJTNCJTIwd2ViLXNoYXJlJTIyJTBBYWxsb3dmdWxsc2NyZWVuJTNFJTBBJTNDJTJGaWZyYW1lJTNF[\/vc_raw_html][\/vc_column_inner][vc_column_inner width=&#8221;1\/2&#8243;][vc_raw_html css=&#8221;&#8221;]JTNDaWZyYW1lJTIwd2lkdGglM0QlMjIzNjAlMjIlMjBoZWlnaHQlM0QlMjIyMDMlMjIlMjAlMEFzcmMlM0QlMjJodHRwcyUzQSUyRiUyRnd3dy55b3V0dWJlLmNvbSUyRmVtYmVkJTJGNjUxa0d3YS1OS28lMjIlMjAlMEF0aXRsZSUzRCUyMllvdVR1YmUlMjB2aWRlbyUyMHBsYXllciUyMiUyMGZyYW1lYm9yZGVyJTNEJTIyMCUyMiUyMCUwQWFsbG93JTNEJTIyYWNjZWxlcm9tZXRlciUzQiUyMGF1dG9wbGF5JTNCJTIwY2xpcGJvYXJkLXdyaXRlJTNCJTIwZW5jcnlwdGVkLW1lZGlhJTNCJTIwZ3lyb3Njb3BlJTNCJTIwcGljdHVyZS1pbi1waWN0dXJlJTNCJTIwd2ViLXNoYXJlJTIyJTIwJTBBYWxsb3dmdWxsc2NyZWVuJTNFJTBBJTNDJTJGaWZyYW1lJTNF[\/vc_raw_html][\/vc_column_inner][\/vc_row_inner][\/vc_column][vc_column width=&#8221;1\/3&#8243;]\r\n\t\t<div class=\"eut-team eut-element team\" style=\"\">\r\n\t\t\t<figure>\r\n\t\t\t\t\t\t\t\t<div class=\"eut-team-person eut-media eut-align-center\">\r\n\t\t\t\t\t<img width=\"730\" height=\"752\" src=\"https:\/\/www.tauli.cat\/institut\/wp-content\/uploads\/2024\/02\/webacc-1.jpg\" class=\"attachment-large size-large\" alt=\"\" decoding=\"async\" loading=\"lazy\" srcset=\"https:\/\/www.tauli.cat\/institut\/wp-content\/uploads\/2024\/02\/webacc-1.jpg 730w, https:\/\/www.tauli.cat\/institut\/wp-content\/uploads\/2024\/02\/webacc-1-291x300.jpg 291w, https:\/\/www.tauli.cat\/institut\/wp-content\/uploads\/2024\/02\/webacc-1-600x618.jpg 600w\" sizes=\"(max-width: 730px) 100vw, 730px\" \/>\t\t\t\t<\/div>\r\n\t\t\t\t\t\t\t\t<figcaption>\r\n\t\t\t\t\t<div class=\"eut-team-description eut-align-center\">\r\n\t\t\t\t\t\t<div class=\"eut-team-identity eut-subtitle\">Responsable<\/div>\r\n\t\t\t\t\t\t\t\t\t\t\t\t<h5 class=\"eut-team-name\">Santi Esteva Gras<\/h5>\r\n\t\t\t\t\t\t\t\t\t\t\t\t\t\t\t\t\t\t<p class=\"eut-team-content\"><a href=\"mailto:sesteva@tauli.cat\">sesteva@tauli.cat<\/a><\/p>\r\n\t\t\t\t\t\t\t\t\t\t\t<\/div>\r\n\t\t\t\t\t\t\t\t\t<\/figcaption>\r\n\t\t\t<\/figure>\r\n\t\t<\/div>\r\n\r\n\t\t[\/vc_column][\/vc_row][vc_row el_class=&#8221;custom-top-tabs-content&#8221;][vc_column][vc_column_text]Els serveis que proporciona la USAC s\u00f3n:<\/p>\n<h4>Start-up (posada en marxa)<\/h4>\n<ul>\n<li>Revisi\u00f3 de la mem\u00f2ria econ\u00f2mica i del protocol<\/li>\n<li>Contacte amb promotors, enviament de la documentaci\u00f3 inicial.<\/li>\n<li>Suport en el proc\u00e9s de <em>feasibilities<\/em><\/li>\n<li>Visita pre-estudi<\/li>\n<li>Idone\u00eftat de les instal\u00b7lacions<\/li>\n<li>Seguiment de la signatura dels contractes<\/li>\n<li>Suport en la presentaci\u00f3 de l\u2019estudi al CEI local<\/li>\n<li>Programaci\u00f3 de la visita d\u2019inici<\/li>\n<li>Recepci\u00f3 del material de l\u2019estudi<\/li>\n<\/ul>\n<h4>Coordinaci\u00f3 de l&#8217;estudi<\/h4>\n<ul>\n<li>Visites d\u2019inici i de monitoritzaci\u00f3<\/li>\n<li>Gesti\u00f3 i seguiment de l\u2019estudi en coordinaci\u00f3 amb els promotors de l\u2019estudi<\/li>\n<li>Coordinaci\u00f3 de la comunicaci\u00f3 a tot el personal i serveis implicats en l\u2019estudi<\/li>\n<li>Trainings<\/li>\n<li>Actualitzaci\u00f3 de les bases de dades de l\u2019estudi<\/li>\n<li>Preparaci\u00f3, realitzaci\u00f3 i seguiment de les visites dels pacients<\/li>\n<li>Gesti\u00f3 de la medicaci\u00f3<\/li>\n<li>Gesti\u00f3 de l\u2019obtenci\u00f3 i processament de les mostres biol\u00f2giques<\/li>\n<li>Resoluci\u00f3 de queries<\/li>\n<li>Report i seguiment dels esdeveniments adversos greus (SAE) i d\u2019especial inter\u00e9s (AESI)<\/li>\n<li>Facturaci\u00f3<\/li>\n<li>Arxiu de documents font<\/li>\n<\/ul>\n<h4>Tancament de l&#8217;estudi<\/h4>\n<ul>\n<li>Visita de tancament<\/li>\n<li>Revisi\u00f3 de la facturaci\u00f3<\/li>\n<li>Obtenci\u00f3 de la documentaci\u00f3 de tancament<\/li>\n<li>Arxiu de la documentaci\u00f3 de l\u2019estudi<\/li>\n<li>Atenci\u00f3 a auditories i inspeccions<\/li>\n<\/ul>\n[\/vc_column_text][\/vc_column][\/vc_row][vc_row el_class=&#8221;custom-top-tabs-content&#8221;][vc_column width=&#8221;2\/5&#8243; tablet_width=&#8221;5-12&#8243; tablet_sm_width=&#8221;5-12&#8243;][vc_column_text]\n<h4>Unitat de Suport als Assajos Cl\u00ednics<\/h4>\n<p><strong>Santi Esteva Gras<\/strong><br \/>\nResponsable de la Unitat de Suport als Assaigs Cl\u00ednics<\/p>\n<p><strong>Institut d&#8217;Investigaci\u00f3 i Innovaci\u00f3 Parc Taul\u00ed<\/strong><br \/>\nUSAC, Parc del Taul\u00ed, 1<br \/>\nEdifici Taul\u00ed, planta -1<br \/>\n08208 Sabadell<\/p>\n<ul>\n<li class=\"icon-list phone\">93 723 66 73<\/li>\n<li class=\"icon-list mail\">\n<div><a href=\"mailto:usac@tauli.cat\">usac@tauli.cat<\/a><\/div>\n<\/li>\n<\/ul>\n[\/vc_column_text][\/vc_column][vc_column width=&#8221;3\/5&#8243; tablet_width=&#8221;7-12&#8243; tablet_sm_width=&#8221;7-12&#8243;][vc_raw_html]JTNDaWZyYW1lJTIwc3JjJTNEJTIyaHR0cHMlM0ElMkYlMkZ3d3cuZ29vZ2xlLmNvbSUyRm1hcHMlMkZlbWJlZCUzRnBiJTNEJTIxMW0xOCUyMTFtMTIlMjExbTMlMjExZDUzMTkuNjgxMDI0MjQ0MzQzNSUyMTJkMi4xMDg5ODc4MDg4Nzc3NDgzJTIxM2Q0MS41NTY5MDc4ODA4NjM0NyUyMTJtMyUyMTFmMCUyMTJmMCUyMTNmMCUyMTNtMiUyMTFpMTAyNCUyMTJpNzY4JTIxNGYxMy4xJTIxM20zJTIxMW0yJTIxMXMweDAlMjUzQTB4OWZiYTkwZGI4MjhmNjAxYiUyMTJ6Um5WdVpHRmphY096SUZCaGNtTWdWR0YxYk1PdCUyMTVlMCUyMTNtMiUyMTFzZXMlMjEyc2VzJTIxNHYxNTc0MzU2ODQyNjc4JTIxNW0yJTIxMXNlcyUyMTJzZXMlMjIlMjB3aWR0aCUzRCUyMjEwMCUyNSUyMiUyMGhlaWdodCUzRCUyMjI4MCUyMiUyMGZyYW1lYm9yZGVyJTNEJTIyMCUyMiUyMHN0eWxlJTNEJTIyYm9yZGVyJTNBMCUzQiUyMiUyMGFsbG93ZnVsbHNjcmVlbiUzRCUyMiUyMiUzRSUzQyUyRmlmcmFtZSUzRQ==[\/vc_raw_html][\/vc_column][\/vc_row]\n<\/div>","protected":false},"excerpt":{"rendered":"<p>[vc_row section_id=&#8221;custom-top-tabs&#8221;][vc_column][vc_column_text el_class=&#8221;top-tabs&#8221;] Presentaci\u00f3 Serveis Contacte [\/vc_column_text][\/vc_column][\/vc_row][vc_row el_class=&#8221;custom-top-tabs-content&#8221;][vc_column width=&#8221;2\/3&#8243;][vc_column_text]La Unitat de Suport als Assaigs Cl\u00ednics (USAC) es crea amb el prop\u00f2sit d&#8217;afavorir i facilitar la recerca cl\u00ednica en la instituci\u00f3. Per poder dur a terme aquest objectiu, la USAC est\u00e0 formada per un equip de professionals encarregats de l&#8217;execuci\u00f3 dels assaigs cl\u00ednics: coordinadors d&#8217;estudi, personal [&hellip;]<\/p>\n","protected":false},"author":1,"featured_media":0,"parent":2289,"menu_order":0,"comment_status":"closed","ping_status":"closed","template":"","meta":[],"_links":{"self":[{"href":"https:\/\/www.tauli.cat\/institut\/wp-json\/wp\/v2\/pages\/2888"}],"collection":[{"href":"https:\/\/www.tauli.cat\/institut\/wp-json\/wp\/v2\/pages"}],"about":[{"href":"https:\/\/www.tauli.cat\/institut\/wp-json\/wp\/v2\/types\/page"}],"author":[{"embeddable":true,"href":"https:\/\/www.tauli.cat\/institut\/wp-json\/wp\/v2\/users\/1"}],"replies":[{"embeddable":true,"href":"https:\/\/www.tauli.cat\/institut\/wp-json\/wp\/v2\/comments?post=2888"}],"version-history":[{"count":19,"href":"https:\/\/www.tauli.cat\/institut\/wp-json\/wp\/v2\/pages\/2888\/revisions"}],"predecessor-version":[{"id":12982,"href":"https:\/\/www.tauli.cat\/institut\/wp-json\/wp\/v2\/pages\/2888\/revisions\/12982"}],"up":[{"embeddable":true,"href":"https:\/\/www.tauli.cat\/institut\/wp-json\/wp\/v2\/pages\/2289"}],"wp:attachment":[{"href":"https:\/\/www.tauli.cat\/institut\/wp-json\/wp\/v2\/media?parent=2888"}],"curies":[{"name":"wp","href":"https:\/\/api.w.org\/{rel}","templated":true}]}}