{"id":2906,"date":"2020-05-27T12:52:09","date_gmt":"2020-05-27T10:52:09","guid":{"rendered":"http:\/\/www.tauli.cat\/institut\/?page_id=2906"},"modified":"2026-03-06T15:01:23","modified_gmt":"2026-03-06T14:01:23","slug":"presentacio","status":"publish","type":"page","link":"https:\/\/www.tauli.cat\/institut\/presentacio\/","title":{"rendered":"L&#8217;Institut"},"content":{"rendered":"<div class=\"wpb-content-wrapper\">[vc_row][vc_column][vc_tta_tour][vc_tta_section title=&#8221;Introducci\u00f3&#8221; tab_id=&#8221;introduccio&#8221;][vc_column_text css=&#8221;&#8221;]\n<h2>Introducci\u00f3<\/h2>\n<p>La <strong>Fundaci\u00f3 Institut d\u2019Investigaci\u00f3 i Innovaci\u00f3 Parc Taul\u00ed<\/strong> (I3PT) \u00e9s l\u2019entitat que impulsa, coordina i potencia l\u2019<strong>activitat de recerca i innovaci\u00f3 vinculada al Parc Taul\u00ed<\/strong>. Neix de la traject\u00f2ria compartida i del treball conjunt de cinc entitats: la Corporaci\u00f3 Sanit\u00e0ria Parc Taul\u00ed, la Fundaci\u00f3 Parc Taul\u00ed, UDIAT Centre de Diagn\u00f2stic [en el moment de la constituci\u00f3 de l\u2019I3PT no formava part del Consorci Corporaci\u00f3 Sanit\u00e0ria Parc Taul\u00ed], Sabadell Gent Gran i la Universitat Aut\u00f2noma de Barcelona.<\/p>\n<p>La col\u00b7laboraci\u00f3 sostinguda al llarg dels anys entre aquestes institucions, juntament amb l\u2019excel\u00b7l\u00e8ncia cient\u00edfica dels seus grups de recerca i els resultats obtinguts en l\u2019\u00e0mbit de l\u2019R+D+I, van impulsar la <strong>creaci\u00f3 d\u2019una estructura pr\u00f2pia<\/strong>: <strong>l\u2019I3PT<\/strong>. L\u2019institut representa un pas endavant per refor\u00e7ar aquesta traject\u00f2ria conjunta, dotant-la de millors <strong>instruments de gesti\u00f3<\/strong>, impulsant la <strong>innovaci\u00f3 en tecnologies m\u00e8diques<\/strong> i generant noves oportunitats de <strong>creixement i impacte<\/strong>.<\/p>\n<p>L\u2019I3PT mant\u00e9 i potencia la recerca en aquelles \u00e0rees on existeix una <strong>excel\u00b7l\u00e8ncia cient\u00edfica consolidada<\/strong>, sense perdre de vista la <strong>transfer\u00e8ncia de coneixement al mercat<\/strong> i la seva <strong>aplicaci\u00f3 real<\/strong>. Per aix\u00f2, totes les innovacions amb potencial s\u00f3n considerades estrat\u00e8giques i avaluades amb independ\u00e8ncia de l\u2019\u00e0rea cient\u00edfica d\u2019origen.<\/p>\n<p>L\u2019<strong>excel\u00b7l\u00e8ncia<\/strong>, la <strong>sostenibilitat<\/strong> i la <strong>transfer\u00e8ncia<\/strong> s\u00f3n pilars clau del model de l\u2019I3PT. Les innovacions transferibles al mercat han de contribuir a la sostenibilitat de l\u2019institut, ja sigui mitjan\u00e7ant la seva comercialitzaci\u00f3 i projecci\u00f3 al mercat o a trav\u00e9s de la seva aplicaci\u00f3 en la pr\u00e0ctica assistencial de les institucions del Parc Taul\u00ed.<\/p>\n<p>Tota la recerca desenvolupada a l\u2019I3PT es regeix per criteris de <strong>qualitat<\/strong>, <strong>sostenibilitat<\/strong> i <strong>excel\u00b7l\u00e8ncia<\/strong>.[\/vc_column_text][vc_raw_html css=&#8221;&#8221;]JTNDaWZyYW1lJTIwd2lkdGglM0QlMjI1NjAlMjIlMjBoZWlnaHQlM0QlMjIzMTUlMjIlMjBzcmMlM0QlMjJodHRwcyUzQSUyRiUyRnd3dy55b3V0dWJlLmNvbSUyRmVtYmVkJTJGNlY1UkdlX3VleGMlM0ZzaSUzRDFLUGptX0VMQVY4aWItdnIlMjIlMjB0aXRsZSUzRCUyMllvdVR1YmUlMjB2aWRlbyUyMHBsYXllciUyMiUyMGZyYW1lYm9yZGVyJTNEJTIyMCUyMiUyMGFsbG93JTNEJTIyYWNjZWxlcm9tZXRlciUzQiUyMGF1dG9wbGF5JTNCJTIwY2xpcGJvYXJkLXdyaXRlJTNCJTIwZW5jcnlwdGVkLW1lZGlhJTNCJTIwZ3lyb3Njb3BlJTNCJTIwcGljdHVyZS1pbi1waWN0dXJlJTNCJTIwd2ViLXNoYXJlJTIyJTIwcmVmZXJyZXJwb2xpY3klM0QlMjJzdHJpY3Qtb3JpZ2luLXdoZW4tY3Jvc3Mtb3JpZ2luJTIyJTIwYWxsb3dmdWxsc2NyZWVuJTNFJTNDJTJGaWZyYW1lJTNF[\/vc_raw_html][\/vc_tta_section][vc_tta_section title=&#8221;Missi\u00f3, visi\u00f3 i valors&#8221; tab_id=&#8221;missio-visio-valors&#8221;][vc_column_text]\n<h2>Missi\u00f3, visi\u00f3 i valors<\/h2>\n<p><strong>Missi\u00f3<\/strong><\/p>\n<p>Facilitar i potenciar l&#8217;activitat vinculada a la recerca i la innovaci\u00f3 biom\u00e8dica, mitjan\u00e7ant un model sostenible, que promogui la translaci\u00f3 del coneixement i resultats generats a la societat aportant valor per a contribuir al seu benestar.<\/p>\n<p><strong>Visi\u00f3<\/strong><\/p>\n<p>Ser una instituci\u00f3 l\u00edder internacional en innovaci\u00f3 sanit\u00e0ria que promou la investigaci\u00f3 cl\u00ednica i translacional, reconeguda per desenvolupar un model assistencial, organitzatiu, docent i d\u2019investigaci\u00f3 d\u2019excel\u00b7l\u00e8ncia centrat en el pacient i en la generaci\u00f3 efectiva de riquesa.<\/p>\n<p><strong>Valors<\/strong><\/p>\n<ul>\n<li><strong>Orientaci\u00f3 al pacient<\/strong> en la recerca activa de solucions als principals problemes de salut de la societat.<\/li>\n<li><strong>Transfer\u00e8ncia del coneixement<\/strong> cap a la comunitat cient\u00edfica i al mercat com un dels objectius finals de la investigaci\u00f3 i innovaci\u00f3 sanit\u00e0ria, perseguint els objectius d&#8217;excel\u00b7l\u00e8ncia, generaci\u00f3 de valor i retorn econ\u00f2mic.<\/li>\n<li><strong>Transpar\u00e8ncia, comprom\u00eds i responsabilitat<\/strong>, a nivell social i mediambiental, com a guia de totes les actuacions de la instituci\u00f3.<\/li>\n<li><strong>Col\u00b7laboraci\u00f3, cooperaci\u00f3 i treball en equip<\/strong>, tant en l\u2019\u00e0mbit intern com amb altres entitats nacionals i internacionals com a eina per aconseguir l&#8217;excel\u00b7l\u00e8ncia cient\u00edfica.<\/li>\n<li><strong>Excel\u00b7l\u00e8ncia investigadora i bones pr\u00e0ctiques<\/strong>, desenvolupant una activitat cient\u00edfica i de gesti\u00f3 alineada amb els principis de qualitat i millora cont\u00ednua.<\/li>\n<li><strong>Proximitat al territori i al ciutad\u00e0<\/strong> com a referent en investigaci\u00f3 i innovaci\u00f3.<\/li>\n<\/ul>\n[\/vc_column_text][\/vc_tta_section][vc_tta_section title=&#8221;Proposta de valor&#8221; tab_id=&#8221;proposta-valor&#8221;][vc_column_text]\n<h2>Proposta de valor<\/h2>\n<blockquote><p><strong>Investiguem i innovem en salut per impulsar el creixement i la seva transfer\u00e8ncia a la societat.<\/strong><\/p><\/blockquote>\n<p><strong>Qui som? <\/strong><\/p>\n<p>Som un centre de recerca i innovaci\u00f3 biom\u00e8dica i hospital\u00e0ria orientat a generar valor afavorint el creixement social i econ\u00f2mic.<\/p>\n<p><strong>Qu\u00e8 fem? <\/strong><\/p>\n<p>Promovem activitats que afavoreixin l\u2019aven\u00e7 de la societat en col\u00b7laboraci\u00f3 amb els agents clau de l\u2019ecosistema:<\/p>\n<ul>\n<li><strong>Recerca<\/strong> \u2013 impulsem l\u2019aven\u00e7 en el coneixement, facilitem les validacions cl\u00edniques de nous tractaments i dispositius m\u00e8dics, i fem divulgaci\u00f3 a la comunitat.<\/li>\n<li><strong>Innovaci\u00f3<\/strong> \u2013 transformem el coneixement de la recerca en models de negoci i en millora de processos.<\/li>\n<li><strong>Doc\u00e8ncia i formaci\u00f3<\/strong> \u2013 incrementem les capacitats dels i les professionals en base als coneixements propis.<\/li>\n<\/ul>\n<p><strong>Per qu\u00e8 ho fem?<\/strong><\/p>\n<ul>\n<li>Volem promoure un sistema de generaci\u00f3 i translaci\u00f3 de coneixement sostenible que afavoreixi el benestar de la societat.<\/li>\n<li>Aspirem a ser una instituci\u00f3 l\u00edder en innovaci\u00f3 sanit\u00e0ria a nivell internacional centrada en el pacient.<\/li>\n<\/ul>\n<p><strong>Com impactem?<\/strong><\/p>\n<ul>\n<li><strong>Orientant els nostres processos al pacient <\/strong>incloent-lo en la presa de decisions i comuniquem els resultats a la societat.<\/li>\n<li><strong>Fent transfer\u00e8ncia del coneixement <\/strong>afavorint la divulgaci\u00f3 cient\u00edfica i a la societat dels resultats de l\u2019activitat de l\u2019institut, transformant el coneixement en productes o serveis \u00fatils per la societat.<\/li>\n<li><strong>Amb transpar\u00e8ncia, comprom\u00eds i responsabilitat <\/strong>aplicant pol\u00edtiques internes de recerca i innovaci\u00f3 responsable, sota els principis d\u2019igualtat i sostenibilitat amb el medi ambient, alineant-nos amb les estrat\u00e8giques governamentals tenint en compte tots els col\u00b7lectius.<\/li>\n<li><strong>En col\u00b7laboraci\u00f3, cooperaci\u00f3 i treball en equip <\/strong>afavorint les interaccions entre els diferents actors de l\u2019ecosistema i la creaci\u00f3 d\u2019equips multidisciplinaris.<\/li>\n<li><strong>Promovent l\u2019excel\u00b7l\u00e8ncia investigadora i de bones pr\u00e0ctiques <\/strong>impulsant una pol\u00edtica interna de qualitat i treballant per la millora cont\u00ednua dels processos. Dissenyem la formaci\u00f3 dels nostres professionals orientant-la a les seves necessitats.<\/li>\n<li><strong>Fomentant la proximitat al territori i a la ciutadania <\/strong>promovent els projectes que involucren agents clau del territori, empreses de proximitat i al ciutad\u00e0 i ciutadana.<\/li>\n<\/ul>\n[\/vc_column_text][\/vc_tta_section][vc_tta_section title=&#8221;Pol\u00edtica d&#8217;R+D+I&#8221; tab_id=&#8221;politica-rdi&#8221;][vc_column_text]\n<h2>Pol\u00edtica d&#8217;R+D+I<\/h2>\n<p>La pol\u00edtica de recerca i innovaci\u00f3 ha de contribuir al desenvolupament de les l\u00ednies de recerca i \u00e0rees del coneixement i de tots els seus projectes, en qu\u00e8 l\u2019objectiu principal \u00e9s la millora de la salut. Les <strong>directrius b\u00e0siques de la Pol\u00edtica d\u2019R+D+I de l\u2019I3PT<\/strong> es concreten en:<\/p>\n<ul>\n<li>Promoure i fomentar la cultura de la recerca i la innovaci\u00f3 entre els professionals i establir anualment les activitats necess\u00e0ries per aconseguir aquest objectiu.<\/li>\n<li>Vetllar pel compliment normatiu corresponent i establir i mantenir les normatives pr\u00f2pies existents; codi de bones pr\u00e0ctiques de l\u2019I3PT, normativa sobre propietat intel\u00b7lectual i industrial dels resultats de la recerca desenvolupada a l\u2019I3PT i document de bones pr\u00e0ctiques en mat\u00e8ria de transfer\u00e8ncia de tecnologia i coneixement.<\/li>\n<li>Definir, establir i mantenir aliances estrat\u00e8giques amb universitats, entitats, empreses i xarxes a favor dels desenvolupament de la recerca a l\u2019I3PT.<\/li>\n<li>Promoure la transfer\u00e8ncia del coneixement vers la comunitat cient\u00edfica i el mercat i perseguir els objectius d\u2019excel\u00b7l\u00e8ncia, generaci\u00f3 de valor i retorn econ\u00f2mic.<\/li>\n<li>Disposar d\u2019un quadre d\u2019indicadors que permeti el seguiment adequat en el compliment d\u2019objectius i la millora permanent del sistema d\u2019R+D+I de l\u2019I3PT.<\/li>\n<li>Difondre la Pol\u00edtica d\u2019R+D+I entre els professionals i els agents externs relacionats amb aquesta activitat.<\/li>\n<li>Treballar en la millora cont\u00ednua i posar en marxa tots els mecanismes necessaris per treballar amb una qualitat \u00f2ptima.<\/li>\n<li>Respectar i cuidar el medi ambient i tenir present els aspectes relacionats amb la planificaci\u00f3 de les seves activitats.<\/li>\n<li>Disposar dels procediments de treball i de l\u2019estructura necess\u00e0ria per donar suport a les activitats de recerca i innovaci\u00f3.<\/li>\n<\/ul>\n[\/vc_column_text][\/vc_tta_section][vc_tta_section title=&#8221;Eixos estrat\u00e8gics&#8221; tab_id=&#8221;eixos-estrategics&#8221;][vc_column_text css=&#8221;&#8221;]\n<h2>Eixos estrat\u00e8gics<\/h2>\n<ul>\n<li><a href=\"https:\/\/www.tauli.cat\/institut\/wp-content\/uploads\/2021\/04\/Resum-executiu-PE-I3PT_web_v1.0-CAT.pdf\" target=\"_blank\" rel=\"noopener\">Pla Estrat\u00e8gic de l&#8217;I3PT 2020 2024<\/a><\/li>\n<li><a href=\"https:\/\/www.tauli.cat\/institut\/wp-content\/uploads\/2022\/02\/1_Resum-executiu-PE-I3PT-CAT.pdf\" target=\"_blank\" rel=\"noopener\">Resum executiu del Pla Estrat\u00e8gic de l&#8217;I3PT 2020 2024<\/a><\/li>\n<li><a href=\"https:\/\/www.tauli.cat\/institut\/wp-content\/uploads\/2023\/06\/Revisio-pla-estrategic-2023-2025.-Vs-2-firmado.pdf\" target=\"_blank\" rel=\"noopener\">Revisi\u00f3 Pla Estrat\u00e8gic de l&#8217;I3PT 2023-2025<\/a><\/li>\n<li><a href=\"https:\/\/www.tauli.cat\/institut\/wp-content\/uploads\/2026\/03\/Tancament-del-Pla-Estrategic-I3PT_Palanques.pdf\">Tancament del Pla Estrat\u00e8gic de l&#8217;I3PT 2021-2025<\/a><\/li>\n<\/ul>\n<p>&nbsp;<\/p>\n<p><img decoding=\"async\" loading=\"lazy\" class=\"aligncenter size-large wp-image-5542\" src=\"https:\/\/www.tauli.cat\/institut\/wp-content\/uploads\/2021\/04\/EIXOS-ESTRATEGICS_2020-2024-1024x647.png\" alt=\"\" width=\"1024\" height=\"647\" srcset=\"https:\/\/www.tauli.cat\/institut\/wp-content\/uploads\/2021\/04\/EIXOS-ESTRATEGICS_2020-2024-1024x647.png 1024w, https:\/\/www.tauli.cat\/institut\/wp-content\/uploads\/2021\/04\/EIXOS-ESTRATEGICS_2020-2024-300x190.png 300w, https:\/\/www.tauli.cat\/institut\/wp-content\/uploads\/2021\/04\/EIXOS-ESTRATEGICS_2020-2024-1200x758.png 1200w, https:\/\/www.tauli.cat\/institut\/wp-content\/uploads\/2021\/04\/EIXOS-ESTRATEGICS_2020-2024-768x485.png 768w, https:\/\/www.tauli.cat\/institut\/wp-content\/uploads\/2021\/04\/EIXOS-ESTRATEGICS_2020-2024.png 1214w\" sizes=\"(max-width: 1024px) 100vw, 1024px\" \/>[\/vc_column_text][\/vc_tta_section][vc_tta_section title=&#8221;Hist\u00f2ria&#8221; tab_id=&#8221;Historia&#8221;][vc_column_text css=&#8221;&#8221;]\n<h2>Hist\u00f2ria<\/h2>\n<p>L\u2019any 1993, les entitats M\u00fatua Sabadellenca i Caixa d\u2019Estalvis de Sabadell van crear la <strong>Fundaci\u00f3 Parc Taul\u00ed<\/strong> amb l\u2019objecte de potenciar la doc\u00e8ncia, la recerca i la innovaci\u00f3 entre els professionals del Parc Taul\u00ed, tant des de l\u2019\u00f2ptica cientificom\u00e8dica com des de la gesti\u00f3 i organitzaci\u00f3 de l\u2019activitat assistencial.<\/p>\n<div class=\"eut-container \">\n<div id=\"eut-content-area\">\n<div id=\"page-7360\" class=\"post-7360 page type-page status-publish hentry\">\n<p>La Fundaci\u00f3 Parc Taul\u00ed, conjuntament amb el Consorci Corporaci\u00f3 Sanit\u00e0ria Parc Taul\u00ed, la UDIAT Centre de Diagn\u00f2stic, Sabadell Gent Gran Centre de Serveis i la Universitat Aut\u00f2noma de Barcelona (UAB), va constituir l\u2019<strong>Institut d\u2019Investigaci\u00f3 i Innovaci\u00f3 Parc Taul\u00ed<\/strong> (<strong>I3PT<\/strong>) l\u2019any 2015. Aquesta fita va ser possible gr\u00e0cies a la integraci\u00f3 de l\u2019excel\u00b7l\u00e8ncia en el coneixement i la capacitat innovadora i de millora dels grups de recerca biom\u00e8dica, integrats en les l\u00ednies de recerca i pertanyents a les entitats constituents de l\u2019institut.<\/p>\n<p>La Fundaci\u00f3 va ser origin\u00e0riament l\u2019entitat gestora de l\u2019Institut d\u2019Investigaci\u00f3 i Innovaci\u00f3 Parc Taul\u00ed (I3PT), que va posar a disposici\u00f3 l\u2019estructura necess\u00e0ria per portar a terme la finalitat de l\u2019institut des dels seus inicis al 2015. Sis anys despr\u00e9s, al desembre de 2021, es va aprovar una reforma estatut\u00e0ria que va permetre que l\u2019I3PT es consolid\u00e9s com a entitat amb personalitat jur\u00eddica pr\u00f2pia mitjan\u00e7ant la integraci\u00f3 dels seus objectius en els \u00e0mbits d\u2019actuaci\u00f3 i competencials de la Fundaci\u00f3 Parc Taul\u00ed, que va passar a denominar-se<strong> Fundaci\u00f3 Institut d\u2019Investigaci\u00f3 i Innovaci\u00f3 Parc Taul\u00ed<\/strong>.<\/p>\n<p>El treball per a l\u2019excel\u00b7l\u00e8ncia cient\u00edfica i per a la construcci\u00f3 d\u2019un model de recerca i innovaci\u00f3 autosostenible i generador de potencial de negoci han sigut, des d\u2019un inici, els eixos sobre els quals pivota l\u2019activitat de l\u2019I3PT.<\/p>\n<p>L\u2019institut est\u00e0 comprom\u00e8s amb el seus personal investigador, amb la comunitat cient\u00edfica i amb el territori. En aquest sentit, incorpora empreses, centres tecnol\u00f2gics, centre de coneixement i la universitat de refer\u00e8ncia, la UAB, en el seu model, conformant un veritable ecosistema de la recerca i la innovaci\u00f3.<\/p>\n<p>Valors com creativitat, treball en equip, excel\u00b7l\u00e8ncia, transversalitat i cooperaci\u00f3 impregnen el treball i la cultura d\u2019empresa i suporten la veritable for\u00e7a motriu de tota aquesta activitat: el coneixement i la motivaci\u00f3 dels professionals en la cerca de m\u00e8todes i eines que ajudin a una millora de la salut de les persones.<\/p>\n<p>Tot aix\u00f2 \u00e9s possible gr\u00e0cies al suport dels \u00f2rgans de govern i de la direcci\u00f3 de la <strong>Corporaci\u00f3 Sanit\u00e0ria Parc Taul\u00ed<\/strong>, aix\u00ed com al treball i la il\u00b7lusi\u00f3 dels seus professionals.<\/p>\n<p>Una de les fites m\u00e9s rellevants dels darrers anys per a l\u2019I3PT ha sigut el seu <strong>reconeixement com a centre CERCA<\/strong> l\u2019any 2021 i el 2024. Aquest fet implica formar part de l\u2019estructura de recerca de Catalunya, com a centre de recerca de qualitat i gesti\u00f3 efica\u00e7 i eficient, amb un model de governan\u00e7a que permeti assolir est\u00e0ndards d\u2019excel\u00b7l\u00e8ncia i, alhora, accedir a nous recursos econ\u00f2mics que permetin continuar avan\u00e7ant amb el desenvolupament cient\u00edfic de l\u2019I3PT.<\/p>\n<p>Aix\u00ed mateix, des del 2023, l&#8217;institut compte amb l&#8217;<strong>acreditaci\u00f3 del Ministerio de Ciencia e Innovaci\u00f3n com a Instituto de Investigaci\u00f3n Sanitaria<\/strong>. Es tracta d\u2019una de les acreditacions m\u00e9s prestigioses i de m\u00e9s valor atorgades a les entitats de recerca en salut, i \u00e9s un reconeixement a l\u2019excel\u00b7l\u00e8ncia dels resultats cient\u00edfics, i dels retorns beneficiosos en l\u2019\u00e0mbit assistencial, social i econ\u00f2mic de la investigaci\u00f3 i la innovaci\u00f3 duta a terme per l\u2019entitat.<\/p>\n<\/div>\n<\/div>\n<\/div>\n[\/vc_column_text]<div class=\"eut-element eut-video\" style=\"\"><div class=\"eut-privacy-fallback-content eut-align-center\"><div class=\"eut-privacy-fallback-inner\"><img class=\"eut-privacy-fallback-icon\" src=\"https:\/\/www.tauli.cat\/institut\/wp-content\/themes\/corpus\/images\/privacy\/youtube-icon.png\" alt=\"YouTube\">This content is blocked. Please review your Privacy Preferences.<div class=\"clear\"><\/div><a href=\"#\" class=\"eut-privacy-popup-btn\">Editar privacitat<\/a> \/ <a href=\"https:\/\/youtu.be\/u57cjbW_EPs\" target=\"_blank\" rel=\"noopener noreferrer\">YouTube<\/a><\/div><\/div><\/div>[\/vc_tta_section][\/vc_tta_tour][\/vc_column][\/vc_row]\n<\/div>","protected":false},"excerpt":{"rendered":"<p>[vc_row][vc_column][vc_tta_tour][vc_tta_section title=&#8221;Introducci\u00f3&#8221; tab_id=&#8221;introduccio&#8221;][vc_column_text css=&#8221;&#8221;] Introducci\u00f3 La Fundaci\u00f3 Institut d\u2019Investigaci\u00f3 i Innovaci\u00f3 Parc Taul\u00ed (I3PT) \u00e9s l\u2019entitat que impulsa, coordina i potencia l\u2019activitat de recerca i innovaci\u00f3 vinculada al Parc Taul\u00ed. Neix de la traject\u00f2ria compartida i del treball conjunt de cinc entitats: la Corporaci\u00f3 Sanit\u00e0ria Parc Taul\u00ed, la Fundaci\u00f3 Parc Taul\u00ed, UDIAT Centre de Diagn\u00f2stic [&hellip;]<\/p>\n","protected":false},"author":1,"featured_media":0,"parent":0,"menu_order":0,"comment_status":"closed","ping_status":"closed","template":"","meta":[],"_links":{"self":[{"href":"https:\/\/www.tauli.cat\/institut\/wp-json\/wp\/v2\/pages\/2906"}],"collection":[{"href":"https:\/\/www.tauli.cat\/institut\/wp-json\/wp\/v2\/pages"}],"about":[{"href":"https:\/\/www.tauli.cat\/institut\/wp-json\/wp\/v2\/types\/page"}],"author":[{"embeddable":true,"href":"https:\/\/www.tauli.cat\/institut\/wp-json\/wp\/v2\/users\/1"}],"replies":[{"embeddable":true,"href":"https:\/\/www.tauli.cat\/institut\/wp-json\/wp\/v2\/comments?post=2906"}],"version-history":[{"count":37,"href":"https:\/\/www.tauli.cat\/institut\/wp-json\/wp\/v2\/pages\/2906\/revisions"}],"predecessor-version":[{"id":22392,"href":"https:\/\/www.tauli.cat\/institut\/wp-json\/wp\/v2\/pages\/2906\/revisions\/22392"}],"wp:attachment":[{"href":"https:\/\/www.tauli.cat\/institut\/wp-json\/wp\/v2\/media?parent=2906"}],"curies":[{"name":"wp","href":"https:\/\/api.w.org\/{rel}","templated":true}]}}