{"id":2913,"date":"2020-05-27T13:12:21","date_gmt":"2020-05-27T11:12:21","guid":{"rendered":"http:\/\/www.tauli.cat\/institut\/?page_id=2913"},"modified":"2022-07-21T14:00:06","modified_gmt":"2022-07-21T12:00:06","slug":"docencia","status":"publish","type":"page","link":"https:\/\/www.tauli.cat\/institut\/docencia\/","title":{"rendered":"Doc\u00e8ncia"},"content":{"rendered":"<div class=\"wpb-content-wrapper\">[vc_row][vc_column width=&#8221;1\/2&#8243;][vc_column_text]\n<h2>La doc\u00e8ncia al Taul\u00ed<\/h2>\n<h5>Missi\u00f3<\/h5>\n<p>El Comit\u00e8 Institucional de Doc\u00e8ncia (CID) \u00e9s l\u2019\u00f2rgan institucional encarregatde definir, promoure, coordinar i avaluar les <strong>pol\u00edtiques de doc\u00e8ncia de grau i postgrau<\/strong> en l\u2019\u00e0mbit del CCSPT, afavorir i divulgar els <strong>coneixements dels nostres professionals<\/strong>, dins i fora del CCSPT, i implementar <strong>activitats de doc\u00e8ncia<\/strong> d\u2019acord amb els objectius institucionals i el marc de desenvolupament professional.<\/p>\n<p>Aix\u00ed mateix, \u00e9s un <strong>\u00f2rgan de transmissi\u00f3 de l\u2019opini\u00f3 professional<\/strong> i s\u2019ha de coordinar amb la resta de comit\u00e8s institucionals a trav\u00e9s del Comit\u00e8 de Qualitat\/Consell Professional.<\/p>\n<h5>Funcions<\/h5>\n<ul>\n<li>Disseny d\u2019estrat\u00e8gies de col\u00b7laboraci\u00f3 amb la universitat i altres institucions docents o cient\u00edfiques.<\/li>\n<li>Promoci\u00f3 de les activitats de doc\u00e8ncia al CCSPT.<\/li>\n<li>Coordinaci\u00f3 de les diferents iniciatives d\u2019activitats docents per fer-les coherents amb els marcs de refer\u00e8ncia institucionals.<\/li>\n<li>Procurar el m\u00e0xim grau d\u2019integraci\u00f3 de les activitats de doc\u00e8ncia dins les assistencials i de recerca, de manera que s\u2019estableixin sinergies m\u00fatues.<\/li>\n<li>Desenvolupar activitats docents per traslladar el nostre model institucional i incrementar la influ\u00e8ncia de la instituci\u00f3 en el sector.<\/li>\n<li>Articular mecanismes perqu\u00e8 la participaci\u00f3 dels professionals en activitats docents sigui un element v\u00e0lid pel seu desenvolupament professional.<\/li>\n<\/ul>\n<h5>Funcionament<\/h5>\n<p>Cadascun dels membres del CID \u00e9s responsable del desenvolupament d\u2019una \u00e0rea espec\u00edfica de la Doc\u00e8ncia del CCSPT per cobrir els diferents \u00e0mbits d\u2019actuaci\u00f3 docent: grau, postgrau, cursos, convenis, projecci\u00f3 externa de la doc\u00e8ncia i model conceptual de formaci\u00f3 sanit\u00e0ria especialitzada (FSE).<\/p>\n<h5><\/h5>\n[\/vc_column_text][\/vc_column][vc_column width=&#8221;1\/2&#8243;][vc_column_text]<ul id=\"menu-main-menu\" class=\"menu menu-page-shortcode quart\"><li id=\"menu-item-2919\" class=\"menu-item menu-item-type-post_type menu-item-object-page menu-item-has-children menu-item-2919\"><a href=\"https:\/\/www.tauli.cat\/institut\/presentacio\/\">L\u2019Institut<\/a>\n<ul class=\"sub-menu\">\n\t<li id=\"menu-item-2843\" class=\"menu-item menu-item-type-post_type menu-item-object-page menu-item-2843\"><a href=\"https:\/\/www.tauli.cat\/institut\/presentacio\/i3pt-en-xifres\/\">I3PT en xifres<\/a><\/li>\n\t<li id=\"menu-item-3534\" class=\"menu-item menu-item-type-post_type menu-item-object-page menu-item-3534\"><a href=\"https:\/\/www.tauli.cat\/institut\/presentacio\/estructura-organitzativa\/\">Estructura organitzativa<\/a><\/li>\n\t<li id=\"menu-item-21390\" class=\"menu-item menu-item-type-post_type menu-item-object-page menu-item-21390\"><a href=\"https:\/\/www.tauli.cat\/institut\/talent\/\">Talent<\/a><\/li>\n\t<li id=\"menu-item-79\" class=\"menu-item menu-item-type-post_type menu-item-object-page menu-item-79\"><a href=\"https:\/\/www.tauli.cat\/institut\/presentacio\/certificacions-i-reconeixements\/\">Certificacions i reconeixements<\/a><\/li>\n\t<li id=\"menu-item-19041\" class=\"menu-item menu-item-type-post_type menu-item-object-page menu-item-19041\"><a href=\"https:\/\/www.tauli.cat\/institut\/portal-de-transparencia\/\">Portal de transpar\u00e8ncia<\/a><\/li>\n\t<li id=\"menu-item-78\" class=\"menu-item menu-item-type-post_type menu-item-object-page menu-item-78\"><a href=\"https:\/\/www.tauli.cat\/institut\/presentacio\/memoria-cientifica\/\">Mem\u00f2ria cient\u00edfica<\/a><\/li>\n\t<li id=\"menu-item-6476\" class=\"menu-item menu-item-type-post_type menu-item-object-page menu-item-6476\"><a href=\"https:\/\/www.tauli.cat\/institut\/presentacio\/balanc-social\/\">Balan\u00e7 social<\/a><\/li>\n\t<li id=\"menu-item-16886\" class=\"menu-item menu-item-type-post_type menu-item-object-page menu-item-16886\"><a href=\"https:\/\/www.tauli.cat\/institut\/ciencia-oberta-i-societat\/\">Ci\u00e8ncia Oberta i RRI<\/a><\/li>\n<\/ul>\n<\/li>\n<li id=\"menu-item-2922\" class=\"menu-item menu-item-type-post_type menu-item-object-page menu-item-has-children menu-item-2922\"><a href=\"https:\/\/www.tauli.cat\/institut\/recerca\/\">Recerca<\/a>\n<ul class=\"sub-menu\">\n\t<li id=\"menu-item-96\" class=\"menu-item menu-item-type-post_type menu-item-object-page menu-item-has-children menu-item-96\"><a href=\"https:\/\/www.tauli.cat\/institut\/recerca\/arees\/\">\u00c0rees de recerca<\/a>\n\t<ul class=\"sub-menu\">\n\t\t<li id=\"menu-item-114\" class=\"menu-item menu-item-type-post_type menu-item-object-page menu-item-114\"><a href=\"https:\/\/www.tauli.cat\/institut\/recerca\/arees\/cancer\/\">C\u00e0ncer<\/a><\/li>\n\t\t<li id=\"menu-item-258\" class=\"menu-item menu-item-type-post_type menu-item-object-page menu-item-258\"><a href=\"https:\/\/www.tauli.cat\/institut\/recerca\/arees\/neurociencies-i-salut-mental\/\">Salut Mental i Neuroci\u00e8ncies<\/a><\/li>\n\t\t<li id=\"menu-item-466\" class=\"menu-item menu-item-type-post_type menu-item-object-page menu-item-466\"><a href=\"https:\/\/www.tauli.cat\/institut\/recerca\/arees\/inflamacio-immunologia-i-metabolisme\/\">Metabolisme i Digestiu<\/a><\/li>\n\t\t<li id=\"menu-item-490\" class=\"menu-item menu-item-type-post_type menu-item-object-page menu-item-490\"><a href=\"https:\/\/www.tauli.cat\/institut\/recerca\/arees\/malalties-minoritaries\/\">Malalties Minorit\u00e0ries<\/a><\/li>\n\t\t<li id=\"menu-item-478\" class=\"menu-item menu-item-type-post_type menu-item-object-page menu-item-478\"><a href=\"https:\/\/www.tauli.cat\/institut\/recerca\/arees\/epidemiologia-millora-assistencial-i-cronicitat\/\">Epidemiologia, Millora Assistencial i Cronicitat<\/a><\/li>\n\t\t<li id=\"menu-item-5376\" class=\"menu-item menu-item-type-post_type menu-item-object-page menu-item-5376\"><a href=\"https:\/\/www.tauli.cat\/institut\/recerca\/arees\/infeccions-i-immunologia\/\">Infeccions i Immunologia<\/a><\/li>\n\t\t<li id=\"menu-item-5377\" class=\"menu-item menu-item-type-post_type menu-item-object-page menu-item-5377\"><a href=\"https:\/\/www.tauli.cat\/institut\/recerca\/arees\/cirurgia-i-procediments-intervencionistes\/\">Cirurgia i Procediments Intervencionistes<\/a><\/li>\n\t<\/ul>\n<\/li>\n\t<li id=\"menu-item-373\" class=\"menu-item menu-item-type-post_type menu-item-object-page menu-item-373\"><a href=\"https:\/\/www.tauli.cat\/institut\/recerca\/cei-ceim\/\">Comit\u00e8 d\u2019\u00c8tica de la Investigaci\u00f3 (CEI \/ CEIm)<\/a><\/li>\n\t<li id=\"menu-item-2877\" class=\"menu-item menu-item-type-post_type menu-item-object-page menu-item-2877\"><a href=\"https:\/\/www.tauli.cat\/institut\/recerca\/convocatories-intramurals\/\">Convocat\u00f2ries intramurals<\/a><\/li>\n\t<li id=\"menu-item-2880\" class=\"menu-item menu-item-type-post_type menu-item-object-page menu-item-2880\"><a href=\"https:\/\/www.tauli.cat\/institut\/recerca\/collaboracions-externes\/\">Col\u00b7laboracions externes<\/a><\/li>\n\t<li id=\"menu-item-135\" class=\"menu-item menu-item-type-post_type menu-item-object-page menu-item-135\"><a href=\"https:\/\/www.tauli.cat\/institut\/recerca\/grups-de-recerca-agaur\/\">Grups de recerca AGAUR<\/a><\/li>\n<\/ul>\n<\/li>\n<li id=\"menu-item-2923\" class=\"menu-item menu-item-type-post_type menu-item-object-page menu-item-has-children menu-item-2923\"><a href=\"https:\/\/www.tauli.cat\/institut\/innovacio\/\">Innovaci\u00f3<\/a>\n<ul class=\"sub-menu\">\n\t<li id=\"menu-item-878\" class=\"menu-item menu-item-type-post_type menu-item-object-page menu-item-878\"><a href=\"https:\/\/www.tauli.cat\/institut\/innovacio\/oferta-tecnologica\/\">Oferta tecnol\u00f2gica<\/a><\/li>\n\t<li id=\"menu-item-3190\" class=\"menu-item menu-item-type-post_type menu-item-object-page menu-item-3190\"><a href=\"https:\/\/www.tauli.cat\/institut\/innovacio\/vigilancia-tecnologica\/\">Vigil\u00e0ncia tecnol\u00f2gica<\/a><\/li>\n\t<li id=\"menu-item-867\" class=\"menu-item menu-item-type-post_type menu-item-object-page menu-item-867\"><a href=\"https:\/\/www.tauli.cat\/institut\/innovacio\/casos-exit\/\">Casos d\u2019\u00e8xit<\/a><\/li>\n\t<li id=\"menu-item-5791\" class=\"menu-item menu-item-type-post_type menu-item-object-page menu-item-5791\"><a href=\"https:\/\/www.tauli.cat\/institut\/innovacio\/programes-acompanyament\/\">Programes d\u2019acompanyament<\/a><\/li>\n<\/ul>\n<\/li>\n<li id=\"menu-item-2921\" class=\"menu-item menu-item-type-post_type menu-item-object-page menu-item-has-children menu-item-2921\"><a href=\"https:\/\/www.tauli.cat\/institut\/docencia\/\">Doc\u00e8ncia<\/a>\n<ul class=\"sub-menu\">\n\t<li id=\"menu-item-964\" class=\"menu-item menu-item-type-post_type menu-item-object-page menu-item-964\"><a href=\"https:\/\/www.tauli.cat\/institut\/docencia\/postgrau\/\">Cursos de postgrau<\/a><\/li>\n\t<li id=\"menu-item-2883\" class=\"menu-item menu-item-type-post_type menu-item-object-page menu-item-2883\"><a href=\"https:\/\/www.tauli.cat\/institut\/docencia\/practiques\/\">Estades docents i d\u2019investigaci\u00f3<\/a><\/li>\n\t<li id=\"menu-item-21927\" class=\"menu-item menu-item-type-post_type menu-item-object-page menu-item-21927\"><a href=\"https:\/\/www.tauli.cat\/institut\/biblioteca\/\">Biblioteca<\/a><\/li>\n\t<li id=\"menu-item-7427\" class=\"menu-item menu-item-type-post_type menu-item-object-page menu-item-7427\"><a href=\"https:\/\/www.tauli.cat\/institut\/docencia\/cicles-de-conferencies-cientifiques\/\">Cicles de Confer\u00e8ncies Cient\u00edfiques<\/a><\/li>\n\t<li id=\"menu-item-18775\" class=\"menu-item menu-item-type-post_type menu-item-object-page menu-item-has-children menu-item-18775\"><a href=\"https:\/\/www.tauli.cat\/institut\/docencia\/tauli-health-artificial-intelligence-week\/\">Taul\u00ed Health Artificial Intelligence Week<\/a>\n\t<ul class=\"sub-menu\">\n\t\t<li id=\"menu-item-18768\" class=\"menu-item menu-item-type-post_type menu-item-object-page menu-item-18768\"><a href=\"https:\/\/www.tauli.cat\/institut\/tauli-health-artificial-intelligence-symposium-thais\/\">Taul\u00ed Health Artificial Intelligence Symposium \u2013 THAIS<\/a><\/li>\n\t<\/ul>\n<\/li>\n<\/ul>\n<\/li>\n<li id=\"menu-item-2920\" class=\"menu-item menu-item-type-post_type menu-item-object-page menu-item-has-children menu-item-2920\"><a href=\"https:\/\/www.tauli.cat\/institut\/projectes-i-xarxes\/\">Projectes i xarxes<\/a>\n<ul class=\"sub-menu\">\n\t<li id=\"menu-item-6106\" class=\"menu-item menu-item-type-post_type menu-item-object-page menu-item-6106\"><a href=\"https:\/\/www.tauli.cat\/institut\/projectes-i-xarxes\/projectes-destacats\/\">Projectes destacats<\/a><\/li>\n\t<li id=\"menu-item-172\" class=\"menu-item menu-item-type-post_type menu-item-object-page menu-item-172\"><a href=\"https:\/\/www.tauli.cat\/institut\/projectes-i-xarxes\/projectes-financats\/\">Projectes finan\u00e7ats<\/a><\/li>\n\t<li id=\"menu-item-331\" class=\"menu-item menu-item-type-post_type menu-item-object-page menu-item-331\"><a href=\"https:\/\/www.tauli.cat\/institut\/projectes-i-xarxes\/xarxes\/\">Xarxes<\/a><\/li>\n<\/ul>\n<\/li>\n<li id=\"menu-item-2313\" class=\"menu-item menu-item-type-post_type menu-item-object-page menu-item-has-children menu-item-2313\"><a href=\"https:\/\/www.tauli.cat\/institut\/plataformes-i-serveis\/\">Plataformes i serveis<\/a>\n<ul class=\"sub-menu\">\n\t<li id=\"menu-item-2314\" class=\"menu-item menu-item-type-custom menu-item-object-custom menu-item-has-children menu-item-2314\"><a href=\"https:\/\/www.tauli.cat\/institut\/plataformes-i-serveis\/#cientificotecnics-biobanc\">Serveis cientificot\u00e8cnics i Biobanc<\/a>\n\t<ul class=\"sub-menu\">\n\t\t<li id=\"menu-item-5354\" class=\"menu-item menu-item-type-post_type menu-item-object-page menu-item-5354\"><a href=\"https:\/\/www.tauli.cat\/institut\/plataformes-i-serveis\/plataformes-cientifiques\/\">Plataformes cient\u00edfiques<\/a><\/li>\n\t\t<li id=\"menu-item-5350\" class=\"menu-item menu-item-type-post_type menu-item-object-page menu-item-5350\"><a href=\"https:\/\/www.tauli.cat\/institut\/plataformes-i-serveis\/biobanc\/\">Biobanc<\/a><\/li>\n\t<\/ul>\n<\/li>\n\t<li id=\"menu-item-2315\" class=\"menu-item menu-item-type-custom menu-item-object-custom menu-item-has-children menu-item-2315\"><a href=\"https:\/\/www.tauli.cat\/institut\/plataformes-i-serveis\/#laboratoris-tecnologics\">Laboratoris tecnol\u00f2gics<\/a>\n\t<ul class=\"sub-menu\">\n\t\t<li id=\"menu-item-5950\" class=\"menu-item menu-item-type-post_type menu-item-object-page menu-item-5950\"><a href=\"https:\/\/www.tauli.cat\/institut\/plataformes-i-serveis\/laboratori-3d\/\">Laboratori 3D<\/a><\/li>\n\t\t<li id=\"menu-item-5352\" class=\"menu-item menu-item-type-post_type menu-item-object-page menu-item-5352\"><a href=\"https:\/\/www.tauli.cat\/institut\/plataformes-i-serveis\/laboratori-imatge-medica-digital\/\">Laboratori d\u2019Imatge M\u00e8dica Digital<\/a><\/li>\n\t\t<li id=\"menu-item-5353\" class=\"menu-item menu-item-type-post_type menu-item-object-page menu-item-5353\"><a href=\"https:\/\/www.tauli.cat\/institut\/plataformes-i-serveis\/laboratori-senyals\/\">Laboratori de Senyals<\/a><\/li>\n\t\t<li id=\"menu-item-5344\" class=\"menu-item menu-item-type-post_type menu-item-object-page menu-item-5344\"><a href=\"https:\/\/www.tauli.cat\/institut\/plataformes-i-serveis\/simulacio-parc-tauli\/\">Laboratori de Simulaci\u00f3 Parc Taul\u00ed (SimPT)<\/a><\/li>\n\t<\/ul>\n<\/li>\n\t<li id=\"menu-item-2316\" class=\"menu-item menu-item-type-custom menu-item-object-custom menu-item-has-children menu-item-2316\"><a href=\"https:\/\/www.tauli.cat\/institut\/plataformes-i-serveis\/#suport\">Unitats de suport<\/a>\n\t<ul class=\"sub-menu\">\n\t\t<li id=\"menu-item-5355\" class=\"menu-item menu-item-type-post_type menu-item-object-page menu-item-5355\"><a href=\"https:\/\/www.tauli.cat\/institut\/recerca\/cei-ceim\/\">Comit\u00e8 d\u2019\u00c8tica de la Investigaci\u00f3 (CEI \/ CEIm)<\/a><\/li>\n\t\t<li id=\"menu-item-5346\" class=\"menu-item menu-item-type-post_type menu-item-object-page menu-item-5346\"><a href=\"https:\/\/www.tauli.cat\/institut\/plataformes-i-serveis\/unitat-assajos-clinics\/\">Unitat d\u2019Assajos Cl\u00ednics<\/a><\/li>\n\t\t<li id=\"menu-item-5347\" class=\"menu-item menu-item-type-post_type menu-item-object-page menu-item-5347\"><a href=\"https:\/\/www.tauli.cat\/institut\/plataformes-i-serveis\/unitat-innovacio\/\">Unitat d\u2019Innovaci\u00f3<\/a><\/li>\n\t\t<li id=\"menu-item-5348\" class=\"menu-item menu-item-type-post_type menu-item-object-page menu-item-5348\"><a href=\"https:\/\/www.tauli.cat\/institut\/plataformes-i-serveis\/unitat-de-projectes\/\">Unitat de Projectes<\/a><\/li>\n\t\t<li id=\"menu-item-5349\" class=\"menu-item menu-item-type-post_type menu-item-object-page menu-item-5349\"><a href=\"https:\/\/www.tauli.cat\/institut\/plataformes-i-serveis\/produccio-cientifica\/\">Unitat de Producci\u00f3 Cient\u00edfica i Ci\u00e8ncia Oberta<\/a><\/li>\n\t\t<li id=\"menu-item-5345\" class=\"menu-item menu-item-type-post_type menu-item-object-page menu-item-5345\"><a href=\"https:\/\/www.tauli.cat\/institut\/plataformes-i-serveis\/unitat-administracio\/\">Unitat d\u2019Administraci\u00f3<\/a><\/li>\n\t<\/ul>\n<\/li>\n\t<li id=\"menu-item-3127\" class=\"menu-item menu-item-type-post_type menu-item-object-page menu-item-3127\"><a href=\"https:\/\/www.tauli.cat\/institut\/presentacio\/tarifes\/\">Tarifes<\/a><\/li>\n\t<li id=\"menu-item-14175\" class=\"menu-item menu-item-type-custom menu-item-object-custom menu-item-14175\"><a href=\"https:\/\/www.tauli.cat\/institut\/sala-de-premsa\/\">Sala de premsa<\/a><\/li>\n<\/ul>\n<\/li>\n<li id=\"menu-item-21401\" class=\"top-menu contacte menu-item menu-item-type-post_type menu-item-object-page menu-item-21401\"><a href=\"https:\/\/www.tauli.cat\/institut\/talent\/\">Treballa amb nosaltres<\/a><\/li>\n<li id=\"menu-item-1759\" class=\"top-menu noticies menu-item menu-item-type-taxonomy menu-item-object-category menu-item-1759\"><a href=\"https:\/\/www.tauli.cat\/institut\/.\/actualitat\/\">Actualitat<\/a><\/li>\n<li id=\"menu-item-571\" class=\"top-menu colabora menu-item menu-item-type-post_type menu-item-object-page menu-item-has-children menu-item-571\"><a href=\"https:\/\/www.tauli.cat\/institut\/colabora\/\">Col\u00b7labora<\/a>\n<ul class=\"sub-menu\">\n\t<li id=\"menu-item-5358\" class=\"menu-item menu-item-type-post_type menu-item-object-page menu-item-5358\"><a href=\"https:\/\/www.tauli.cat\/institut\/colabora\/donacio\/\">Fes la teva donaci\u00f3<\/a><\/li>\n\t<li id=\"menu-item-5356\" class=\"menu-item menu-item-type-post_type menu-item-object-page menu-item-5356\"><a href=\"https:\/\/www.tauli.cat\/institut\/colabora\/beneficis-fiscals\/\">Beneficis fiscals<\/a><\/li>\n\t<li id=\"menu-item-5357\" class=\"menu-item menu-item-type-post_type menu-item-object-page menu-item-5357\"><a href=\"https:\/\/www.tauli.cat\/institut\/colabora\/donacio\/certificat\/\">Certificat de donaci\u00f3<\/a><\/li>\n<\/ul>\n<\/li>\n<\/ul>[\/vc_column_text][vc_column_text][\/vc_column_text][\/vc_column][\/vc_row]\n<\/div>","protected":false},"excerpt":{"rendered":"<p>[vc_row][vc_column width=&#8221;1\/2&#8243;][vc_column_text] La doc\u00e8ncia al Taul\u00ed Missi\u00f3 El Comit\u00e8 Institucional de Doc\u00e8ncia (CID) \u00e9s l\u2019\u00f2rgan institucional encarregatde definir, promoure, coordinar i avaluar les pol\u00edtiques de doc\u00e8ncia de grau i postgrau en l\u2019\u00e0mbit del CCSPT, afavorir i divulgar els coneixements dels nostres professionals, dins i fora del CCSPT, i implementar activitats de doc\u00e8ncia d\u2019acord amb els [&hellip;]<\/p>\n","protected":false},"author":1,"featured_media":0,"parent":0,"menu_order":0,"comment_status":"closed","ping_status":"closed","template":"","meta":[],"_links":{"self":[{"href":"https:\/\/www.tauli.cat\/institut\/wp-json\/wp\/v2\/pages\/2913"}],"collection":[{"href":"https:\/\/www.tauli.cat\/institut\/wp-json\/wp\/v2\/pages"}],"about":[{"href":"https:\/\/www.tauli.cat\/institut\/wp-json\/wp\/v2\/types\/page"}],"author":[{"embeddable":true,"href":"https:\/\/www.tauli.cat\/institut\/wp-json\/wp\/v2\/users\/1"}],"replies":[{"embeddable":true,"href":"https:\/\/www.tauli.cat\/institut\/wp-json\/wp\/v2\/comments?post=2913"}],"version-history":[{"count":5,"href":"https:\/\/www.tauli.cat\/institut\/wp-json\/wp\/v2\/pages\/2913\/revisions"}],"predecessor-version":[{"id":8498,"href":"https:\/\/www.tauli.cat\/institut\/wp-json\/wp\/v2\/pages\/2913\/revisions\/8498"}],"wp:attachment":[{"href":"https:\/\/www.tauli.cat\/institut\/wp-json\/wp\/v2\/media?parent=2913"}],"curies":[{"name":"wp","href":"https:\/\/api.w.org\/{rel}","templated":true}]}}