{"id":3,"date":"2019-10-25T13:06:48","date_gmt":"2019-10-25T11:06:48","guid":{"rendered":"http:\/\/www.tauli.cat\/institut\/?page_id=3"},"modified":"2025-12-17T10:01:50","modified_gmt":"2025-12-17T09:01:50","slug":"privacitat","status":"publish","type":"page","link":"https:\/\/www.tauli.cat\/institut\/privacitat\/","title":{"rendered":"Privacitat"},"content":{"rendered":"<div class=\"wpb-content-wrapper\">[vc_row][vc_column][vc_tta_tour][vc_tta_section title=&#8221;Informaci\u00f3 sobre protecci\u00f3 de dades&#8221; tab_id=&#8221;1659603388117-4b02bda0-8afc&#8221;][vc_column_text css=&#8221;&#8221;]\n<h2>Informaci\u00f3 sobre protecci\u00f3 de dades<\/h2>\n<h3>Informaci\u00f3 b\u00e0sica<\/h3>\n<h4>Responsable de tractament<\/h4>\n<p>Fundaci\u00f3 Institut d&#8217;Investigaci\u00f3 i Innovaci\u00f3 Parc Taul\u00ed.<\/p>\n<h4>Finalitat del tractament<\/h4>\n<p>Diverses que es detallen en l&#8217;apartat d<a href=\"#infadicional\">&#8216;informaci\u00f3 addicional<\/a>.<\/p>\n<h4>Legitimaci\u00f3 del tractament<\/h4>\n<p>Legislaci\u00f3 m\u00e9s important:<\/p>\n<ul>\n<li>Llei Org\u00e0nica 3\/2018, de 5 de desembre, de Protecci\u00f3 de Dades Personals i garantia dels drets digitals.<\/li>\n<li>Reglament 2016\/679 del Parlament Europeu relatiu a la protecci\u00f3 de les persones f\u00edsiques pel que respecta al tractament de dades personals i a la lliure circulaci\u00f3 d\u2019aquestes dades.<\/li>\n<\/ul>\n<p>En cada activitat de tractament es detalla, si hi ha altra legislaci\u00f3 a tenir en compte.<\/p>\n<h4>Destinataris<\/h4>\n<p>No es cediran les dades a tercers excepte obligaci\u00f3 legal o necessitats espec\u00edfiques de tractament de dades. El detall est\u00e0 en cada activitat de tractament.<\/p>\n<h4>Drets<\/h4>\n<p>Informaci\u00f3, Acc\u00e9s, Rectificaci\u00f3, Supressi\u00f3, Limitaci\u00f3, Portabilitat i Oposici\u00f3, com s&#8217;explica en la <a href=\"#infadicional\">informaci\u00f3 addicional<\/a>.<\/p>\n<p>Pot exercir els seus drets a trav\u00e9s del Delegat de Protecci\u00f3 de Dades.<\/p>\n<h4>Delegat de Protecci\u00f3 de dades<\/h4>\n<p><span class=\"ui-provider a b c d e f g h i j k l m n o p q r s t u v w x y z ab ac ae af ag ah ai aj ak\" dir=\"ltr\">Oficina del DPD de Salut<\/span><\/p>\n<p><strong>Fundaci\u00f3 TIC Salut Social<\/strong><\/p>\n<p>Departament de Salut<br \/>\nGeneralitat de Catalunya<\/p>\n<p><strong>Edifici Dr. Josep Salvany<\/strong><\/p>\n<p>C. Roc Boronat, 81-95 | 08005 Barcelona<br \/>\nT. 935 532 642 (de dilluns a divendres, de 10 a 14 hores)<\/p>\n<ul>\n<li><a id=\"menur11t\" class=\"fui-Link ___1rxvrpe f2hkw1w f3rmtva f1ewtqcl fyind8e f1k6fduh f1w7gpdv fk6fouc fjoy568 figsok6 f1hu3pq6 f11qmguv f19f4twv f1tyq0we f1g0x7ka fhxju0i f1qch9an f1cnd47f fqv5qza f1vmzxwi f1o700av f13mvf36 f1cmlufx f9n3di6 f1ids18y f1tx3yz7 f1deo86v f1eh06m1 f1iescvh fhgqx19 f1olyrje f1p93eir f1nev41a f1h8hb77 f1lqvz6u f10aw75t fsle3fq f17ae5zn\" title=\"mailto:dpd@ticsalutsocial.cat\" href=\"mailto:dpd@ticsalutsocial.cat\" target=\"_blank\" rel=\"noreferrer noopener\" aria-label=\"Enlla\u00e7 dpd@ticsalutsocial.cat\">dpd@ticsalutsocial.cat<\/a><\/li>\n<li><a id=\"menur11v\" class=\"fui-Link ___1rxvrpe f2hkw1w f3rmtva f1ewtqcl fyind8e f1k6fduh f1w7gpdv fk6fouc fjoy568 figsok6 f1hu3pq6 f11qmguv f19f4twv f1tyq0we f1g0x7ka fhxju0i f1qch9an f1cnd47f fqv5qza f1vmzxwi f1o700av f13mvf36 f1cmlufx f9n3di6 f1ids18y f1tx3yz7 f1deo86v f1eh06m1 f1iescvh fhgqx19 f1olyrje f1p93eir f1nev41a f1h8hb77 f1lqvz6u f10aw75t fsle3fq f17ae5zn\" title=\"https:\/\/ticsalutsocial.cat\/dpd-salut\/contacte\/\" href=\"https:\/\/ticsalutsocial.cat\/dpd-salut\/contacte\/\" target=\"_blank\" rel=\"noreferrer noopener\" aria-label=\"Enlla\u00e7 https:\/\/ticsalutsocial.cat\/dpd-salut\/contacte\/\">https:\/\/ticsalutsocial.cat\/dpd-salut\/contacte\/<\/a><\/li>\n<\/ul>\n<h3><a name=\"infadicional\"><\/a>Informaci\u00f3 addicional<\/h3>\n<h4>Quina \u00e9s la finalitat del tractament?<\/h4>\n<p>Est\u00e0 detallat en cada activitat de tractament\u00b9.<\/p>\n<h4>Durant quant temps es guardaran les dades?<\/h4>\n<p>Les dades recollides per a les finalitats esmentades anteriorment es conservaran el temps imprescindible que justifica la seva recollida i estan detallades en cada activitat de tractament.<\/p>\n<h4>Quina \u00e9s la legitimaci\u00f3 del tractament?<\/h4>\n<p>Est\u00e0 detallat en cada activitat de tractament.<\/p>\n<h4>A quins destinataris es comunicaran les dades?<\/h4>\n<p>Segons es determina en el detall en cada activitat de tractament.<\/p>\n<p>\u00b9 Inclosa al Registre d&#8217;Activitats de Tractament (RAT)<\/p>\n<h3><a id=\"rat\"><\/a>Registre d&#8217;Activitats de Tractament (RAT)<\/h3>\n<p>El Registre d&#8217;Activitats de Tractament \u00e9s un registre de les diferents operacions que realitzen sobre dades o conjunts de dades personals. \u00c9s conseq\u00fc\u00e8ncia del compliment de l\u2019article 30.1 del Reglament (UE) 679\/2016 del Parlament Europeu i del Consell, de 27 d\u2019abril de 2016, relatiu a la protecci\u00f3 de les persones f\u00edsiques pel que fa al tractament de dades personals i a la lliure circulaci\u00f3 d\u2019aquestes dades (RGPD) i l\u2019article 31 de la Llei org\u00e0nica 3\/2018, de 5 de desembre, de protecci\u00f3 de dades personals i garantia dels drets digitals (LOPDGDD).<\/p>\n<p><a title=\"Enlla\u00e7 al RAT de Fundaci\u00f3 Parc Taul\u00ed - Institutd'Investigaci\u00f3 i Innovaci\u00f3 Parc Taul\u00ed I3PT\" href=\"https:\/\/www.tauli.cat\/institut\/wp-content\/uploads\/2022\/08\/RATFPT.pdf\" target=\"_blank\" rel=\"noopener\">RAT de la Fundaci\u00f3 Institut d&#8217;Investigaci\u00f3 i Innovaci\u00f3 Parc Taul\u00ed (I3PT)<\/a>[\/vc_column_text][\/vc_tta_section][vc_tta_section title=&#8221;Adreces de correu electr\u00f2nic&#8221; tab_id=&#8221;1659605723249-8274d161-a646&#8243;][vc_column_text]Les adreces electr\u00f2niques dels professionals del Consorci Corporaci\u00f3 Sanit\u00e0ria Parc Taul\u00ed de Sabadell que apareixen en aquest web es difonen per facilitar la comunicaci\u00f3 entre professionals i amb els ciutadans. En cap cas per ser emprades per a la difusi\u00f3 de publicitat en qualsevol dels seus formats.[\/vc_column_text][vc_column_text]Les adreces electr\u00f2niques dels professionals del Consorci Corporaci\u00f3 Sanit\u00e0ria Parc Taul\u00ed de Sabadell que apareixen en aquest web es difonen per facilitar la comunicaci\u00f3 entre professionals i amb els ciutadans. En cap cas per ser emprades per a la difusi\u00f3 de publicitat en qualsevol dels seus formats.[\/vc_column_text][\/vc_tta_section][vc_tta_section title=&#8221;Convocat\u00f2ries intramurals&#8221; tab_id=&#8221;convocatories-intramurals&#8221;][vc_column_text]\n<h2><strong>Convocat\u00f2ries intramurals<\/strong><\/h2>\n<p><strong>Responsable del tractament:<\/strong> Fundaci\u00f3 Institut d&#8217;Investigaci\u00f3 i Innovaci\u00f3 Parc Taul\u00ed (I3PT)<br \/>\nPla\u00e7a de la Torre de l&#8217;Aigua, s\/n, 08208 Sabadell<br \/>\n<a id=\"menur6mm\" class=\"fui-Link ___1q1shib f2hkw1w f3rmtva f1ewtqcl fyind8e f1k6fduh f1w7gpdv fk6fouc fjoy568 figsok6 f1s184ao f1mk8lai fnbmjn9 f1o700av f13mvf36 f1cmlufx f9n3di6 f1ids18y f1tx3yz7 f1deo86v f1eh06m1 f1iescvh fhgqx19 f1olyrje f1p93eir f1nev41a f1h8hb77 f1lqvz6u f10aw75t fsle3fq f17ae5zn\" title=\"mailto:juridici3pt@tauli.cat\" href=\"mailto:juridici3pt@tauli.cat\" target=\"_blank\" rel=\"noreferrer noopener\" aria-label=\"Enlla\u00e7 juridici3pt@tauli.cat\">juridici3pt@tauli.cat<\/a><\/p>\n<p><strong>Dades de contacte del delegat de protecci\u00f3 de dades: <\/strong><a id=\"menur6mo\" class=\"fui-Link ___1q1shib f2hkw1w f3rmtva f1ewtqcl fyind8e f1k6fduh f1w7gpdv fk6fouc fjoy568 figsok6 f1s184ao f1mk8lai fnbmjn9 f1o700av f13mvf36 f1cmlufx f9n3di6 f1ids18y f1tx3yz7 f1deo86v f1eh06m1 f1iescvh fhgqx19 f1olyrje f1p93eir f1nev41a f1h8hb77 f1lqvz6u f10aw75t fsle3fq f17ae5zn\" title=\"mailto:dpd@ticsalutsocial.cat\" href=\"mailto:dpd@ticsalutsocial.cat\" target=\"_blank\" rel=\"noreferrer noopener\" aria-label=\"Enlla\u00e7 dpd@ticsalutsocial.cat\">dpd@ticsalutsocial.cat<\/a><\/p>\n<p><strong>Finalitats del tractament: <\/strong>Gesti\u00f3 de la participaci\u00f3 a les convocat\u00f2ries intramurals.<\/p>\n<p><strong>Base jur\u00eddica o legitimaci\u00f3 per al tractament: <\/strong>Consentiment de l&#8217;interessat.<\/p>\n<p><strong>Altres destinataris a qui es comuniquen les dades:<\/strong> En compliment de les obligacions legals, aix\u00ed quan la comunicaci\u00f3 sigui necess\u00e0ria per donar compliment a l\u2019inter\u00e8s p\u00fablic o a l\u2019exercici dels poders p\u00fablics, podr\u00e0 ser destinatari de les dades personals la Generalitat de Catalunya, com altres Administracions P\u00fabliques ( de l\u2019\u00e0mbit auton\u00f2mic, local, estatal o europeu), Autoritats de Control en mat\u00e8ria de protecci\u00f3 de dades, \u00f2rgans judicials, Ministeri Fiscal, Tribunal de Comptes, Sindicatura de Comptes, Oficina Antifrau de Catalunya, S\u00edndic de Greuges i tercers subjectes al dret privat quan s\u2019apreci\u00ef un inter\u00e8s leg\u00edtim d\u2019acord amb l\u2019establert a la Llei 39\/2015, d\u20191 d\u2019octubre de Procediment Administratiu Com\u00fa de les Administracions P\u00fabliques i Llei 19\/2014, de transpar\u00e8ncia, acc\u00e9s a la informaci\u00f3 p\u00fablica i bon govern.<\/p>\n<p>Les dades identificatives del personal investigador becat aix\u00ed com d&#8217;identificaci\u00f3 del seu projecte seran objecte de publicaci\u00f3 en aplicaci\u00f3 de les obligacions derivades de l\u2019aplicaci\u00f3 de la Llei 19\/2014, del 29 de desembre, de transpar\u00e8ncia, acc\u00e9s a la informaci\u00f3 p\u00fablica i bon govern. A m\u00e9s, per a la convocat\u00f2ria &#8220;Intensifica&#8217;t al Taul\u00ed&#8221; la informaci\u00f3 citada, a m\u00e9s de la mem\u00f2ria final de l&#8217;ajut, ser\u00e0 compartida amb la Fundaci\u00f3 Banc Sabadell.<\/p>\n<p><strong>Conservaci\u00f3 de les dades: <\/strong>Les dades es conservaran durant 15 anys o el temps necessari per garantir el correcte desenvolupament i gesti\u00f3 dels ajuts.<\/p>\n<p><strong>Exercici de drets:<\/strong> Podeu exercir els vostres drets d\u2019acc\u00e9s, rectificaci\u00f3, supressi\u00f3, oposici\u00f3 al tractament i sol\u00b7licitud de limitaci\u00f3 adre\u00e7ant una sol\u00b7licitud en format electr\u00f2nic, mitjan\u00e7ant el correu <a id=\"menur6mq\" class=\"fui-Link ___1q1shib f2hkw1w f3rmtva f1ewtqcl fyind8e f1k6fduh f1w7gpdv fk6fouc fjoy568 figsok6 f1s184ao f1mk8lai fnbmjn9 f1o700av f13mvf36 f1cmlufx f9n3di6 f1ids18y f1tx3yz7 f1deo86v f1eh06m1 f1iescvh fhgqx19 f1olyrje f1p93eir f1nev41a f1h8hb77 f1lqvz6u f10aw75t fsle3fq f17ae5zn\" title=\"mailto:juridici3pt@tauli.cat\" href=\"mailto:juridici3pt@tauli.cat\" target=\"_blank\" rel=\"noreferrer noopener\" aria-label=\"Enlla\u00e7 juridici3pt@tauli.cat\">juridici3pt@tauli.cat<\/a> o <a id=\"menur6ms\" class=\"fui-Link ___1q1shib f2hkw1w f3rmtva f1ewtqcl fyind8e f1k6fduh f1w7gpdv fk6fouc fjoy568 figsok6 f1s184ao f1mk8lai fnbmjn9 f1o700av f13mvf36 f1cmlufx f9n3di6 f1ids18y f1tx3yz7 f1deo86v f1eh06m1 f1iescvh fhgqx19 f1olyrje f1p93eir f1nev41a f1h8hb77 f1lqvz6u f10aw75t fsle3fq f17ae5zn\" title=\"mailto:dpd@ticsalutsocial.cat\" href=\"mailto:dpd@ticsalutsocial.cat\" target=\"_blank\" rel=\"noreferrer noopener\" aria-label=\"Enlla\u00e7 dpd@ticsalutsocial.cat\">dpd@ticsalutsocial.cat<\/a>. Heu d\u2019indicar clarament a la vostra sol\u00b7licitud quin dret o quins drets exerciu.<\/p>\n<p><strong>Presentar una reclamaci\u00f3:<\/strong> Si considereu que els vostres drets s&#8217;han vulnerat, teniu dret a presentar una reclamaci\u00f3 davant l&#8217;Autoritat Catalana de Protecci\u00f3 de Dades. Podeu fer-ho mitjan\u00e7ant un escrit, o des de la seva <a href=\"https:\/\/apdcat.gencat.cat\/ca\/seu_electronica\/tramits\/reclamacio\/index.html\">seu electr\u00f2nica<\/a>.[\/vc_column_text][vc_column_text]Les adreces electr\u00f2niques dels professionals del Consorci Corporaci\u00f3 Sanit\u00e0ria Parc Taul\u00ed de Sabadell que apareixen en aquest web es difonen per facilitar la comunicaci\u00f3 entre professionals i amb els ciutadans. En cap cas per ser emprades per a la difusi\u00f3 de publicitat en qualsevol dels seus formats.[\/vc_column_text][\/vc_tta_section][\/vc_tta_tour][\/vc_column][\/vc_row]\n<\/div>","protected":false},"excerpt":{"rendered":"<p>[vc_row][vc_column][vc_tta_tour][vc_tta_section title=&#8221;Informaci\u00f3 sobre protecci\u00f3 de dades&#8221; tab_id=&#8221;1659603388117-4b02bda0-8afc&#8221;][vc_column_text css=&#8221;&#8221;] Informaci\u00f3 sobre protecci\u00f3 de dades Informaci\u00f3 b\u00e0sica Responsable de tractament Fundaci\u00f3 Institut d&#8217;Investigaci\u00f3 i Innovaci\u00f3 Parc Taul\u00ed. Finalitat del tractament Diverses que es detallen en l&#8217;apartat d&#8216;informaci\u00f3 addicional. Legitimaci\u00f3 del tractament Legislaci\u00f3 m\u00e9s important: Llei Org\u00e0nica 3\/2018, de 5 de desembre, de Protecci\u00f3 de Dades Personals i [&hellip;]<\/p>\n","protected":false},"author":12,"featured_media":0,"parent":0,"menu_order":0,"comment_status":"closed","ping_status":"closed","template":"","meta":[],"_links":{"self":[{"href":"https:\/\/www.tauli.cat\/institut\/wp-json\/wp\/v2\/pages\/3"}],"collection":[{"href":"https:\/\/www.tauli.cat\/institut\/wp-json\/wp\/v2\/pages"}],"about":[{"href":"https:\/\/www.tauli.cat\/institut\/wp-json\/wp\/v2\/types\/page"}],"author":[{"embeddable":true,"href":"https:\/\/www.tauli.cat\/institut\/wp-json\/wp\/v2\/users\/12"}],"replies":[{"embeddable":true,"href":"https:\/\/www.tauli.cat\/institut\/wp-json\/wp\/v2\/comments?post=3"}],"version-history":[{"count":37,"href":"https:\/\/www.tauli.cat\/institut\/wp-json\/wp\/v2\/pages\/3\/revisions"}],"predecessor-version":[{"id":21296,"href":"https:\/\/www.tauli.cat\/institut\/wp-json\/wp\/v2\/pages\/3\/revisions\/21296"}],"wp:attachment":[{"href":"https:\/\/www.tauli.cat\/institut\/wp-json\/wp\/v2\/media?parent=3"}],"curies":[{"name":"wp","href":"https:\/\/api.w.org\/{rel}","templated":true}]}}