{"id":359,"date":"2019-11-20T18:00:39","date_gmt":"2019-11-20T17:00:39","guid":{"rendered":"http:\/\/www.tauli.cat\/institut\/?page_id=359"},"modified":"2024-07-02T11:08:53","modified_gmt":"2024-07-02T09:08:53","slug":"unitat-innovacio","status":"publish","type":"page","link":"https:\/\/www.tauli.cat\/institut\/plataformes-i-serveis\/unitat-innovacio\/","title":{"rendered":"Unitat d&#8217;Innovaci\u00f3"},"content":{"rendered":"<div class=\"wpb-content-wrapper\">[vc_row section_id=&#8221;custom-top-tabs&#8221;][vc_column][vc_column_text el_class=&#8221;top-tabs&#8221;]\n<ul>\n<li data-hash=\"sobre\">Presentaci\u00f3<\/li>\n<li data-hash=\"serveis\">Serveis<\/li>\n<li data-hash=\"contacte\">Contacte<\/li>\n<\/ul>\n[\/vc_column_text][\/vc_column][\/vc_row][vc_row el_class=&#8221;custom-top-tabs-content&#8221;][vc_column width=&#8221;2\/3&#8243;][vc_column_text]La <a href=\"https:\/\/www.tauli.cat\/institut\/innovacio\/\">Unitat d&#8217;Innovaci\u00f3 Parc Taul\u00ed (UDIPT)<\/a> dona suport als professionals de la instituci\u00f3 perqu\u00e8 les seves idees arribin al mercat, transformant el seu coneixement cient\u00edfic, m\u00e8dic i assistencial en benefici de la salut i la societat.<\/p>\n<p>La UDIPT <span data-contrast=\"none\">ofereix una cartera de serveis des de la conceptualitzaci\u00f3 de la idea fins a la seva arribada als pacients de manera continuada. Aquesta cartera de serveis segueix el Reial Decret 984\/2022, de 22 de novembre, pel qual s&#8217;estableixen les Oficines de Transfer\u00e8ncia de Coneixement. <\/span><span data-ccp-props=\"{&quot;134233117&quot;:true,&quot;134233118&quot;:true,&quot;201341983&quot;:0,&quot;335557856&quot;:16777215,&quot;335559739&quot;:160,&quot;335559740&quot;:240}\">\u00a0<\/span><\/p>\n<h5>Enlla\u00e7os d&#8217;inter\u00e8s<\/h5>\n<ul>\n<li><a href=\"https:\/\/www.tauli.cat\/institut\/innovacio\/\">Presentaci\u00f3 de la UDIPT<\/a><\/li>\n<li><a href=\"https:\/\/www.tauli.cat\/institut\/innovacio\/oferta-tecnologica\/\">Oferta tecnol\u00f2gica<\/a><\/li>\n<li><a href=\"https:\/\/www.tauli.cat\/institut\/innovacio\/vigilancia-tecnologica\/\">Vigil\u00e0ncia tecnol\u00f2gica<\/a><\/li>\n<li><a href=\"https:\/\/www.tauli.cat\/institut\/innovacio\/casos-exit\/\">Casos d&#8217;\u00e8xit<\/a><\/li>\n<li><a href=\"https:\/\/www.tauli.cat\/institut\/innovacio\/incubadora-node-tauli\/\">Programes d&#8217;acompanyament<\/a><\/li>\n<\/ul>\n[\/vc_column_text][\/vc_column][vc_column width=&#8221;1\/3&#8243;]\r\n\t\t<div class=\"eut-team eut-element team\" style=\"\">\r\n\t\t\t<figure>\r\n\t\t\t\t\t\t\t\t<div class=\"eut-team-person eut-media eut-align-center\">\r\n\t\t\t\t\t<img width=\"600\" height=\"600\" src=\"https:\/\/www.tauli.cat\/institut\/wp-content\/uploads\/2024\/07\/Image-1-600x600.jpg\" class=\"attachment-eut-image-small-square size-eut-image-small-square\" alt=\"\" decoding=\"async\" loading=\"lazy\" srcset=\"https:\/\/www.tauli.cat\/institut\/wp-content\/uploads\/2024\/07\/Image-1-600x600.jpg 600w, https:\/\/www.tauli.cat\/institut\/wp-content\/uploads\/2024\/07\/Image-1-150x150.jpg 150w\" sizes=\"(max-width: 600px) 100vw, 600px\" \/>\t\t\t\t<\/div>\r\n\t\t\t\t\t\t\t\t<figcaption>\r\n\t\t\t\t\t<div class=\"eut-team-description eut-align-center\">\r\n\t\t\t\t\t\t<div class=\"eut-team-identity eut-subtitle\">Coordinaci\u00f3<\/div>\r\n\t\t\t\t\t\t\t\t\t\t\t\t<h5 class=\"eut-team-name\">Mart\u00edn Le\u00f3n Hermoso<\/h5>\r\n\t\t\t\t\t\t\t\t\t\t\t\t\t\t\t\t\t\t<p class=\"eut-team-content\"><a href=\"mailto:esoler@tauli.cat\">mleonh@tauli.cat <\/a><\/p>\r\n\t\t\t\t\t\t\t\t\t\t\t<\/div>\r\n\t\t\t\t\t\t\t\t\t<\/figcaption>\r\n\t\t\t<\/figure>\r\n\t\t<\/div>\r\n\r\n\t\t[\/vc_column][\/vc_row][vc_row el_class=&#8221;custom-top-tabs-content&#8221;][vc_column][vc_column_text]\n<h4><span id=\"emoji-info-value\">\u25b6\u00a0<\/span>Propietat intel\u00b7lectual<\/h4>\n<p><span data-contrast=\"none\">Protecci\u00f3 de resultats d&#8217;R+D+i a trav\u00e9s de t\u00edtols de propietat industrial i intel\u00b7lectual, o altres modalitats de protecci\u00f3. I<\/span><span data-contrast=\"none\">nclou:\u00a0<\/span><span data-ccp-props=\"{&quot;134233117&quot;:true,&quot;134233118&quot;:true,&quot;201341983&quot;:0,&quot;335557856&quot;:16777215,&quot;335559739&quot;:160,&quot;335559740&quot;:240}\">\u00a0<\/span><\/p>\n<ul>\n<li style=\"list-style-type: none;\">\n<ul>\n<li data-leveltext=\"-\" data-font=\"Montserrat\" data-listid=\"9\" data-list-defn-props=\"{&quot;335552541&quot;:1,&quot;335559684&quot;:-2,&quot;335559685&quot;:720,&quot;335559991&quot;:360,&quot;469769226&quot;:&quot;Montserrat&quot;,&quot;469769242&quot;:[8226],&quot;469777803&quot;:&quot;left&quot;,&quot;469777804&quot;:&quot;-&quot;,&quot;469777815&quot;:&quot;hybridMultilevel&quot;}\" aria-setsize=\"-1\" data-aria-posinset=\"1\" data-aria-level=\"1\"><span data-contrast=\"none\">Identificaci\u00f3 d\u2019actius protegibles<\/span><span data-ccp-props=\"{&quot;134233117&quot;:true,&quot;134233118&quot;:true,&quot;201341983&quot;:0,&quot;335557856&quot;:16777215,&quot;335559739&quot;:160,&quot;335559740&quot;:240}\">\u00a0<\/span><\/li>\n<li data-leveltext=\"-\" data-font=\"Montserrat\" data-listid=\"9\" data-list-defn-props=\"{&quot;335552541&quot;:1,&quot;335559684&quot;:-2,&quot;335559685&quot;:720,&quot;335559991&quot;:360,&quot;469769226&quot;:&quot;Montserrat&quot;,&quot;469769242&quot;:[8226],&quot;469777803&quot;:&quot;left&quot;,&quot;469777804&quot;:&quot;-&quot;,&quot;469777815&quot;:&quot;hybridMultilevel&quot;}\" aria-setsize=\"-1\" data-aria-posinset=\"2\" data-aria-level=\"1\"><span data-contrast=\"none\">Registres i tramitaci\u00f3 de la protecci\u00f3<\/span><span data-ccp-props=\"{&quot;134233117&quot;:true,&quot;134233118&quot;:true,&quot;201341983&quot;:0,&quot;335557856&quot;:16777215,&quot;335559739&quot;:160,&quot;335559740&quot;:240}\">\u00a0<\/span><\/li>\n<li data-leveltext=\"-\" data-font=\"Montserrat\" data-listid=\"9\" data-list-defn-props=\"{&quot;335552541&quot;:1,&quot;335559684&quot;:-2,&quot;335559685&quot;:720,&quot;335559991&quot;:360,&quot;469769226&quot;:&quot;Montserrat&quot;,&quot;469769242&quot;:[8226],&quot;469777803&quot;:&quot;left&quot;,&quot;469777804&quot;:&quot;-&quot;,&quot;469777815&quot;:&quot;hybridMultilevel&quot;}\" aria-setsize=\"-1\" data-aria-posinset=\"3\" data-aria-level=\"1\"><span data-contrast=\"none\">Seguiment dels actius protegits per l\u2019I3PT<\/span><\/li>\n<\/ul>\n<\/li>\n<\/ul>\n<h4><span id=\"emoji-info-value\">\u25b6 <\/span>C<span class=\"TextRun SCXW229087452 BCX0\" lang=\"CA-ES\" xml:lang=\"CA-ES\" data-contrast=\"none\"><span class=\"NormalTextRun SCXW229087452 BCX0\">omercialitzaci\u00f3 de tecnologies<\/span><\/span><\/h4>\n<p><span data-contrast=\"none\">Explotaci\u00f3 de resultats de recerca, invencions i noves tecnologies a trav\u00e9s de qualsevol tipus de contracte que suposi la transmissi\u00f3 del seu \u00fas o titularitat a tercers. I<\/span><span data-contrast=\"none\">nclou:\u00a0<\/span><span data-ccp-props=\"{&quot;134233117&quot;:true,&quot;134233118&quot;:true,&quot;201341983&quot;:0,&quot;335557856&quot;:16777215,&quot;335559739&quot;:160,&quot;335559740&quot;:240}\">\u00a0<\/span><\/p>\n<ul>\n<li style=\"list-style-type: none;\">\n<ul>\n<li data-leveltext=\"-\" data-font=\"Montserrat\" data-listid=\"9\" data-list-defn-props=\"{&quot;335552541&quot;:1,&quot;335559684&quot;:-2,&quot;335559685&quot;:720,&quot;335559991&quot;:360,&quot;469769226&quot;:&quot;Montserrat&quot;,&quot;469769242&quot;:[8226],&quot;469777803&quot;:&quot;left&quot;,&quot;469777804&quot;:&quot;-&quot;,&quot;469777815&quot;:&quot;hybridMultilevel&quot;}\" aria-setsize=\"-1\" data-aria-posinset=\"4\" data-aria-level=\"1\"><span data-contrast=\"none\">Identificaci\u00f3 d\u2019actius <\/span><span data-contrast=\"none\">comercialitzable<\/span><span data-contrast=\"none\">s<\/span>\u00a0<span data-ccp-props=\"{&quot;134233117&quot;:true,&quot;134233118&quot;:true,&quot;201341983&quot;:0,&quot;335557856&quot;:16777215,&quot;335559739&quot;:160,&quot;335559740&quot;:240}\">\u00a0<\/span><\/li>\n<li data-leveltext=\"-\" data-font=\"Montserrat\" data-listid=\"9\" data-list-defn-props=\"{&quot;335552541&quot;:1,&quot;335559684&quot;:-2,&quot;335559685&quot;:720,&quot;335559991&quot;:360,&quot;469769226&quot;:&quot;Montserrat&quot;,&quot;469769242&quot;:[8226],&quot;469777803&quot;:&quot;left&quot;,&quot;469777804&quot;:&quot;-&quot;,&quot;469777815&quot;:&quot;hybridMultilevel&quot;}\" aria-setsize=\"-1\" data-aria-posinset=\"5\" data-aria-level=\"1\"><span data-contrast=\"none\">Cerca de potencials comercialitzadors<\/span><span data-ccp-props=\"{&quot;134233117&quot;:true,&quot;134233118&quot;:true,&quot;201341983&quot;:0,&quot;335557856&quot;:16777215,&quot;335559739&quot;:160,&quot;335559740&quot;:240}\">\u00a0<\/span><\/li>\n<li data-leveltext=\"-\" data-font=\"Montserrat\" data-listid=\"9\" data-list-defn-props=\"{&quot;335552541&quot;:1,&quot;335559684&quot;:-2,&quot;335559685&quot;:720,&quot;335559991&quot;:360,&quot;469769226&quot;:&quot;Montserrat&quot;,&quot;469769242&quot;:[8226],&quot;469777803&quot;:&quot;left&quot;,&quot;469777804&quot;:&quot;-&quot;,&quot;469777815&quot;:&quot;hybridMultilevel&quot;}\" aria-setsize=\"-1\" data-aria-posinset=\"6\" data-aria-level=\"1\"><span data-contrast=\"none\">Negociaci\u00f3 i transfer\u00e8ncia entre actius<\/span><span data-ccp-props=\"{&quot;134233117&quot;:true,&quot;134233118&quot;:true,&quot;201341983&quot;:0,&quot;335557856&quot;:16777215,&quot;335559739&quot;:160,&quot;335559740&quot;:240}\">\u00a0<\/span><\/li>\n<li data-leveltext=\"-\" data-font=\"Montserrat\" data-listid=\"9\" data-list-defn-props=\"{&quot;335552541&quot;:1,&quot;335559684&quot;:-2,&quot;335559685&quot;:720,&quot;335559991&quot;:360,&quot;469769226&quot;:&quot;Montserrat&quot;,&quot;469769242&quot;:[8226],&quot;469777803&quot;:&quot;left&quot;,&quot;469777804&quot;:&quot;-&quot;,&quot;469777815&quot;:&quot;hybridMultilevel&quot;}\" aria-setsize=\"-1\" data-aria-posinset=\"7\" data-aria-level=\"1\"><span data-contrast=\"none\">Seguiment de l\u2019impacte de la transfer\u00e8ncia<\/span><span data-ccp-props=\"{&quot;134233117&quot;:true,&quot;134233118&quot;:true,&quot;201341983&quot;:0,&quot;335557856&quot;:16777215,&quot;335559739&quot;:160,&quot;335559740&quot;:240}\">\u00a0<\/span><\/li>\n<\/ul>\n<\/li>\n<\/ul>\n<h4><span id=\"emoji-info-value\">\u25b6 <\/span>Col\u00b7laboraci\u00f3 p\u00fablico-privada<\/h4>\n<p>R<span data-contrast=\"none\">ecerca col\u00b7laborativa entre entitats de diferent naturalesa, aix\u00ed com la contractaci\u00f3 de serveis d&#8217;R+D+i i tecnol\u00f2gics. I<\/span><span data-contrast=\"none\">nclou:\u00a0<\/span><span data-ccp-props=\"{&quot;134233117&quot;:true,&quot;134233118&quot;:true,&quot;201341983&quot;:0,&quot;335557856&quot;:16777215,&quot;335559739&quot;:160,&quot;335559740&quot;:240}\">\u00a0<\/span><\/p>\n<ul>\n<li style=\"list-style-type: none;\">\n<ul>\n<li data-leveltext=\"-\" data-font=\"Montserrat\" data-listid=\"8\" data-list-defn-props=\"{&quot;335552541&quot;:1,&quot;335559684&quot;:-2,&quot;335559685&quot;:720,&quot;335559991&quot;:360,&quot;469769226&quot;:&quot;Montserrat&quot;,&quot;469769242&quot;:[8226],&quot;469777803&quot;:&quot;left&quot;,&quot;469777804&quot;:&quot;-&quot;,&quot;469777815&quot;:&quot;hybridMultilevel&quot;}\" aria-setsize=\"-1\" data-aria-posinset=\"1\" data-aria-level=\"1\"><span data-contrast=\"none\">Posada en contacte entre experts<\/span><span data-ccp-props=\"{&quot;134233117&quot;:true,&quot;134233118&quot;:true,&quot;201341983&quot;:0,&quot;335557856&quot;:16777215,&quot;335559739&quot;:160,&quot;335559740&quot;:240}\">\u00a0<\/span><\/li>\n<li data-leveltext=\"-\" data-font=\"Montserrat\" data-listid=\"8\" data-list-defn-props=\"{&quot;335552541&quot;:1,&quot;335559684&quot;:-2,&quot;335559685&quot;:720,&quot;335559991&quot;:360,&quot;469769226&quot;:&quot;Montserrat&quot;,&quot;469769242&quot;:[8226],&quot;469777803&quot;:&quot;left&quot;,&quot;469777804&quot;:&quot;-&quot;,&quot;469777815&quot;:&quot;hybridMultilevel&quot;}\" aria-setsize=\"-1\" data-aria-posinset=\"2\" data-aria-level=\"1\"><span data-contrast=\"none\">Participaci\u00f3 en el disseny de solucions<\/span><span data-ccp-props=\"{&quot;134233117&quot;:true,&quot;134233118&quot;:true,&quot;201341983&quot;:0,&quot;335557856&quot;:16777215,&quot;335559739&quot;:160,&quot;335559740&quot;:240}\">\u00a0<\/span><\/li>\n<li data-leveltext=\"-\" data-font=\"Montserrat\" data-listid=\"8\" data-list-defn-props=\"{&quot;335552541&quot;:1,&quot;335559684&quot;:-2,&quot;335559685&quot;:720,&quot;335559991&quot;:360,&quot;469769226&quot;:&quot;Montserrat&quot;,&quot;469769242&quot;:[8226],&quot;469777803&quot;:&quot;left&quot;,&quot;469777804&quot;:&quot;-&quot;,&quot;469777815&quot;:&quot;hybridMultilevel&quot;}\" aria-setsize=\"-1\" data-aria-posinset=\"3\" data-aria-level=\"1\"><span data-contrast=\"none\">Cerca de finan\u00e7ament p\u00fablic i privat<\/span><span data-ccp-props=\"{&quot;134233117&quot;:true,&quot;134233118&quot;:true,&quot;201341983&quot;:0,&quot;335557856&quot;:16777215,&quot;335559739&quot;:160,&quot;335559740&quot;:240}\">\u00a0<\/span><\/li>\n<\/ul>\n<\/li>\n<\/ul>\n<h4><span id=\"emoji-info-value\">\u25b6\u00a0<\/span><b><span data-contrast=\"none\">Spin-off<\/span><\/b><\/h4>\n<ul>\n<li style=\"list-style-type: none;\">\n<ul>\n<li>Assessorament en serveis d&#8217;acceleraci\u00f3 i en la cerca de nous perfils que complementin l&#8217;equip<\/li>\n<li>Avaluaci\u00f3 de viabilitat de possible Spin-off<\/li>\n<li>An\u00e0lisi d&#8217;incompatibilitats, riscos i valoraci\u00f3 d&#8217;intangibles<\/li>\n<li>Supervisi\u00f3 i suport en:\n<ul>\n<li>La redacci\u00f3 del business plan<\/li>\n<li>L&#8217;estudi de viabilitat t\u00e8cnica, econ\u00f2mica i estrat\u00e8gica<\/li>\n<li>La redacci\u00f3 i negociaci\u00f3 de l&#8217;acord de llic\u00e8ncia, pacte de socis i estatuts socials<\/li>\n<\/ul>\n<\/li>\n<li>Registre mercantil<\/li>\n<li>Suport en connectar les unitats de l&#8217;I3PT amb les necessitats de la Spin-off<\/li>\n<\/ul>\n<\/li>\n<\/ul>\n<h4><span id=\"emoji-info-value\">\u25b6\u00a0<\/span><b><span data-contrast=\"none\">Foment<\/span><\/b><\/h4>\n<p><span data-contrast=\"none\">Difusi\u00f3 social del coneixement. I<\/span><span data-contrast=\"none\">nclou:\u00a0<\/span><span data-ccp-props=\"{&quot;134233117&quot;:true,&quot;134233118&quot;:true,&quot;201341983&quot;:0,&quot;335557856&quot;:16777215,&quot;335559739&quot;:160,&quot;335559740&quot;:240}\">\u00a0<\/span><\/p>\n<ul>\n<li style=\"list-style-type: none;\">\n<ul>\n<li><span data-contrast=\"none\">Presentaci\u00f3 dels resultats de <\/span><span data-contrast=\"none\">la <\/span><span data-contrast=\"none\">innovaci\u00f3<\/span><span data-contrast=\"none\"> a la societat<\/span><span data-ccp-props=\"{&quot;134233117&quot;:true,&quot;134233118&quot;:true,&quot;201341983&quot;:0,&quot;335557856&quot;:16777215,&quot;335559739&quot;:160,&quot;335559740&quot;:240}\">\u00a0<\/span><\/li>\n<li><span data-contrast=\"none\">Participaci\u00f3 en tallers, congressos i xerrades\u00a0<\/span><span data-ccp-props=\"{&quot;134233117&quot;:true,&quot;134233118&quot;:true,&quot;201341983&quot;:0,&quot;335557856&quot;:16777215,&quot;335559739&quot;:160,&quot;335559740&quot;:240}\">\u00a0<\/span><\/li>\n<li><span data-contrast=\"none\">Creaci\u00f3 de material ad-hoc per a cursos, m\u00e0sters, etc.<\/span><\/li>\n<li><span data-contrast=\"none\">Participaci\u00f3 en xarxes d\u2019innovaci\u00f3<\/span><\/li>\n<\/ul>\n<\/li>\n<\/ul>\n<p>&nbsp;<\/p>\n<p><span class=\"ui-provider a b c d e f g h i j k l m n o p q r s t u v w x y z ab ac ae af ag ah ai aj ak\" dir=\"ltr\">Si la teva instituci\u00f3 o empresa ha desenvolupat una tecnologia innovadora i necessita validar-la cl\u00ednicament mitjan\u00e7ant un promotor intern, posa\u2019t en contacte amb nosaltres i et guiarem en tot el proc\u00e9s.<\/span>[\/vc_column_text][\/vc_column][\/vc_row][vc_row el_class=&#8221;custom-top-tabs-content&#8221;][vc_column width=&#8221;2\/5&#8243; tablet_width=&#8221;5-12&#8243; tablet_sm_width=&#8221;5-12&#8243;][vc_column_text]\n<h4>Unitat d&#8217;Innovaci\u00f3<\/h4>\n<p><strong>Institut d&#8217;Investigaci\u00f3 i Innovaci\u00f3 Parc Taul\u00ed<\/strong><br \/>\nPla\u00e7a de la Torre de l&#8217;Aigua, s\/n<br \/>\n08208 Sabadell<\/p>\n<ul>\n<li class=\"icon-list phone\">93 745 84 89<\/li>\n<li class=\"icon-list mail\"><a href=\"mailto:innovacioi3pt@tauli.cat\">innovacioi3pt@tauli.cat<\/a><\/li>\n<\/ul>\n[\/vc_column_text][\/vc_column][vc_column width=&#8221;3\/5&#8243; tablet_width=&#8221;7-12&#8243; tablet_sm_width=&#8221;7-12&#8243;][vc_raw_html]JTNDaWZyYW1lJTIwc3JjJTNEJTIyaHR0cHMlM0ElMkYlMkZ3d3cuZ29vZ2xlLmNvbSUyRm1hcHMlMkZlbWJlZCUzRnBiJTNEJTIxMW0xOCUyMTFtMTIlMjExbTMlMjExZDUzMTkuNjgxMDI0MjQ0MzQzNSUyMTJkMi4xMDg5ODc4MDg4Nzc3NDgzJTIxM2Q0MS41NTY5MDc4ODA4NjM0NyUyMTJtMyUyMTFmMCUyMTJmMCUyMTNmMCUyMTNtMiUyMTFpMTAyNCUyMTJpNzY4JTIxNGYxMy4xJTIxM20zJTIxMW0yJTIxMXMweDAlMjUzQTB4OWZiYTkwZGI4MjhmNjAxYiUyMTJ6Um5WdVpHRmphY096SUZCaGNtTWdWR0YxYk1PdCUyMTVlMCUyMTNtMiUyMTFzZXMlMjEyc2VzJTIxNHYxNTc0MzU2ODQyNjc4JTIxNW0yJTIxMXNlcyUyMTJzZXMlMjIlMjB3aWR0aCUzRCUyMjEwMCUyNSUyMiUyMGhlaWdodCUzRCUyMjI4MCUyMiUyMGZyYW1lYm9yZGVyJTNEJTIyMCUyMiUyMHN0eWxlJTNEJTIyYm9yZGVyJTNBMCUzQiUyMiUyMGFsbG93ZnVsbHNjcmVlbiUzRCUyMiUyMiUzRSUzQyUyRmlmcmFtZSUzRQ==[\/vc_raw_html][\/vc_column][\/vc_row]\n<\/div>","protected":false},"excerpt":{"rendered":"<p>[vc_row section_id=&#8221;custom-top-tabs&#8221;][vc_column][vc_column_text el_class=&#8221;top-tabs&#8221;] Presentaci\u00f3 Serveis Contacte [\/vc_column_text][\/vc_column][\/vc_row][vc_row el_class=&#8221;custom-top-tabs-content&#8221;][vc_column width=&#8221;2\/3&#8243;][vc_column_text]La Unitat d&#8217;Innovaci\u00f3 Parc Taul\u00ed (UDIPT) dona suport als professionals de la instituci\u00f3 perqu\u00e8 les seves idees arribin al mercat, transformant el seu coneixement cient\u00edfic, m\u00e8dic i assistencial en benefici de la salut i la societat. La UDIPT ofereix una cartera de serveis des de la conceptualitzaci\u00f3 [&hellip;]<\/p>\n","protected":false},"author":12,"featured_media":0,"parent":2289,"menu_order":0,"comment_status":"closed","ping_status":"closed","template":"","meta":[],"_links":{"self":[{"href":"https:\/\/www.tauli.cat\/institut\/wp-json\/wp\/v2\/pages\/359"}],"collection":[{"href":"https:\/\/www.tauli.cat\/institut\/wp-json\/wp\/v2\/pages"}],"about":[{"href":"https:\/\/www.tauli.cat\/institut\/wp-json\/wp\/v2\/types\/page"}],"author":[{"embeddable":true,"href":"https:\/\/www.tauli.cat\/institut\/wp-json\/wp\/v2\/users\/12"}],"replies":[{"embeddable":true,"href":"https:\/\/www.tauli.cat\/institut\/wp-json\/wp\/v2\/comments?post=359"}],"version-history":[{"count":69,"href":"https:\/\/www.tauli.cat\/institut\/wp-json\/wp\/v2\/pages\/359\/revisions"}],"predecessor-version":[{"id":14121,"href":"https:\/\/www.tauli.cat\/institut\/wp-json\/wp\/v2\/pages\/359\/revisions\/14121"}],"up":[{"embeddable":true,"href":"https:\/\/www.tauli.cat\/institut\/wp-json\/wp\/v2\/pages\/2289"}],"wp:attachment":[{"href":"https:\/\/www.tauli.cat\/institut\/wp-json\/wp\/v2\/media?parent=359"}],"curies":[{"name":"wp","href":"https:\/\/api.w.org\/{rel}","templated":true}]}}