{"id":4150,"date":"2020-07-22T18:31:45","date_gmt":"2020-07-22T16:31:45","guid":{"rendered":"http:\/\/www.tauli.cat\/institut\/?page_id=4150"},"modified":"2025-07-25T10:36:35","modified_gmt":"2025-07-25T08:36:35","slug":"laboratori-senyals","status":"publish","type":"page","link":"https:\/\/www.tauli.cat\/institut\/plataformes-i-serveis\/laboratori-senyals\/","title":{"rendered":"Laboratori de Senyals"},"content":{"rendered":"<div class=\"wpb-content-wrapper\">[vc_row section_id=&#8221;custom-top-tabs&#8221;][vc_column][vc_column_text el_class=&#8221;top-tabs&#8221;]\n<ul>\n<li data-hash=\"sobre\">Presentaci\u00f3<\/li>\n<li data-hash=\"serveis\">Serveis<\/li>\n<li data-hash=\"productes\">Recursos<\/li>\n<\/ul>\n[\/vc_column_text][\/vc_column][\/vc_row][vc_row el_class=&#8221;custom-top-tabs-content&#8221;][vc_column width=&#8221;2\/3&#8243;][vc_column_text]El <strong>Laboratori de Senyals<\/strong> disposa d\u2019una plataforma d\u2019interoperabilitat amb capacitat de gestionar les dades brutes, tal com s\u2019adquireixen en el proc\u00e9s assistencial, per posteriorment depurar-les i transformar-les, amb la finalitat de convertir-les en informaci\u00f3 valuosa per a la recerca.<\/p>\n<p>Per tal d\u2019obtenir aquestes dades, el laboratori de senyals utilitza diferents dispositius m\u00e8dics i solucions innovadores pr\u00f2piament desenvolupades que permeten al personal investigador disposar d\u2019una gran quantitat de dades demogr\u00e0fiques, cl\u00edniques i fisiol\u00f2giques, amb la qualitat necess\u00e0ria per al desenvolupament de projectes de recerca.<\/p>\n<p>Per tal de fer diagn\u00f2stics avan\u00e7ats i elaborar sistemes de predicci\u00f3, el laboratori aplica t\u00e8cniques com el Machine Learning, el Deep Learning, la identificaci\u00f3 de patrons, o an\u00e0lisi de cl\u00fasters.[\/vc_column_text][\/vc_column][vc_column width=&#8221;1\/3&#8243;]\r\n\t\t<div class=\"eut-team eut-element team\" style=\"\">\r\n\t\t\t<figure>\r\n\t\t\t\t\t\t\t\t<div class=\"eut-team-person eut-media eut-align-center\">\r\n\t\t\t\t\t<img width=\"625\" height=\"625\" src=\"https:\/\/www.tauli.cat\/institut\/wp-content\/uploads\/2025\/07\/Leo-Sarlabous.png\" class=\"attachment-large size-large\" alt=\"\" decoding=\"async\" loading=\"lazy\" srcset=\"https:\/\/www.tauli.cat\/institut\/wp-content\/uploads\/2025\/07\/Leo-Sarlabous.png 625w, https:\/\/www.tauli.cat\/institut\/wp-content\/uploads\/2025\/07\/Leo-Sarlabous-300x300.png 300w, https:\/\/www.tauli.cat\/institut\/wp-content\/uploads\/2025\/07\/Leo-Sarlabous-150x150.png 150w, https:\/\/www.tauli.cat\/institut\/wp-content\/uploads\/2025\/07\/Leo-Sarlabous-600x600.png 600w\" sizes=\"(max-width: 625px) 100vw, 625px\" \/>\t\t\t\t<\/div>\r\n\t\t\t\t\t\t\t\t<figcaption>\r\n\t\t\t\t\t<div class=\"eut-team-description eut-align-center\">\r\n\t\t\t\t\t\t<div class=\"eut-team-identity eut-subtitle\">Coordinaci\u00f3<\/div>\r\n\t\t\t\t\t\t\t\t\t\t\t\t<h5 class=\"eut-team-name\">Leonardo Sarlabous Uranga<\/h5>\r\n\t\t\t\t\t\t\t\t\t\t\t\t\t\t\t\t\t\t<p class=\"eut-team-content\"><a href=\"mailto:lsarlabous@tauli.cat\">lsarlabous@tauli.cat<\/a><\/p>\r\n\t\t\t\t\t\t\t\t\t\t\t<\/div>\r\n\t\t\t\t\t\t\t\t\t<\/figcaption>\r\n\t\t\t<\/figure>\r\n\t\t<\/div>\r\n\r\n\t\t[\/vc_column][\/vc_row][vc_row el_class=&#8221;custom-top-tabs-content&#8221;][vc_column][vc_column_text]\n<ul>\n<li>Obtenci\u00f3 i tractament de dades fisiol\u00f2giques de pacients monitoritzats<\/li>\n<li>Creaci\u00f3 de bases de dades interoperables<\/li>\n<li>Processament i an\u00e0lisi avan\u00e7at de senyals biom\u00e8dics cont\u00ednues<\/li>\n<li>Extracci\u00f3 de caracter\u00edstiques i fisiomarcadors<\/li>\n<li>An\u00e0lisi explorat\u00f2ria i visualitzaci\u00f3 de dades<\/li>\n<li>Construcci\u00f3 i validaci\u00f3 d&#8217;algorismes de processament de senyals biom\u00e8dics i intel\u00b7lig\u00e8ncia artificial<\/li>\n<li>Assessorament i suport en el disseny i la metodologia de projectes de recerca relacionats amb l&#8217;\u00fas i el tractament de senyals biom\u00e8dics i intel\u00b7lig\u00e8ncia artificial<\/li>\n<li>Suport a la redacci\u00f3 part t\u00e8cnica en articles cient\u00edfics i projectes de recerca<\/li>\n<\/ul>\n[\/vc_column_text][\/vc_column][\/vc_row][vc_row el_class=&#8221;custom-top-tabs-content&#8221;][vc_column tablet_width=&#8221;5-12&#8243; tablet_sm_width=&#8221;5-12&#8243;][vc_column_text]<strong>Col\u00b7leccions de dades:<\/strong><\/p>\n<ul>\n<li>Tra\u00e7ats de ventilaci\u00f3 mec\u00e0nica invasiva i de monitors de signes vitals en format .xml<\/li>\n<li>Poligrafia de senyals biom\u00e8diques i de \u201cbuilt in software\u201d en format LabChart transformable a EDF, CSV, TXT i MatLab.<\/li>\n<\/ul>\n<p><strong>Software BC Link<\/strong> comercialitzat per la spin-off <a href=\"https:\/\/bettercare.es\/ca\/\" target=\"_blank\" rel=\"noopener\">BetterCare<\/a>, que disposa de solucions per a la captura i integraci\u00f3 de senyals m\u00e8diques.[\/vc_column_text][\/vc_column][\/vc_row]\n<\/div>","protected":false},"excerpt":{"rendered":"<p>[vc_row section_id=&#8221;custom-top-tabs&#8221;][vc_column][vc_column_text el_class=&#8221;top-tabs&#8221;] Presentaci\u00f3 Serveis Recursos [\/vc_column_text][\/vc_column][\/vc_row][vc_row el_class=&#8221;custom-top-tabs-content&#8221;][vc_column width=&#8221;2\/3&#8243;][vc_column_text]El Laboratori de Senyals disposa d\u2019una plataforma d\u2019interoperabilitat amb capacitat de gestionar les dades brutes, tal com s\u2019adquireixen en el proc\u00e9s assistencial, per posteriorment depurar-les i transformar-les, amb la finalitat de convertir-les en informaci\u00f3 valuosa per a la recerca. Per tal d\u2019obtenir aquestes dades, el laboratori de [&hellip;]<\/p>\n","protected":false},"author":1,"featured_media":0,"parent":2289,"menu_order":0,"comment_status":"closed","ping_status":"closed","template":"","meta":[],"_links":{"self":[{"href":"https:\/\/www.tauli.cat\/institut\/wp-json\/wp\/v2\/pages\/4150"}],"collection":[{"href":"https:\/\/www.tauli.cat\/institut\/wp-json\/wp\/v2\/pages"}],"about":[{"href":"https:\/\/www.tauli.cat\/institut\/wp-json\/wp\/v2\/types\/page"}],"author":[{"embeddable":true,"href":"https:\/\/www.tauli.cat\/institut\/wp-json\/wp\/v2\/users\/1"}],"replies":[{"embeddable":true,"href":"https:\/\/www.tauli.cat\/institut\/wp-json\/wp\/v2\/comments?post=4150"}],"version-history":[{"count":10,"href":"https:\/\/www.tauli.cat\/institut\/wp-json\/wp\/v2\/pages\/4150\/revisions"}],"predecessor-version":[{"id":20111,"href":"https:\/\/www.tauli.cat\/institut\/wp-json\/wp\/v2\/pages\/4150\/revisions\/20111"}],"up":[{"embeddable":true,"href":"https:\/\/www.tauli.cat\/institut\/wp-json\/wp\/v2\/pages\/2289"}],"wp:attachment":[{"href":"https:\/\/www.tauli.cat\/institut\/wp-json\/wp\/v2\/media?parent=4150"}],"curies":[{"name":"wp","href":"https:\/\/api.w.org\/{rel}","templated":true}]}}