{"id":455,"date":"2019-11-25T11:34:56","date_gmt":"2019-11-25T10:34:56","guid":{"rendered":"http:\/\/www.tauli.cat\/institut\/?page_id=455"},"modified":"2026-03-30T09:30:25","modified_gmt":"2026-03-30T07:30:25","slug":"inflamacio-immunologia-i-metabolisme","status":"publish","type":"page","link":"https:\/\/www.tauli.cat\/institut\/recerca\/arees\/inflamacio-immunologia-i-metabolisme\/","title":{"rendered":"Metabolisme i Digestiu"},"content":{"rendered":"<div class=\"wpb-content-wrapper\">[vc_row section_id=&#8221;custom-top-tabs&#8221;][vc_column][vc_column_text el_class=&#8221;top-tabs&#8221;]\n<ul>\n<li data-hash=\"sobre\">Sobre l&#8217;\u00e0rea<\/li>\n<li data-hash=\"grups\">Grups<\/li>\n<\/ul>\n[\/vc_column_text][\/vc_column][\/vc_row][vc_row el_class=&#8221;custom-top-tabs-content&#8221;][vc_column width=&#8221;2\/3&#8243;][vc_column_text]Aquesta \u00e0rea de recerca inclou <strong>4 grups consolidats i multidisciplinaris<\/strong> que tenen en com\u00fa la <strong>investigaci\u00f3 en malalties metab\u00f2liques o del sistema digestiu<\/strong>. Dos dels grups es dediquen a la <strong>diabetis<\/strong> en dos aspectes ben diferenciats, un a l\u2019estudi del risc cardiovascular i l\u2019altre al desenvolupament de nova tecnologia per al tractament de la diabetis tipus 1 i per al seguiment telem\u00e0tic de la diabetis gestacional. Un altre dels grups es dedica a l\u2019<strong>obesitat<\/strong>, sobretot en relaci\u00f3 amb l\u2019efecte de la cirurgia bari\u00e0trica sobre diferents aspectes i a l\u2019estudi dels mecanismes fisiopatol\u00f2gics de la hiperf\u00e0gia en l\u2019obesitat gen\u00e8tica, com \u00e9s la s\u00edndrome de Prader-Willi. Finalment, el quart grup es dedica a l\u2019estudi de diverses patologies del <strong>sistema digestiu<\/strong>, com la malaltia inflamat\u00f2ria intestinal, la patologia per helicobacter pylori o l&#8217;hepatopatia.<\/p>\n<p>La rellev\u00e0ncia d\u2019aquesta \u00e0rea rau en que tots els grups s\u00f3n l\u00edders de refer\u00e8ncia en la patologia que investiguen i participen o lideren projectes nacionals i internacionals que impliquen una gran diversitat de disciplines. Destaquen per la seva transversalitat i per la seva interacci\u00f3 i col\u00b7laboraci\u00f3 entre ells i amb els grups d\u2019altres \u00e0rees.<\/p>\n<h3>L\u00ednies estrat\u00e8giques de l&#8217;\u00e0rea<\/h3>\n<ul>\n<li>Obesitat, S\u00edndrome de Prader-Willi i hiperf\u00e0gia.<\/li>\n<li>Diabetis: risc cardiovascular i noves tecnologies.<\/li>\n<li>Malaltia inflamat\u00f2ria intestinal.<\/li>\n<li>Aplicaci\u00f3 de noves tecnologies digitals i biotecnol\u00f2giques en el diagn\u00f2stic i tractament de malalties metab\u00f2liques i digestives.<\/li>\n<\/ul>\n[\/vc_column_text][\/vc_column][vc_column width=&#8221;1\/3&#8243;]\r\n\t\t<div class=\"eut-team eut-element team\" style=\"\">\r\n\t\t\t<figure>\r\n\t\t\t\t\t\t\t\t<div class=\"eut-team-person eut-media eut-align-center\">\r\n\t\t\t\t\t<img width=\"550\" height=\"673\" src=\"https:\/\/www.tauli.cat\/institut\/wp-content\/uploads\/2020\/07\/i3pt-cap-grup-acaixas2.jpg\" class=\"attachment-large size-large\" alt=\"\" decoding=\"async\" loading=\"lazy\" srcset=\"https:\/\/www.tauli.cat\/institut\/wp-content\/uploads\/2020\/07\/i3pt-cap-grup-acaixas2.jpg 550w, https:\/\/www.tauli.cat\/institut\/wp-content\/uploads\/2020\/07\/i3pt-cap-grup-acaixas2-245x300.jpg 245w\" sizes=\"(max-width: 550px) 100vw, 550px\" \/>\t\t\t\t<\/div>\r\n\t\t\t\t\t\t\t\t<figcaption>\r\n\t\t\t\t\t<div class=\"eut-team-description eut-align-center\">\r\n\t\t\t\t\t\t<div class=\"eut-team-identity eut-subtitle\">Coordinaci\u00f3 d&#039;\u00e0rea<\/div>\r\n\t\t\t\t\t\t\t\t\t\t\t\t<h5 class=\"eut-team-name\">Assumpta Caix\u00e0s Pedrag\u00f3s<\/h5>\r\n\t\t\t\t\t\t\t\t\t\t\t\t\t\t\t\t\t\t<p class=\"eut-team-content\"><a href=\"mailto:acaixas@tauli.cat\">acaixas@tauli.cat<\/a><\/p>\r\n\t\t\t\t\t\t\t\t\t\t\t<\/div>\r\n\t\t\t\t\t\t\t\t\t<\/figcaption>\r\n\t\t\t<\/figure>\r\n\t\t<\/div>\r\n\r\n\t\t[\/vc_column][\/vc_row][vc_row el_class=&#8221;custom-top-tabs-content&#8221;][vc_column][vc_tta_tour][vc_tta_section title=&#8221;Grup A4G1 &#8211; Obesitat i s\u00edndrome de Prader Willi&#8221; tab_id=&#8221;grup-obesitat-prader-willi&#8221;]<div class=\"eut-element eut-image eut-animated-item eut-fadeInLeft eut-align-center\" style=\"\" data-delay=\"200\"><img width=\"1200\" height=\"550\" src=\"https:\/\/www.tauli.cat\/institut\/wp-content\/uploads\/2021\/06\/a4g1-grup-recerca-i3pt.jpg\" class=\"attachment-full size-full\" alt=\"\" decoding=\"async\" loading=\"lazy\" srcset=\"https:\/\/www.tauli.cat\/institut\/wp-content\/uploads\/2021\/06\/a4g1-grup-recerca-i3pt.jpg 1200w, https:\/\/www.tauli.cat\/institut\/wp-content\/uploads\/2021\/06\/a4g1-grup-recerca-i3pt-300x138.jpg 300w, https:\/\/www.tauli.cat\/institut\/wp-content\/uploads\/2021\/06\/a4g1-grup-recerca-i3pt-768x352.jpg 768w, https:\/\/www.tauli.cat\/institut\/wp-content\/uploads\/2021\/06\/a4g1-grup-recerca-i3pt-1024x469.jpg 1024w\" sizes=\"(max-width: 1200px) 100vw, 1200px\" \/><\/div>[vc_column_text]\n<h2>Grup A4G1 &#8211; Obesitat i s\u00edndrome de Prader Willi<\/h2>\n<p class=\"nivell-acreditacio\">Nivell d&#8217;acreditaci\u00f3: <strong>Grup consolidat<\/strong><\/p>\n[\/vc_column_text]<div class=\"eut-element eut-box-icon eut-align-center eut-medium\" style=\"\"><div class=\"eut-image-icon\"><img width=\"317\" height=\"159\" src=\"https:\/\/www.tauli.cat\/institut\/wp-content\/uploads\/2020\/10\/agaur.jpg\" class=\"attachment-full size-full\" alt=\"\" decoding=\"async\" loading=\"lazy\" srcset=\"https:\/\/www.tauli.cat\/institut\/wp-content\/uploads\/2020\/10\/agaur.jpg 317w, https:\/\/www.tauli.cat\/institut\/wp-content\/uploads\/2020\/10\/agaur-300x150.jpg 300w\" sizes=\"(max-width: 317px) 100vw, 317px\" \/><\/div>  <div class=\"eut-box-content\">      <h4 class=\"eut-box-title\">GRC 2021 SGR 00703<\/h4>  <\/div><\/div>[vc_column_text]El nostre grup de recerca duu a terme una recerca traslacional que pret\u00e9n estudiar d&#8217;una banda diferents aspectes des de m\u00e9s b\u00e0sics en el laboratori a m\u00e9s cl\u00ednics en el maneig diari, relacionats amb l&#8217;exc\u00e9s de pes, la s\u00edndrome metab\u00f2lica, l&#8217;estat inflamatori i l&#8217;efecte que sobre d&#8217;ells pugui tenir la cirurgia bari\u00e1trica. D&#8217;altra banda el nostre grup \u00e9s l\u00edder a nivell nacional i de refer\u00e8ncia internacional en l&#8217;estudi d&#8217;un tipus d&#8217;obesitat gen\u00e8tica, la s\u00edndrome de Prader-Willi (SPW), i els seus mecanismes fisiol\u00f2gics de fam i sacietat, ja sigui a nivell perif\u00e8ric (p\u00e8ptids gastrointestinals) o a nivell central mitjan\u00e7ant resson\u00e0ncia magn\u00e8tica funcional (connectivitat cerebral en \u00e0rees per a la motivaci\u00f3 d&#8217;ingesta o \u00e0rees alternatives a aquestes) amb la finalitat de descobrir noves dianes terap\u00e8utiques per a l&#8217;abordatge espec\u00edfic de la hiperfagia exagerada i del comportament enfront del menjar que tant afecta a aquests pacients. Tamb\u00e9 estudia l&#8217;efecte de l&#8217;hormona de creixement en els adults amb SPW sobre la hipotonia central (mitjan\u00e7ant resson\u00e0ncia magn\u00e8tica funcional) i la seva relaci\u00f3 amb la composici\u00f3 corporal i la for\u00e7a muscular.<\/p>\n<p>El grup est\u00e0 format per investigadors cl\u00ednics relacionats amb l&#8217;obesitat i la nutrici\u00f3 (endocrin\u00f2legs, cirurgians, nutricionistes, neuropsic\u00f2legs, psiquiatres), per\u00f2 tamb\u00e9 compr\u00e8n col\u00b7laboradors externs dedicats en exclusivitat a la recerca (neurorradi\u00f2legs, neuropsic\u00f2legs especialitzats en el maneig de dades de neuroimatge, etc).<\/p>\n<h4>L\u00ednies d&#8217;Investigaci\u00f3<\/h4>\n<ul>\n<li>Obesitat i cirurgia bari\u00e0trica: psicopatologia de l&#8217;obesitat m\u00f2rbida i efectes de la cirurgia bari\u00e0trica en la inflamaci\u00f3, metabol\u00f2mica i microbioma.<\/li>\n<li>Prader Willi i hormona de creixement: Estudi de la hiperf\u00e0gia, p\u00e8ptids gastrointestinals de gana i sacietat, estudi de connectivitat cerebral.<\/li>\n<li>Estudi de l&#8217;efecte de l&#8217;estimulaci\u00f3 propioceptiva profunda en la S\u00edndrome de Prader Willi.<\/li>\n<\/ul>\n<h3>Composici\u00f3 del grup<\/h3>\n<p><strong><span class=\"notranslate\">Assumpta Caix\u00e0s Pedrag\u00f3s<\/span><\/strong> (Cap de grup) |\u00a0<a href=\"https:\/\/orcid.org\/0000-0001-8472-9189\" target=\"_blank\" rel=\"noopener\">ORCID<\/a>[\/vc_column_text][vc_row_inner][vc_column_inner width=&#8221;1\/2&#8243;][vc_column_text css=&#8221;&#8221;]\n<h4>Personal investigador doctor<\/h4>\n<ul>\n<li>Casamitjana Espu\u00f1a, Laia<\/li>\n<li><span class=\"notranslate\">Coronas Borri, Ramon<\/span><\/li>\n<li><span class=\"notranslate\">Luna Aufroy, Alexis<\/span><\/li>\n<li>Or\u00fas Puigvert, Josefina<\/li>\n<li>P\u00e9rez Romero, Noelia<\/li>\n<\/ul>\n[\/vc_column_text][\/vc_column_inner][vc_column_inner width=&#8221;1\/2&#8243;][vc_column_text css=&#8221;&#8221;]\n<h4>Predoctorals<\/h4>\n<ul>\n<li>Hern\u00e1ndez L\u00e1zaro, Alba<\/li>\n<li>Luchtenberg, Florencia<\/li>\n<li>Moreno Armengol, Alex<\/li>\n<li>Pareja Franganillo, Roc\u00edo<\/li>\n<\/ul>\n[\/vc_column_text][\/vc_column_inner][\/vc_row_inner][vc_row_inner][vc_column_inner width=&#8221;1\/2&#8243;][vc_column_text]\n<h4>Personal investigador no doctor<\/h4>\n<ul>\n<li>Cidoncha Secilla, Ariadna<\/li>\n<li>Francisco Arenas, Anna<\/li>\n<li>Hern\u00e1ndez L\u00e1zaro, Alba<\/li>\n<li>Torre\u00f1o Machado, Ver\u00f3nica<\/li>\n<\/ul>\n[\/vc_column_text][\/vc_column_inner][vc_column_inner width=&#8221;1\/2&#8243;][\/vc_column_inner][\/vc_row_inner][\/vc_tta_section][vc_tta_section title=&#8221;Grup A4G2 &#8211; Diabetes-risc cardiovascular&#8221; tab_id=&#8221;grup-diabetes-risc-cardiovascular&#8221;][vc_column_text]\n<h2 class=\"article-title\">Grup A4G2 &#8211; Diabetes-risc cardiovascular<\/h2>\n<p class=\"nivell-acreditacio\">Nivell d&#8217;acreditaci\u00f3: <strong>Grup en fase de consolidaci\u00f3<\/strong><\/p>\n[\/vc_column_text][vc_row_inner][vc_column_inner]<div class=\"eut-element eut-box-icon eut-align-center eut-medium\" style=\"\"><a href=\"https:\/\/www.ciberdem.org\/grupos\/grupo-de-investigacion?id=3305\" target=\"_blank\"><div class=\"eut-image-icon\"><img width=\"278\" height=\"100\" src=\"https:\/\/www.tauli.cat\/institut\/wp-content\/uploads\/2020\/10\/ciberdem.png\" class=\"attachment-full size-full\" alt=\"\" decoding=\"async\" loading=\"lazy\" \/><\/div><\/a>  <div class=\"eut-box-content\">    <p class=\"\">Col\u00b7laboraci\u00f3 CB07\/08\/0012 <\/p>  <\/div><\/div>[\/vc_column_inner][\/vc_row_inner][vc_column_text]El grup de diabetes-risc cardiovascular \u00e9s multidisciplinar, incorpora especialistes d\u2019altres hospitals i el seu l\u00edder forma part del CIBERDEM. Amb m\u00e9s de 10 anys de traject\u00f2ria, actualment se centra en com predir millors els esdeveniments coronaris en pacients amb diabetes tipus 1. El grup ha desenvolupat un model matem\u00e0tic amb una elevada capacitat per predir la presencia d\u2019isqu\u00e8mia mioc\u00e1rdica silent en aquests pacients. Aquest model ser\u00e1 validat i millorat amb l\u2019addici\u00f3 de nous biomarcadors en els propers quatre anys.<\/p>\n<p>En un futur es preveu avaluar prospectivament els canvis en la rigidesa arterial dels pacients amb diabetes tipus 1 i la seva associaci\u00f3 amb el fetge gras amb la idea de predir millor el risc cardiovascular dels pacients tipus 1.<\/p>\n<h4>L\u00ednies d&#8217;Investigaci\u00f3<\/h4>\n<ul>\n<li>La paret intestinal com a \u00f2rgan diana: un pas endavant en la medicina de precisi\u00f3.<\/li>\n<li>El paper de la resist\u00e8ncia a la insulina en el risc cardiovascular en diabetes tipus 1.<\/li>\n<\/ul>\n<h3>Composici\u00f3 del grup<\/h3>\n<p><strong>Jos\u00e9 Miguel Gonz\u00e1lez Clemente<\/strong> (Cap de grup) | <a href=\"https:\/\/orcid.org\/0000-0002-7409-8720\" target=\"_blank\" rel=\"noopener\">ORCID<\/a>[\/vc_column_text][vc_row_inner][vc_column_inner width=&#8221;1\/2&#8243;][vc_column_text]\n<h4><strong>Personal investigador doctor<\/strong><\/h4>\n<ul>\n<li><span class=\"notranslate\">Cano Palomares, Albert<\/span><\/li>\n<\/ul>\n[\/vc_column_text][\/vc_column_inner][vc_column_inner width=&#8221;1\/2&#8243;][\/vc_column_inner][\/vc_row_inner][vc_row_inner][vc_column_inner width=&#8221;1\/2&#8243;][vc_column_text]\n<h4><strong>Personal investigador no doctor<\/strong><\/h4>\n<ul>\n<li><span class=\"notranslate\">Punt\u00ed Sala, Jordi<\/span><\/li>\n<li><span class=\"notranslate\">Rodr\u00edguez Revuelto, Ato Antonio<\/span><\/li>\n<\/ul>\n[\/vc_column_text][\/vc_column_inner][\/vc_row_inner][\/vc_tta_section][vc_tta_section title=&#8221;Grup A4G3 &#8211; Tecnologia aplicada a la diabetis&#8221; tab_id=&#8221;grup-diabetes&#8221;]<div class=\"eut-element eut-image eut-animated-item eut-fadeInLeft eut-align-center\" style=\"\" data-delay=\"200\"><img width=\"1200\" height=\"550\" src=\"https:\/\/www.tauli.cat\/institut\/wp-content\/uploads\/2021\/06\/a4g3-grup-recerca-i3pt.jpg\" class=\"attachment-full size-full\" alt=\"\" decoding=\"async\" loading=\"lazy\" srcset=\"https:\/\/www.tauli.cat\/institut\/wp-content\/uploads\/2021\/06\/a4g3-grup-recerca-i3pt.jpg 1200w, https:\/\/www.tauli.cat\/institut\/wp-content\/uploads\/2021\/06\/a4g3-grup-recerca-i3pt-300x138.jpg 300w, https:\/\/www.tauli.cat\/institut\/wp-content\/uploads\/2021\/06\/a4g3-grup-recerca-i3pt-768x352.jpg 768w, https:\/\/www.tauli.cat\/institut\/wp-content\/uploads\/2021\/06\/a4g3-grup-recerca-i3pt-1024x469.jpg 1024w\" sizes=\"(max-width: 1200px) 100vw, 1200px\" \/><\/div>[vc_row_inner][vc_column_inner][vc_column_text]\n<h2 class=\"article-title\">Grup A4G3 &#8211; Tecnologia aplicada a la diabetis<\/h2>\n<p class=\"nivell-acreditacio\">Nivell d&#8217;acreditaci\u00f3: <strong>Grup en fase de consolidaci\u00f3<\/strong><\/p>\n[\/vc_column_text]<div class=\"eut-element eut-box-icon eut-align-center eut-medium\" style=\"\"><div class=\"eut-image-icon\"><img width=\"317\" height=\"159\" src=\"https:\/\/www.tauli.cat\/institut\/wp-content\/uploads\/2020\/10\/agaur.jpg\" class=\"attachment-full size-full\" alt=\"\" decoding=\"async\" loading=\"lazy\" srcset=\"https:\/\/www.tauli.cat\/institut\/wp-content\/uploads\/2020\/10\/agaur.jpg 317w, https:\/\/www.tauli.cat\/institut\/wp-content\/uploads\/2020\/10\/agaur-300x150.jpg 300w\" sizes=\"(max-width: 317px) 100vw, 317px\" \/><\/div>  <div class=\"eut-box-content\">      <h4 class=\"eut-box-title\">GRC 2021 SGR 00703<\/h4>  <\/div><\/div>[\/vc_column_inner][\/vc_row_inner][vc_column_text]El nostre grup \u00e9s pioner a Catalunya en tecnologia aplicada a la diabetis i la nostra recerca es centra en dos escenaris cl\u00ednics: p\u00e0ncreas artificial per millorar el tractament de la diabetis i telemedicina intel\u00b7ligent aplicada al maneig de la diabetis. A m\u00e9s, tenim molt present en tota la nostra activitat, tant assistencial, docent com de recerca la necessitat d\u2019estar alineats amb les necessitats de la societat i per aquest motiu considerem la participaci\u00f3 dels propis pacients, des de la participaci\u00f3 en el disseny de noves eines intel\u00b7ligents pel maneig de la diabetis fins a l\u2019avaluaci\u00f3 i propostes de millora.<\/p>\n<p>El grup est\u00e0 format per personal investigador cl\u00ednic (endocrinologia), d\u2019enginyeria inform\u00e0tica i personal de suport a la recerca (dues infermeres investigadores m\u00e0ster en monitoratge d&#8217;assajos cl\u00ednics).<\/p>\n<h4>L\u00ednies d&#8217;Investigaci\u00f3<\/h4>\n<ul>\n<li>Personalitzaci\u00f3 de tractment de p\u00e0ncrees artificial basat en intel\u00b7lig\u00e8ncia artificial.<\/li>\n<li>Aplicacions de la telemedicina intel\u00b7ligent per a la millora del seguiment de la diabetis.<\/li>\n<li>Resposta tissular als sensors de glucosa.<\/li>\n<li>Estudi dels factors predictius en el desenvolupament d&#8217;esdeveniments coronaris en pacients amb diabetis mellitus tipus 1.<\/li>\n<\/ul>\n<h3>Composici\u00f3 del grup<\/h3>\n<p><strong>Mercedes Rigla Cros<\/strong> (Cap de grup) | <a href=\"https:\/\/orcid.org\/0000-0002-6691-4871\" target=\"_blank\" rel=\"noopener\">ORCID<\/a>[\/vc_column_text][vc_row_inner][vc_column_inner width=&#8221;1\/2&#8243;][vc_column_text]\n<h4>Personal investigador doctor<\/h4>\n<ul>\n<li>Capel Flores, Ismael<\/li>\n<\/ul>\n[\/vc_column_text][\/vc_column_inner][vc_column_inner width=&#8221;1\/2&#8243;][vc_column_text]\n<h4>Predoctoral<\/h4>\n<ul>\n<li>Albert F\u00e0bregas, Lara<\/li>\n<\/ul>\n[\/vc_column_text][\/vc_column_inner][\/vc_row_inner][vc_row_inner][vc_column_inner width=&#8221;1\/2&#8243;][vc_column_text css=&#8221;&#8221;]\n<h4>Personal investigador no doctor<\/h4>\n<ul>\n<li>Aguilar G\u00e1zquez, Montserrat<\/li>\n<li>Valbuena bueno, Miguel Angel<\/li>\n<li>Yuste Gimenez, Cristina<\/li>\n<\/ul>\n[\/vc_column_text][\/vc_column_inner][vc_column_inner width=&#8221;1\/2&#8243;][\/vc_column_inner][\/vc_row_inner][\/vc_tta_section][vc_tta_section title=&#8221;Grup A4G4 &#8211; Malaltia inflamat\u00f2ria intestinal, hep\u00e0tica i Helicobacter pylori&#8221; tab_id=&#8221;grup-inflamacio-intestinal-hepatica-helicobacter&#8221;]<div class=\"eut-element eut-image eut-animated-item eut-fadeInLeft eut-align-center\" style=\"\" data-delay=\"200\"><img width=\"1200\" height=\"550\" src=\"https:\/\/www.tauli.cat\/institut\/wp-content\/uploads\/2021\/06\/a4g4-grup-recerca-i3pt.jpg\" class=\"attachment-full size-full\" alt=\"\" decoding=\"async\" loading=\"lazy\" srcset=\"https:\/\/www.tauli.cat\/institut\/wp-content\/uploads\/2021\/06\/a4g4-grup-recerca-i3pt.jpg 1200w, https:\/\/www.tauli.cat\/institut\/wp-content\/uploads\/2021\/06\/a4g4-grup-recerca-i3pt-300x138.jpg 300w, https:\/\/www.tauli.cat\/institut\/wp-content\/uploads\/2021\/06\/a4g4-grup-recerca-i3pt-768x352.jpg 768w, https:\/\/www.tauli.cat\/institut\/wp-content\/uploads\/2021\/06\/a4g4-grup-recerca-i3pt-1024x469.jpg 1024w\" sizes=\"(max-width: 1200px) 100vw, 1200px\" \/><\/div>[vc_column_text]\n<h2>Grup A4G4 &#8211; Malaltia inflamat\u00f2ria intestinal, hep\u00e0tica i <em>Helicobacter pylori<\/em><\/h2>\n<p class=\"nivell-acreditacio\">Nivell d&#8217;acreditaci\u00f3: <strong>Grup consolidat<\/strong><\/p>\n[\/vc_column_text][vc_row_inner][vc_column_inner width=&#8221;1\/2&#8243;]<div class=\"eut-element eut-box-icon eut-align-center eut-medium\" style=\"\"><a href=\"https:\/\/www.ciberehd.org\/grupos\/grupo-de-investigacion?id=16126\" target=\"_blank\"><div class=\"eut-image-icon\"><img width=\"254\" height=\"50\" src=\"https:\/\/www.tauli.cat\/institut\/wp-content\/uploads\/2019\/11\/Ciberehd.jpg\" class=\"attachment-full size-full\" alt=\"\" decoding=\"async\" loading=\"lazy\" \/><\/div><\/a>  <div class=\"eut-box-content\"><a href=\"https:\/\/www.ciberehd.org\/grupos\/grupo-de-investigacion?id=16126\" target=\"_blank\">      <h4 class=\"eut-box-title\">CB06\/04\/0036<\/h4><\/a>  <\/div><\/div>[\/vc_column_inner][vc_column_inner width=&#8221;1\/2&#8243;]<div class=\"eut-element eut-box-icon eut-align-center eut-medium\" style=\"\"><div class=\"eut-image-icon\"><img width=\"317\" height=\"159\" src=\"https:\/\/www.tauli.cat\/institut\/wp-content\/uploads\/2020\/10\/agaur.jpg\" class=\"attachment-full size-full\" alt=\"\" decoding=\"async\" loading=\"lazy\" srcset=\"https:\/\/www.tauli.cat\/institut\/wp-content\/uploads\/2020\/10\/agaur.jpg 317w, https:\/\/www.tauli.cat\/institut\/wp-content\/uploads\/2020\/10\/agaur-300x150.jpg 300w\" sizes=\"(max-width: 317px) 100vw, 317px\" \/><\/div>  <div class=\"eut-box-content\">      <h4 class=\"eut-box-title\">GRC 2021 SGR 01183<\/h4>  <\/div><\/div>[\/vc_column_inner][\/vc_row_inner][vc_column_text css=&#8221;&#8221;]El nostre grup de recerca \u00e9s un grup consolidat per l\u2019AGAUR (SGR2009-01500) i que pertany al CIBER de malalties hep\u00e0tiques i digestives des del 2006. Des de la seva formaci\u00f3, el grup multidisciplinar est\u00e0 constitu\u00eft per digest\u00f2legs i hepat\u00f2legs, endoscopistes, bi\u00f2legs infermeres. El grup ha obtingut durant els \u00faltims anys m\u00faltiples beques competitives, entre elles dues de la Marat\u00f3 de TV3 i finan\u00e7ament a partir del FIS de manera continuada durant els \u00faltims 10 anys.<\/p>\n<p>Per una banda, el nostre grup es centra en la recerca cl\u00ednica del diagn\u00f2stic i tractament de la infecci\u00f3 per H. pylori, la malaltia inflamat\u00f2ria intestinal i l&#8217;hepatopatia cr\u00f2nica. Per altra banda, tamb\u00e9 realitzem recerca b\u00e0sica estudiant marcadors de microRNAs i de la metabol\u00f2mica per a les malalties intestinals, i investigant els factors de virul\u00e8ncia de H. pylori.<\/p>\n<p>Actualment tenim en marxa m\u00e9s de 20 projectes de recerca, la majoria en col\u00b7laboraci\u00f3 amb centres nacionals i internacionals, i activitats de transfer\u00e8ncia amb empreses internacion<\/p>\n<h4>L\u00ednies d&#8217;Investigaci\u00f3<\/h4>\n<ul>\n<li><em>Helicobacter pylori<\/em> i malalties associades. Diagn\u00f2stic, tractament i c\u00e0ncer.<\/li>\n<li>Malaltia inflamat\u00f2ria intestinal.<\/li>\n<li>Malalties hep\u00e0tiques.<\/li>\n<\/ul>\n<h3>Composici\u00f3 del grup<\/h3>\n<p><strong>Xavier Calvet Calvo <\/strong>(cocap de grup) | <a href=\"https:\/\/orcid.org\/0000-0002-4413-4209\" target=\"_blank\" rel=\"noopener\">ORCID<\/a><\/p>\n<p><strong>Sergio Lario Garcia<\/strong> (cocap de grup) | <a href=\"https:\/\/orcid.org\/0000-0001-9294-1585\" target=\"_blank\" rel=\"noopener\">ORCID<\/a>[\/vc_column_text][vc_row_inner][vc_column_inner width=&#8221;1\/2&#8243;][vc_column_text]\n<h4>Personal investigador doctor<\/h4>\n<ul>\n<li>Brunet Mas, Eduard<\/li>\n<li>Casas Rodrigo, Meritxell<\/li>\n<li>Ferrusquia Acosta, Jose Alberto<\/li>\n<li>Junquera Florez, F\u00e9lix<\/li>\n<li>Lario Garc\u00eda, Sergio<\/li>\n<li>Mart\u00ednez Bauer, Eva<\/li>\n<li>Miquel Planas, Mireia<\/li>\n<li>Ram\u00edrez L\u00e1zaro, M. Jos\u00e9<\/li>\n<li>S\u00e1nchez Delgado, Jordi<\/li>\n<li>Sol\u00e9 Mart\u00ed, Cristina<\/li>\n<li>Vergara G\u00f3mez, Merc\u00e8<\/li>\n<li><span class=\"notranslate\">Villoria Ferrer, Albert<\/span><\/li>\n<\/ul>\n[\/vc_column_text][\/vc_column_inner][vc_column_inner width=&#8221;1\/2&#8243;][vc_column_text css=&#8221;&#8221;]\n<h4>Predoctorals<\/h4>\n<ul>\n<li>Garc\u00eda Sagu\u00e9, Bel\u00e9n<\/li>\n<li>Llovet Soto, Laura<\/li>\n<li>Machlab Mashlab, Salvador<\/li>\n<li>Melcarne, Luigi<\/li>\n<\/ul>\n[\/vc_column_text][\/vc_column_inner][\/vc_row_inner][vc_row_inner][vc_column_inner width=&#8221;1\/2&#8243;][vc_column_text css=&#8221;&#8221;]\n<h4>Investigadors no Doctors<\/h4>\n<ul>\n<li>Frisancho Morales, Luis Enrique<\/li>\n<li>Hern\u00e1ndez S\u00e1nchez-Carnerero, Leticia<\/li>\n<li>Lira Aguilar, Alba<\/li>\n<li><span class=\"notranslate\">Montserrat Torres, Ant\u00f2nia<\/span><\/li>\n<\/ul>\n[\/vc_column_text][\/vc_column_inner][vc_column_inner width=&#8221;1\/2&#8243;][vc_column_text]\n<h4>Professionals de suport<\/h4>\n<ul>\n<li>Alforcea Alcaraz, Sheila<\/li>\n<li><span class=\"notranslate\">Rodr\u00edguez Cerrillo, S\u00edlvia<\/span><\/li>\n<li>S\u00e1nchez Rubio, Alicia<\/li>\n<\/ul>\n[\/vc_column_text][\/vc_column_inner][\/vc_row_inner][\/vc_tta_section][\/vc_tta_tour][\/vc_column][\/vc_row]\n<\/div>","protected":false},"excerpt":{"rendered":"<p>[vc_row section_id=&#8221;custom-top-tabs&#8221;][vc_column][vc_column_text el_class=&#8221;top-tabs&#8221;] Sobre l&#8217;\u00e0rea Grups [\/vc_column_text][\/vc_column][\/vc_row][vc_row el_class=&#8221;custom-top-tabs-content&#8221;][vc_column width=&#8221;2\/3&#8243;][vc_column_text]Aquesta \u00e0rea de recerca inclou 4 grups consolidats i multidisciplinaris que tenen en com\u00fa la investigaci\u00f3 en malalties metab\u00f2liques o del sistema digestiu. Dos dels grups es dediquen a la diabetis en dos aspectes ben diferenciats, un a l\u2019estudi del risc cardiovascular i l\u2019altre al desenvolupament de [&hellip;]<\/p>\n","protected":false},"author":12,"featured_media":499,"parent":87,"menu_order":0,"comment_status":"closed","ping_status":"closed","template":"","meta":[],"_links":{"self":[{"href":"https:\/\/www.tauli.cat\/institut\/wp-json\/wp\/v2\/pages\/455"}],"collection":[{"href":"https:\/\/www.tauli.cat\/institut\/wp-json\/wp\/v2\/pages"}],"about":[{"href":"https:\/\/www.tauli.cat\/institut\/wp-json\/wp\/v2\/types\/page"}],"author":[{"embeddable":true,"href":"https:\/\/www.tauli.cat\/institut\/wp-json\/wp\/v2\/users\/12"}],"replies":[{"embeddable":true,"href":"https:\/\/www.tauli.cat\/institut\/wp-json\/wp\/v2\/comments?post=455"}],"version-history":[{"count":91,"href":"https:\/\/www.tauli.cat\/institut\/wp-json\/wp\/v2\/pages\/455\/revisions"}],"predecessor-version":[{"id":22558,"href":"https:\/\/www.tauli.cat\/institut\/wp-json\/wp\/v2\/pages\/455\/revisions\/22558"}],"up":[{"embeddable":true,"href":"https:\/\/www.tauli.cat\/institut\/wp-json\/wp\/v2\/pages\/87"}],"wp:featuredmedia":[{"embeddable":true,"href":"https:\/\/www.tauli.cat\/institut\/wp-json\/wp\/v2\/media\/499"}],"wp:attachment":[{"href":"https:\/\/www.tauli.cat\/institut\/wp-json\/wp\/v2\/media?parent=455"}],"curies":[{"name":"wp","href":"https:\/\/api.w.org\/{rel}","templated":true}]}}