{"id":481,"date":"2019-11-25T12:52:32","date_gmt":"2019-11-25T11:52:32","guid":{"rendered":"http:\/\/www.tauli.cat\/institut\/?page_id=481"},"modified":"2025-08-06T13:56:07","modified_gmt":"2025-08-06T11:56:07","slug":"malalties-minoritaries","status":"publish","type":"page","link":"https:\/\/www.tauli.cat\/institut\/recerca\/arees\/malalties-minoritaries\/","title":{"rendered":"Malalties Minorit\u00e0ries"},"content":{"rendered":"<div class=\"wpb-content-wrapper\">[vc_row section_id=&#8221;custom-top-tabs&#8221;][vc_column][vc_column_text el_class=&#8221;top-tabs&#8221;]\n<ul>\n<li data-hash=\"sobre\">Sobre l&#8217;\u00e0rea<\/li>\n<li data-hash=\"grups\">Grups<\/li>\n<\/ul>\n[\/vc_column_text][\/vc_column][\/vc_row][vc_row el_class=&#8221;custom-top-tabs-content&#8221;][vc_column width=&#8221;2\/3&#8243;][vc_column_text]L&#8217;\u00e0rea de Malalties Minorit\u00e0ries t\u00e9 com a missi\u00f3 investigar i avan\u00e7ar en aquells grups de malalties en qu\u00e8 la Corporaci\u00f3 Sanit\u00e0ria Parc Taul\u00ed \u00e9s centre de refer\u00e8ncia per al diagn\u00f2stic i tractament de les mateixes.<\/p>\n<p>Est\u00e0 constitu\u00efda per tres grups de recerca formats per professionals amb perfils que es caracteritzen per la seva multidisciplinarietat i cohesi\u00f3, amb un important recorregut de treball conjunt: biologia, gen\u00e8tica, pediatria, fisioter\u00e0pia, psicologia cl\u00ednica i infermeria, que comparteixen com a objectiu millorar el coneixement d&#8217;aquestes malalties a partir de la recerca b\u00e0sica i l&#8217;aplicada a la cl\u00ednica.<\/p>\n<h3>L\u00ednies estrat\u00e8giques de l&#8217;\u00e0rea<\/h3>\n<ul>\n<li>Estudi de malalties minorit\u00e0ries prevalents en la nostra poblaci\u00f3; obesitat infantil, discapacitat intel\u00b7lectual de base gen\u00e8tica, s\u00edndrome de Prader Willi, fibrosi qu\u00edstica.<\/li>\n<li>Aplicaci\u00f3 de la bioinform\u00e0tica per a la millora de diagn\u00f2stic i tractament.<\/li>\n<li>Estudi de trastorns durant la pubertat.<\/li>\n<li>Diabetis infanto-juvenil.<\/li>\n<\/ul>\n[\/vc_column_text][\/vc_column][vc_column width=&#8221;1\/3&#8243;]\r\n\t\t<div class=\"eut-team eut-element team\" style=\"\">\r\n\t\t\t<figure>\r\n\t\t\t\t\t\t\t\t<div class=\"eut-team-person eut-media eut-align-center\">\r\n\t\t\t\t\t<img width=\"550\" height=\"673\" src=\"https:\/\/www.tauli.cat\/institut\/wp-content\/uploads\/2020\/04\/raquel-corripio.jpg\" class=\"attachment-large size-large\" alt=\"\" decoding=\"async\" loading=\"lazy\" srcset=\"https:\/\/www.tauli.cat\/institut\/wp-content\/uploads\/2020\/04\/raquel-corripio.jpg 550w, https:\/\/www.tauli.cat\/institut\/wp-content\/uploads\/2020\/04\/raquel-corripio-245x300.jpg 245w\" sizes=\"(max-width: 550px) 100vw, 550px\" \/>\t\t\t\t<\/div>\r\n\t\t\t\t\t\t\t\t<figcaption>\r\n\t\t\t\t\t<div class=\"eut-team-description eut-align-center\">\r\n\t\t\t\t\t\t<div class=\"eut-team-identity eut-subtitle\">Coordinaci\u00f3 d&#039;\u00e0rea<\/div>\r\n\t\t\t\t\t\t\t\t\t\t\t\t<h5 class=\"eut-team-name\">Raquel Corripio Collado<\/h5>\r\n\t\t\t\t\t\t\t\t\t\t\t\t\t\t\t\t\t\t<p class=\"eut-team-content\"><a href=\"mailto:rcorripio@tauli.cat\">rcorripio@tauli.cat<\/a><\/p>\r\n\t\t\t\t\t\t\t\t\t\t\t<\/div>\r\n\t\t\t\t\t\t\t\t\t<\/figcaption>\r\n\t\t\t<\/figure>\r\n\t\t<\/div>\r\n\r\n\t\t[\/vc_column][\/vc_row][vc_row el_class=&#8221;custom-top-tabs-content&#8221;][vc_column][vc_tta_tour][vc_tta_section title=&#8221;Grup A5G2 &#8211; Trastorns del creixement i del desenvolupament&#8221; tab_id=&#8221;grup-trastorns-coneixement-desenvolupament&#8221;]<div class=\"eut-element eut-image eut-animated-item eut-fadeInLeft eut-align-center\" style=\"\" data-delay=\"200\"><img width=\"1918\" height=\"932\" src=\"https:\/\/www.tauli.cat\/institut\/wp-content\/uploads\/2024\/07\/FotoRC.jpg\" class=\"attachment-full size-full\" alt=\"\" decoding=\"async\" loading=\"lazy\" srcset=\"https:\/\/www.tauli.cat\/institut\/wp-content\/uploads\/2024\/07\/FotoRC.jpg 1918w, https:\/\/www.tauli.cat\/institut\/wp-content\/uploads\/2024\/07\/FotoRC-300x146.jpg 300w, https:\/\/www.tauli.cat\/institut\/wp-content\/uploads\/2024\/07\/FotoRC-1200x583.jpg 1200w, https:\/\/www.tauli.cat\/institut\/wp-content\/uploads\/2024\/07\/FotoRC-768x373.jpg 768w, https:\/\/www.tauli.cat\/institut\/wp-content\/uploads\/2024\/07\/FotoRC-600x292.jpg 600w, https:\/\/www.tauli.cat\/institut\/wp-content\/uploads\/2024\/07\/FotoRC-1536x746.jpg 1536w\" sizes=\"(max-width: 1918px) 100vw, 1918px\" \/><\/div>[vc_column_text]\n<h2>Grup A5G2 &#8211; Trastorns del creixement i del desenvolupament<\/h2>\n<p class=\"nivell-acreditacio\">Nivell d&#8217;acreditaci\u00f3: <strong>Grup emergent<\/strong><\/p>\n[\/vc_column_text]<div class=\"eut-element eut-image eut-align-center\" style=\"\"><img width=\"300\" height=\"150\" src=\"https:\/\/www.tauli.cat\/institut\/wp-content\/uploads\/2020\/10\/agaur-300x150.jpg\" class=\"attachment-medium size-medium\" alt=\"\" decoding=\"async\" loading=\"lazy\" srcset=\"https:\/\/www.tauli.cat\/institut\/wp-content\/uploads\/2020\/10\/agaur-300x150.jpg 300w, https:\/\/www.tauli.cat\/institut\/wp-content\/uploads\/2020\/10\/agaur.jpg 317w\" sizes=\"(max-width: 300px) 100vw, 300px\" \/><\/div>[vc_column_text]\n<p style=\"text-align: center;\"><em>GRE 2021 SGR 01307<\/em><\/p>\n[\/vc_column_text][vc_column_text]El nostre grup neix en el context del grup de malalties minorit\u00e0ries amb l\u2019objectiu de consolidar un grup d\u2019investigaci\u00f3 pedi\u00e0trica. Som, predominantment, pediatres amb inter\u00e8s per les hip\u00f2tesis que sorgeixen en la cl\u00ednica assistencial di\u00e0ria. La pertinen\u00e7a a diferents societats cient\u00edfiques ens genera les xarxes que ens permeten participar en estudis col\u00b7laboratius multic\u00e8ntric nacionals i internacionals. Per altra banda, el ser centre de refer\u00e8ncia de la S\u00edndrome de Prader-Willi (SPW), tractem de difondre l\u2019evid\u00e8ncia que anem acumulant en l\u2019atenci\u00f3 d\u2019aquests infants.<\/p>\n<p>Apart de la l\u00ednia d&#8217;investigaci\u00f3 SPW, el nostre equip tamb\u00e9 es centra en la investigaci\u00f3 de la diabetis mellitus tipus 1 amb l&#8217;objectiu de millorar la qualitat de vida dels nens i nenes, ja sigui mitjan\u00e7ant l&#8217;aplicaci\u00f3 de noves tecnologies en el maneig de la malaltia o mitjan\u00e7ant l&#8217;estudi immunol\u00f2gic en el debut de la malaltia. Per altra banda, el nostre grup tamb\u00e9 investiga en la l\u00ednia dels trastorns de creixement i desenvolupament com s\u00f3n la pubertat preco\u00e7, la telarquia i els disruptors hormonals i la talla baixa, participant en estudis de farmacovigil\u00e0ncia i assaigs cl\u00ednics amb hormona de creixement.<\/p>\n<p>A m\u00e9s de les l\u00ednies estrat\u00e8giques del grup, l&#8217;equip de recerca tamb\u00e9 realitza projectes en els \u00e0mbits d&#8217;infermeria en urg\u00e8ncies pedi\u00e0triques, neonatologia, i malaltia inflamat\u00f2ria intetinal infantil i juvenil.<\/p>\n<h4>L\u00ednies d&#8217;Investigaci\u00f3<\/h4>\n<ul>\n<li>Diabetis mellitus tipus 1: noves tecnologies en el maneig de la malaltia, estudi immunol\u00f2gic en el debut de la malaltia i millora de la qualitat de vida.<\/li>\n<li>S\u00edndrome de Prader-Willi i altres causes d&#8217;obesitat infanto-juvenil.<\/li>\n<li>Trastorns de creixement i desenvolupament: pubertat preco\u00e7, telarquia i disruptius, talla baixa.<\/li>\n<\/ul>\n<h3>Composici\u00f3 del grup<\/h3>\n<p><strong>Raquel Corripio Collado<\/strong> (Cap de grup)[\/vc_column_text][vc_row_inner][vc_column_inner width=&#8221;1\/2&#8243;][vc_column_text css=&#8221;&#8221;]\n<h4>Personal investigador doctor<\/h4>\n<ul>\n<li>\u00c1lvarez Garc\u00eda, Natalia<\/li>\n<li><span class=\"notranslate\">S\u00e1nchez Manubens, Judith<\/span><\/li>\n<li>Velasco Z\u00fa\u00f1iga, Roberto<\/li>\n<\/ul>\n[\/vc_column_text][\/vc_column_inner][vc_column_inner width=&#8221;1\/2&#8243;][vc_column_text css=&#8221;&#8221;]\n<h4>Personal investigador no doctor<\/h4>\n<ul style=\"list-style-type: disc;\">\n<li>De Luis Rossell, Daniel<\/li>\n<li>Domingo Puiggros, M\u00f2nica<\/li>\n<li>Herruzo Pino, Paula<\/li>\n<li>Jim\u00e9nez G\u00f3mez, Javier<\/li>\n<li>Perea Duran, Granada<\/li>\n<li>P\u00e9rez S\u00e1nchez, Jacobo<\/li>\n<li>Ranera M\u00e1laga, Adri\u00e1n<\/li>\n<li>S\u00e1nchez Molina, Carmen Mar\u00eda<\/li>\n<li>Santiago Mart\u00ednez, Saioa<\/li>\n<li>Torre Monmany, N\u00faria<\/li>\n<\/ul>\n[\/vc_column_text][\/vc_column_inner][\/vc_row_inner][vc_row_inner][vc_column_inner width=&#8221;1\/2&#8243;][vc_column_text]\n<h4><strong>Predoctoral<\/strong><\/h4>\n<ul>\n<li>Cah\u00eds Vela, N\u00faria<\/li>\n<li>Eslava Carri\u00f3n, Aurora<\/li>\n<li>N\u00fa\u00f1ez Garcia, Bernardo<\/li>\n<li>Vall\u00e9s Cardona, Griselda<\/li>\n<\/ul>\n[\/vc_column_text][\/vc_column_inner][vc_column_inner width=&#8221;1\/2&#8243;][vc_column_text]\n<h4><strong>Professionals de suport<\/strong><\/h4>\n<ul>\n<li>Infante Garc\u00eda, Sergio<\/li>\n<li>Pons Pous, Joan<\/li>\n<\/ul>\n[\/vc_column_text][\/vc_column_inner][\/vc_row_inner][\/vc_tta_section][vc_tta_section title=&#8221;Grup A5G3 &#8211; Trastorns del neurodesenvolupament de base gen\u00e8tica&#8221; tab_id=&#8221;grup-discapacitat-intelectual-origen-genetic&#8221;]<div class=\"eut-element eut-image eut-animated-item eut-fadeInLeft eut-align-center\" style=\"\" data-delay=\"200\"><img width=\"1200\" height=\"550\" src=\"https:\/\/www.tauli.cat\/institut\/wp-content\/uploads\/2020\/07\/a5g3-grup-recerca-i3pt.jpg\" class=\"attachment-full size-full\" alt=\"\" decoding=\"async\" loading=\"lazy\" srcset=\"https:\/\/www.tauli.cat\/institut\/wp-content\/uploads\/2020\/07\/a5g3-grup-recerca-i3pt.jpg 1200w, https:\/\/www.tauli.cat\/institut\/wp-content\/uploads\/2020\/07\/a5g3-grup-recerca-i3pt-300x138.jpg 300w, https:\/\/www.tauli.cat\/institut\/wp-content\/uploads\/2020\/07\/a5g3-grup-recerca-i3pt-768x352.jpg 768w, https:\/\/www.tauli.cat\/institut\/wp-content\/uploads\/2020\/07\/a5g3-grup-recerca-i3pt-1024x469.jpg 1024w\" sizes=\"(max-width: 1200px) 100vw, 1200px\" \/><\/div><div class=\"eut-element eut-image eut-animated-item eut-fadeInLeft eut-align-center\" style=\"\" data-delay=\"200\"><img width=\"1200\" height=\"550\" src=\"https:\/\/www.tauli.cat\/institut\/wp-content\/uploads\/2020\/07\/a5g4-grup-recerca-i3pt.jpg\" class=\"attachment-full size-full\" alt=\"\" decoding=\"async\" loading=\"lazy\" srcset=\"https:\/\/www.tauli.cat\/institut\/wp-content\/uploads\/2020\/07\/a5g4-grup-recerca-i3pt.jpg 1200w, https:\/\/www.tauli.cat\/institut\/wp-content\/uploads\/2020\/07\/a5g4-grup-recerca-i3pt-300x138.jpg 300w, https:\/\/www.tauli.cat\/institut\/wp-content\/uploads\/2020\/07\/a5g4-grup-recerca-i3pt-768x352.jpg 768w, https:\/\/www.tauli.cat\/institut\/wp-content\/uploads\/2020\/07\/a5g4-grup-recerca-i3pt-1024x469.jpg 1024w\" sizes=\"(max-width: 1200px) 100vw, 1200px\" \/><\/div>[vc_column_text]\n<h2 class=\"article-title\">Grup A5G3 &#8211; Trastorns del neurodesenvolupament de base gen\u00e8tica<\/h2>\n<p class=\"nivell-acreditacio\">Nivell d&#8217;acreditaci\u00f3: <strong>Grup consolidat<\/strong><\/p>\n[\/vc_column_text]<div class=\"eut-element eut-image eut-align-center\" style=\"\"><img width=\"300\" height=\"150\" src=\"https:\/\/www.tauli.cat\/institut\/wp-content\/uploads\/2020\/10\/agaur-300x150.jpg\" class=\"attachment-medium size-medium\" alt=\"\" decoding=\"async\" loading=\"lazy\" srcset=\"https:\/\/www.tauli.cat\/institut\/wp-content\/uploads\/2020\/10\/agaur-300x150.jpg 300w, https:\/\/www.tauli.cat\/institut\/wp-content\/uploads\/2020\/10\/agaur.jpg 317w\" sizes=\"(max-width: 300px) 100vw, 300px\" \/><\/div>[vc_column_text]\n<p style=\"text-align: center;\"><em>GRE 2021 SGR 01307<\/em><\/p>\n[\/vc_column_text][vc_column_text]Els trastorns intel\u00b7lectuals d&#8217;origen gen\u00e8tic han estat una prioritat en la nostra activitat assistencial i investigadora des de fa m\u00e9s de 30 anys. La Corporaci\u00f3 Sanit\u00e0ria Parc Taul\u00ed va implementar l&#8217;any 1997 la Unitat d&#8217;Atenci\u00f3 als trastorns cognitius i conductuals de base gen\u00e8tica, que at\u00e9n de manera multidisciplin\u00e0ria (neurologia, gen\u00e8tica cl\u00ednica, biologia, endocrinologia, psicologia i psiquiatria) als pacients afectats de s\u00edndromes minorit\u00e0ries de base gen\u00e8tica. Els estudis dels trastorns del neurodesenvolupament en edat pedi\u00e0trica i en adults s&#8217;orienten per aprofundir en la base etiopatog\u00e8nica, en els problemes cl\u00ednics i de maneig, pron\u00f2stic, tractament i assessorament gen\u00e8tic. Els pacients amb trastorns del neurodesenvolupament tenen m\u00e9s susceptibilitat a patir trastorns psiqui\u00e0trics\/conductuals respecte a la poblaci\u00f3 general tant a l&#8217;edat infantil com adulta.<\/p>\n<p>Aquesta l\u00ednia ha estat recolzada pel departament de Salut de la Generalitat de Catalunya en recon\u00e8ix el nostre equip com:<\/p>\n<ul>\n<li>Unitat d&#8217;Experi\u00e8ncia Cl\u00ednica (UEC) per a les s\u00edndromes d\u2019Angelman, Prader-Willi, X fr\u00e0gil, anomalies sexuals i discapacitat intel\u00b7lectual de base gen\u00e8tica (DOG, instrucci\u00f3 12\/2015)<\/li>\n<li>Laboratori de gen\u00e8tica qualificat de centre de refer\u00e8ncia per als trastorns cognitius conductuals de base gen\u00e8tica (DOG, instrucci\u00f3 06\/2015).<\/li>\n<\/ul>\n<p>En l&#8217;atenci\u00f3 al S\u00edndrome d&#8217;Angelman (SA), som referents per a l&#8217;Associaci\u00f3 Espanyola i Catalana del SA, i s&#8217;ha desenvolupat un protocol d&#8217;atenci\u00f3 m\u00e8dica integral i un algorisme pel diagn\u00f2stic gen\u00e8tic. Diversos dels nostres membres participen al Comit\u00e8 cient\u00edfic de FAST-Espanya, promovent i aconsellant sobre la investigaci\u00f3 especialitzada en SA. El nostre centre participa en un assaig fase I i un altre fase I\/II amb ASO i un altre en fase I\/II amb modulador de GABA tamb\u00e9 per a pacients amb SA.<\/p>\n<p>La nostra investigaci\u00f3 per al S\u00edndrome X Fr\u00e0gil (SXF) es centra en el diagn\u00f2stic, tractament i maneig d&#8217;aquesta condici\u00f3, en la seva heretabilitat i prevenci\u00f3, i en la patologia associada a aquesta s\u00edndrome amb l&#8217;objectiu de millorar la qualitat de vida dels pacients afectats per la s\u00edndrome i de les seves fam\u00edlies. Dins aquest grup, una poblaci\u00f3 especial \u00e9s la de nenes amb SXF, una condici\u00f3 encara infradiagnosticada per a la qual el nostre grup n&#8217;\u00e9s referent.<\/p>\n<h4>L\u00ednies d&#8217;Investigaci\u00f3<\/h4>\n<ul style=\"list-style-type: disc;\">\n<li>Innovaci\u00f3 en el desenvolupament de les tecnologies \u00f2miques i big data per a la cerca de variants gen\u00f2miques associades als trastorns del neurodesenvolupament.<\/li>\n<li>An\u00e0lisi de factors gen\u00e8tics implicats en la susceptibilitat de trastorns neuropsiqui\u00e0trics.<\/li>\n<li>Desenvolupament de noves ter\u00e0pies i una medicina de precisi\u00f3 per al tractament dels trastorns del neurodesenvolupament, basada en la informaci\u00f3 gen\u00e8tica individual.<\/li>\n<li>Personalitzaci\u00f3 del maneig cl\u00ednic en els pacients amb trastorns del neurodesenvolupament de base gen\u00e8tica, tant a l&#8217;edat pedi\u00e0trica com a la vida adulta, per tal de garantir una transici\u00f3 adequada.<\/li>\n<li>Estudi i caracteritzaci\u00f3 cl\u00ednica i molecular de trastorns del neurodesenvolupament de base gen\u00e8tica.<\/li>\n<\/ul>\n<h3>Composici\u00f3 del grup<\/h3>\n<p><strong>Anna Ruiz Nel\u00b7lo<\/strong> (co-cap de grup) <a href=\"https:\/\/orcid.org\/0000-0001-7314-5962\" target=\"_blank\" rel=\"noopener\">ORCiD<\/a><\/p>\n<p><strong>Ana Roche Mart\u00ednez<\/strong> (co-cap de grup) <a href=\"https:\/\/orcid.org\/0000-0001-8295-1982\" target=\"_blank\" rel=\"noopener\">ORCiD<\/a>[\/vc_column_text][vc_row_inner][vc_column_inner width=&#8221;1\/2&#8243;][vc_column_text]\n<h4>Personal investigador doctor<\/h4>\n<ul>\n<li><span class=\"notranslate\">Baena D\u00edez, Neus<\/span><\/li>\n<li>Brunet Vega, Anna<\/li>\n<li>Joga Elvira, Lorena<\/li>\n<li>Mart\u00ednez Gonz\u00e1lez, V\u00edctor Manuel<\/li>\n<li>Moraleda Cibrian, Marta<\/li>\n<li>Trujillo Quintero, Juan Pablo<\/li>\n<li><span class=\"notranslate\">Spataro, Nino<\/span><\/li>\n<\/ul>\n[\/vc_column_text][\/vc_column_inner][vc_column_inner width=&#8221;1\/2&#8243;][vc_column_text css=&#8221;&#8221;]\n<h4>Predoctorals<\/h4>\n<ul>\n<li>Manso Bazus, Carmen<\/li>\n<li>Mir Parram\u00f3n, Marina<\/li>\n<li>Zapata Aldana, Eugenio<\/li>\n<\/ul>\n[\/vc_column_text][\/vc_column_inner][\/vc_row_inner][vc_row_inner][vc_column_inner width=&#8221;1\/2&#8243;][vc_column_text css=&#8221;&#8221;]\n<h4>Personal investigador no doctor<\/h4>\n<ul>\n<li>Ala Lozano, Shirin<\/li>\n<li>Capdevila Atienza, Nuria<\/li>\n<li>Escofet Soteras, Concepci\u00f3<\/li>\n<li>Gabau Vila, Elisabeth<\/li>\n<li>Garc\u00eda Besteiro, Mar\u00eda<\/li>\n<li>Gelman Bagaria, Anna<\/li>\n<li>Gual S\u00e1nchez, Maria<\/li>\n<li>Petan\u00e0s Argem\u00ed, Joan<\/li>\n<li>Ram\u00edrez Mallafr\u00e9, Ariadna<\/li>\n<li>Rubio Roy, Marta<\/li>\n<li>Torrents Fenoy, Carme<\/li>\n<\/ul>\n[\/vc_column_text][\/vc_column_inner][vc_column_inner width=&#8221;1\/2&#8243;][vc_column_text el_class=&#8221;llista-desplegable&#8221;]\n<h4>Professionals associats<\/h4>\n<ul>\n<li>Ruiz Elena, Pablo Andr\u00e9s<\/li>\n<\/ul>\n[\/vc_column_text][\/vc_column_inner][\/vc_row_inner][\/vc_tta_section][vc_tta_section title=&#8221;Grup A5G5 &#8211; Fibrosi Qu\u00edstica (FQ)&#8221; tab_id=&#8221;grup-fibrosi-quistica&#8221;][vc_column_text]\n<h2>Grup A5G5 &#8211; Fibrosi Qu\u00edstica (FQ)<\/h2>\n<p class=\"nivell-acreditacio\">Nivell d&#8217;acreditaci\u00f3: <strong>Grup consolidat<\/strong><\/p>\n[\/vc_column_text]<div class=\"eut-element eut-image eut-align-center\" style=\"\"><img width=\"317\" height=\"159\" src=\"https:\/\/www.tauli.cat\/institut\/wp-content\/uploads\/2020\/10\/agaur.jpg\" class=\"attachment-full size-full\" alt=\"\" decoding=\"async\" loading=\"lazy\" srcset=\"https:\/\/www.tauli.cat\/institut\/wp-content\/uploads\/2020\/10\/agaur.jpg 317w, https:\/\/www.tauli.cat\/institut\/wp-content\/uploads\/2020\/10\/agaur-300x150.jpg 300w\" sizes=\"(max-width: 317px) 100vw, 317px\" \/><\/div>[vc_column_text]\n<p style=\"text-align: center;\"><em>GRE 2021 SGR 01307<\/em><\/p>\n[\/vc_column_text][vc_column_text]Les nostres l\u00ednies estan orientades a la investigaci\u00f3 sobre la fisiopatologia de la inflamaci\u00f3, amb pacients de Fibrosi Qu\u00edstica (FQ), sobretot centrat en inflamaci\u00f3 pulmonar i a nivell sist\u00e8mic. El nostre repte en els pr\u00f2xims anys, \u00e9s abordar l\u2019estudi de la patologia associada al pacient FQ des d\u2019una perspectiva \u00e0mplia, integral, multidisciplinar, humanitzada i centrada en el pacient i afavorir estrat\u00e8gies que ens permetin ajustar els tractaments a les necessitats particulars i al seguiment d\u2019aquests pacients.<\/p>\n<p>L\u2019equip investigador \u00e9s multidisciplinar i l\u2019integren investigadors de diferents perfils el que permet el desenvolupament de projectes de recerca cl\u00ednica. Com a destacar la col\u00b7laboraci\u00f3 amb els grups de recerca de FQ de Sant Joan de Deu de Barcelona.<\/p>\n<h4>L\u00ednies d&#8217;Investigaci\u00f3<\/h4>\n<ul>\n<li>Valoraci\u00f3 de la inflamaci\u00f3 en fibrosi qu\u00edstica.<\/li>\n<li>Efic\u00e0cia i toler\u00e0ncia de ter\u00e0pies dirigides en el control de l&#8217;asma i la rinitis.<\/li>\n<li>Mesures terap\u00e8utiques encaminades a la immunoter\u00e0pia oral a aliments.<\/li>\n<li>Diagn\u00f2stic i tractament de l&#8217;asma greu.<\/li>\n<li>Adher\u00e8ncia a tractament de l&#8217;asma.<\/li>\n<\/ul>\n<h3>Composici\u00f3 del grup<\/h3>\n<p><strong>Laura Valdesoiro Navarrete<\/strong> (Cap de Grup)[\/vc_column_text][vc_row_inner][vc_column_inner width=&#8221;1\/2&#8243;][vc_column_text css=&#8221;&#8221;]\n<h4>Personal investigador doctor<\/h4>\n<ul>\n<li><span class=\"notranslate\">Pineda Solas, Valent\u00ed<\/span><\/li>\n<li>Valiente Planas, Andrea<\/li>\n<\/ul>\n[\/vc_column_text][\/vc_column_inner][vc_column_inner width=&#8221;1\/2&#8243;][vc_column_text css=&#8221;&#8221;]\n<h4>Predoctorals<\/h4>\n<ul>\n<li>Baucells de la Pe\u00f1a, Andr\u00e9s<\/li>\n<li><span class=\"notranslate\">Garc\u00eda Gonz\u00e1lez, Miguel<\/span><\/li>\n<li>Valls Llovera, Alba<\/li>\n<\/ul>\n[\/vc_column_text][\/vc_column_inner][\/vc_row_inner][vc_row_inner][vc_column_inner width=&#8221;1\/2&#8243;][vc_column_text css=&#8221;&#8221;]\n<h4>Personal investigador no doctor<\/h4>\n<ul>\n<li>Asensio de la Cruz, \u00d2scar<\/li>\n<li>Escribano Tembleque, Raquel<\/li>\n<li>Garc\u00eda Tirado, Diana<\/li>\n<li>Susanna Calero, Marta<\/li>\n<\/ul>\n[\/vc_column_text][\/vc_column_inner][\/vc_row_inner][\/vc_tta_section][\/vc_tta_tour][\/vc_column][\/vc_row]\n<\/div>","protected":false},"excerpt":{"rendered":"<p>[vc_row section_id=&#8221;custom-top-tabs&#8221;][vc_column][vc_column_text el_class=&#8221;top-tabs&#8221;] Sobre l&#8217;\u00e0rea Grups [\/vc_column_text][\/vc_column][\/vc_row][vc_row el_class=&#8221;custom-top-tabs-content&#8221;][vc_column width=&#8221;2\/3&#8243;][vc_column_text]L&#8217;\u00e0rea de Malalties Minorit\u00e0ries t\u00e9 com a missi\u00f3 investigar i avan\u00e7ar en aquells grups de malalties en qu\u00e8 la Corporaci\u00f3 Sanit\u00e0ria Parc Taul\u00ed \u00e9s centre de refer\u00e8ncia per al diagn\u00f2stic i tractament de les mateixes. Est\u00e0 constitu\u00efda per tres grups de recerca formats per professionals amb perfils [&hellip;]<\/p>\n","protected":false},"author":12,"featured_media":501,"parent":87,"menu_order":0,"comment_status":"closed","ping_status":"closed","template":"","meta":[],"_links":{"self":[{"href":"https:\/\/www.tauli.cat\/institut\/wp-json\/wp\/v2\/pages\/481"}],"collection":[{"href":"https:\/\/www.tauli.cat\/institut\/wp-json\/wp\/v2\/pages"}],"about":[{"href":"https:\/\/www.tauli.cat\/institut\/wp-json\/wp\/v2\/types\/page"}],"author":[{"embeddable":true,"href":"https:\/\/www.tauli.cat\/institut\/wp-json\/wp\/v2\/users\/12"}],"replies":[{"embeddable":true,"href":"https:\/\/www.tauli.cat\/institut\/wp-json\/wp\/v2\/comments?post=481"}],"version-history":[{"count":97,"href":"https:\/\/www.tauli.cat\/institut\/wp-json\/wp\/v2\/pages\/481\/revisions"}],"predecessor-version":[{"id":20219,"href":"https:\/\/www.tauli.cat\/institut\/wp-json\/wp\/v2\/pages\/481\/revisions\/20219"}],"up":[{"embeddable":true,"href":"https:\/\/www.tauli.cat\/institut\/wp-json\/wp\/v2\/pages\/87"}],"wp:featuredmedia":[{"embeddable":true,"href":"https:\/\/www.tauli.cat\/institut\/wp-json\/wp\/v2\/media\/501"}],"wp:attachment":[{"href":"https:\/\/www.tauli.cat\/institut\/wp-json\/wp\/v2\/media?parent=481"}],"curies":[{"name":"wp","href":"https:\/\/api.w.org\/{rel}","templated":true}]}}