{"id":506,"date":"2019-11-25T14:36:43","date_gmt":"2019-11-25T13:36:43","guid":{"rendered":"http:\/\/www.tauli.cat\/institut\/?page_id=506"},"modified":"2026-04-09T11:05:13","modified_gmt":"2026-04-09T09:05:13","slug":"biobanc","status":"publish","type":"page","link":"https:\/\/www.tauli.cat\/institut\/plataformes-i-serveis\/biobanc\/","title":{"rendered":"Biobanc"},"content":{"rendered":"<div class=\"wpb-content-wrapper\">[vc_row section_id=&#8221;custom-top-tabs&#8221;][vc_column][vc_column_text el_class=&#8221;top-tabs&#8221;]\n<ul>\n<li data-hash=\"presentacio\">Presentaci\u00f3<\/li>\n<li data-hash=\"coleccions\">Col\u00b7leccions<\/li>\n<li data-hash=\"serveis\">Serveis i documentaci\u00f3<\/li>\n<li data-hash=\"contacte\">Contacte<\/li>\n<\/ul>\n[\/vc_column_text][\/vc_column][\/vc_row][vc_row el_class=&#8221;custom-top-tabs-content&#8221;][vc_column][vc_column_text]El Biobanc de l&#8217;I3PT es crea l&#8217;any 2019 gr\u00e0cies a l&#8217;estreta col\u00b7laboraci\u00f3 entre l&#8217;Institut i diversos serveis del Parc Taul\u00ed. \u00c9s una plataforma de suport al personal investigador que t\u00e9 l&#8217;objectiu de centralitzar les col\u00b7leccions de mostres biol\u00f2giques usades en recerca.<\/p>\n<p>La <strong>missi\u00f3<\/strong> del Biobanc \u00e9s desenvolupar-se com a instrument prove\u00efdor de material biol\u00f2gic per a la recerca, tant per al personal investigador de l\u2019I3PT com per al personal investigador extern, amb la garantia que el material biol\u00f2gic i les dades cl\u00edniques associades s\u00f3n d\u2019alta qualitat en el marc de la normativa especificada en la <a href=\"https:\/\/www.boe.es\/buscar\/doc.php?id=BOE-A-2011-18919\" target=\"_blank\" rel=\"noopener noreferrer\"><em>Ley Espa\u00f1ola de Biobancos<\/em><\/a>.<\/p>\n<p>El Biobanc forma part de <a href=\"https:\/\/ginys.cerca.cat\/\" target=\"_blank\" rel=\"noopener\">CERCAGINYS<\/a>, la plataforma d&#8217;acc\u00e9s a les infraestructures cient\u00edfiques i t\u00e8cniques dels centres CERCA. El portal, recull 198 plataformes classificades per categories i per acreditacions de qualitat.[\/vc_column_text]<div class=\"eut-element eut-image-text\" style=\"\"><div class=\"eut-image\"><img width=\"2560\" height=\"541\" src=\"https:\/\/www.tauli.cat\/institut\/wp-content\/uploads\/2023\/01\/CERCAGINYS-scaled.jpg\" class=\"attachment-full size-full\" alt=\"\" decoding=\"async\" loading=\"lazy\" srcset=\"https:\/\/www.tauli.cat\/institut\/wp-content\/uploads\/2023\/01\/CERCAGINYS-scaled.jpg 2560w, https:\/\/www.tauli.cat\/institut\/wp-content\/uploads\/2023\/01\/CERCAGINYS-300x63.jpg 300w, https:\/\/www.tauli.cat\/institut\/wp-content\/uploads\/2023\/01\/CERCAGINYS-1200x253.jpg 1200w, https:\/\/www.tauli.cat\/institut\/wp-content\/uploads\/2023\/01\/CERCAGINYS-768x162.jpg 768w, https:\/\/www.tauli.cat\/institut\/wp-content\/uploads\/2023\/01\/CERCAGINYS-600x127.jpg 600w, https:\/\/www.tauli.cat\/institut\/wp-content\/uploads\/2023\/01\/CERCAGINYS-1536x324.jpg 1536w, https:\/\/www.tauli.cat\/institut\/wp-content\/uploads\/2023\/01\/CERCAGINYS-1920x406.jpg 1920w\" sizes=\"(max-width: 2560px) 100vw, 2560px\" \/><\/div>  <div class=\"eut-content eut-align-left\">  <\/div><\/div>[vc_row_inner][vc_column_inner width=&#8221;1\/2&#8243;][vc_column_text]<span style=\"font-size: 8pt;\">Amb el suport de:<\/span>[\/vc_column_text]<div class=\"eut-element eut-image-text\" style=\"\"><div class=\"eut-image\"><img width=\"3834\" height=\"1070\" src=\"https:\/\/www.tauli.cat\/institut\/wp-content\/uploads\/2024\/11\/GOB_MCIU_color.png\" class=\"attachment-full size-full\" alt=\"\" decoding=\"async\" loading=\"lazy\" srcset=\"https:\/\/www.tauli.cat\/institut\/wp-content\/uploads\/2024\/11\/GOB_MCIU_color.png 3834w, https:\/\/www.tauli.cat\/institut\/wp-content\/uploads\/2024\/11\/GOB_MCIU_color-300x84.png 300w, https:\/\/www.tauli.cat\/institut\/wp-content\/uploads\/2024\/11\/GOB_MCIU_color-1200x335.png 1200w, https:\/\/www.tauli.cat\/institut\/wp-content\/uploads\/2024\/11\/GOB_MCIU_color-768x214.png 768w, https:\/\/www.tauli.cat\/institut\/wp-content\/uploads\/2024\/11\/GOB_MCIU_color-600x167.png 600w, https:\/\/www.tauli.cat\/institut\/wp-content\/uploads\/2024\/11\/GOB_MCIU_color-1536x429.png 1536w, https:\/\/www.tauli.cat\/institut\/wp-content\/uploads\/2024\/11\/GOB_MCIU_color-1920x536.png 1920w\" sizes=\"(max-width: 3834px) 100vw, 3834px\" \/><\/div>  <div class=\"eut-content eut-align-left\">  <\/div><\/div>[\/vc_column_inner][vc_column_inner width=&#8221;1\/2&#8243;][\/vc_column_inner][\/vc_row_inner][vc_empty_space height=&#8221;50px&#8221;][vc_row_inner][vc_column_inner width=&#8221;1\/2&#8243;][vc_raw_html css=&#8221;&#8221;]JTNDaWZyYW1lJTIwd2lkdGglM0QlMjIzNjAlMjIlMjBoZWlnaHQlM0QlMjIyMDMlMjIlMEFzcmMlM0QlMjJodHRwcyUzQSUyRiUyRnd3dy55b3V0dWJlLmNvbSUyRmVtYmVkJTJGdTc2cWZfbHVhaW8lMjIlMEF0aXRsZSUzRCUyMllvdVR1YmUlMjB2aWRlbyUyMHBsYXllciUyMiUyMGZyYW1lYm9yZGVyJTNEJTIyMCUyMiUwQWFsbG93JTNEJTIyYWNjZWxlcm9tZXRlciUzQiUyMGF1dG9wbGF5JTNCJTIwY2xpcGJvYXJkLXdyaXRlJTNCJTIwZW5jcnlwdGVkLW1lZGlhJTNCJTIwZ3lyb3Njb3BlJTNCJTIwcGljdHVyZS1pbi1waWN0dXJlJTNCJTIwd2ViLXNoYXJlJTIyJTBBYWxsb3dmdWxsc2NyZWVuJTNFJTBBJTNDJTJGaWZyYW1lJTNF[\/vc_raw_html][\/vc_column_inner][vc_column_inner width=&#8221;1\/2&#8243;][\/vc_column_inner][\/vc_row_inner][vc_empty_space height=&#8221;22px&#8221;][vc_column_text]\n<h3>Composici\u00f3<\/h3>\n<ul>\n<li><strong>Director cient\u00edfic i coordinador:<\/strong> N\u00e9stor Albi\u00f1ana Gim\u00e9nez, coordinaci\u00f3 de Plataformes Cient\u00edfiques i Biobanc<\/li>\n<li><strong>Responsable de qualitat: <\/strong>Martha Ariza Saenz, c<span id=\"pqai_column_2d_1_0_categoria\">oordinaci\u00f3 de la Unitat de Gesti\u00f3 del Coneixement<\/span><\/li>\n<li><strong>Responsable assistencial del banc de teixits:<\/strong> Joan Carles Ferreres Pi\u00f1as, cap del Servei d&#8217;Anatomia Patol\u00f2gica<\/li>\n<li><strong>Responsable assistencial del banc de fluids:<\/strong> Maria Luz Mu\u00f1oz Marin, direcci\u00f3 del Servei de Laboratori<\/li>\n<li><strong>Personal t\u00e8cnic:<\/strong> Maria Nieves G\u00f3mez Gerique i Sara Maria Le\u00f3n Ruiz<\/li>\n<\/ul>\n[\/vc_column_text][vc_column_text css=&#8221;&#8221;]\n<h3>Comit\u00e8 Cient\u00edfic Extern<\/h3>\n<ul>\n<li><strong>Presidenta:<\/strong> M\u00aa Jes\u00fas Arranz, Cap del Laboratori de Recerca de la M\u00fatua de Terrassa.<\/li>\n<li><strong>Secret\u00e0ria:<\/strong> Neus Baena, Investigadora del Grup de Discapacitat intel\u00b7lectual associada a trastorns psiqui\u00e0trics d\u2019origen gen\u00e8tic i S\u00edndrome d\u2019Angelman de l&#8217;I3PT.<\/li>\n<li><strong>Vocals:<\/strong>\n<ul>\n<li>Fina Climent, Cap d&#8217;Unitat del Biobanc HUB-ICO-IDIBELL.<\/li>\n<li>Ignasi Roig, Professor agregat del Departament de Biologia Cel\u00b7lular, de Fisiologia i d&#8217;Immunologia de la UAB.<\/li>\n<\/ul>\n<\/li>\n<\/ul>\n[\/vc_column_text][vc_column_text]\n<h3>Comit\u00e8 d&#8217;\u00c8tica d&#8217;Investigaci\u00f3 amb medicaments (CEIm)<\/h3>\n<ul>\n<li class=\"icon-list link\">\n<h4><a href=\"https:\/\/www.tauli.cat\/institut\/recerca\/cei-ceim\/\">Comit\u00e8 d\u2019\u00c8tica d\u2019Investigaci\u00f3 amb medicaments (CEIm)<\/a><\/h4>\n<\/li>\n<\/ul>\n[\/vc_column_text][vc_column_text css=&#8221;&#8221;]\n<h3>Mem\u00f2ries Anuals<\/h3>\n<ul>\n<li><a href=\"https:\/\/www.tauli.cat\/institut\/wp-content\/uploads\/2026\/02\/Memoria-2025_Biobanc-I3PT.pdf\" target=\"_blank\" rel=\"noopener\">Mem\u00f2ria Anual 2025<\/a><\/li>\n<li><a href=\"https:\/\/www.tauli.cat\/institut\/wp-content\/uploads\/2025\/01\/Memoria-2024_Biobanc-I3PT.pdf\" target=\"_blank\" rel=\"noopener\">Mem\u00f2ria Anual 2024<\/a><\/li>\n<li><a href=\"https:\/\/www.tauli.cat\/institut\/wp-content\/uploads\/2024\/04\/Memoria-2023_Biobanc-I3PT.pdf\" target=\"_blank\" rel=\"noopener\">Mem\u00f2ria Anual 2023<\/a><\/li>\n<li><a href=\"https:\/\/www.tauli.cat\/institut\/wp-content\/uploads\/2023\/06\/Memoria-2022_Biobanc-I3PT.pdf\">Mem\u00f2ria Anual 2022<\/a><\/li>\n<li><a href=\"https:\/\/www.tauli.cat\/institut\/wp-content\/uploads\/2022\/02\/Memoria-2021_Biobanc-I3PT.pdf\">Mem\u00f2ria Anual 2021<\/a><\/li>\n<\/ul>\n[\/vc_column_text][\/vc_column][\/vc_row][vc_row el_class=&#8221;custom-top-tabs-content&#8221;][vc_column][vc_column_text]\n<ul>\n<li>Banc de Teixits (TXT) Mostres excedents de diagn\u00f2stic del Servei d\u2019Anatomia Patol\u00f2gica de l\u2019Hospital Parc Taul\u00ed. Tumorals i no tumorals, congelades i\/o incloses en parafina<\/li>\n<li>Malalties Reumatol\u00f2giques (REU)<\/li>\n<li>Malalties Oncol\u00f2giques (ONC)<\/li>\n<li>Malalties Endocrines (END)<\/li>\n<li>Malalties Renals (NEF)<\/li>\n<li>Malalties Digestives i Hep\u00e0tiques (MDH)<\/li>\n<li>Malalties Infeccioses (INF)<\/li>\n<li>Salut Mental (SME)<\/li>\n<\/ul>\n[\/vc_column_text][\/vc_column][\/vc_row][vc_row el_class=&#8221;custom-top-tabs-content&#8221;][vc_column][vc_tta_tour][vc_tta_section title=&#8221;Consentiments informats&#8221; tab_id=&#8221;consentiments&#8221;][vc_column_text css=&#8221;&#8221;]En els seg\u00fcents enlla\u00e7os podreu trobar la darrera versi\u00f3 del Consentiment Informat per recollir mostres pel Biobanc.<\/p>\n<ul>\n<li class=\"icon-list document\"><a href=\"https:\/\/www.tauli.cat\/institut\/wp-content\/uploads\/2026\/03\/I3PT-BI-DG-CI-CATv05-1.pdf\">Consentiment informat catal\u00e0<\/a><\/li>\n<li class=\"icon-list document\"><a href=\"https:\/\/www.tauli.cat\/institut\/wp-content\/uploads\/2026\/03\/I3PT-BI-DG-CI-ESPv05-1.pdf\">Consentiment informat castell\u00e0<\/a><\/li>\n<\/ul>\n[\/vc_column_text][\/vc_tta_section][vc_tta_section title=&#8221;Sol\u00b7licitud de mostra&#8221; tab_id=&#8221;servei-solicitud-mostra&#8221;][vc_column_text css=&#8221;&#8221;]Per sol\u00b7licitar mostres al Biobanc I3PT seguiu el seg\u00fcent procediment:<\/p>\n<ol>\n<li>Poseu-vos en contacte per sol\u00b7licitar <strong>disponibilitat i assessorament:<\/strong> <a href=\"mailto:biobanc@tauli.cat\">biobanc@tauli.cat<\/a><\/li>\n<li>Haureu de complimentar el <a href=\"https:\/\/www.tauli.cat\/institut\/wp-content\/uploads\/2026\/03\/I3PTBIPCM01_v02_Formulari-sollicitud-de-mostres.docx\"><strong>formulari de sol\u00b7licitud<\/strong><\/a> de mostres biol\u00f2giques i fer-lo arribar per correu incloent la seg\u00fcent documentaci\u00f3\n<ul>\n<li>Mem\u00f2ria del projecte pel qual se sol\u00b7liciten les mostres<\/li>\n<li>Informe del comit\u00e8 d&#8217;\u00e8tica d&#8217;origen<\/li>\n<li>CV de l&#8217;Investigador Principal<\/li>\n<\/ul>\n<\/li>\n<li><strong>Avaluaci\u00f3<\/strong>. La sol\u00b7licitud ser\u00e0 avaluada pel Comit\u00e8 Cient\u00edfic Extern, pel Comit\u00e8 \u00c8tic d&#8217;Investigaci\u00f3 Cl\u00ednica de la CSPT i per la Direcci\u00f3 Cient\u00edfica del Biobanc.<\/li>\n<li>La <strong>resoluci\u00f3<\/strong> ser\u00e0 comunicada al sol\u00b7licitant i es procedir\u00e0 a signar l&#8217;acord de cessi\u00f3 de mostres, incloent els compromisos que ha d&#8217;acceptar el sol\u00b7licitant i les dades d&#8217;enviament i facturaci\u00f3.<\/li>\n<\/ol>\n<p>Es recomana als investigadors que necessitin mostres biol\u00f2giques per un projecte, que es posin en contacte amb el Biobanc abans de presentar-lo a convocat\u00f2ria p\u00fablica per fer una consulta de disponibilitat. El Biobanc emetr\u00e0 un Informe de Disponibilitat de les mostres.<\/p>\n<ul>\n<li style=\"list-style-type: none;\">\n<ul>\n<li class=\"icon-list solicitud\"><a href=\"https:\/\/www.tauli.cat\/institut\/wp-content\/uploads\/2026\/03\/I3PTBIPCM01_v02_Formulari-sollicitud-de-mostres.docx\">Formulari de sol\u00b7licitud de mostres<\/a><\/li>\n<li class=\"icon-list link\"><a href=\"https:\/\/www.tauli.cat\/institut\/i3pt\/tarifes\/#biobanc\" rel=\"noopener noreferrer\">Tarifes del servei<\/a><\/li>\n<\/ul>\n<\/li>\n<\/ul>\n[\/vc_column_text][\/vc_tta_section][vc_tta_section title=&#8221;Obertura de nova col\u00b7lecci\u00f3&#8221; tab_id=&#8221;servei-nova-coleccio&#8221;][vc_column_text css=&#8221;&#8221;]Per obrir una nova col\u00b7lecci\u00f3 de mostres biol\u00f2giques, poseu-vos en contacte amb <a href=\"mailto:biobanc@tauli.cat\">biobanc@tauli.cat<\/a> per rebre assessorament.<\/p>\n<ul>\n<li class=\"icon-list link\"><a href=\"https:\/\/www.tauli.cat\/institut\/i3pt\/tarifes\/#biobanc\" rel=\"noopener noreferrer\">Tarifes del servei<\/a><\/li>\n<\/ul>\n[\/vc_column_text][\/vc_tta_section][vc_tta_section title=&#8221;Processament de mostres&#8221; tab_id=&#8221;servei-processament-mostres&#8221;][vc_column_text css=&#8221;&#8221;]El Biobanc I3PT ofereix tamb\u00e9 serveis de processament i emmagatzematge de mostres biol\u00f2giques per col\u00b7leccions i projectes fora de la estructura del Biobanc. Per sol\u00b7licitar aquest serveis poseu-vos en contacte amb <a href=\"mailto:biobanc@tauli.cat\">biobanc@tauli.cat<\/a>.<\/p>\n<ul>\n<li class=\"icon-list link\"><a href=\"https:\/\/www.tauli.cat\/institut\/i3pt\/tarifes\/#biobanc\" rel=\"noopener noreferrer\">Tarifes del servei<\/a><\/li>\n<\/ul>\n<h5>Horari de recepci\u00f3 de mostres:<\/h5>\n<ul>\n<li>De dilluns a divendres de 8:00h a 15:30h*<br \/>\n<span style=\"font-size: 10pt;\">En el cas de servei d&#8217;a\u00efllament de PBMCs, es rebran fins les 14:30h<\/span><\/li>\n<\/ul>\n[\/vc_column_text][\/vc_tta_section][\/vc_tta_tour][\/vc_column][\/vc_row][vc_row el_class=&#8221;custom-top-tabs-content&#8221;][vc_column width=&#8221;2\/5&#8243; tablet_width=&#8221;5-12&#8243; tablet_sm_width=&#8221;5-12&#8243;][vc_column_text]\n<h4>Biobanc<\/h4>\n<p><strong>Institut d&#8217;Investigaci\u00f3 i Innovaci\u00f3 Parc Taul\u00ed<\/strong><br \/>\nPla\u00e7a Torre de l&#8217;Aigua s\/n<br \/>\n08202 Sabadell<\/p>\n<ul>\n<li class=\"icon-list phone\">93 723 10 10 ext. 89077<\/li>\n<li class=\"icon-list fax\">93 717 50 67<\/li>\n<li class=\"icon-list mail\"><a href=\"mailto:nalbinana@tauli.cat\">biobanc@tauli.cat<\/a><\/li>\n<\/ul>\n[\/vc_column_text][\/vc_column][vc_column width=&#8221;3\/5&#8243; tablet_width=&#8221;7-12&#8243; tablet_sm_width=&#8221;7-12&#8243;][vc_raw_html]JTNDaWZyYW1lJTIwc3JjJTNEJTIyaHR0cHMlM0ElMkYlMkZ3d3cuZ29vZ2xlLmNvbSUyRm1hcHMlMkZlbWJlZCUzRnBiJTNEJTIxMW0xOCUyMTFtMTIlMjExbTMlMjExZDUzMTkuNjgxMDI0MjQ0MzQzNSUyMTJkMi4xMDg5ODc4MDg4Nzc3NDgzJTIxM2Q0MS41NTY5MDc4ODA4NjM0NyUyMTJtMyUyMTFmMCUyMTJmMCUyMTNmMCUyMTNtMiUyMTFpMTAyNCUyMTJpNzY4JTIxNGYxMy4xJTIxM20zJTIxMW0yJTIxMXMweDAlMjUzQTB4OWZiYTkwZGI4MjhmNjAxYiUyMTJ6Um5WdVpHRmphY096SUZCaGNtTWdWR0YxYk1PdCUyMTVlMCUyMTNtMiUyMTFzZXMlMjEyc2VzJTIxNHYxNTc0MzU2ODQyNjc4JTIxNW0yJTIxMXNlcyUyMTJzZXMlMjIlMjB3aWR0aCUzRCUyMjEwMCUyNSUyMiUyMGhlaWdodCUzRCUyMjI4MCUyMiUyMGZyYW1lYm9yZGVyJTNEJTIyMCUyMiUyMHN0eWxlJTNEJTIyYm9yZGVyJTNBMCUzQiUyMiUyMGFsbG93ZnVsbHNjcmVlbiUzRCUyMiUyMiUzRSUzQyUyRmlmcmFtZSUzRQ==[\/vc_raw_html][\/vc_column][\/vc_row][vc_row][vc_column][\/vc_column][\/vc_row]\n<\/div>","protected":false},"excerpt":{"rendered":"<p>[vc_row section_id=&#8221;custom-top-tabs&#8221;][vc_column][vc_column_text el_class=&#8221;top-tabs&#8221;] Presentaci\u00f3 Col\u00b7leccions Serveis i documentaci\u00f3 Contacte [\/vc_column_text][\/vc_column][\/vc_row][vc_row el_class=&#8221;custom-top-tabs-content&#8221;][vc_column][vc_column_text]El Biobanc de l&#8217;I3PT es crea l&#8217;any 2019 gr\u00e0cies a l&#8217;estreta col\u00b7laboraci\u00f3 entre l&#8217;Institut i diversos serveis del Parc Taul\u00ed. \u00c9s una plataforma de suport al personal investigador que t\u00e9 l&#8217;objectiu de centralitzar les col\u00b7leccions de mostres biol\u00f2giques usades en recerca. La missi\u00f3 del Biobanc [&hellip;]<\/p>\n","protected":false},"author":12,"featured_media":0,"parent":2289,"menu_order":0,"comment_status":"closed","ping_status":"closed","template":"","meta":[],"_links":{"self":[{"href":"https:\/\/www.tauli.cat\/institut\/wp-json\/wp\/v2\/pages\/506"}],"collection":[{"href":"https:\/\/www.tauli.cat\/institut\/wp-json\/wp\/v2\/pages"}],"about":[{"href":"https:\/\/www.tauli.cat\/institut\/wp-json\/wp\/v2\/types\/page"}],"author":[{"embeddable":true,"href":"https:\/\/www.tauli.cat\/institut\/wp-json\/wp\/v2\/users\/12"}],"replies":[{"embeddable":true,"href":"https:\/\/www.tauli.cat\/institut\/wp-json\/wp\/v2\/comments?post=506"}],"version-history":[{"count":78,"href":"https:\/\/www.tauli.cat\/institut\/wp-json\/wp\/v2\/pages\/506\/revisions"}],"predecessor-version":[{"id":22624,"href":"https:\/\/www.tauli.cat\/institut\/wp-json\/wp\/v2\/pages\/506\/revisions\/22624"}],"up":[{"embeddable":true,"href":"https:\/\/www.tauli.cat\/institut\/wp-json\/wp\/v2\/pages\/2289"}],"wp:attachment":[{"href":"https:\/\/www.tauli.cat\/institut\/wp-json\/wp\/v2\/media?parent=506"}],"curies":[{"name":"wp","href":"https:\/\/api.w.org\/{rel}","templated":true}]}}