{"id":5801,"date":"2021-10-19T10:04:55","date_gmt":"2021-10-19T08:04:55","guid":{"rendered":"https:\/\/www.tauli.cat\/institut\/?page_id=5801"},"modified":"2023-05-24T12:16:00","modified_gmt":"2023-05-24T10:16:00","slug":"dades-innovacio-tecnologica-salut","status":"publish","type":"page","link":"https:\/\/www.tauli.cat\/institut\/recerca\/arees\/dades-innovacio-tecnologica-salut\/","title":{"rendered":"Dades i Innovaci\u00f3 Tecnol\u00f2gica en Salut"},"content":{"rendered":"<div class=\"wpb-content-wrapper\">[vc_row section_id=&#8221;custom-top-tabs&#8221;][vc_column][vc_column_text el_class=&#8221;top-tabs&#8221;]\n<ul>\n<li data-hash=\"sobre\">Sobre l&#8217;\u00e0rea<\/li>\n<li data-hash=\"estrategia\">Estrat\u00e8gia<\/li>\n<li data-hash=\"grups\">Grups de recerca adherits<\/li>\n<\/ul>\n[\/vc_column_text][\/vc_column][\/vc_row][vc_row el_class=&#8221;custom-top-tabs-content&#8221;][vc_column width=&#8221;2\/3&#8243;][vc_column_text]L\u2019adopci\u00f3 de tecnologia digital i noves tecnologies a l\u2019entorn sanitari est\u00e0 sent clau, no nom\u00e9s per millorar l\u2019efici\u00e8ncia, sin\u00f3 tamb\u00e9 per l\u2019adaptaci\u00f3 als canvis de la societat.<\/p>\n<p>La transformaci\u00f3 digital permet millorar l\u2019experi\u00e8ncia de tots els actors rellevants per la millora de la salut: des dels professionals cl\u00ednics i de gesti\u00f3, fins als pacients i la societat en general.<\/p>\n<p>L\u2019I3PT treballa estretament amb la Direcci\u00f3 d\u2019Organitzaci\u00f3 i de Sistemes d\u2019Informaci\u00f3 de la Corporaci\u00f3 Sanit\u00e0ria Parc Taul\u00ed per tal de desenvolupar i implementar solucions innovadores dins les seg\u00fcents l\u00ednies estrat\u00e8giques:<\/p>\n<ul>\n<li>Intel\u00b7lig\u00e8ncia artificial aplicada a les dades cl\u00edniques i a la imatge m\u00e8dica.<\/li>\n<li>Connectivitat de dispositius i IoT.<\/li>\n<li>Realitat virtual.<\/li>\n<li>Tecnologia d\u2019impressi\u00f3 3D.<\/li>\n<li>Aplicacions de la tecnologia 5G a la millora assistencial.<\/li>\n<\/ul>\n[\/vc_column_text][\/vc_column][vc_column width=&#8221;1\/3&#8243;]\r\n\t\t<div class=\"eut-team eut-element team\" style=\"\">\r\n\t\t\t<figure>\r\n\t\t\t\t\t\t\t\t<div class=\"eut-team-person eut-media eut-align-center\">\r\n\t\t\t\t\t<img width=\"217\" height=\"175\" src=\"https:\/\/www.tauli.cat\/institut\/wp-content\/uploads\/2021\/07\/anna-benavent.png\" class=\"attachment-large size-large\" alt=\"\" decoding=\"async\" loading=\"lazy\" \/>\t\t\t\t<\/div>\r\n\t\t\t\t\t\t\t\t<figcaption>\r\n\t\t\t\t\t<div class=\"eut-team-description eut-align-center\">\r\n\t\t\t\t\t\t<div class=\"eut-team-identity eut-subtitle\">Coordinaci\u00f3 d&#039;\u00e0rea<\/div>\r\n\t\t\t\t\t\t\t\t\t\t\t\t<h5 class=\"eut-team-name\">Anna Benavent Navarro<\/h5>\r\n\t\t\t\t\t\t\t\t\t\t\t\t\t\t\t\t\t<\/div>\r\n\t\t\t\t\t\t\t\t\t<\/figcaption>\r\n\t\t\t<\/figure>\r\n\t\t<\/div>\r\n\r\n\t\t[\/vc_column][\/vc_row][vc_row el_class=&#8221;custom-top-tabs-content&#8221; section_id=&#8221;Estrat\u00e8gia&#8221;][vc_column][vc_tta_tour active_section=&#8221;1&#8243; el_id=&#8221;Estrat\u00e8gia&#8221;][vc_tta_section title=&#8221;L\u00ednies estrat\u00e8giques&#8221; tab_id=&#8221;linies-estrategiques&#8221;][vc_column_text]\n<h3>L\u00ednies estrat\u00e8giques de l&#8217;\u00e0rea<\/h3>\n<ul>\n<li>IA aplicada a les dades cl\u00edniques i a la imatge m\u00e8dica<\/li>\n<li>Connectivitat de dispositius IoT<\/li>\n<li>Realitat Virtual i Augmentada<\/li>\n<li>Tecnologia d&#8217;impressi\u00f3 3D<\/li>\n<li>Aplicacions de la tecnologia 5G a la millora assistencial<\/li>\n<\/ul>\n[\/vc_column_text][\/vc_tta_section][vc_tta_section title=&#8221;Projectes destacats&#8221; tab_id=&#8221;projectes&#8221;][vc_column_text]\n<h3>Projectes destacats<\/h3>\n<p><em><strong>LuCADAlert \u2013 Optimal Lung. Desarrollo de algoritmos basados en AI para la detecci\u00f3n precoz de c\u00e1ncer de pulm\u00f3n en imagen m\u00e9dica.<\/strong><\/em><\/p>\n<p><strong>IP<\/strong>: Manel Luj\u00e1n \/ Eduard Mons\u00f3<\/p>\n<p><strong>Finan\u00e7ament<\/strong>: DTS AES ISCIII<\/p>\n<p><strong>Col\u00b7laboradors<\/strong>: Eurecat, VHIR.<\/p>\n<p><strong>Impacte<\/strong>: El projecte impulsa la incorporaci\u00f3 d&#8217;algorismes basats en xarxes neuronals convolucionals per detectar n\u00f2duls de c\u00e0ncer de pulm\u00f3 en radiografies i tumografies. L&#8217;objectiu \u00e9s detectar aquells casos que poden passar per alt en el moment de fer la prova d&#8217;imatge, o b\u00e9, per a aquestes imatges que no s\u00f3n analitzades per un especialista.<\/p>\n<p>&nbsp;<\/p>\n<p><em><strong>TESAI Care. Heecap<\/strong><\/em><\/p>\n<p>IP: Oriol Roca<\/p>\n<p><strong>Finan\u00e7ament<\/strong>: CaixaImpulse Validate<\/p>\n<p><strong>Col\u00b7laboradors<\/strong>: VHIR.<\/p>\n<p><strong>Impacte<\/strong>: Constitu\u00efda el 2021 com una spin-off compartida entre I3PT i VHIR (des del 2023), el projecte pret\u00e9n desenvolupar un dispositiu m\u00e8dic innovador, Heecap, per a la recuperaci\u00f3 de pacients mec\u00e0nicament ventilats mitjan\u00e7ant electroestimulaci\u00f3. El producte permetr\u00e0 una recuperaci\u00f3 m\u00e9s r\u00e0pida del pacient, disminuint els dies de ventilaci\u00f3 mec\u00e0nica.<\/p>\n<p>&nbsp;<\/p>\n<p><em><strong>BARITONE. Boosting digital transition in healthcare: integration of clinical data and AI technologies for high accuracy phenotyping of complex diseases.<\/strong><\/em><\/p>\n<p><strong>IP<\/strong>: Jordi Gratac\u00f3s \/ Joan Calvet<\/p>\n<p><strong>Finan\u00e7ament<\/strong>: Proyectos de Transici\u00f3n Ecol\u00f3gica y Transici\u00f3n Digital, Ministerio de Ciencia e Innovaci\u00f3n (PEICTI)<\/p>\n<p><strong>Col\u00b7laboradors<\/strong>: Barcelona Supercomputing Center<\/p>\n<p><strong>Impacte<\/strong>: El projecte pret\u00e9n impulsar la digitalitzaci\u00f3 de la cadena de valor de l&#8217;assist\u00e8ncia sanit\u00e0ria, posant un \u00e8mfasi especial en l&#8217;explotaci\u00f3 de dades per part del personal cl\u00ednic, investigador i cient\u00edfic d&#8217;Intel\u00b7lig\u00e8ncia Artificial, per millorar l&#8217;atenci\u00f3 als pacients. El projecte se centra en les malalties autoimmunes minorit\u00e0ries de l&#8217;adult, en qu\u00e8 la digitalitzaci\u00f3 de les dades servir\u00e0 com a prova de concepte valuosa. La infraestructura tecnol\u00f2gica utilitzada s&#8217;utilitzar\u00e0 per a altres investigacions i aplicacions cl\u00edniques diverses, beneficiant els diferents actors de la cadena de valor de la salut.[\/vc_column_text][\/vc_tta_section][\/vc_tta_tour][\/vc_column][\/vc_row][vc_row el_class=&#8221;custom-top-tabs-content&#8221;][vc_column][vc_column_text]\n<h4>Grups de recerca adherits<\/h4>\n<ul>\n<li><a href=\"https:\/\/www.tauli.cat\/institut\/recerca\/arees\/cancer\/#grup-investigacio-molecular-cancer\" target=\"_blank\" rel=\"noopener\">A1G5 \u2013 Investigaci\u00f3 molecular i traslacional en c\u00e0ncer<\/a><\/li>\n<li><a href=\"https:\/\/www.tauli.cat\/institut\/recerca\/arees\/cancer\/#grup-innovacio-en-cancer\" target=\"_blank\" rel=\"noopener\">A1G6 \u2013 Innovaci\u00f3 en Neurooncologia<\/a><\/li>\n<li><a href=\"https:\/\/www.tauli.cat\/institut\/recerca\/arees\/neurociencies-i-salut-mental\/#grups\" target=\"_blank\" rel=\"noopener\">A3G5 \u2013 e-Mental health i epidemiologia<\/a><\/li>\n<li><a href=\"https:\/\/www.tauli.cat\/institut\/recerca\/arees\/inflamacio-immunologia-i-metabolisme\/#grup-diabetes\" target=\"_blank\" rel=\"noopener\">A4G3 \u2013 Tecnologia aplicada a la diabetis<\/a><\/li>\n<li><a href=\"https:\/\/www.tauli.cat\/institut\/recerca\/arees\/malalties-minoritaries\/#grups\" target=\"_blank\" rel=\"noopener\">A5G2 \u2013 Trastorns del creixement i del desenvolupament<\/a><\/li>\n<li><a href=\"https:\/\/www.tauli.cat\/institut\/recerca\/arees\/infeccions-i-immunologia\/#grup-articular-autoimmunes\" target=\"_blank\" rel=\"noopener\">A8G2 \u2013 Malaltia inflamat\u00f2ria articular, metabolisme \u00f2ssi i malalties autoinmunes sist\u00e8miques.<\/a><\/li>\n<li><a href=\"https:\/\/www.tauli.cat\/institut\/recerca\/arees\/infeccions-i-immunologia\/#grup-pacient-critic\" target=\"_blank\" rel=\"noopener\">A8G3 \u2013 Investigaci\u00f3 traslacional en el pacient cr\u00edtic.<\/a><\/li>\n<li><a href=\"https:\/\/www.tauli.cat\/institut\/recerca\/arees\/infeccions-i-immunologia\/#grup-vies-aeries-son\" target=\"_blank\" rel=\"noopener\">A8G4 \u2013 Inflamaci\u00f3 de les vies a\u00e8ries, patologia del son i ventilaci\u00f3<\/a><\/li>\n<li><a href=\"https:\/\/www.tauli.cat\/institut\/recerca\/arees\/cirurgia-i-procediments-intervencionistes\/#grups\" target=\"_blank\" rel=\"noopener\">A9G1 \u2013 Aparell locomotor<\/a><\/li>\n<li><a href=\"https:\/\/www.tauli.cat\/institut\/recerca\/arees\/cirurgia-i-procediments-intervencionistes\/#grup-cirurgia-colorectal\" target=\"_blank\" rel=\"noopener\">A9G3 \u2013 Investigaci\u00f3 en cirugia colorrectal<\/a><\/li>\n<li><a href=\"https:\/\/www.tauli.cat\/institut\/recerca\/arees\/cirurgia-i-procediments-intervencionistes\/#grup-nefrologia-clinica\" target=\"_blank\" rel=\"noopener\">A9G4 \u2013 Nefrologia cl\u00ednica, intervencionista i computacional (CICN)<\/a><\/li>\n<\/ul>\n[\/vc_column_text][\/vc_column][\/vc_row]\n<\/div>","protected":false},"excerpt":{"rendered":"<p>[vc_row section_id=&#8221;custom-top-tabs&#8221;][vc_column][vc_column_text el_class=&#8221;top-tabs&#8221;] Sobre l&#8217;\u00e0rea Estrat\u00e8gia Grups de recerca adherits [\/vc_column_text][\/vc_column][\/vc_row][vc_row el_class=&#8221;custom-top-tabs-content&#8221;][vc_column width=&#8221;2\/3&#8243;][vc_column_text]L\u2019adopci\u00f3 de tecnologia digital i noves tecnologies a l\u2019entorn sanitari est\u00e0 sent clau, no nom\u00e9s per millorar l\u2019efici\u00e8ncia, sin\u00f3 tamb\u00e9 per l\u2019adaptaci\u00f3 als canvis de la societat. La transformaci\u00f3 digital permet millorar l\u2019experi\u00e8ncia de tots els actors rellevants per la millora de la [&hellip;]<\/p>\n","protected":false},"author":12,"featured_media":0,"parent":87,"menu_order":0,"comment_status":"closed","ping_status":"closed","template":"","meta":[],"_links":{"self":[{"href":"https:\/\/www.tauli.cat\/institut\/wp-json\/wp\/v2\/pages\/5801"}],"collection":[{"href":"https:\/\/www.tauli.cat\/institut\/wp-json\/wp\/v2\/pages"}],"about":[{"href":"https:\/\/www.tauli.cat\/institut\/wp-json\/wp\/v2\/types\/page"}],"author":[{"embeddable":true,"href":"https:\/\/www.tauli.cat\/institut\/wp-json\/wp\/v2\/users\/12"}],"replies":[{"embeddable":true,"href":"https:\/\/www.tauli.cat\/institut\/wp-json\/wp\/v2\/comments?post=5801"}],"version-history":[{"count":12,"href":"https:\/\/www.tauli.cat\/institut\/wp-json\/wp\/v2\/pages\/5801\/revisions"}],"predecessor-version":[{"id":10076,"href":"https:\/\/www.tauli.cat\/institut\/wp-json\/wp\/v2\/pages\/5801\/revisions\/10076"}],"up":[{"embeddable":true,"href":"https:\/\/www.tauli.cat\/institut\/wp-json\/wp\/v2\/pages\/87"}],"wp:attachment":[{"href":"https:\/\/www.tauli.cat\/institut\/wp-json\/wp\/v2\/media?parent=5801"}],"curies":[{"name":"wp","href":"https:\/\/api.w.org\/{rel}","templated":true}]}}