{"id":5804,"date":"2023-05-03T14:00:45","date_gmt":"2023-05-03T12:00:45","guid":{"rendered":"https:\/\/www.tauli.cat\/institut\/?page_id=5804"},"modified":"2023-05-10T12:15:10","modified_gmt":"2023-05-10T10:15:10","slug":"ciencies-omiques","status":"publish","type":"page","link":"https:\/\/www.tauli.cat\/institut\/recerca\/arees\/ciencies-omiques\/","title":{"rendered":"Ci\u00e8ncies \u00d2miques"},"content":{"rendered":"<div class=\"wpb-content-wrapper\">[vc_row section_id=&#8221;custom-top-tabs&#8221;][vc_column][vc_column_text el_class=&#8221;top-tabs&#8221;]\n<ul>\n<li data-hash=\"sobre\">Sobre l&#8217;\u00e0rea<\/li>\n<li data-hash=\"estrategia\">Estrat\u00e8gia<\/li>\n<li data-hash=\"grups\">Grups adherits<\/li>\n<\/ul>\n[\/vc_column_text][\/vc_column][\/vc_row][vc_row el_class=&#8221;custom-top-tabs-content&#8221; section_id=&#8221;Sobre&#8221;][vc_column width=&#8221;2\/3&#8243;][vc_column_text]Any rere any, va aflorant cada vegada m\u00e9s l\u2019impacte de les \u00f2miques en la salut de les persones. Les ci\u00e8ncies \u00f2miques engloben la totalitat de factors que poden afectar la salut individual i, per tant, ajuden a entendre el funcionament de les malalties humanes.[\/vc_column_text][vc_column_text]Amb l\u2019objectiu de desenvolupar nous tractaments i diagn\u00f2stics, la recerca i la innovaci\u00f3 de l\u2019I3PT busca incorporar de forma transversal les ci\u00e8ncies \u00f2miques per tal de permetre una medicina personalitzada, preventiva, predictiva i participativa.[\/vc_column_text][\/vc_column][vc_column width=&#8221;1\/3&#8243;]\r\n\t\t<div class=\"eut-team eut-element team\" style=\"\">\r\n\t\t\t<figure>\r\n\t\t\t\t\t\t\t\t<div class=\"eut-team-person eut-media eut-align-center\">\r\n\t\t\t\t\t<img width=\"362\" height=\"383\" src=\"https:\/\/www.tauli.cat\/institut\/wp-content\/uploads\/2023\/04\/Victor-MG.jpg\" class=\"attachment-large size-large\" alt=\"\" decoding=\"async\" loading=\"lazy\" srcset=\"https:\/\/www.tauli.cat\/institut\/wp-content\/uploads\/2023\/04\/Victor-MG.jpg 362w, https:\/\/www.tauli.cat\/institut\/wp-content\/uploads\/2023\/04\/Victor-MG-284x300.jpg 284w\" sizes=\"(max-width: 362px) 100vw, 362px\" \/>\t\t\t\t<\/div>\r\n\t\t\t\t\t\t\t\t<figcaption>\r\n\t\t\t\t\t<div class=\"eut-team-description eut-align-center\">\r\n\t\t\t\t\t\t<div class=\"eut-team-identity eut-subtitle\">Coordinaci\u00f3 d&#039;\u00e0rea<\/div>\r\n\t\t\t\t\t\t\t\t\t\t\t\t<h5 class=\"eut-team-name\">V\u00edctor M. Mart\u00ednez Gonz\u00e1lez<\/h5>\r\n\t\t\t\t\t\t\t\t\t\t\t\t\t\t\t\t\t\t<p class=\"eut-team-content\"><a href=\"mailto:vmmartinez@tauli.cat\">vmmartinez@tauli.cat<\/a><\/p>\r\n\t\t\t\t\t\t\t\t\t\t\t<\/div>\r\n\t\t\t\t\t\t\t\t\t<\/figcaption>\r\n\t\t\t<\/figure>\r\n\t\t<\/div>\r\n\r\n\t\t[\/vc_column][\/vc_row][vc_row el_class=&#8221;custom-top-tabs-content&#8221;][vc_column el_id=&#8221;Estrat\u00e8gia&#8221;][vc_tta_tour active_section=&#8221;1&#8243; el_id=&#8221;Estrat\u00e8gia&#8221;][vc_tta_section title=&#8221;L\u00ednies estrat\u00e8giques&#8221; tab_id=&#8221;linies-estrategiques&#8221;][vc_column_text]\n<h3>L\u00ednies estrat\u00e8giques de l&#8217;\u00e0rea<\/h3>\n<ul>\n<li>Generaci\u00f3 de coneixement i desenvolupament tecnol\u00f2gic<\/li>\n<li>Explotaci\u00f3 i integraci\u00f3 de dades \u00f2miques<\/li>\n<li>Traslaci\u00f3 de les ci\u00e8ncies \u00f2miques a la pr\u00e0ctica cl\u00ednica<\/li>\n<li>Implantaci\u00f3 de la medicina personalitzada de precisi\u00f3<\/li>\n<li>Ter\u00e0pies avan\u00e7ades<\/li>\n<\/ul>\n[\/vc_column_text][\/vc_tta_section][vc_tta_section title=&#8221;Projectes destacats&#8221; tab_id=&#8221;projectes-destacats&#8221;][vc_column_text]\n<h3>Projectes actius<\/h3>\n<p><strong><em>Identification and validation of early biomarkers of acute COVID-19 to predict evolution<\/em> (IVETTE).<\/strong><\/p>\n<p><strong>IP<\/strong>: Jordi Gratac\u00f3s (A8G2). <strong>Financiador<\/strong>: La Marat\u00f3 TV3.<\/p>\n<p><strong>Colaboradors<\/strong>: Irsicaixa, IRBBarcelona.<\/p>\n<p><strong>Impacte<\/strong>: Predicci\u00f3 de l&#8217;evoluci\u00f3 cl\u00ednica del pacient COVID-19 mitjan\u00e7ant una an\u00e0lisi prote\u00f2mica del pacient que ingressa a urg\u00e8ncies. L&#8217;objectiu \u00e9s identificar preco\u00e7ment aquells pacients amb un sistema immune que no respon b\u00e9 a la infecci\u00f3, per anticipar-se al tractament i millorar el curs evolutiu de la malaltia.<\/p>\n<p>&nbsp;<\/p>\n<p><em><strong>An\u00e1lisis integrado de datos multi-\u00f3micos para establecer perfiles cl\u00ednicos y moleculares predictivos del desarrollo de uve\u00edtis recidivante en pacientes con Espondilitis Anquilosante HLA-B27 positivo.<\/strong><\/em><\/p>\n<p><strong>IP<\/strong>: Maria Llop (grup A8G2). <strong>Finan\u00e7ador<\/strong>: PI22\/01775.<br \/>\n<strong>Col\u00b7laboradors<\/strong>: LEITAT.<br \/>\n<strong>Impacte<\/strong>: L&#8217;Espondilitis Anquilosant (EA) \u00e9s una forma cr\u00f2nica d&#8217;artritis de causa desconeguda, tot i que sembla que t\u00e9 una base gen\u00e8tica important. La uve\u00eftis anterior aguda \u00e9s la manifestaci\u00f3 extraarticular m\u00e9s freq\u00fcent de l&#8217;EA i comporta una c\u00e0rrega de malaltia personal i social molt important a causa de la p\u00e8rdua de vis\u00f3. Aquest projecte cerca descobrir biomarcadors mitjan\u00e7ant eines bioinform\u00e0tiques que permetin un diagn\u00f2stic preco\u00e7 per establir tractaments personalitzats que evitin les complicacions en aquesta malaltia poc comuna.<\/p>\n<p>&nbsp;<\/p>\n<p><em><strong>Theranostics in Vascular Anomalies: Deep Whole Exome Sequencing as a tool for new targeted therapies.<\/strong><\/em><\/p>\n<p><strong>IP<\/strong>: V\u00edctor M Mart\u00ednez (grup A5G3). Finan\u00e7ador: Pendent de resoluci\u00f3.<br \/>\n<strong>Col\u00b7laboradors<\/strong>: Institut de Recerca Hospital Universitari de La Paz.<br \/>\n<strong>Impacte<\/strong>: El projecte t\u00e9 com a objectiu desenvolupar un enfocament teran\u00f2stic per impulsar la medicina personalitzada en anomalies vasculars. Desenvolupa una metodologia per a seq\u00fcenciaci\u00f3 de l&#8217;exoma complet capa\u00e7 de detectar variants en mosaic som\u00e0tic baix, transformant la detecci\u00f3 de variants postzig\u00f2tiques. Ajudar\u00e0 a millorar el diagn\u00f2stic molecular, identificar vies moleculars implicades, descobrir nous gens implicats, nous usos per a f\u00e0rmacs existents i desenvolupar noves ter\u00e0pies dirigides per a les anomalies vasculars.[\/vc_column_text][\/vc_tta_section][\/vc_tta_tour][\/vc_column][\/vc_row][vc_row el_class=&#8221;custom-top-tabs-content&#8221;][vc_column][vc_column_text]\n<h3>Grups adherits<\/h3>\n<p>Els seg\u00fcents grups tenen actives l\u00ednies de recerca amb projectes que incorporen les ci\u00e8ncies \u00f2miques:<\/p>\n<ul>\n<li>A1G4 &#8211; <a href=\"https:\/\/www.tauli.cat\/institut\/recerca\/arees\/cancer\/#grups\" target=\"_blank\" rel=\"noopener\">Investigaci\u00f3 biom\u00e8dica en c\u00e0ncer<\/a>. IP Enrique Gallardo.<\/li>\n<li>A1G5 &#8211;<a href=\"https:\/\/www.tauli.cat\/institut\/recerca\/arees\/cancer\/#grup-investigacio-molecular-cancer\" target=\"_blank\" rel=\"noopener\"> Investigaci\u00f3 molecular i traslacional en c\u00e0ncer.<\/a> IP Maria Rosa Bella.<\/li>\n<li>A3G6 &#8211; <a href=\"https:\/\/www.tauli.cat\/institut\/recerca\/arees\/neurociencies-i-salut-mental\/#grup-psicosi\" target=\"_blank\" rel=\"noopener\">Psiconeuroendocrinologia i estr\u00e8s en psicosi (PSICPNEC).<\/a> IP Xavier Labad i Itziar Montalvo<\/li>\n<li>A4G1 &#8211; <a href=\"https:\/\/www.tauli.cat\/institut\/recerca\/arees\/inflamacio-immunologia-i-metabolisme\/#grups\" target=\"_blank\" rel=\"noopener\">Obesitat i S\u00edndrome de Prader Willi<\/a>. IP Assumpta Caix\u00e0s.<\/li>\n<li>A4G4 &#8211; <a href=\"https:\/\/www.tauli.cat\/institut\/recerca\/arees\/inflamacio-immunologia-i-metabolisme\/#grup-inflamacio-intestinal-hepatica-helicobacter\" target=\"_blank\" rel=\"noopener\">Malaltia inflamat\u00f2ria intestinal, hep\u00e0tica i <em>Helicobacter pylori<\/em><\/a>. IP Xavier Calvet.<\/li>\n<li>A5G3 &#8211; <a href=\"https:\/\/www.tauli.cat\/institut\/recerca\/arees\/malalties-minoritaries\/#grup-discapacitat-intelectual-origen-genetic\" target=\"_blank\" rel=\"noopener\">Discapacitat intel\u00b7lectual i trastorns psiqui\u00e0trics d&#8217;origen gen\u00e8tic<\/a>. IP Anna Ruiz i Ana Roche.<\/li>\n<li>A8G1 &#8211; <a href=\"https:\/\/www.tauli.cat\/institut\/recerca\/arees\/infeccions-i-immunologia\/#grups\" target=\"_blank\" rel=\"noopener\">Grup d&#8217;estudi de les infeccions comunit\u00e0ries i relacionades amb l&#8217;atenci\u00f3 sanit\u00e0ria<\/a>. IP Oriol Gasch.<\/li>\n<li>A8G2 &#8211; <a href=\"https:\/\/www.tauli.cat\/institut\/recerca\/arees\/infeccions-i-immunologia\/#grup-articular-autoimmunes\" target=\"_blank\" rel=\"noopener\">Malaltia inflamat\u00f2ria articular, metabolisme ossi i malalties autoimmunes sist\u00e8miques<\/a>. IP Jordi Gratac\u00f3s i Joan Calvet.<\/li>\n<li>A8G3 &#8211; <a href=\"https:\/\/www.tauli.cat\/institut\/recerca\/arees\/infeccions-i-immunologia\/#grup-pacient-critic\" target=\"_blank\" rel=\"noopener\">Investigaci\u00f3 traslacional en el pacient cr\u00edtic<\/a>. co-IPs Josefina L\u00f3pez i Oriol Roca.<\/li>\n<li>A8G4 &#8211; <a href=\"https:\/\/www.tauli.cat\/institut\/recerca\/arees\/infeccions-i-immunologia\/#grup-vies-aeries-son\" target=\"_blank\" rel=\"noopener\">Inflamaci\u00f3 de les vies a\u00e8ries, patologia del son i ventilaci\u00f3<\/a>. IP Manel Luj\u00e1n.<\/li>\n<\/ul>\n[\/vc_column_text][\/vc_column][\/vc_row]\n<\/div>","protected":false},"excerpt":{"rendered":"<p>[vc_row section_id=&#8221;custom-top-tabs&#8221;][vc_column][vc_column_text el_class=&#8221;top-tabs&#8221;] Sobre l&#8217;\u00e0rea Estrat\u00e8gia Grups adherits [\/vc_column_text][\/vc_column][\/vc_row][vc_row el_class=&#8221;custom-top-tabs-content&#8221; section_id=&#8221;Sobre&#8221;][vc_column width=&#8221;2\/3&#8243;][vc_column_text]Any rere any, va aflorant cada vegada m\u00e9s l\u2019impacte de les \u00f2miques en la salut de les persones. Les ci\u00e8ncies \u00f2miques engloben la totalitat de factors que poden afectar la salut individual i, per tant, ajuden a entendre el funcionament de les malalties humanes.[\/vc_column_text][vc_column_text]Amb [&hellip;]<\/p>\n","protected":false},"author":12,"featured_media":0,"parent":87,"menu_order":0,"comment_status":"closed","ping_status":"closed","template":"","meta":[],"_links":{"self":[{"href":"https:\/\/www.tauli.cat\/institut\/wp-json\/wp\/v2\/pages\/5804"}],"collection":[{"href":"https:\/\/www.tauli.cat\/institut\/wp-json\/wp\/v2\/pages"}],"about":[{"href":"https:\/\/www.tauli.cat\/institut\/wp-json\/wp\/v2\/types\/page"}],"author":[{"embeddable":true,"href":"https:\/\/www.tauli.cat\/institut\/wp-json\/wp\/v2\/users\/12"}],"replies":[{"embeddable":true,"href":"https:\/\/www.tauli.cat\/institut\/wp-json\/wp\/v2\/comments?post=5804"}],"version-history":[{"count":20,"href":"https:\/\/www.tauli.cat\/institut\/wp-json\/wp\/v2\/pages\/5804\/revisions"}],"predecessor-version":[{"id":10001,"href":"https:\/\/www.tauli.cat\/institut\/wp-json\/wp\/v2\/pages\/5804\/revisions\/10001"}],"up":[{"embeddable":true,"href":"https:\/\/www.tauli.cat\/institut\/wp-json\/wp\/v2\/pages\/87"}],"wp:attachment":[{"href":"https:\/\/www.tauli.cat\/institut\/wp-json\/wp\/v2\/media?parent=5804"}],"curies":[{"name":"wp","href":"https:\/\/api.w.org\/{rel}","templated":true}]}}