{"id":6089,"date":"2021-06-09T10:56:30","date_gmt":"2021-06-09T08:56:30","guid":{"rendered":"https:\/\/www.tauli.cat\/institut\/?page_id=6089"},"modified":"2025-02-26T12:36:50","modified_gmt":"2025-02-26T11:36:50","slug":"projectes-destacats","status":"publish","type":"page","link":"https:\/\/www.tauli.cat\/institut\/projectes-i-xarxes\/projectes-destacats\/","title":{"rendered":"Projectes destacats"},"content":{"rendered":"<div class=\"wpb-content-wrapper\">[vc_row][vc_column]<div class=\"eut-element eut-image-text\" style=\"margin-bottom: 85px;\"><div class=\"eut-image\"><img width=\"2560\" height=\"1707\" src=\"https:\/\/www.tauli.cat\/institut\/wp-content\/uploads\/2024\/02\/doctor-manos-usando-tableta-moderna-scaled.jpg\" class=\"attachment-full size-full\" alt=\"\" decoding=\"async\" loading=\"lazy\" srcset=\"https:\/\/www.tauli.cat\/institut\/wp-content\/uploads\/2024\/02\/doctor-manos-usando-tableta-moderna-scaled.jpg 2560w, https:\/\/www.tauli.cat\/institut\/wp-content\/uploads\/2024\/02\/doctor-manos-usando-tableta-moderna-300x200.jpg 300w, https:\/\/www.tauli.cat\/institut\/wp-content\/uploads\/2024\/02\/doctor-manos-usando-tableta-moderna-1200x800.jpg 1200w, https:\/\/www.tauli.cat\/institut\/wp-content\/uploads\/2024\/02\/doctor-manos-usando-tableta-moderna-768x512.jpg 768w, https:\/\/www.tauli.cat\/institut\/wp-content\/uploads\/2024\/02\/doctor-manos-usando-tableta-moderna-600x400.jpg 600w, https:\/\/www.tauli.cat\/institut\/wp-content\/uploads\/2024\/02\/doctor-manos-usando-tableta-moderna-1536x1024.jpg 1536w, https:\/\/www.tauli.cat\/institut\/wp-content\/uploads\/2024\/02\/doctor-manos-usando-tableta-moderna-1920x1280.jpg 1920w\" sizes=\"(max-width: 2560px) 100vw, 2560px\" \/><\/div>  <div class=\"eut-content eut-align-left\"><h2>ICURA<\/h2>  <p>Aborda el seguiment dels pacients amb malaltia cr\u00edtica una vegada han sortit de l&#8217;UCI, aportant solucions digitals que facin viable el proc\u00e9s de detecci\u00f3 de seq\u00fceles post-UCI sense augmentar la c\u00e0rrega assistencial dels professionals cl\u00ednics.<\/p>    <a href=\"https:\/\/www.tauli.cat\/institut\/projectes-i-xarxes\/projectes-financats\/icura\/\" target=\"_self\" class=\"eut-read-more eut-btn eut-btn-medium eut-round eut-bg-primary-1\">M\u00e9s informaci\u00f3<\/a>  <\/div><\/div>[\/vc_column][\/vc_row][vc_row][vc_column]<div class=\"eut-element eut-image-text\" style=\"margin-bottom: 85px;\"><div class=\"eut-image\"><img width=\"1600\" height=\"1068\" src=\"https:\/\/www.tauli.cat\/institut\/wp-content\/uploads\/2023\/09\/doctor-realizando-ecografia-su-paciente-embarazada.jpg\" class=\"attachment-full size-full\" alt=\"\" decoding=\"async\" loading=\"lazy\" srcset=\"https:\/\/www.tauli.cat\/institut\/wp-content\/uploads\/2023\/09\/doctor-realizando-ecografia-su-paciente-embarazada.jpg 1600w, https:\/\/www.tauli.cat\/institut\/wp-content\/uploads\/2023\/09\/doctor-realizando-ecografia-su-paciente-embarazada-300x200.jpg 300w, https:\/\/www.tauli.cat\/institut\/wp-content\/uploads\/2023\/09\/doctor-realizando-ecografia-su-paciente-embarazada-1200x801.jpg 1200w, https:\/\/www.tauli.cat\/institut\/wp-content\/uploads\/2023\/09\/doctor-realizando-ecografia-su-paciente-embarazada-768x513.jpg 768w, https:\/\/www.tauli.cat\/institut\/wp-content\/uploads\/2023\/09\/doctor-realizando-ecografia-su-paciente-embarazada-600x401.jpg 600w, https:\/\/www.tauli.cat\/institut\/wp-content\/uploads\/2023\/09\/doctor-realizando-ecografia-su-paciente-embarazada-1536x1025.jpg 1536w\" sizes=\"(max-width: 1600px) 100vw, 1600px\" \/><\/div>  <div class=\"eut-content eut-align-left\"><h2>Triatge obst\u00e8tric<\/h2>  <p>Creaci\u00f3 d&#8217;un m\u00f2dul de triatge d&#8217;Urg\u00e8ncies adaptat a les necessitats i caracter\u00edstiques ginecol\u00f2giques. Projecte desenvolupat amb l&#8217;empresa prove\u00efdora del Sistema Estructurat de Triatge &#8211; SET (Treelogic)<\/p>    <a href=\"https:\/\/www.youtube.com\/watch?v=1ouc3X7ugf8\" target=\"_self\" class=\"eut-read-more eut-btn eut-btn-medium eut-round eut-bg-primary-1\">M\u00e9s informaci\u00f3<\/a>  <\/div><\/div>[\/vc_column][\/vc_row][vc_row][vc_column]<div class=\"eut-element eut-image-text\" style=\"margin-bottom: 85px;\"><div class=\"eut-image\"><img width=\"2560\" height=\"1707\" src=\"https:\/\/www.tauli.cat\/institut\/wp-content\/uploads\/2024\/03\/Serra_OfertaTecnologica-scaled.jpg\" class=\"attachment-full size-full\" alt=\"\" decoding=\"async\" loading=\"lazy\" srcset=\"https:\/\/www.tauli.cat\/institut\/wp-content\/uploads\/2024\/03\/Serra_OfertaTecnologica-scaled.jpg 2560w, https:\/\/www.tauli.cat\/institut\/wp-content\/uploads\/2024\/03\/Serra_OfertaTecnologica-300x200.jpg 300w, https:\/\/www.tauli.cat\/institut\/wp-content\/uploads\/2024\/03\/Serra_OfertaTecnologica-1200x800.jpg 1200w, https:\/\/www.tauli.cat\/institut\/wp-content\/uploads\/2024\/03\/Serra_OfertaTecnologica-768x512.jpg 768w, https:\/\/www.tauli.cat\/institut\/wp-content\/uploads\/2024\/03\/Serra_OfertaTecnologica-600x400.jpg 600w, https:\/\/www.tauli.cat\/institut\/wp-content\/uploads\/2024\/03\/Serra_OfertaTecnologica-1536x1024.jpg 1536w, https:\/\/www.tauli.cat\/institut\/wp-content\/uploads\/2024\/03\/Serra_OfertaTecnologica-1920x1280.jpg 1920w\" sizes=\"(max-width: 2560px) 100vw, 2560px\" \/><\/div>  <div class=\"eut-content eut-align-left\"><h2>SERGREEN<\/h2>  <p>\u00c9s un sistema objectiu i universal per a l\u2019avaluaci\u00f3 de la vascularitzaci\u00f3 intestinal en cirurgia de fluoresc\u00e8ncia. Aquesta eina dona suport en la presa de decisions clau al cirurgi\u00e0, i ajuda a millorar els resultats quir\u00fargics, la mortalitat i morbiditat, i els costos de tractament.<\/p>  <\/div><\/div>[\/vc_column][\/vc_row][vc_row][vc_column]<div class=\"eut-element eut-image-text\" style=\"margin-bottom: 85px;\"><div class=\"eut-image\"><img width=\"2560\" height=\"1696\" src=\"https:\/\/www.tauli.cat\/institut\/wp-content\/uploads\/2025\/02\/close-up-hyaluronic-acid-tratment-scaled.jpg\" class=\"attachment-full size-full\" alt=\"\" decoding=\"async\" loading=\"lazy\" srcset=\"https:\/\/www.tauli.cat\/institut\/wp-content\/uploads\/2025\/02\/close-up-hyaluronic-acid-tratment-scaled.jpg 2560w, https:\/\/www.tauli.cat\/institut\/wp-content\/uploads\/2025\/02\/close-up-hyaluronic-acid-tratment-300x199.jpg 300w, https:\/\/www.tauli.cat\/institut\/wp-content\/uploads\/2025\/02\/close-up-hyaluronic-acid-tratment-1200x795.jpg 1200w, https:\/\/www.tauli.cat\/institut\/wp-content\/uploads\/2025\/02\/close-up-hyaluronic-acid-tratment-768x509.jpg 768w, https:\/\/www.tauli.cat\/institut\/wp-content\/uploads\/2025\/02\/close-up-hyaluronic-acid-tratment-600x397.jpg 600w, https:\/\/www.tauli.cat\/institut\/wp-content\/uploads\/2025\/02\/close-up-hyaluronic-acid-tratment-1536x1017.jpg 1536w, https:\/\/www.tauli.cat\/institut\/wp-content\/uploads\/2025\/02\/close-up-hyaluronic-acid-tratment-1920x1272.jpg 1920w\" sizes=\"(max-width: 2560px) 100vw, 2560px\" \/><\/div>  <div class=\"eut-content eut-align-left\"><h2>LIFE GENESYS<\/h2>  <p>Aquest projecte desenvolupa un sistema innovador per eliminar antibi\u00f2tics, bacteris i gens resistents en els efluents hospitalaris abans que arribin a les aig\u00fces residuals urbanes.<br \/>\nAquest sistema, que s&#8217;implementar\u00e0 a l&#8217;Hospital Universitari Parc Taul\u00ed, tamb\u00e9 inclour\u00e0 inclou una plataforma digital d\u2019alerta de resist\u00e8ncies antibi\u00f2tiques, facilitant decisions m\u00e9s informades en la prescripci\u00f3 m\u00e8dica.<\/p>    <a href=\"https:\/\/www.cetaqua.com\/proyectos-destacados\/life-genesys\/\" target=\"_blank\" class=\"eut-read-more eut-btn eut-btn-medium eut-round eut-bg-primary-1\">M\u00e9s informaci\u00f3<\/a>  <\/div><\/div>[\/vc_column][\/vc_row]\n<\/div>","protected":false},"excerpt":{"rendered":"<p>[vc_row][vc_column][\/vc_column][\/vc_row][vc_row][vc_column][\/vc_column][\/vc_row][vc_row][vc_column][\/vc_column][\/vc_row][vc_row][vc_column][\/vc_column][\/vc_row]<\/p>\n","protected":false},"author":1,"featured_media":0,"parent":2915,"menu_order":0,"comment_status":"closed","ping_status":"closed","template":"","meta":[],"_links":{"self":[{"href":"https:\/\/www.tauli.cat\/institut\/wp-json\/wp\/v2\/pages\/6089"}],"collection":[{"href":"https:\/\/www.tauli.cat\/institut\/wp-json\/wp\/v2\/pages"}],"about":[{"href":"https:\/\/www.tauli.cat\/institut\/wp-json\/wp\/v2\/types\/page"}],"author":[{"embeddable":true,"href":"https:\/\/www.tauli.cat\/institut\/wp-json\/wp\/v2\/users\/1"}],"replies":[{"embeddable":true,"href":"https:\/\/www.tauli.cat\/institut\/wp-json\/wp\/v2\/comments?post=6089"}],"version-history":[{"count":23,"href":"https:\/\/www.tauli.cat\/institut\/wp-json\/wp\/v2\/pages\/6089\/revisions"}],"predecessor-version":[{"id":18124,"href":"https:\/\/www.tauli.cat\/institut\/wp-json\/wp\/v2\/pages\/6089\/revisions\/18124"}],"up":[{"embeddable":true,"href":"https:\/\/www.tauli.cat\/institut\/wp-json\/wp\/v2\/pages\/2915"}],"wp:attachment":[{"href":"https:\/\/www.tauli.cat\/institut\/wp-json\/wp\/v2\/media?parent=6089"}],"curies":[{"name":"wp","href":"https:\/\/api.w.org\/{rel}","templated":true}]}}