{"id":680,"date":"2019-12-03T14:12:18","date_gmt":"2019-12-03T13:12:18","guid":{"rendered":"http:\/\/www.tauli.cat\/institut\/?page_id=680"},"modified":"2023-11-02T08:14:10","modified_gmt":"2023-11-02T07:14:10","slug":"laboratori-imatge-medica-digital","status":"publish","type":"page","link":"https:\/\/www.tauli.cat\/institut\/plataformes-i-serveis\/laboratori-imatge-medica-digital\/","title":{"rendered":"Laboratori d&#8217;Imatge M\u00e8dica Digital"},"content":{"rendered":"<div class=\"wpb-content-wrapper\">[vc_row section_id=&#8221;custom-top-tabs&#8221;][vc_column][vc_column_text el_class=&#8221;top-tabs&#8221;]\n<ul>\n<li data-hash=\"sobre\">Presentaci\u00f3<\/li>\n<li data-hash=\"serveis\">Serveis<\/li>\n<li data-hash=\"productes\">Recursos<\/li>\n<\/ul>\n[\/vc_column_text][\/vc_column][\/vc_row][vc_row el_class=&#8221;custom-top-tabs-content&#8221;][vc_column width=&#8221;2\/3&#8243;][vc_column_text]El Laboratori d\u2019Imatge M\u00e8dica de l&#8217;I3PT est\u00e0 vinculat al <strong>Centre d\u2019Imatge M\u00e8dica Digital (CIMD)<\/strong><strong>.\u00a0<\/strong>La missi\u00f3 del laboratori d&#8217;imatge m\u00e8dica \u00e9s fer recerca col\u00b7laborativa i proporcionar serveis de consultoria i recursos als grups de recerca de l&#8217;I3PT aix\u00ed com a altres institucions que ho requereixin per tal de desenvolupar projectes basats en l&#8217;\u00fas d&#8217;imatge m\u00e8dica digital.<\/p>\n<p>El CIMD \u00e9s un centre especialitzat en el desenvolupament d\u2019aplicacions inform\u00e0tiques orientades a la captaci\u00f3, l\u2019arxiu i la transmissi\u00f3 d\u2019imatges digitals, aix\u00ed com de tota la informaci\u00f3 generada pels serveis diagn\u00f2stics. Es troba integrat a l\u2019UDIAT Centre Diagn\u00f2stic de l&#8217;Hospital Universitari Parc Taul\u00ed.<\/p>\n<p>El laboratori utilitza software \u00a0de transmissi\u00f3 i emmagatzematge d\u2019imatges (PACS) desenvolupat al Taul\u00ed i comercialitzat a tot el m\u00f3n per recollir i emmagatzemar imatge m\u00e8dica al n\u00favol, participant en projectes com el SIMDCAT. Aquest repositori d\u2019imatges, de m\u00e9s de 1.5 Petabytes, \u00e9s accessible des de qualsevol hospital usuari.<\/p>\n<ul>\n<li class=\"icon-list link\"><a href=\"https:\/\/www.tauli.cat\/udiat\/cimd-presentacio\" target=\"_blank\" rel=\"noopener noreferrer\">Tota la informaci\u00f3 del CIMD<\/a> (enlla\u00e7 al web UDIAT)<\/li>\n<\/ul>\n[\/vc_column_text][\/vc_column][vc_column width=&#8221;1\/3&#8243;]\r\n\t\t<div class=\"eut-team eut-element team\" style=\"\">\r\n\t\t\t<figure>\r\n\t\t\t\t\t\t\t\t<div class=\"eut-team-person eut-media eut-align-center\">\r\n\t\t\t\t\t<img width=\"251\" height=\"252\" src=\"https:\/\/www.tauli.cat\/institut\/wp-content\/uploads\/2023\/11\/Mariona-Quintana.jpg\" class=\"attachment-large size-large\" alt=\"\" decoding=\"async\" loading=\"lazy\" srcset=\"https:\/\/www.tauli.cat\/institut\/wp-content\/uploads\/2023\/11\/Mariona-Quintana.jpg 251w, https:\/\/www.tauli.cat\/institut\/wp-content\/uploads\/2023\/11\/Mariona-Quintana-150x150.jpg 150w\" sizes=\"(max-width: 251px) 100vw, 251px\" \/>\t\t\t\t<\/div>\r\n\t\t\t\t\t\t\t\t<figcaption>\r\n\t\t\t\t\t<div class=\"eut-team-description eut-align-center\">\r\n\t\t\t\t\t\t<div class=\"eut-team-identity eut-subtitle\">Coordinaci\u00f3<\/div>\r\n\t\t\t\t\t\t\t\t\t\t\t\t<h5 class=\"eut-team-name\">Mariona Quintana i Morales<\/h5>\r\n\t\t\t\t\t\t\t\t\t\t\t\t\t\t\t\t\t\t<p class=\"eut-team-content\"><a href=\"mailto:jfernandezb@tauli.cat\">mquintanai@tauli.cat<\/a><\/p>\r\n\t\t\t\t\t\t\t\t\t\t\t<\/div>\r\n\t\t\t\t\t\t\t\t\t<\/figcaption>\r\n\t\t\t<\/figure>\r\n\t\t<\/div>\r\n\r\n\t\t[\/vc_column][\/vc_row][vc_row el_class=&#8221;custom-top-tabs-content&#8221;][vc_column][vc_column_text]\n<ul>\n<li>Obtenci\u00f3, tractament i cessi\u00f3 d\u2019imatges m\u00e8diques mitjan\u00e7ant l\u2019\u00fas de la plataforma RAIM.<\/li>\n<li>Suport en la planificaci\u00f3, disseny i execuci\u00f3 de projectes de recerca i innovaci\u00f3 relacionats amb l\u2019\u00fas i el tractament d\u2019imatge m\u00e8dica i\/o l\u2019\u00fas de tecnologies d\u2019intel\u00b7lig\u00e8ncia artificial (IA) dins el camp de diagn\u00f2stic per la imatge.<\/li>\n<li>Recopilaci\u00f3 i an\u00e0lisi d\u2019imatges m\u00e8diques digitals.<\/li>\n<li>Desenvolupament i avaluaci\u00f3 d\u2019algoritmes d\u2019IA que tractin imatge m\u00e8dica.<\/li>\n<li>Suport en la preparaci\u00f3 de sol\u00b7licituds de finan\u00e7ament i altres documents relacionats amb la recerca.<\/li>\n<li>Desplegament d\u2019experiments pilot per obtenir dades preliminars, provar hip\u00f2tesis o metodologies de resoluci\u00f3 de problemes.<\/li>\n<li>Assessorament i acompanyament en la introducci\u00f3 d\u2019eines d\u2019IA al servei assistencial de l\u2019Hospital.<\/li>\n<\/ul>\n[\/vc_column_text][\/vc_column][\/vc_row][vc_row el_class=&#8221;custom-top-tabs-content&#8221;][vc_column tablet_width=&#8221;5-12&#8243; tablet_sm_width=&#8221;5-12&#8243;][vc_column_text]\n<ul>\n<li>Col\u00b7leccions d&#8217;imatges\n<ul>\n<li>Objectes m\u00e8dics en format DICOM<\/li>\n<li>Informes de diagn\u00f2stic en formats HTML, PDF i en CDA encriptats<\/li>\n<li>Objectes imprimibles en format STL i OBJ<\/li>\n<\/ul>\n<\/li>\n<li>RAIM Viewer (Visor m\u00e8dic)<\/li>\n<li>RAIM Server (PACS)<\/li>\n<li>RAIM Cloud (PACS centralitzat)<\/li>\n<li>RAIM SDI (Sistema de Informaci\u00f3 Radiol\u00f2gic)<\/li>\n<li>RAIM SISDI Web (RIS web)<\/li>\n<li>RAIM Services Web (Visor m\u00e8dic radiol\u00f2gic y patol\u00f2gic)<\/li>\n<li>RAIM Light Viewer (Visor cl\u00ednic lleuger)<\/li>\n<li>Software i aplicacions de suport: Visual Studio Code, Jupyter Notebook, Google Colab, ITK Snap, 3D Slicer, Matlab, Python (llibreries), Git, GitHub.<\/li>\n<\/ul>\n[\/vc_column_text][\/vc_column][\/vc_row]\n<\/div>","protected":false},"excerpt":{"rendered":"<p>[vc_row section_id=&#8221;custom-top-tabs&#8221;][vc_column][vc_column_text el_class=&#8221;top-tabs&#8221;] Presentaci\u00f3 Serveis Recursos [\/vc_column_text][\/vc_column][\/vc_row][vc_row el_class=&#8221;custom-top-tabs-content&#8221;][vc_column width=&#8221;2\/3&#8243;][vc_column_text]El Laboratori d\u2019Imatge M\u00e8dica de l&#8217;I3PT est\u00e0 vinculat al Centre d\u2019Imatge M\u00e8dica Digital (CIMD).\u00a0La missi\u00f3 del laboratori d&#8217;imatge m\u00e8dica \u00e9s fer recerca col\u00b7laborativa i proporcionar serveis de consultoria i recursos als grups de recerca de l&#8217;I3PT aix\u00ed com a altres institucions que ho requereixin per tal de [&hellip;]<\/p>\n","protected":false},"author":12,"featured_media":0,"parent":2289,"menu_order":0,"comment_status":"closed","ping_status":"closed","template":"","meta":[],"_links":{"self":[{"href":"https:\/\/www.tauli.cat\/institut\/wp-json\/wp\/v2\/pages\/680"}],"collection":[{"href":"https:\/\/www.tauli.cat\/institut\/wp-json\/wp\/v2\/pages"}],"about":[{"href":"https:\/\/www.tauli.cat\/institut\/wp-json\/wp\/v2\/types\/page"}],"author":[{"embeddable":true,"href":"https:\/\/www.tauli.cat\/institut\/wp-json\/wp\/v2\/users\/12"}],"replies":[{"embeddable":true,"href":"https:\/\/www.tauli.cat\/institut\/wp-json\/wp\/v2\/comments?post=680"}],"version-history":[{"count":7,"href":"https:\/\/www.tauli.cat\/institut\/wp-json\/wp\/v2\/pages\/680\/revisions"}],"predecessor-version":[{"id":10915,"href":"https:\/\/www.tauli.cat\/institut\/wp-json\/wp\/v2\/pages\/680\/revisions\/10915"}],"up":[{"embeddable":true,"href":"https:\/\/www.tauli.cat\/institut\/wp-json\/wp\/v2\/pages\/2289"}],"wp:attachment":[{"href":"https:\/\/www.tauli.cat\/institut\/wp-json\/wp\/v2\/media?parent=680"}],"curies":[{"name":"wp","href":"https:\/\/api.w.org\/{rel}","templated":true}]}}