{"id":683,"date":"2019-12-03T14:16:14","date_gmt":"2019-12-03T13:16:14","guid":{"rendered":"http:\/\/www.tauli.cat\/institut\/?page_id=683"},"modified":"2025-07-28T15:30:59","modified_gmt":"2025-07-28T13:30:59","slug":"simulacio-parc-tauli","status":"publish","type":"page","link":"https:\/\/www.tauli.cat\/institut\/plataformes-i-serveis\/simulacio-parc-tauli\/","title":{"rendered":"Laboratori de Simulaci\u00f3 Parc Taul\u00ed (SimPT)"},"content":{"rendered":"<div class=\"wpb-content-wrapper\">[vc_row section_id=&#8221;custom-top-tabs&#8221;][vc_column][vc_column_text css=&#8221;&#8221; el_class=&#8221;top-tabs&#8221;]\n<ul>\n<li data-hash=\"sobre\">Presentaci\u00f3<\/li>\n<li data-hash=\"serveis\">Serveis<\/li>\n<li data-hash=\"activitats\">Activitats<\/li>\n<li data-hash=\"recursos\">Recursos<\/li>\n<li data-hash=\"tarifes\">Serveis tarifats<\/li>\n<\/ul>\n[\/vc_column_text][\/vc_column][\/vc_row][vc_row el_class=&#8221;custom-top-tabs-content&#8221;][vc_column width=&#8221;2\/3&#8243;][vc_column_text css=&#8221;&#8221;]El <strong>Laboratori de Simulaci\u00f3 Parc Tauli (SimPT)<\/strong>\u00a0\u00e9s un espai destinat a la formaci\u00f3 i educaci\u00f3 dels professionals sanitaris en les diferents etapes de la seva formaci\u00f3 (grau, postgrau i formaci\u00f3 continuada). Tamb\u00e9 ofereix espai per al desenvolupament d&#8217;activitats docents i de recerca basades en simulaci\u00f3 als investigadors de l&#8217;I3PT i a altres institucions sanit\u00e0ries i educatives externes.<\/p>\n<p>Un dels seus objectius \u00e9s convertir-se en punt referent en simulaci\u00f3 a nivell nacional i internacional, reconegut per les principals societats de simulaci\u00f3.<\/p>\n<p>Les formacions realitzades en el Laboratori de SimPT tenen objectius concrets, assolibles i mesurables, al costat d&#8217;un reconeixement tant institucional com extern, en funci\u00f3 de les caracter\u00edstiques de l&#8217;activitat i de l&#8217;inter\u00e8s d&#8217;aquesta.[\/vc_column_text][\/vc_column][vc_column width=&#8221;1\/3&#8243;]\r\n\t\t<div class=\"eut-team eut-element team\" style=\"\">\r\n\t\t\t<figure>\r\n\t\t\t\t\t\t\t\t<div class=\"eut-team-person eut-media eut-align-center\">\r\n\t\t\t\t\t<img width=\"307\" height=\"457\" src=\"https:\/\/www.tauli.cat\/institut\/wp-content\/uploads\/2025\/07\/Marcos-Perez-Carrasco.jpg\" class=\"attachment-large size-large\" alt=\"\" decoding=\"async\" loading=\"lazy\" srcset=\"https:\/\/www.tauli.cat\/institut\/wp-content\/uploads\/2025\/07\/Marcos-Perez-Carrasco.jpg 307w, https:\/\/www.tauli.cat\/institut\/wp-content\/uploads\/2025\/07\/Marcos-Perez-Carrasco-202x300.jpg 202w\" sizes=\"(max-width: 307px) 100vw, 307px\" \/>\t\t\t\t<\/div>\r\n\t\t\t\t\t\t\t\t<figcaption>\r\n\t\t\t\t\t<div class=\"eut-team-description eut-align-center\">\r\n\t\t\t\t\t\t<div class=\"eut-team-identity eut-subtitle\">Coordinaci\u00f3<\/div>\r\n\t\t\t\t\t\t\t\t\t\t\t\t<h5 class=\"eut-team-name\">Marcos P\u00e9rez Carrasco<\/h5>\r\n\t\t\t\t\t\t\t\t\t\t\t\t\t\t\t\t\t\t<p class=\"eut-team-content\"><a href=\"mailto:mperezca01@tauli.cat\">mperezca01@tauli.cat<\/a><\/p>\r\n\t\t\t\t\t\t\t\t\t\t\t<\/div>\r\n\t\t\t\t\t\t\t\t\t<\/figcaption>\r\n\t\t\t<\/figure>\r\n\t\t<\/div>\r\n\r\n\t\t[\/vc_column][\/vc_row][vc_row el_class=&#8221;custom-top-tabs-content&#8221;][vc_column][vc_column_text css=&#8221;&#8221;]\n<ul>\n<li>Suport al disseny i acreditaci\u00f3 de programes docents<\/li>\n<li>Creaci\u00f3 i incorporaci\u00f3 de nous dispositius sostenibles. Programa \u201clow cost\u201d<\/li>\n<li>Suport audiovisuals i tecnol\u00f2gic dirigit a la simulaci\u00f3<\/li>\n<li>Desenvolupament de noves tecnologies i metodologies de formaci\u00f3<\/li>\n<li>Banc d&#8217;actors estandarditzats o simulats<\/li>\n<li>Programes de formaci\u00f3 de formadors \u201cTrain of trainers\u201d<\/li>\n<li>Recerca i avaluaci\u00f3 de l&#8217;impacte de la simulaci\u00f3<\/li>\n<\/ul>\n[\/vc_column_text][\/vc_column][\/vc_row][vc_row el_class=&#8221;custom-top-tabs-content&#8221;][vc_column tablet_width=&#8221;5-12&#8243; tablet_sm_width=&#8221;5-12&#8243;][vc_column_text css=&#8221;&#8221;]Donades les caracter\u00edstiques del Laboratori de SimPT, les activitats realitzades s\u00f3n de <strong>mitjana-alta complexitat<\/strong>, SimZone 2 en formaci\u00f3 sanit\u00e0ria especialitzada i SimZone 3 (escenaris d&#8217;alta fidelitat per a equips multiprofessionals).<\/p>\n<p>Entre les activitats realitzades destaquen:<\/p>\n<ul>\n<li>Suport Vital Avan\u00e7at en pacient adult, pedi\u00e0tric i neonatal<\/li>\n<li>Abordatge de situacions d&#8217;urg\u00e8ncies, m\u00e8diques o quir\u00fargiques<\/li>\n<li>Activitats tem\u00e0tiques en hemodin\u00e0mica, respiratori, ventilaci\u00f3 mec\u00e0nica i fisioter\u00e0pia<\/li>\n<li>Comunicaci\u00f3 assistencial en situacions de major complexitat (diversitat cultural, males not\u00edcies, error)<\/li>\n<\/ul>\n[\/vc_column_text][\/vc_column][\/vc_row][vc_row el_class=&#8221;custom-top-tabs-content&#8221;][vc_column tablet_width=&#8221;5-12&#8243; tablet_sm_width=&#8221;5-12&#8243;][vc_column_text css=&#8221;&#8221;]\n<ul>\n<li><strong>Materials<\/strong>:\n<ul>\n<li>SimMan 3G Plus de la marca Laerdal\u00ae\n<ul>\n<li>Maniqu\u00ed de cos sencer per a simulacions avan\u00e7ades<\/li>\n<li>Bra\u00e7 de punci\u00f3 endovenosa i via a\u00e8ria practicable<\/li>\n<li>Simulaci\u00f3 de ritmes card\u00edacs, pneumot\u00f2raxs, edema de llengua i casos de RCP integrada<\/li>\n<\/ul>\n<\/li>\n<li>Sistema SimCapture\u00ae<\/li>\n<li>Task trainers\n<ul>\n<li>Little Anne<\/li>\n<li>Resusci Anne<\/li>\n<li>Beb\u00e8 Anne<\/li>\n<li>Via a\u00e8ria de laerdal i fibrobroncosc\u00f2pia<\/li>\n<\/ul>\n<\/li>\n<\/ul>\n<\/li>\n<li><strong>Humans:<\/strong>\n<ul>\n<li>Coordinador del Laboratori SimPT<\/li>\n<li>T\u00e8cnic d&#8217;operacions<\/li>\n<li>Comissi\u00f3 t\u00e8cnica del Laboratori SimPT<\/li>\n<li>Facilitadors\/es<\/li>\n<\/ul>\n<\/li>\n<\/ul>\n[\/vc_column_text][\/vc_column][\/vc_row][vc_row el_class=&#8221;custom-top-tabs-content&#8221;][vc_column tablet_width=&#8221;5-12&#8243; tablet_sm_width=&#8221;5-12&#8243;][vc_column_text css=&#8221;&#8221;]\n<div class=\"traductor-textarea form-group\">\n<div class=\"textarea-desti col-xs-12 col-sm-6\">\n<div class=\"form-control second-textarea\">La realitzaci\u00f3 i coordinaci\u00f3 de cursos de diversa \u00edndole, aix\u00ed com les tarifes es poden consultar a la <a href=\"https:\/\/www.tauli.cat\/institut\/presentacio\/tarifes\/#organitzacio-cursos-jornades-congressos\">p\u00e0gina web de l&#8217;I3PT<\/a> o amb el personal responsable.<\/div>\n<div><\/div>\n<\/div>\n<\/div>\n[\/vc_column_text][\/vc_column][\/vc_row]\n<\/div>","protected":false},"excerpt":{"rendered":"<p>[vc_row section_id=&#8221;custom-top-tabs&#8221;][vc_column][vc_column_text css=&#8221;&#8221; el_class=&#8221;top-tabs&#8221;] Presentaci\u00f3 Serveis Activitats Recursos Serveis tarifats [\/vc_column_text][\/vc_column][\/vc_row][vc_row el_class=&#8221;custom-top-tabs-content&#8221;][vc_column width=&#8221;2\/3&#8243;][vc_column_text css=&#8221;&#8221;]El Laboratori de Simulaci\u00f3 Parc Tauli (SimPT)\u00a0\u00e9s un espai destinat a la formaci\u00f3 i educaci\u00f3 dels professionals sanitaris en les diferents etapes de la seva formaci\u00f3 (grau, postgrau i formaci\u00f3 continuada). Tamb\u00e9 ofereix espai per al desenvolupament d&#8217;activitats docents i de recerca [&hellip;]<\/p>\n","protected":false},"author":12,"featured_media":0,"parent":2289,"menu_order":0,"comment_status":"closed","ping_status":"closed","template":"","meta":[],"_links":{"self":[{"href":"https:\/\/www.tauli.cat\/institut\/wp-json\/wp\/v2\/pages\/683"}],"collection":[{"href":"https:\/\/www.tauli.cat\/institut\/wp-json\/wp\/v2\/pages"}],"about":[{"href":"https:\/\/www.tauli.cat\/institut\/wp-json\/wp\/v2\/types\/page"}],"author":[{"embeddable":true,"href":"https:\/\/www.tauli.cat\/institut\/wp-json\/wp\/v2\/users\/12"}],"replies":[{"embeddable":true,"href":"https:\/\/www.tauli.cat\/institut\/wp-json\/wp\/v2\/comments?post=683"}],"version-history":[{"count":7,"href":"https:\/\/www.tauli.cat\/institut\/wp-json\/wp\/v2\/pages\/683\/revisions"}],"predecessor-version":[{"id":20129,"href":"https:\/\/www.tauli.cat\/institut\/wp-json\/wp\/v2\/pages\/683\/revisions\/20129"}],"up":[{"embeddable":true,"href":"https:\/\/www.tauli.cat\/institut\/wp-json\/wp\/v2\/pages\/2289"}],"wp:attachment":[{"href":"https:\/\/www.tauli.cat\/institut\/wp-json\/wp\/v2\/media?parent=683"}],"curies":[{"name":"wp","href":"https:\/\/api.w.org\/{rel}","templated":true}]}}