{"id":74,"date":"2019-11-04T14:50:04","date_gmt":"2019-11-04T13:50:04","guid":{"rendered":"http:\/\/www.tauli.cat\/institut\/?page_id=74"},"modified":"2023-11-07T15:37:43","modified_gmt":"2023-11-07T14:37:43","slug":"perfil-del-contractant","status":"publish","type":"page","link":"https:\/\/www.tauli.cat\/institut\/perfil-del-contractant\/","title":{"rendered":"Perfil del contractant"},"content":{"rendered":"<div class=\"wpb-content-wrapper\">[vc_row][vc_column][vc_column_text]La informaci\u00f3 de l&#8217;activitat contractual del Parc Taul\u00ed es troba integrada en la plataforma de serveis de contractaci\u00f3 p\u00fablica de la Generalitat de Catalunya on podeu trobar les licitacions dels procediments oberts, restringits i negociats amb i sense publicitat; les adjudicacions dels contractes amb procediment de licitaci\u00f3, i les formalitzacions dels contractes d&#8217;obres adjudicats per una quantia igual o superior a 40.000 euros i de la resta de contractes adjudicats (serveis i subministraments) per una quantia igual o superior a 15.000 euros.<\/p>\n<ul>\n<li class=\"icon-list link\"><a href=\"https:\/\/www.tauli.cat\/tauli\/seu-electronica\/perfil-del-contractant\" target=\"_blank\" rel=\"noopener noreferrer\">Informaci\u00f3 general sobre el perfil del contractant de les institucions del Parc Taul\u00ed<\/a> (enlla\u00e7 al web del Parc taul\u00ed)<\/li>\n<li class=\"icon-list link\"><a href=\"https:\/\/contractaciopublica.gencat.cat\/ecofin_pscp\/AppJava\/cap.pscp?ambit=1&amp;keyword=&amp;reqCode=viewDetail&amp;idCap=1782654&amp;department=17000&amp;\" target=\"_blank\" rel=\"noopener noreferrer\">Perfil del contractant de la Fundaci\u00f3 Institut d&#8217;Investigaci\u00f3 i Innovaci\u00f3 Parc Taul\u00ed<\/a> (enlla\u00e7 al web de la Generalitat de Catalunya)<\/li>\n<\/ul>\n[\/vc_column_text][\/vc_column][\/vc_row]\n<\/div>","protected":false},"excerpt":{"rendered":"<p>[vc_row][vc_column][vc_column_text]La informaci\u00f3 de l&#8217;activitat contractual del Parc Taul\u00ed es troba integrada en la plataforma de serveis de contractaci\u00f3 p\u00fablica de la Generalitat de Catalunya on podeu trobar les licitacions dels procediments oberts, restringits i negociats amb i sense publicitat; les adjudicacions dels contractes amb procediment de licitaci\u00f3, i les formalitzacions dels contractes d&#8217;obres adjudicats per [&hellip;]<\/p>\n","protected":false},"author":12,"featured_media":0,"parent":0,"menu_order":0,"comment_status":"closed","ping_status":"closed","template":"","meta":[],"_links":{"self":[{"href":"https:\/\/www.tauli.cat\/institut\/wp-json\/wp\/v2\/pages\/74"}],"collection":[{"href":"https:\/\/www.tauli.cat\/institut\/wp-json\/wp\/v2\/pages"}],"about":[{"href":"https:\/\/www.tauli.cat\/institut\/wp-json\/wp\/v2\/types\/page"}],"author":[{"embeddable":true,"href":"https:\/\/www.tauli.cat\/institut\/wp-json\/wp\/v2\/users\/12"}],"replies":[{"embeddable":true,"href":"https:\/\/www.tauli.cat\/institut\/wp-json\/wp\/v2\/comments?post=74"}],"version-history":[{"count":6,"href":"https:\/\/www.tauli.cat\/institut\/wp-json\/wp\/v2\/pages\/74\/revisions"}],"predecessor-version":[{"id":11002,"href":"https:\/\/www.tauli.cat\/institut\/wp-json\/wp\/v2\/pages\/74\/revisions\/11002"}],"wp:attachment":[{"href":"https:\/\/www.tauli.cat\/institut\/wp-json\/wp\/v2\/media?parent=74"}],"curies":[{"name":"wp","href":"https:\/\/api.w.org\/{rel}","templated":true}]}}