{"id":7423,"date":"2022-02-08T11:00:54","date_gmt":"2022-02-08T10:00:54","guid":{"rendered":"https:\/\/www.tauli.cat\/institut\/?page_id=7423"},"modified":"2023-05-08T16:36:57","modified_gmt":"2023-05-08T14:36:57","slug":"cicles-de-conferencies-cientifiques","status":"publish","type":"page","link":"https:\/\/www.tauli.cat\/institut\/docencia\/cicles-de-conferencies-cientifiques\/","title":{"rendered":"Cicles de Confer\u00e8ncies Cient\u00edfiques"},"content":{"rendered":"<div class=\"wpb-content-wrapper\">[vc_row][vc_column][vc_column_text]L&#8217;I3PT organitza anualment e<span class=\"JsGRdQ\">l <strong>Cicle de Confer\u00e8ncies Cient\u00edfiques<\/strong>. Aquestes sessions estan obertes a tota la ciutadania, especialment per al personal investigador i de suport a la recerca i a la innovaci\u00f3, amb l&#8217;objectiu de fomentar <\/span><span class=\"JsGRdQ\">les compet\u00e8ncies transversals en l&#8217;\u00e0mbit cient\u00edfic.\u00a0<\/span><\/p>\n<p>Les sessions es retransmeten en l\u00ednia i en obert perqu\u00e8 totes les persones interessades les puguin visionar. Aix\u00ed mateix, es poden recuperar posteriorment al <a href=\"https:\/\/www.youtube.com\/channel\/UCPIp-JGLJJljYwMU5dVwrkA\/playlists\" target=\"_blank\" rel=\"noopener\">canal de YouTube de l&#8217;Institut<\/a>.[\/vc_column_text][\/vc_column][\/vc_row][vc_row][vc_column]<h3 class=\"eut-element eut-align-left eut-title-no-line\" style=\"\"><span>III Cicle de Confer\u00e8ncies Cient\u00edfiques<\/span><\/h3><div class=\"eut-element eut-box eut-align-left\" style=\"\"><div class=\"eut-media\"><a href=\"\" target=\"_blank\"><img width=\"1587\" height=\"2245\" src=\"https:\/\/www.tauli.cat\/institut\/wp-content\/uploads\/2023\/05\/Cicle-de-conferencies-cientifiques-cartells-1-1.png\" class=\"attachment-full size-full\" alt=\"\" decoding=\"async\" loading=\"lazy\" srcset=\"https:\/\/www.tauli.cat\/institut\/wp-content\/uploads\/2023\/05\/Cicle-de-conferencies-cientifiques-cartells-1-1.png 1587w, https:\/\/www.tauli.cat\/institut\/wp-content\/uploads\/2023\/05\/Cicle-de-conferencies-cientifiques-cartells-1-1-212x300.png 212w, https:\/\/www.tauli.cat\/institut\/wp-content\/uploads\/2023\/05\/Cicle-de-conferencies-cientifiques-cartells-1-1-848x1200.png 848w, https:\/\/www.tauli.cat\/institut\/wp-content\/uploads\/2023\/05\/Cicle-de-conferencies-cientifiques-cartells-1-1-768x1086.png 768w, https:\/\/www.tauli.cat\/institut\/wp-content\/uploads\/2023\/05\/Cicle-de-conferencies-cientifiques-cartells-1-1-600x849.png 600w, https:\/\/www.tauli.cat\/institut\/wp-content\/uploads\/2023\/05\/Cicle-de-conferencies-cientifiques-cartells-1-1-1086x1536.png 1086w, https:\/\/www.tauli.cat\/institut\/wp-content\/uploads\/2023\/05\/Cicle-de-conferencies-cientifiques-cartells-1-1-1448x2048.png 1448w, https:\/\/www.tauli.cat\/institut\/wp-content\/uploads\/2023\/05\/Cicle-de-conferencies-cientifiques-cartells-1-1-1357x1920.png 1357w\" sizes=\"(max-width: 1587px) 100vw, 1587px\" \/><\/a><\/div>  <div class=\"eut-box-content\">    <p><\/p>  <\/div><\/div>[\/vc_column][\/vc_row][vc_row][vc_column]<h3 class=\"eut-element eut-align-left eut-title-no-line\" style=\"\"><span>II Cicle de Confer\u00e8ncies Cient\u00edfiques<\/span><\/h3><div class=\"eut-element eut-box eut-align-left\" style=\"\"><div class=\"eut-media\"><a href=\"\" target=\"_blank\"><img width=\"1587\" height=\"2245\" src=\"https:\/\/www.tauli.cat\/institut\/wp-content\/uploads\/2022\/04\/II-Cicle-de-conferencies-cientifiques-1.png\" class=\"attachment-full size-full\" alt=\"\" decoding=\"async\" loading=\"lazy\" srcset=\"https:\/\/www.tauli.cat\/institut\/wp-content\/uploads\/2022\/04\/II-Cicle-de-conferencies-cientifiques-1.png 1587w, https:\/\/www.tauli.cat\/institut\/wp-content\/uploads\/2022\/04\/II-Cicle-de-conferencies-cientifiques-1-212x300.png 212w, https:\/\/www.tauli.cat\/institut\/wp-content\/uploads\/2022\/04\/II-Cicle-de-conferencies-cientifiques-1-848x1200.png 848w, https:\/\/www.tauli.cat\/institut\/wp-content\/uploads\/2022\/04\/II-Cicle-de-conferencies-cientifiques-1-768x1086.png 768w, https:\/\/www.tauli.cat\/institut\/wp-content\/uploads\/2022\/04\/II-Cicle-de-conferencies-cientifiques-1-600x849.png 600w, https:\/\/www.tauli.cat\/institut\/wp-content\/uploads\/2022\/04\/II-Cicle-de-conferencies-cientifiques-1-1086x1536.png 1086w, https:\/\/www.tauli.cat\/institut\/wp-content\/uploads\/2022\/04\/II-Cicle-de-conferencies-cientifiques-1-1448x2048.png 1448w, https:\/\/www.tauli.cat\/institut\/wp-content\/uploads\/2022\/04\/II-Cicle-de-conferencies-cientifiques-1-1357x1920.png 1357w\" sizes=\"(max-width: 1587px) 100vw, 1587px\" \/><\/a><\/div>  <div class=\"eut-box-content\">    <p><\/p>  <\/div><\/div>[\/vc_column][\/vc_row][vc_row][vc_column]<h3 class=\"eut-element eut-align-left eut-title-no-line\" style=\"\"><span>I Cicle de Confer\u00e8ncies Cient\u00edfiques<\/span><\/h3><div class=\"eut-element eut-box eut-align-left\" style=\"\"><div class=\"eut-media\"><a href=\"https:\/\/www.tauli.cat\/institut\/wp-content\/uploads\/2022\/02\/I_Cicle_Conferencies_Cientifiques_2021.png\" target=\"_blank\"><img width=\"644\" height=\"914\" src=\"https:\/\/www.tauli.cat\/institut\/wp-content\/uploads\/2022\/02\/I_Cicle_Conferencies_Cientifiques_2021.png\" class=\"attachment-full size-full\" alt=\"I Cicle de Confer\u00e8ncies Cient\u00edfiques 2021\" decoding=\"async\" loading=\"lazy\" srcset=\"https:\/\/www.tauli.cat\/institut\/wp-content\/uploads\/2022\/02\/I_Cicle_Conferencies_Cientifiques_2021.png 644w, https:\/\/www.tauli.cat\/institut\/wp-content\/uploads\/2022\/02\/I_Cicle_Conferencies_Cientifiques_2021-211x300.png 211w, https:\/\/www.tauli.cat\/institut\/wp-content\/uploads\/2022\/02\/I_Cicle_Conferencies_Cientifiques_2021-600x852.png 600w\" sizes=\"(max-width: 644px) 100vw, 644px\" \/><\/a><\/div>  <div class=\"eut-box-content\">    <p><\/p>  <\/div><\/div>[\/vc_column][\/vc_row]\n<\/div>","protected":false},"excerpt":{"rendered":"<p>[vc_row][vc_column][vc_column_text]L&#8217;I3PT organitza anualment el Cicle de Confer\u00e8ncies Cient\u00edfiques. Aquestes sessions estan obertes a tota la ciutadania, especialment per al personal investigador i de suport a la recerca i a la innovaci\u00f3, amb l&#8217;objectiu de fomentar les compet\u00e8ncies transversals en l&#8217;\u00e0mbit cient\u00edfic.\u00a0 Les sessions es retransmeten en l\u00ednia i en obert perqu\u00e8 totes les persones interessades [&hellip;]<\/p>\n","protected":false},"author":1,"featured_media":0,"parent":2913,"menu_order":0,"comment_status":"closed","ping_status":"closed","template":"","meta":[],"_links":{"self":[{"href":"https:\/\/www.tauli.cat\/institut\/wp-json\/wp\/v2\/pages\/7423"}],"collection":[{"href":"https:\/\/www.tauli.cat\/institut\/wp-json\/wp\/v2\/pages"}],"about":[{"href":"https:\/\/www.tauli.cat\/institut\/wp-json\/wp\/v2\/types\/page"}],"author":[{"embeddable":true,"href":"https:\/\/www.tauli.cat\/institut\/wp-json\/wp\/v2\/users\/1"}],"replies":[{"embeddable":true,"href":"https:\/\/www.tauli.cat\/institut\/wp-json\/wp\/v2\/comments?post=7423"}],"version-history":[{"count":10,"href":"https:\/\/www.tauli.cat\/institut\/wp-json\/wp\/v2\/pages\/7423\/revisions"}],"predecessor-version":[{"id":9984,"href":"https:\/\/www.tauli.cat\/institut\/wp-json\/wp\/v2\/pages\/7423\/revisions\/9984"}],"up":[{"embeddable":true,"href":"https:\/\/www.tauli.cat\/institut\/wp-json\/wp\/v2\/pages\/2913"}],"wp:attachment":[{"href":"https:\/\/www.tauli.cat\/institut\/wp-json\/wp\/v2\/media?parent=7423"}],"curies":[{"name":"wp","href":"https:\/\/api.w.org\/{rel}","templated":true}]}}