{"id":7583,"date":"2022-03-16T12:44:32","date_gmt":"2022-03-16T11:44:32","guid":{"rendered":"https:\/\/www.tauli.cat\/institut\/?page_id=7583"},"modified":"2022-10-18T11:10:43","modified_gmt":"2022-10-18T09:10:43","slug":"protocols-imatge","status":"publish","type":"page","link":"https:\/\/www.tauli.cat\/institut\/plataformes-i-serveis\/laboratori-3d\/protocols-imatge\/","title":{"rendered":"Protocols d&#8217;imatge"},"content":{"rendered":"<div class=\"wpb-content-wrapper\">[vc_row][vc_column][vc_column_text]Els protocols d&#8217;imatge s\u00f3n necessaris per adquirir les imatges m\u00e8diques dels pacients. Per realitzar la planificaci\u00f3 quir\u00fargica virtual i la fabricaci\u00f3 de productes sanitaris personalitzats \u00e9s necessari aplicar uns protocols de TC concrets.[\/vc_column_text][\/vc_column][\/vc_row][vc_row el_class=&#8221;fade-in&#8221;][vc_column][vc_column_text]\n<h2>1. Planificaci\u00f3 quir\u00fargica virtual d&#8217;avantbra\u00e7<\/h2>\n[\/vc_column_text][\/vc_column][\/vc_row][vc_row][vc_column width=&#8221;1\/2&#8243;][vc_single_image image=&#8221;7653&#8243; img_size=&#8221;large&#8221; alignment=&#8221;right&#8221; css_animation=&#8221;none&#8221;][\/vc_column][vc_column width=&#8221;1\/2&#8243;][vc_column_text]\n<p>&nbsp;<\/p>\n[\/vc_column_text]<div class=\"eut-element eut-box-icon eut-align-left eut-medium\" style=\"\"><a href=\"https:\/\/www.tauli.cat\/institut\/wp-content\/uploads\/2022\/03\/TC_AvantbracBilateral_CAT.pdf\" target=\"_blank\">  <div class=\"eut-wrapper-icon eut-no-shape eut-color-grey\"><i class=\"fa fa-file-pdf-o eut-color-primary-1\"><\/i><\/div><\/a>  <div class=\"eut-box-content\"><a href=\"https:\/\/www.tauli.cat\/institut\/wp-content\/uploads\/2022\/03\/TC_AvantbracBilateral_CAT.pdf\" target=\"_blank\">      <h4 class=\"eut-box-title\">TC d'Avantbra\u00e7 Bilateral (CAT)<\/h4><\/a>  <\/div><\/div><div class=\"eut-element eut-box-icon eut-align-left eut-medium\" style=\"\"><a href=\"https:\/\/www.tauli.cat\/institut\/wp-content\/uploads\/2022\/03\/TC_AntebrazoBilateral_ESP.docx.pdf\" target=\"_blank\">  <div class=\"eut-wrapper-icon eut-no-shape eut-color-grey\"><i class=\"fa fa-file-pdf-o eut-color-primary-1\"><\/i><\/div><\/a>  <div class=\"eut-box-content\"><a href=\"https:\/\/www.tauli.cat\/institut\/wp-content\/uploads\/2022\/03\/TC_AntebrazoBilateral_ESP.docx.pdf\" target=\"_blank\">      <h4 class=\"eut-box-title\">TC de Antebrazo Bilateral (ESP)<\/h4><\/a>  <\/div><\/div><div class=\"eut-element eut-box-icon eut-align-left eut-medium\" style=\"\"><a href=\"https:\/\/www.tauli.cat\/institut\/wp-content\/uploads\/2022\/03\/CTscan_BilateralForearm_ENG.pdf\" target=\"_blank\">  <div class=\"eut-wrapper-icon eut-no-shape eut-color-grey\"><i class=\"fa fa-file-pdf-o eut-color-primary-1\"><\/i><\/div><\/a>  <div class=\"eut-box-content\"><a href=\"https:\/\/www.tauli.cat\/institut\/wp-content\/uploads\/2022\/03\/CTscan_BilateralForearm_ENG.pdf\" target=\"_blank\">      <h4 class=\"eut-box-title\">Bilateral Forearm CT scan (ENG)<\/h4><\/a>  <\/div><\/div>[\/vc_column][\/vc_row][vc_row][vc_column][vc_column_text]\n<h2>2. Planificaci\u00f3 quir\u00fargica virtual d&#8217;escafoides per cirurgia percut\u00e0nia<\/h2>\n[\/vc_column_text][\/vc_column][\/vc_row][vc_row][vc_column width=&#8221;1\/2&#8243;][vc_single_image image=&#8221;5926&#8243; img_size=&#8221;large&#8221; alignment=&#8221;right&#8221;][\/vc_column][vc_column width=&#8221;1\/2&#8243;][vc_column_text]\n<p>&nbsp;<\/p>\n[\/vc_column_text]<div class=\"eut-element eut-box-icon eut-align-left eut-medium\" style=\"\"><a href=\"https:\/\/www.tauli.cat\/institut\/wp-content\/uploads\/2022\/03\/TC_Canell_CAT.pdf\" target=\"_blank\">  <div class=\"eut-wrapper-icon eut-no-shape eut-color-grey\"><i class=\"fa fa-file-pdf-o eut-color-primary-1\"><\/i><\/div><\/a>  <div class=\"eut-box-content\"><a href=\"https:\/\/www.tauli.cat\/institut\/wp-content\/uploads\/2022\/03\/TC_Canell_CAT.pdf\" target=\"_blank\">      <h4 class=\"eut-box-title\">TC de Canell (CAT)<\/h4><\/a>  <\/div><\/div><div class=\"eut-element eut-box-icon eut-align-left eut-medium\" style=\"\"><a href=\"https:\/\/www.tauli.cat\/institut\/wp-content\/uploads\/2022\/03\/TC_Muneca_ESP.docx.pdf\" target=\"_blank\">  <div class=\"eut-wrapper-icon eut-no-shape eut-color-grey\"><i class=\"fa fa-file-pdf-o eut-color-primary-1\"><\/i><\/div><\/a>  <div class=\"eut-box-content\"><a href=\"https:\/\/www.tauli.cat\/institut\/wp-content\/uploads\/2022\/03\/TC_Muneca_ESP.docx.pdf\" target=\"_blank\">      <h4 class=\"eut-box-title\">TC de Mu\u00f1eca (ESP)<\/h4><\/a>  <\/div><\/div><div class=\"eut-element eut-box-icon eut-align-left eut-medium\" style=\"\"><a href=\"https:\/\/www.tauli.cat\/institut\/wp-content\/uploads\/2022\/03\/CTscan_Wrist_ENG.pdf\" target=\"_blank\">  <div class=\"eut-wrapper-icon eut-no-shape eut-color-grey\"><i class=\"fa fa-file-pdf-o eut-color-primary-1\"><\/i><\/div><\/a>  <div class=\"eut-box-content\"><a href=\"https:\/\/www.tauli.cat\/institut\/wp-content\/uploads\/2022\/03\/CTscan_Wrist_ENG.pdf\" target=\"_blank\">      <h4 class=\"eut-box-title\">Wrist CT scan (ENG)<\/h4><\/a>  <\/div><\/div>[\/vc_column][\/vc_row][vc_row][vc_column][vc_column_text]\n<h2>3. Planificaci\u00f3 quir\u00fargica virtual per artropl\u00e0stia d&#8217;espatlla<\/h2>\n[\/vc_column_text][\/vc_column][\/vc_row][vc_row][vc_column width=&#8221;1\/2&#8243;][vc_single_image image=&#8221;5598&#8243; img_size=&#8221;large&#8221; alignment=&#8221;right&#8221;][\/vc_column][vc_column width=&#8221;1\/2&#8243;][vc_column_text]\n<p>&nbsp;<\/p>\n[\/vc_column_text][vc_column_text]\n<p>&nbsp;<\/p>\n[\/vc_column_text]<div class=\"eut-element eut-box-icon eut-align-left eut-medium\" style=\"\"><a href=\"https:\/\/www.tauli.cat\/institut\/wp-content\/uploads\/2022\/03\/TC_Espatlla_CAT.pdf\" target=\"_blank\">  <div class=\"eut-wrapper-icon eut-no-shape eut-color-grey\"><i class=\"fa fa-file-pdf-o eut-color-primary-1\"><\/i><\/div><\/a>  <div class=\"eut-box-content\"><a href=\"https:\/\/www.tauli.cat\/institut\/wp-content\/uploads\/2022\/03\/TC_Espatlla_CAT.pdf\" target=\"_blank\">      <h4 class=\"eut-box-title\">TC d'Espatlla (CAT)<\/h4><\/a>  <\/div><\/div><div class=\"eut-element eut-box-icon eut-align-left eut-medium\" style=\"\"><a href=\"https:\/\/www.tauli.cat\/institut\/wp-content\/uploads\/2022\/03\/TC_Hombro_ESP.pdf\" target=\"_blank\">  <div class=\"eut-wrapper-icon eut-no-shape eut-color-grey\"><i class=\"fa fa-file-pdf-o eut-color-primary-1\"><\/i><\/div><\/a>  <div class=\"eut-box-content\"><a href=\"https:\/\/www.tauli.cat\/institut\/wp-content\/uploads\/2022\/03\/TC_Hombro_ESP.pdf\" target=\"_blank\">      <h4 class=\"eut-box-title\">TC de Hombro (ESP)<\/h4><\/a>  <\/div><\/div><div class=\"eut-element eut-box-icon eut-align-left eut-medium\" style=\"\"><a href=\"https:\/\/www.tauli.cat\/institut\/wp-content\/uploads\/2022\/03\/CTscan_Shoulder_ENG.pdf\" target=\"_blank\">  <div class=\"eut-wrapper-icon eut-no-shape eut-color-grey\"><i class=\"fa fa-file-pdf-o eut-color-primary-1\"><\/i><\/div><\/a>  <div class=\"eut-box-content\"><a href=\"https:\/\/www.tauli.cat\/institut\/wp-content\/uploads\/2022\/03\/CTscan_Shoulder_ENG.pdf\" target=\"_blank\">      <h4 class=\"eut-box-title\">Shoulder CT scan (ENG)<\/h4><\/a>  <\/div><\/div>[\/vc_column][\/vc_row][vc_row][vc_column][vc_column_text]\n<h2>4. Planificaci\u00f3 quir\u00fargica virtual per artropl\u00e0stia de maluc<\/h2>\n[\/vc_column_text][\/vc_column][\/vc_row][vc_row][vc_column width=&#8221;1\/2&#8243;][vc_single_image image=&#8221;7655&#8243; img_size=&#8221;large&#8221; alignment=&#8221;right&#8221;][\/vc_column][vc_column width=&#8221;1\/2&#8243;][vc_column_text]\n<p>&nbsp;<\/p>\n[\/vc_column_text][vc_column_text]\n<p>&nbsp;<\/p>\n[\/vc_column_text]<div class=\"eut-element eut-box-icon eut-align-left eut-medium\" style=\"\"><a href=\"https:\/\/www.tauli.cat\/institut\/wp-content\/uploads\/2022\/03\/TC_Maluc_CAT.pdf\" target=\"_blank\">  <div class=\"eut-wrapper-icon eut-no-shape eut-color-grey\"><i class=\"fa fa-file-pdf-o eut-color-primary-1\"><\/i><\/div><\/a>  <div class=\"eut-box-content\"><a href=\"https:\/\/www.tauli.cat\/institut\/wp-content\/uploads\/2022\/03\/TC_Maluc_CAT.pdf\" target=\"_blank\">      <h4 class=\"eut-box-title\">TC de Maluc (CAT)<\/h4><\/a>  <\/div><\/div><div class=\"eut-element eut-box-icon eut-align-left eut-medium\" style=\"\"><a href=\"https:\/\/www.tauli.cat\/institut\/wp-content\/uploads\/2022\/03\/TC_Pelvis_ESP.docx.pdf\" target=\"_blank\">  <div class=\"eut-wrapper-icon eut-no-shape eut-color-grey\"><i class=\"fa fa-file-pdf-o eut-color-primary-1\"><\/i><\/div><\/a>  <div class=\"eut-box-content\"><a href=\"https:\/\/www.tauli.cat\/institut\/wp-content\/uploads\/2022\/03\/TC_Pelvis_ESP.docx.pdf\" target=\"_blank\">      <h4 class=\"eut-box-title\">TC de Pelvis (ESP)<\/h4><\/a>  <\/div><\/div><div class=\"eut-element eut-box-icon eut-align-left eut-medium\" style=\"\"><a href=\"https:\/\/www.tauli.cat\/institut\/wp-content\/uploads\/2022\/03\/CTscan_Pelvis_ENG.pdf\" target=\"_blank\">  <div class=\"eut-wrapper-icon eut-no-shape eut-color-grey\"><i class=\"fa fa-file-pdf-o eut-color-primary-1\"><\/i><\/div><\/a>  <div class=\"eut-box-content\"><a href=\"https:\/\/www.tauli.cat\/institut\/wp-content\/uploads\/2022\/03\/CTscan_Pelvis_ENG.pdf\" target=\"_blank\">      <h4 class=\"eut-box-title\">Pelvis CT scan (ENG)<\/h4><\/a>  <\/div><\/div>[\/vc_column][\/vc_row][vc_row][vc_column][vc_column_text]\n<h2>5. Planificaci\u00f3 quir\u00fargica virtual de genoll<\/h2>\n[\/vc_column_text][\/vc_column][\/vc_row][vc_row][vc_column width=&#8221;1\/2&#8243;][vc_single_image image=&#8221;7657&#8243; img_size=&#8221;200&#215;500&#8243; alignment=&#8221;center&#8221;][\/vc_column][vc_column width=&#8221;1\/2&#8243;][vc_column_text]\n<p>&nbsp;<\/p>\n[\/vc_column_text][vc_column_text]\n<p>&nbsp;<\/p>\n[\/vc_column_text]<div class=\"eut-element eut-box-icon eut-align-left eut-medium\" style=\"\"><a href=\"https:\/\/www.tauli.cat\/institut\/wp-content\/uploads\/2022\/03\/TC_Cama3Parts_CAT.pdf\" target=\"_blank\">  <div class=\"eut-wrapper-icon eut-no-shape eut-color-grey\"><i class=\"fa fa-file-pdf-o eut-color-primary-1\"><\/i><\/div><\/a>  <div class=\"eut-box-content\"><a href=\"https:\/\/www.tauli.cat\/institut\/wp-content\/uploads\/2022\/03\/TC_Cama3Parts_CAT.pdf\" target=\"_blank\">      <h4 class=\"eut-box-title\">TC de Cama (3 parts) (CAT)<\/h4><\/a>  <\/div><\/div><div class=\"eut-element eut-box-icon eut-align-left eut-medium\" style=\"\"><a href=\"https:\/\/www.tauli.cat\/institut\/wp-content\/uploads\/2022\/03\/TC_Pierna3Partes_ESP.pdf\" target=\"_blank\">  <div class=\"eut-wrapper-icon eut-no-shape eut-color-grey\"><i class=\"fa fa-file-pdf-o eut-color-primary-1\"><\/i><\/div><\/a>  <div class=\"eut-box-content\"><a href=\"https:\/\/www.tauli.cat\/institut\/wp-content\/uploads\/2022\/03\/TC_Pierna3Partes_ESP.pdf\" target=\"_blank\">      <h4 class=\"eut-box-title\">TC de Pierna (3 partes) (ESP)<\/h4><\/a>  <\/div><\/div><div class=\"eut-element eut-box-icon eut-align-left eut-medium\" style=\"\"><a href=\"https:\/\/www.tauli.cat\/institut\/wp-content\/uploads\/2022\/03\/CTscan_Leg3parts_ENG.pdf\" target=\"_blank\">  <div class=\"eut-wrapper-icon eut-no-shape eut-color-grey\"><i class=\"fa fa-file-pdf-o eut-color-primary-1\"><\/i><\/div><\/a>  <div class=\"eut-box-content\"><a href=\"https:\/\/www.tauli.cat\/institut\/wp-content\/uploads\/2022\/03\/CTscan_Leg3parts_ENG.pdf\" target=\"_blank\">      <h4 class=\"eut-box-title\">Leg (3 parts) CT scan (ENG)<\/h4><\/a>  <\/div><\/div>[\/vc_column][\/vc_row]\n<\/div>","protected":false},"excerpt":{"rendered":"<p>[vc_row][vc_column][vc_column_text]Els protocols d&#8217;imatge s\u00f3n necessaris per adquirir les imatges m\u00e8diques dels pacients. Per realitzar la planificaci\u00f3 quir\u00fargica virtual i la fabricaci\u00f3 de productes sanitaris personalitzats \u00e9s necessari aplicar uns protocols de TC concrets.[\/vc_column_text][\/vc_column][\/vc_row][vc_row el_class=&#8221;fade-in&#8221;][vc_column][vc_column_text] 1. Planificaci\u00f3 quir\u00fargica virtual d&#8217;avantbra\u00e7 [\/vc_column_text][\/vc_column][\/vc_row][vc_row][vc_column width=&#8221;1\/2&#8243;][vc_single_image image=&#8221;7653&#8243; img_size=&#8221;large&#8221; alignment=&#8221;right&#8221; css_animation=&#8221;none&#8221;][\/vc_column][vc_column width=&#8221;1\/2&#8243;][vc_column_text] &nbsp; [\/vc_column_text][\/vc_column][\/vc_row][vc_row][vc_column][vc_column_text] 2. Planificaci\u00f3 quir\u00fargica virtual d&#8217;escafoides per cirurgia [&hellip;]<\/p>\n","protected":false},"author":1,"featured_media":0,"parent":5559,"menu_order":0,"comment_status":"closed","ping_status":"closed","template":"","meta":[],"_links":{"self":[{"href":"https:\/\/www.tauli.cat\/institut\/wp-json\/wp\/v2\/pages\/7583"}],"collection":[{"href":"https:\/\/www.tauli.cat\/institut\/wp-json\/wp\/v2\/pages"}],"about":[{"href":"https:\/\/www.tauli.cat\/institut\/wp-json\/wp\/v2\/types\/page"}],"author":[{"embeddable":true,"href":"https:\/\/www.tauli.cat\/institut\/wp-json\/wp\/v2\/users\/1"}],"replies":[{"embeddable":true,"href":"https:\/\/www.tauli.cat\/institut\/wp-json\/wp\/v2\/comments?post=7583"}],"version-history":[{"count":15,"href":"https:\/\/www.tauli.cat\/institut\/wp-json\/wp\/v2\/pages\/7583\/revisions"}],"predecessor-version":[{"id":7659,"href":"https:\/\/www.tauli.cat\/institut\/wp-json\/wp\/v2\/pages\/7583\/revisions\/7659"}],"up":[{"embeddable":true,"href":"https:\/\/www.tauli.cat\/institut\/wp-json\/wp\/v2\/pages\/5559"}],"wp:attachment":[{"href":"https:\/\/www.tauli.cat\/institut\/wp-json\/wp\/v2\/media?parent=7583"}],"curies":[{"name":"wp","href":"https:\/\/api.w.org\/{rel}","templated":true}]}}