{"id":824,"date":"2019-12-12T11:17:53","date_gmt":"2019-12-12T09:17:53","guid":{"rendered":"http:\/\/www.tauli.cat\/institut\/?page_id=824"},"modified":"2023-03-21T15:05:40","modified_gmt":"2023-03-21T14:05:40","slug":"avis-legal","status":"publish","type":"page","link":"https:\/\/www.tauli.cat\/institut\/avis-legal\/","title":{"rendered":"Av\u00eds legal"},"content":{"rendered":"<div class=\"wpb-content-wrapper\">[vc_row][vc_column][vc_column_text]\n<h2>Informaci\u00f3 General<\/h2>\n<p>En compliment del que estableix la Llei 34\/2002, d&#8217;11 de juliol de Serveis de la Societat de la informaci\u00f3 i Comer\u00e7 electr\u00f2nic, us comuniquem que el present lloc web \u00e9s propietat del consorci Corporaci\u00f3 Sanit\u00e0ria Parc Taul\u00ed, format per:<\/p>\n<ul>\n<li><strong>Consorci Corporaci\u00f3 Sanit\u00e0ria Parc Tauli<\/strong>. Amb CIF Q5850005I. Ubicat a: Parc del Taul\u00ed 1, 08208 Sabadell (Barcelona).<\/li>\n<li><strong>Sabadell Gent Gran Centre de Serveis<\/strong>. Amb CIF A61838744. Ubicat a: Ronda Collsalarca 217-219, 08207 Sabadell (Barcelona).<\/li>\n<li><strong>Fundaci\u00f3 Institut d&#8217;Investigaci\u00f3 i Innovaci\u00f3 Parc Taul\u00ed<\/strong>. Amb CIF G60331238. Ubicada a: Pla\u00e7a Torre de l&#8217;Aigua s\/n, 08208 Sabadell (Barcelona).<\/li>\n<\/ul>\n<p>Podeu contactar amb nosaltres en persona o b\u00e9 pels canals que disposem en el seg\u00fcent enlla\u00e7:<\/p>\n<ul>\n<li class=\"icon-list link\"><a title=\"Contacte\" href=\"https:\/\/www.tauli.cat\/tauli\/usuaris\/contacte\"> Informaci\u00f3 de contacte del consorci Corporaci\u00f3 Sanit\u00e0ria Parc Taul\u00ed<\/a><\/li>\n<\/ul>\n<h2>Continguts<\/h2>\n<p>Els continguts del web del consorci Corporaci\u00f3 Sanit\u00e0ria Parc Taul\u00ed constitueixen una informaci\u00f3 en l\u00ednia i un servei de comunicaci\u00f3 amb altres professionals i ciutadans amb finalitats informatives i educatives i en cap cas pretenen ser un substitutiu del consell m\u00e8dic professional. Res del que hi ha publicat en aquest web t\u00e9 doncs per finalitat ser emprat per al diagn\u00f2stic ni per al tractament m\u00e8dic. Tot i que repassem amb cura els nostres continguts, el consorci Corporaci\u00f3 Sanit\u00e0ria Parc Taul\u00ed no pot garantir ni responsabilitzar-se de l&#8217;exactitud m\u00e8dica de tots els documents publicats, ni tampoc pot assumir cap responsabilitat pel contingut dels llocs web enlla\u00e7ats des del nostre.<\/p>\n<p>El consorci Corporaci\u00f3 Sanit\u00e0ria Parc Taul\u00ed certifica que compleix els principis de <a href=\"http:\/\/www.healthonnet.org\/HONcode\/Spanish\/?HONConduct989116\" target=\"_blank\" rel=\"noopener noreferrer\">HONCode <\/a>amb n\u00famero de identificaci\u00f3 personalitzada HONConduct989116.<\/p>\n<h2>Autoria<\/h2>\n<p>El departament de <a title=\"Enlla\u00e7 al web del departament de Comunicaci\u00f3 i Multim\u00e8dia\" href=\"https:\/\/www.tauli.cat\/tauli\/informacio-corporativa\/ambits-i-serveis-no-assistencials\/comunicacio-i-multimedia\" target=\"_self\" rel=\"noopener noreferrer\">Comunicaci\u00f3 i Multim\u00e8dia<\/a> del Parc Taul\u00ed duu a terme la coordinaci\u00f3 i gesti\u00f3 de les plataformes intranet i web corporatius, comptant amb el suport i assessorament t\u00e8cnic de l\u2019\u00e0mbit de Direcci\u00f3 d\u2019Organitzaci\u00f3 i Sistemes d\u2019Informaci\u00f3.<\/p>\n<p>En el cas concret del web:<\/p>\n<ul>\n<li>Defineix i elabora el seu disseny, tant en l&#8217;\u00e0mbit est\u00e8tic com l&#8217;estructural.<\/li>\n<li>Pel que fa als continguts, actua com a pont de connexi\u00f3 amb els professionals de la instituci\u00f3, atenent les seves demandes de creaci\u00f3 de nous espais: recull els continguts proposats i els implementa segons el disseny previst.<\/li>\n<\/ul>\n<p>Tamb\u00e9 s&#8217;encarrega de l&#8217;actualitzaci\u00f3 de diversos espais i actua com a consell assessor en l\u2019elaboraci\u00f3 de continguts, apuntant-hi possibles millores i donant-hi indicacions que facilitin la bona comprensi\u00f3 dels textos.<\/p>\n<h2>Finan\u00e7ament i publicitat<\/h2>\n<p>El consorci Corporaci\u00f3 Sanit\u00e0ria Parc Taul\u00ed, entitat p\u00fablica depenent del Servei Catal\u00e0 de la Salut (CatSalut), elabora i gestiona el seu web institucional \u00fanicament amb els seus recursos humans propis.<\/p>\n<p>Aquest web no disposa ni rep finan\u00e7ament extern de cap tipus. Aquest web no cont\u00e9 publicitat.<\/p>\n<h2>Pol\u00edtica de privacitat<\/h2>\n<ul>\n<li class=\"icon-list link\"><a href=\"https:\/\/www.tauli.cat\/institut\/privacitat\/\">Consulteu l&#8217;apartat de pol\u00edtica de privacitat<\/a><\/li>\n<\/ul>\n<p>Les adreces electr\u00f2niques dels professionals del Consorci Corporaci\u00f3 Sanit\u00e0ria Parc Taul\u00ed que apareixen en aquest web es difonen per facilitar la comunicaci\u00f3 entre professionals i amb els ciutadans. En cap cas per ser emprades per a la difusi\u00f3 de publicitat en qualsevol dels seus formats.<\/p>\n<h2>Propietat intel\u00b7lectual<\/h2>\n<p>Tots els continguts i elements gr\u00e0fics d\u2019aquest web formen part del consorci Corporaci\u00f3 Sanit\u00e0ria Parc Taul\u00ed o de terceres persones f\u00edsiques o jur\u00eddiques que han autoritzat el seu \u00fas i queden protegits per la legislaci\u00f3 espanyola sobre propietat intel\u00b7lectual i industrial espanyola. Autoritzem la reproducci\u00f3 total o parcial dels continguts d&#8217;aquest web, sempre que s&#8217;esmenti expressament el seu origen.<\/p>\n<p>El Consorci Corporaci\u00f3 Sanit\u00e0ria Parc Taul\u00ed es reserva el dret de modificar els termes i les condicions establerts en aquest document.<\/p>\n<h2>Enlla\u00e7os a altres p\u00e0gines web<\/h2>\n<p>El Consorci Corporaci\u00f3 Sanit\u00e0ria Parc Taul\u00ed facilita en aquest web enlla\u00e7os a p\u00e0gines web d\u2019altres societats i associacions, per\u00f2 no subscriu ni es responsabilitza obligat\u00f2riament dels continguts d\u2019aquestes p\u00e0gines. La finalitat de publicar aquests accessos \u00e9s sempre informativa i en cap cas assistencial.[\/vc_column_text][\/vc_column][\/vc_row]\n<\/div>","protected":false},"excerpt":{"rendered":"<p>[vc_row][vc_column][vc_column_text] Informaci\u00f3 General En compliment del que estableix la Llei 34\/2002, d&#8217;11 de juliol de Serveis de la Societat de la informaci\u00f3 i Comer\u00e7 electr\u00f2nic, us comuniquem que el present lloc web \u00e9s propietat del consorci Corporaci\u00f3 Sanit\u00e0ria Parc Taul\u00ed, format per: Consorci Corporaci\u00f3 Sanit\u00e0ria Parc Tauli. Amb CIF Q5850005I. Ubicat a: Parc del Taul\u00ed [&hellip;]<\/p>\n","protected":false},"author":1,"featured_media":0,"parent":0,"menu_order":0,"comment_status":"closed","ping_status":"closed","template":"","meta":[],"_links":{"self":[{"href":"https:\/\/www.tauli.cat\/institut\/wp-json\/wp\/v2\/pages\/824"}],"collection":[{"href":"https:\/\/www.tauli.cat\/institut\/wp-json\/wp\/v2\/pages"}],"about":[{"href":"https:\/\/www.tauli.cat\/institut\/wp-json\/wp\/v2\/types\/page"}],"author":[{"embeddable":true,"href":"https:\/\/www.tauli.cat\/institut\/wp-json\/wp\/v2\/users\/1"}],"replies":[{"embeddable":true,"href":"https:\/\/www.tauli.cat\/institut\/wp-json\/wp\/v2\/comments?post=824"}],"version-history":[{"count":7,"href":"https:\/\/www.tauli.cat\/institut\/wp-json\/wp\/v2\/pages\/824\/revisions"}],"predecessor-version":[{"id":9797,"href":"https:\/\/www.tauli.cat\/institut\/wp-json\/wp\/v2\/pages\/824\/revisions\/9797"}],"wp:attachment":[{"href":"https:\/\/www.tauli.cat\/institut\/wp-json\/wp\/v2\/media?parent=824"}],"curies":[{"name":"wp","href":"https:\/\/api.w.org\/{rel}","templated":true}]}}