{"id":8530,"date":"2022-08-04T09:39:20","date_gmt":"2022-08-04T07:39:20","guid":{"rendered":"https:\/\/www.tauli.cat\/institut\/?page_id=8530"},"modified":"2023-05-04T12:35:06","modified_gmt":"2023-05-04T10:35:06","slug":"cookies","status":"publish","type":"page","link":"https:\/\/www.tauli.cat\/institut\/cookies\/","title":{"rendered":"Cookies"},"content":{"rendered":"<h2>Pol\u00edtica de galetes (cookies)<\/h2>\n<p>Les galetes s\u00f3n petits arxius de text que els llocs web poden utilitzar perqu\u00e8 la persona usu\u00e0ria en pugui fer un \u00fas m\u00e9s eficient.<\/p>\n<p>La llei estableix que podem emmagatzemar galetes al seu dispositiu (ordinador, tel\u00e8fon intel\u00b7ligent, tauleta t\u00e0ctil o altre) si s\u00f3n estrictament necess\u00e0ries per al funcionament d&#8217;aquest lloc. Per a tots els altres tipus de galetes ens cal el seu consentiment.<\/p>\n<p>Aquest lloc web utilitza diferents tipus de galetes. En alguna ocasi\u00f3, les galetes que apareixen a les nostres p\u00e0gines provenen de serveis de tercers.<\/p>\n<p>Pot obtenir m\u00e9s informaci\u00f3 sobre el tractament de les dades de car\u00e0cter personal a la Fundaci\u00f3 Institut d\u2019Investigaci\u00f3 i Innovaci\u00f3 Parc Taul\u00ed a l&#8217;apartat <a href=\"https:\/\/www.tauli.cat\/institut\/privacitat\/\">Pol\u00edtica de privacitat<\/a> d&#8217;aquest web.<\/p>\n","protected":false},"excerpt":{"rendered":"<p>Pol\u00edtica de galetes (cookies) Les galetes s\u00f3n petits arxius de text que els llocs web poden utilitzar perqu\u00e8 la persona usu\u00e0ria en pugui fer un \u00fas m\u00e9s eficient. La llei estableix que podem emmagatzemar galetes al seu dispositiu (ordinador, tel\u00e8fon intel\u00b7ligent, tauleta t\u00e0ctil o altre) si s\u00f3n estrictament necess\u00e0ries per al funcionament d&#8217;aquest lloc. Per [&hellip;]<\/p>\n","protected":false},"author":1,"featured_media":0,"parent":0,"menu_order":0,"comment_status":"closed","ping_status":"closed","template":"","meta":[],"_links":{"self":[{"href":"https:\/\/www.tauli.cat\/institut\/wp-json\/wp\/v2\/pages\/8530"}],"collection":[{"href":"https:\/\/www.tauli.cat\/institut\/wp-json\/wp\/v2\/pages"}],"about":[{"href":"https:\/\/www.tauli.cat\/institut\/wp-json\/wp\/v2\/types\/page"}],"author":[{"embeddable":true,"href":"https:\/\/www.tauli.cat\/institut\/wp-json\/wp\/v2\/users\/1"}],"replies":[{"embeddable":true,"href":"https:\/\/www.tauli.cat\/institut\/wp-json\/wp\/v2\/comments?post=8530"}],"version-history":[{"count":6,"href":"https:\/\/www.tauli.cat\/institut\/wp-json\/wp\/v2\/pages\/8530\/revisions"}],"predecessor-version":[{"id":9957,"href":"https:\/\/www.tauli.cat\/institut\/wp-json\/wp\/v2\/pages\/8530\/revisions\/9957"}],"wp:attachment":[{"href":"https:\/\/www.tauli.cat\/institut\/wp-json\/wp\/v2\/media?parent=8530"}],"curies":[{"name":"wp","href":"https:\/\/api.w.org\/{rel}","templated":true}]}}