{"id":9390,"date":"2023-01-19T14:50:46","date_gmt":"2023-01-19T13:50:46","guid":{"rendered":"https:\/\/www.tauli.cat\/institut\/?page_id=9390"},"modified":"2023-02-15T15:05:33","modified_gmt":"2023-02-15T14:05:33","slug":"mompruaa","status":"publish","type":"page","link":"https:\/\/www.tauli.cat\/institut\/projectes-i-xarxes\/projectes-financats\/mompruaa\/","title":{"rendered":"MOMPRUAA"},"content":{"rendered":"<div class=\"wpb-content-wrapper\">[vc_row][vc_column][vc_column_text]\n<h2>MOMPRUAA<\/h2>\n<h5>An\u00e0lisi integrada de dades multi-\u00f2miques per establir perfils cl\u00ednics i moleculars predictius del desenvolupament d&#8217;uve\u00eftis recidivant en pacients amb Espondilitis Anquilosant<\/h5>\n[\/vc_column_text][vc_tta_tour][vc_tta_section title=&#8221;Presentaci\u00f3&#8221; tab_id=&#8221;objectius&#8221;][vc_column_text]\n<h2>Benvinguts a MOMPRUAA<\/h2>\n<p>MOMPRUAA \u00e9s un projecte nacional i multic\u00e8ntric que pret\u00e9n augmentar la capacitat predictiva per anticipar el risc de patir uve\u00eftis recidivant (uve\u00eftis anterior aguda UAA) en pacients amb espondilitis anquilosant (EA).<\/p>\n<p>Es realitzar\u00e0 un perfil multi\u00f2mic que inclour\u00e0 l&#8217;an\u00e0lisi dels principals biomarcadors plasm\u00e0tics implicats en el desenvolupament i la severitat de la uve\u00eftis i l&#8217;EA, i una an\u00e0lisi de metagen\u00f2mica i metabol\u00f2mica per discernir la implicaci\u00f3 del microbioma com a inductor ambiental en el desenvolupament del proc\u00e9s. Per establir models predictius s&#8217;utilitzaran eines bioinform\u00e0tiques de <em>machine<\/em> <em>learning<\/em>.[\/vc_column_text]<div class=\"eut-element eut-image eut-align-center\" style=\"\"><img width=\"956\" height=\"527\" src=\"https:\/\/www.tauli.cat\/institut\/wp-content\/uploads\/2023\/02\/mompruaa_final.png\" class=\"attachment-full size-full\" alt=\"\" decoding=\"async\" loading=\"lazy\" srcset=\"https:\/\/www.tauli.cat\/institut\/wp-content\/uploads\/2023\/02\/mompruaa_final.png 956w, https:\/\/www.tauli.cat\/institut\/wp-content\/uploads\/2023\/02\/mompruaa_final-300x165.png 300w, https:\/\/www.tauli.cat\/institut\/wp-content\/uploads\/2023\/02\/mompruaa_final-768x423.png 768w, https:\/\/www.tauli.cat\/institut\/wp-content\/uploads\/2023\/02\/mompruaa_final-600x331.png 600w\" sizes=\"(max-width: 956px) 100vw, 956px\" \/><\/div>[vc_column_text]\n<h4>Finan\u00e7ament<\/h4>\n<p>Projectes d&#8217;R+D+I en Salut de l&#8217;Instituto de Salud Carlos III 2022. Expedient N\u00ba PI22\/01775[\/vc_column_text]<div class=\"eut-element eut-image eut-align-center\" style=\"\"><img width=\"1300\" height=\"162\" src=\"https:\/\/www.tauli.cat\/institut\/wp-content\/uploads\/2023\/01\/Logos.png\" class=\"attachment-full size-full\" alt=\"\" decoding=\"async\" loading=\"lazy\" srcset=\"https:\/\/www.tauli.cat\/institut\/wp-content\/uploads\/2023\/01\/Logos.png 1300w, https:\/\/www.tauli.cat\/institut\/wp-content\/uploads\/2023\/01\/Logos-300x37.png 300w, https:\/\/www.tauli.cat\/institut\/wp-content\/uploads\/2023\/01\/Logos-1200x150.png 1200w, https:\/\/www.tauli.cat\/institut\/wp-content\/uploads\/2023\/01\/Logos-768x96.png 768w, https:\/\/www.tauli.cat\/institut\/wp-content\/uploads\/2023\/01\/Logos-600x75.png 600w\" sizes=\"(max-width: 1300px) 100vw, 1300px\" \/><\/div>[\/vc_tta_section][vc_tta_section title=&#8221;Desenvolupament&#8221; tab_id=&#8221;1674115003192-820a8469-6851&#8243;][vc_column_text]\n<h2>Desenvolupament de MOMPRUAA<\/h2>\n<h4>Cohort principal<\/h4>\n<ul>\n<li>35 pacients amb EA HLA-B27 positiu amb UAA recidivant sense tractament biol\u00f2gic (TB)<\/li>\n<li>35 pacients cohort control amb EA HLA-B27 positiu sense uve\u00eftis i sense TB, aparellats per edat, g\u00e8nere i temps d&#8217;evoluci\u00f3 de la malaltia<\/li>\n<\/ul>\n<h4>Cohort explorat\u00f2ria<\/h4>\n<ul>\n<li>10 pacients amb EA HL-AB27 negatius amb UAA recidivant sense TB<\/li>\n<li>10 pacients amb EA HLA-B27 positius amb TB amb UAA recidivant<\/li>\n<li>10 pacients amb EA HLA-B27 positius amb TB sense UAA<\/li>\n<\/ul>\n<h4>Mostres a recollir en un m\u00e0xim de 4 setmanes despr\u00e9s d&#8217;episodi d&#8217;UAA<\/h4>\n<ul>\n<li>Femtes: 2 pots, pot tap vermell i pot tap marr\u00f3 amb preservaci\u00f3 de DNA<\/li>\n<li>Sang: sang total, s\u00e8rum i plasma.<\/li>\n<\/ul>\n<h4>Criteris d&#8217;exclusi\u00f3<\/h4>\n<ul>\n<li>Pacients menors de 18 anys<\/li>\n<li>Pacients que no signin el consentiment informat<\/li>\n<li><span style=\"font-size: 12pt;\">Pacients amb altres malalties cr\u00f2niques que puguin afectar el resultat de l&#8217;estudi, com ara malalties inflamat\u00f2ries immunomediades i\/o malalties autoimmunes, obesitat (IMC &gt;30) diabetis, hist\u00f2ria de malaltia neoproliferativa en els darrers 5 anys, malaltia renal cr\u00f2nica severa, malaltia mental severa i\/o deteriorament cognitiu<\/span><\/li>\n<li>Pacients en ter\u00e0pia biol\u00f2gica (TNFi, IL17\/Il23i, JAKi) (per a la cohort principal)<\/li>\n<li>Pacients que han rebut tractaments o intervencions que poden modificar el microbioma: tractament antibi\u00f2tic o amb probi\u00f2tics en els 3 mesos previs, haver-se sotm\u00e8s a una colostomia, haver rebut preparaci\u00f3 per a colonosc\u00f2pia els sis mesos previs, i haver-se sotm\u00e8s a cirurgies extenses el mes previ.<\/li>\n<\/ul>\n[\/vc_column_text][\/vc_tta_section][vc_tta_section title=&#8221;Centres participants&#8221; tab_id=&#8221;resultats&#8221;][vc_column_text]\n<h2>Centres participants<\/h2>\n<ul>\n<li>Hospital Universitari Parc Taul\u00ed (Sabadell)<\/li>\n<li>Hospital Universitari de Vall D&#8217;Hebron (Barcelona)<\/li>\n<li>Hospital Universitari Germans Trias i Pujol (Barcelona)<\/li>\n<li>Hospital Universitari de la Santa Creu i Sant Pau (Barcelona)<\/li>\n<li>Hospital Universitario Reina Sof\u00eda (C\u00f2rdoba)<\/li>\n<li>Xarxa Assistencial Universit\u00e0ria de Manresa (Barcelona)<\/li>\n<li>Hospital Universitario de Basurto (Bilbao)<\/li>\n<li>Hospital General de M\u00e1laga (M\u00e0laga)<\/li>\n<\/ul>\n[\/vc_column_text][\/vc_tta_section][vc_tta_section title=&#8221;Documentaci\u00f3&#8221; tab_id=&#8221;equip&#8221;][vc_column_text el_class=&#8221;eut-team&#8221;]\n<h2>Documentaci\u00f3<\/h2>\n[\/vc_column_text]<div class=\"eut-element eut-box-icon eut-align-left eut-medium\" style=\"\"><a href=\"https:\/\/www.tauli.cat\/institut\/wp-content\/uploads\/2023\/02\/PROTOCOLO-MOMPRUAA.pdf\" target=\"_blank\">  <div class=\"eut-wrapper-icon eut-no-shape eut-color-grey\"><i class=\"fa fa-file-text-o eut-color-primary-1\"><\/i><\/div><\/a>  <div class=\"eut-box-content\"><a href=\"https:\/\/www.tauli.cat\/institut\/wp-content\/uploads\/2023\/02\/PROTOCOLO-MOMPRUAA.pdf\" target=\"_blank\">      <h4 class=\"eut-box-title\">Protocol del projecte<\/h4><\/a>  <\/div><\/div><div class=\"eut-element eut-box-icon eut-align-left eut-medium\" style=\"\"><a href=\"https:\/\/www.tauli.cat\/institut\/wp-content\/uploads\/2023\/02\/PROTOCOLO-MUESTRAS-MOMPRUAA.pdf\" target=\"_blank\">  <div class=\"eut-wrapper-icon eut-no-shape eut-color-grey\"><i class=\"fa fa-file-text-o eut-color-primary-1\"><\/i><\/div><\/a>  <div class=\"eut-box-content\"><a href=\"https:\/\/www.tauli.cat\/institut\/wp-content\/uploads\/2023\/02\/PROTOCOLO-MUESTRAS-MOMPRUAA.pdf\" target=\"_blank\">      <h4 class=\"eut-box-title\">Protocol de recollida i processament de mostres<\/h4><\/a>  <\/div><\/div><div class=\"eut-element eut-box-icon eut-align-left eut-medium\" style=\"\"><a href=\"https:\/\/www.tauli.cat\/institut\/wp-content\/uploads\/2023\/02\/QRD-MOMPRUAA.pdf\" target=\"_blank\">  <div class=\"eut-wrapper-icon eut-no-shape eut-color-grey\"><i class=\"fa fa-file-text-o eut-color-primary-1\"><\/i><\/div><\/a>  <div class=\"eut-box-content\"><a href=\"https:\/\/www.tauli.cat\/institut\/wp-content\/uploads\/2023\/02\/QRD-MOMPRUAA.pdf\" target=\"_blank\">      <h4 class=\"eut-box-title\">Quadern de recollida de dades en paper<\/h4><\/a>  <\/div><\/div><div class=\"eut-element eut-box-icon eut-align-left eut-medium\" style=\"\"><a href=\"https:\/\/redcap.tauli.cat\/redcap\/\" target=\"_blank\">  <div class=\"eut-wrapper-icon eut-no-shape eut-color-grey\"><i class=\"fa fa-file-text-o eut-color-primary-1\"><\/i><\/div><\/a>  <div class=\"eut-box-content\"><a href=\"https:\/\/redcap.tauli.cat\/redcap\/\" target=\"_blank\">      <h4 class=\"eut-box-title\">Quadern de recollida de dades electr\u00f2nic<\/h4><\/a>  <\/div><\/div><div class=\"eut-element eut-box-icon eut-align-left eut-medium\" style=\"\"><a href=\"https:\/\/www.tauli.cat\/institut\/wp-content\/uploads\/2023\/02\/Consentimiento_Informado_MOMPRUAA.pdf\" target=\"_blank\">  <div class=\"eut-wrapper-icon eut-no-shape eut-color-grey\"><i class=\"fa fa-file-text-o eut-color-primary-1\"><\/i><\/div><\/a>  <div class=\"eut-box-content\"><a href=\"https:\/\/www.tauli.cat\/institut\/wp-content\/uploads\/2023\/02\/Consentimiento_Informado_MOMPRUAA.pdf\" target=\"_blank\">      <h4 class=\"eut-box-title\">Consentiment informat<\/h4><\/a>  <\/div><\/div>[\/vc_tta_section][vc_tta_section title=&#8221;Contacte&#8221; tab_id=&#8221;1674053638562-80a42ced-3a6c&#8221;][vc_column_text]\n<h2>Contacte<\/h2>\n[\/vc_column_text]<div class=\"eut-element eut-box-icon eut-align-center eut-medium\" style=\"\"><a href=\"mailto:acarrerasn@tauli.cat\" target=\"_blank\">  <div class=\"eut-wrapper-icon eut-no-shape eut-color-grey\"><i class=\"fa fa-envelope eut-color-primary-1\"><\/i><\/div><\/a>  <div class=\"eut-box-content\"><a href=\"mailto:acarrerasn@tauli.cat\" target=\"_blank\">      <h5 class=\"eut-box-title\">Tens algun dubte o suggeriment? Escriu-nos!<\/h5><\/a>    <p class=\"\">acarrerasn@tauli.cat<\/p>  <\/div><\/div>[\/vc_tta_section][\/vc_tta_tour][\/vc_column][\/vc_row]\n<\/div>","protected":false},"excerpt":{"rendered":"<p>[vc_row][vc_column][vc_column_text] MOMPRUAA An\u00e0lisi integrada de dades multi-\u00f2miques per establir perfils cl\u00ednics i moleculars predictius del desenvolupament d&#8217;uve\u00eftis recidivant en pacients amb Espondilitis Anquilosant [\/vc_column_text][vc_tta_tour][vc_tta_section title=&#8221;Presentaci\u00f3&#8221; tab_id=&#8221;objectius&#8221;][vc_column_text] Benvinguts a MOMPRUAA MOMPRUAA \u00e9s un projecte nacional i multic\u00e8ntric que pret\u00e9n augmentar la capacitat predictiva per anticipar el risc de patir uve\u00eftis recidivant (uve\u00eftis anterior aguda UAA) en [&hellip;]<\/p>\n","protected":false},"author":24,"featured_media":0,"parent":166,"menu_order":0,"comment_status":"closed","ping_status":"closed","template":"","meta":[],"_links":{"self":[{"href":"https:\/\/www.tauli.cat\/institut\/wp-json\/wp\/v2\/pages\/9390"}],"collection":[{"href":"https:\/\/www.tauli.cat\/institut\/wp-json\/wp\/v2\/pages"}],"about":[{"href":"https:\/\/www.tauli.cat\/institut\/wp-json\/wp\/v2\/types\/page"}],"author":[{"embeddable":true,"href":"https:\/\/www.tauli.cat\/institut\/wp-json\/wp\/v2\/users\/24"}],"replies":[{"embeddable":true,"href":"https:\/\/www.tauli.cat\/institut\/wp-json\/wp\/v2\/comments?post=9390"}],"version-history":[{"count":16,"href":"https:\/\/www.tauli.cat\/institut\/wp-json\/wp\/v2\/pages\/9390\/revisions"}],"predecessor-version":[{"id":9477,"href":"https:\/\/www.tauli.cat\/institut\/wp-json\/wp\/v2\/pages\/9390\/revisions\/9477"}],"up":[{"embeddable":true,"href":"https:\/\/www.tauli.cat\/institut\/wp-json\/wp\/v2\/pages\/166"}],"wp:attachment":[{"href":"https:\/\/www.tauli.cat\/institut\/wp-json\/wp\/v2\/media?parent=9390"}],"curies":[{"name":"wp","href":"https:\/\/api.w.org\/{rel}","templated":true}]}}