{"id":9554,"date":"2023-02-22T09:46:53","date_gmt":"2023-02-22T08:46:53","guid":{"rendered":"https:\/\/www.tauli.cat\/institut\/?page_id=9554"},"modified":"2024-05-28T13:43:55","modified_gmt":"2024-05-28T11:43:55","slug":"baritone","status":"publish","type":"page","link":"https:\/\/www.tauli.cat\/institut\/projectes-i-xarxes\/projectes-financats\/baritone\/","title":{"rendered":"BARITONE\u00a0"},"content":{"rendered":"<div class=\"wpb-content-wrapper\">[vc_row][vc_column][vc_column_text]\n<h2>BARITONE<\/h2>\n<h5>Boosting digitAl tRansItiOn iN healthcarE: integration of clinical data and AI technologies for high accuracy phenotyping of complex diseases (BARITONE)<\/h5>\n<h5>Impulsant la transici\u00f3 digital en la salut: integraci\u00f3 de dades cl\u00edniques i tecnologies d&#8217;Intel\u00b7lig\u00e8ncia Artificial pel fenotipat d&#8217;alta precisi\u00f3 de malalties complexes (BARITONE)<\/h5>\n[\/vc_column_text][vc_tta_tour][vc_tta_section title=&#8221;Presentaci\u00f3&#8221; tab_id=&#8221;objectius&#8221;][vc_column_text]\n<h2>Benvinguts a BARITONE<\/h2>\n<p>El projecte BARITONE pret\u00e9n impulsar la digitalitzaci\u00f3 de la cadena de valor de l&#8217;assist\u00e8ncia sanit\u00e0ria, posant especial \u00e8mfasi en l&#8217;explotaci\u00f3 de dades per part del personal cl\u00ednic, investigador i cient\u00edfic d&#8217;Intel\u00b7lig\u00e8ncia Artificial, per millorar l&#8217;atenci\u00f3 als pacients.<\/p>\n<p>BARITONE se centrar\u00e0 en les malalties autoimmunes minorit\u00e0ries de l&#8217;adult, on la digitalitzaci\u00f3 de les dades servir\u00e0 com a valuosa prova de concepte. La infraestructura tecnol\u00f2gica utilitzada s&#8217;utilitzar\u00e0 per a altres investigacions i aplicacions cl\u00edniques diverses, i beneficiar\u00e0 els diferents actors de la cadena de valor de la salut.<\/p>\n<p>El projecte s&#8217;ha publicat a la xarxa <strong><a href=\"https:\/\/www.orpha.net\/es\/research-trials\/research-projects\/674019\" target=\"_blank\" rel=\"noopener\">Orphanet<\/a><\/strong> de malalties minorit\u00e0ries, un recurs \u00fanic que reuneix i millora el coneixement sobre les malalties minorit\u00e0ries per a millorar el diagn\u00f2stic, l&#8217;atenci\u00f3 i el tractament dels pacients que les pateixen.<\/p>\n<div id=\"GroupWiseSection_1716825337000_acarrerasn@tauli.cat_365938A0039400008C646F6D39393038_\" class=\"GroupWiseMessageBody active\"><\/div>\n[\/vc_column_text]<div class=\"eut-element eut-image eut-align-center\" style=\"\"><img width=\"240\" height=\"300\" src=\"https:\/\/www.tauli.cat\/institut\/wp-content\/uploads\/2023\/02\/baritone_final-240x300.png\" class=\"attachment-medium size-medium\" alt=\"\" decoding=\"async\" loading=\"lazy\" srcset=\"https:\/\/www.tauli.cat\/institut\/wp-content\/uploads\/2023\/02\/baritone_final-240x300.png 240w, https:\/\/www.tauli.cat\/institut\/wp-content\/uploads\/2023\/02\/baritone_final-600x749.png 600w, https:\/\/www.tauli.cat\/institut\/wp-content\/uploads\/2023\/02\/baritone_final.png 640w\" sizes=\"(max-width: 240px) 100vw, 240px\" \/><\/div>[vc_column_text]\n<h4>Finan\u00e7ament<\/h4>\n<p>Projectes de Transici\u00f3 Ecol\u00f2gica i Transici\u00f3 Digital 2021. Expedient N\u00ba TED2021-129974B-C21[\/vc_column_text]<div class=\"eut-element eut-image eut-align-center\" style=\"\"><img width=\"684\" height=\"112\" src=\"https:\/\/www.tauli.cat\/institut\/wp-content\/uploads\/2023\/02\/Logos.png\" class=\"attachment-full size-full\" alt=\"\" decoding=\"async\" loading=\"lazy\" srcset=\"https:\/\/www.tauli.cat\/institut\/wp-content\/uploads\/2023\/02\/Logos.png 684w, https:\/\/www.tauli.cat\/institut\/wp-content\/uploads\/2023\/02\/Logos-300x49.png 300w, https:\/\/www.tauli.cat\/institut\/wp-content\/uploads\/2023\/02\/Logos-600x98.png 600w\" sizes=\"(max-width: 684px) 100vw, 684px\" \/><\/div>[vc_column_text]<strong>Duraci\u00f3 del projecte:<\/strong> 2 anys<\/p>\n<p><strong>IP del projecte a l&#8217;I3PT: <\/strong>Dr. Jordi Gratac\u00f3s, Servei de Reumatologia, Hospital Universitari Parc Taul\u00ed<\/p>\n<p><strong>Dotaci\u00f3 econ\u00f2mica<\/strong>: 287.500 \u20ac[\/vc_column_text][\/vc_tta_section][vc_tta_section title=&#8221;Centres participants&#8221; tab_id=&#8221;resultats&#8221;][vc_column_text]\n<h2>Centres participants<\/h2>\n<p><strong>\u00a0<\/strong>[\/vc_column_text][vc_column_text]\n<h5><strong>Parc Taul\u00ed Research and Innovation Institute <\/strong>(<strong>I3PT)<\/strong><\/h5>\n[\/vc_column_text][vc_row_inner][vc_column_inner width=&#8221;1\/2&#8243;][vc_column_text]<strong>SUBPROJECTE 1 IP: <\/strong>Jordi Gratac\u00f3s (coordinador del projecte)<\/p>\n<p><strong>T\u00cdTOL: <\/strong>Optimitzaci\u00f3 d&#8217;un <em>datalake<\/em> cl\u00ednic mitjan\u00e7ant la incorporaci\u00f3 d&#8217;eines digitals validades per millorar el fenotipat d&#8217;alta precisi\u00f3 de malalties complexes.[\/vc_column_text][\/vc_column_inner][vc_column_inner width=&#8221;1\/2&#8243;]<div class=\"eut-element eut-box eut-align-left\" style=\"\"><div class=\"eut-media\"><img width=\"1920\" height=\"1080\" src=\"https:\/\/www.tauli.cat\/institut\/wp-content\/uploads\/2023\/02\/europapress-3171745-hospital-universitari-parc-tauli-barcelona.jpeg\" class=\"attachment-full size-full\" alt=\"\" decoding=\"async\" loading=\"lazy\" srcset=\"https:\/\/www.tauli.cat\/institut\/wp-content\/uploads\/2023\/02\/europapress-3171745-hospital-universitari-parc-tauli-barcelona.jpeg 1920w, https:\/\/www.tauli.cat\/institut\/wp-content\/uploads\/2023\/02\/europapress-3171745-hospital-universitari-parc-tauli-barcelona-300x169.jpeg 300w, https:\/\/www.tauli.cat\/institut\/wp-content\/uploads\/2023\/02\/europapress-3171745-hospital-universitari-parc-tauli-barcelona-1200x675.jpeg 1200w, https:\/\/www.tauli.cat\/institut\/wp-content\/uploads\/2023\/02\/europapress-3171745-hospital-universitari-parc-tauli-barcelona-768x432.jpeg 768w, https:\/\/www.tauli.cat\/institut\/wp-content\/uploads\/2023\/02\/europapress-3171745-hospital-universitari-parc-tauli-barcelona-600x338.jpeg 600w, https:\/\/www.tauli.cat\/institut\/wp-content\/uploads\/2023\/02\/europapress-3171745-hospital-universitari-parc-tauli-barcelona-1536x864.jpeg 1536w, https:\/\/www.tauli.cat\/institut\/wp-content\/uploads\/2023\/02\/europapress-3171745-hospital-universitari-parc-tauli-barcelona-1170x658.jpeg 1170w, https:\/\/www.tauli.cat\/institut\/wp-content\/uploads\/2023\/02\/europapress-3171745-hospital-universitari-parc-tauli-barcelona-800x450.jpeg 800w\" sizes=\"(max-width: 1920px) 100vw, 1920px\" \/><\/div>  <div class=\"eut-box-content\">    <p><\/p>  <\/div><\/div>[\/vc_column_inner][\/vc_row_inner][vc_empty_space height=&#8221;42px&#8221;][vc_column_text]\n<h5><strong>Barcelona Supercomputing Center (BSC)<\/strong><\/h5>\n[\/vc_column_text][vc_row_inner][vc_column_inner width=&#8221;1\/2&#8243;][vc_column_text]<strong>SUBPROJECTE 2 IP: <\/strong>Martin Krallinger<\/p>\n<p><strong>T\u00cdTOL: <\/strong>Desenvolupament d&#8217;una infraestructura interoperable de tecnologies de digitalitzaci\u00f3 de dades de salut en espanyol basades en processament del llenguatge i intel\u00b7lig\u00e8ncia artificial.[\/vc_column_text][\/vc_column_inner][vc_column_inner width=&#8221;1\/2&#8243;]<div class=\"eut-element eut-box eut-align-left\" style=\"\"><div class=\"eut-media\"><img width=\"640\" height=\"360\" src=\"https:\/\/www.tauli.cat\/institut\/wp-content\/uploads\/2023\/02\/marenostrum-distrib.jpg\" class=\"attachment-full size-full\" alt=\"\" decoding=\"async\" loading=\"lazy\" srcset=\"https:\/\/www.tauli.cat\/institut\/wp-content\/uploads\/2023\/02\/marenostrum-distrib.jpg 640w, https:\/\/www.tauli.cat\/institut\/wp-content\/uploads\/2023\/02\/marenostrum-distrib-300x169.jpg 300w, https:\/\/www.tauli.cat\/institut\/wp-content\/uploads\/2023\/02\/marenostrum-distrib-600x338.jpg 600w\" sizes=\"(max-width: 640px) 100vw, 640px\" \/><\/div>  <div class=\"eut-box-content\">    <p><\/p>  <\/div><\/div>[\/vc_column_inner][\/vc_row_inner][\/vc_tta_section][vc_tta_section title=&#8221;Hip\u00f2tesi&#8221; tab_id=&#8221;1674115003192-820a8469-6851&#8243;][vc_column_text]\n<h2>Hip\u00f2tesi<\/h2>\n<p>L&#8217;\u00fas d&#8217;algoritmes d&#8217;Intel\u00b7lig\u00e8ncia Artificial per integrar totes les dades sanit\u00e0ries en un <em>on-premise datalake<\/em> facilitar\u00e0 un perfil cl\u00ednic prec\u00eds dels pacients.<\/p>\n<p>Per tant, es planteja la hip\u00f2tesi que l&#8217;\u00fas d&#8217;algoritmes d&#8217;aprenentatge autom\u00e0tic en un <em>datalake<\/em> cl\u00ednic per a malalties autoimmunes minorit\u00e0ries de l&#8217;adult (ARADs) optimitzar\u00e0 la classificaci\u00f3 d&#8217;aquestes malalties.<\/p>\n<p>Aquesta implementaci\u00f3 tecnol\u00f2gica \u00e9s essencial per augmentar la probabilitat de trobar nous biomarcadors predictius i pron\u00f2stics per facilitar l&#8217;evoluci\u00f3 cap a la medicina personalitzada i millorar el benestar de la societat.[\/vc_column_text][\/vc_tta_section][vc_tta_section title=&#8221;Objectius i metodologia&#8221; tab_id=&#8221;1677054606766-ab6972fb-0873&#8243;][vc_column_text]\n<h2>Objectius i metodologia<\/h2>\n<p>L&#8217;objectiu principal de BARITONE \u00e9s <strong>adaptar una infraestructura digital<\/strong> (\u00e9s a dir, un <em>datalake<\/em>) mitjan\u00e7ant eines d&#8217;Intel\u00b7lig\u00e8ncia Artificial (IA) per <strong>millorar el perfil cl\u00ednic de malalties complexes<\/strong> com ara les ARADs.<\/p>\n<p>La transformaci\u00f3 cap a un sistema digitalitzat eficient requereix la col\u00b7laboraci\u00f3 entre diferents disciplines. Per aix\u00f2, ambd\u00f3s socis contribuiran amb la seva experi\u00e8ncia per assolir amb \u00e8xit els objectius seg\u00fcents:<\/p>\n<h5><strong>Subprojecte 1.<\/strong> <strong>L&#8217;I3PT contribuir\u00e0 amb l&#8217;experi\u00e8ncia dels sistemes d&#8217;informaci\u00f3 cl\u00ednica i assistencial<\/strong>.<\/h5>\n<ol>\n<li>Determinar el m\u00e0xim de dades cl\u00edniques relacionades amb ARADs de fonts hospital\u00e0ries per permetre la seva integraci\u00f3, interoperabilitat i explotaci\u00f3 en un <em>datalake<\/em> cl\u00ednic.<\/li>\n<li>Identificar patrons fenot\u00edpics longitudinals cl\u00ednics dels ARADs per a una classificaci\u00f3 m\u00e9s precisa dins de cada malaltia espec\u00edfica.<\/li>\n<li>Dissenyar una estrat\u00e8gia de <em>scale-up<\/em> per exportar els desenvolupaments tecnol\u00f2gics a altres hospitals acreditats per ARADs del Sitema Sanitari.<\/li>\n<li>Definir futurs estudis \u00f2mics derivats de fenotips cl\u00ednics per avan\u00e7ar cap a la medicina personalitzada i de precisi\u00f3 amb m\u00e9s possibilitats d&#8217;\u00e8xit de diagn\u00f2stic.<\/li>\n<li>Incorporar els resultats comunicats pel pacient per obtenir el seu estat de salut sense cap interpretaci\u00f3 de la resposta (col\u00b7laboraci\u00f3 amb <strong>Foundation29<\/strong>).<\/li>\n<\/ol>\n<h5><strong>Subprojecte 2.<\/strong> BSC s&#8217;encarregar\u00e0 de desenvolupar les eines d&#8217;IA necess\u00e0ries per facilitar els models de mineria de dades (<em>mining<\/em>) per a la seva explotaci\u00f3 i an\u00e0lisi.<\/h5>\n<ol>\n<li>Desenvolupament d&#8217;eines avan\u00e7ades d&#8217;anotaci\u00f3 sem\u00e0ntica d&#8217;aprenentatge autom\u00e0tic (<em>Machine Learning<\/em>) per a la identificaci\u00f3 d&#8217;entitats amb rellev\u00e0ncia per a la detecci\u00f3 d&#8217;ARAD en EHR.<\/li>\n<li>Generaci\u00f3 de models de normalitzaci\u00f3 d&#8217;entitats d&#8217;IA capa\u00e7os de mapejar entitats cl\u00edniques amb terminologies m\u00e8diques que proporcionen interoperabilitat sem\u00e0ntica a les dades textuals d&#8217;EHR.<\/li>\n<li>Creaci\u00f3 d&#8217;un gr\u00e0fic de coneixement sanitari per extreure valor de les entitats detectades a la hist\u00f2ria cl\u00ednica electr\u00f2nica dels pacients.<\/li>\n<li>Generaci\u00f3 de dades sint\u00e8tiques per proporcionar a la comunitat dades representatives i an\u00f2nimes sobre ARADs que es puguin utilitzar per promoure la investigaci\u00f3 en aquest camp.<\/li>\n<li>Integraci\u00f3 dels sistemes desenvolupats en <em>datalake<\/em> hospitalari tenint en compte l&#8217;escalabilitat i usabilitat dels models d&#8217;Intel\u00b7lig\u00e8ncia Artificial generats.<\/li>\n<\/ol>\n[\/vc_column_text][\/vc_tta_section][vc_tta_section title=&#8221;Contacte&#8221; tab_id=&#8221;1674053638562-80a42ced-3a6c&#8221;][vc_column_text]\n<h2>Contacte<\/h2>\n[\/vc_column_text]<div class=\"eut-element eut-box-icon eut-align-center eut-medium\" style=\"\"><a href=\"mailto:acarrerasn@tauli.cat\" target=\"_blank\">  <div class=\"eut-wrapper-icon eut-no-shape eut-color-grey\"><i class=\"fa fa-envelope eut-color-primary-1\"><\/i><\/div><\/a>  <div class=\"eut-box-content\"><a href=\"mailto:acarrerasn@tauli.cat\" target=\"_blank\">      <h5 class=\"eut-box-title\">Tens algun dubte o suggeriment? Escriu-nos!<\/h5><\/a>    <p class=\"\">acarrerasn@tauli.cat<\/p>  <\/div><\/div>[\/vc_tta_section][\/vc_tta_tour][\/vc_column][\/vc_row]\n<\/div>","protected":false},"excerpt":{"rendered":"<p>[vc_row][vc_column][vc_column_text] BARITONE Boosting digitAl tRansItiOn iN healthcarE: integration of clinical data and AI technologies for high accuracy phenotyping of complex diseases (BARITONE) Impulsant la transici\u00f3 digital en la salut: integraci\u00f3 de dades cl\u00edniques i tecnologies d&#8217;Intel\u00b7lig\u00e8ncia Artificial pel fenotipat d&#8217;alta precisi\u00f3 de malalties complexes (BARITONE) [\/vc_column_text][vc_tta_tour][vc_tta_section title=&#8221;Presentaci\u00f3&#8221; tab_id=&#8221;objectius&#8221;][vc_column_text] Benvinguts a BARITONE El projecte BARITONE pret\u00e9n [&hellip;]<\/p>\n","protected":false},"author":24,"featured_media":0,"parent":166,"menu_order":0,"comment_status":"closed","ping_status":"closed","template":"","meta":[],"_links":{"self":[{"href":"https:\/\/www.tauli.cat\/institut\/wp-json\/wp\/v2\/pages\/9554"}],"collection":[{"href":"https:\/\/www.tauli.cat\/institut\/wp-json\/wp\/v2\/pages"}],"about":[{"href":"https:\/\/www.tauli.cat\/institut\/wp-json\/wp\/v2\/types\/page"}],"author":[{"embeddable":true,"href":"https:\/\/www.tauli.cat\/institut\/wp-json\/wp\/v2\/users\/24"}],"replies":[{"embeddable":true,"href":"https:\/\/www.tauli.cat\/institut\/wp-json\/wp\/v2\/comments?post=9554"}],"version-history":[{"count":23,"href":"https:\/\/www.tauli.cat\/institut\/wp-json\/wp\/v2\/pages\/9554\/revisions"}],"predecessor-version":[{"id":14872,"href":"https:\/\/www.tauli.cat\/institut\/wp-json\/wp\/v2\/pages\/9554\/revisions\/14872"}],"up":[{"embeddable":true,"href":"https:\/\/www.tauli.cat\/institut\/wp-json\/wp\/v2\/pages\/166"}],"wp:attachment":[{"href":"https:\/\/www.tauli.cat\/institut\/wp-json\/wp\/v2\/media?parent=9554"}],"curies":[{"name":"wp","href":"https:\/\/api.w.org\/{rel}","templated":true}]}}