{"id":957,"date":"2019-12-19T11:09:50","date_gmt":"2019-12-19T10:09:50","guid":{"rendered":"http:\/\/www.tauli.cat\/institut\/?page_id=957"},"modified":"2026-03-10T07:53:24","modified_gmt":"2026-03-10T06:53:24","slug":"postgrau","status":"publish","type":"page","link":"https:\/\/www.tauli.cat\/institut\/docencia\/postgrau\/","title":{"rendered":"Cursos de postgrau"},"content":{"rendered":"<div class=\"wpb-content-wrapper\">[vc_row][vc_column][vc_column_text]\n<h2>M\u00e0sters i cursos<\/h2>\n[\/vc_column_text][vc_row_inner][vc_column_inner width=&#8221;1\/2&#8243;]<div class=\"eut-element eut-box-icon eut-align-left eut-medium\" style=\"\"><a href=\"https:\/\/www.tauli.cat\/institut\/docencia\/postgrau\/master-en-allergia-immunologia-i-pneumologia-pediatriques\/\" target=\"_self\">  <div class=\"eut-wrapper-icon eut-no-shape eut-color-grey\"><i class=\"fas fa-graduation-cap eut-color-primary-1\"><\/i><\/div><\/a>  <div class=\"eut-box-content\"><a href=\"https:\/\/www.tauli.cat\/institut\/docencia\/postgrau\/master-en-allergia-immunologia-i-pneumologia-pediatriques\/\" target=\"_self\">      <h6 class=\"eut-box-title\">M\u00e0ster en Al\u00b7l\u00e8rgia, Immunologia i Pneumologia Pedi\u00e0triques<\/h6><\/a>  <\/div><\/div>[\/vc_column_inner][vc_column_inner width=&#8221;1\/2&#8243;]<div class=\"eut-element eut-box-icon eut-align-left eut-medium\" style=\"\"><a href=\"https:\/\/www.tauli.cat\/institut\/docencia\/postgrau\/inteligencia-artificial-en-salud\/\" target=\"_self\">  <div class=\"eut-wrapper-icon eut-no-shape eut-color-grey\"><i class=\"fas fa-graduation-cap eut-color-primary-1\"><\/i><\/div><\/a>  <div class=\"eut-box-content\"><a href=\"https:\/\/www.tauli.cat\/institut\/docencia\/postgrau\/inteligencia-artificial-en-salud\/\" target=\"_self\">      <h6 class=\"eut-box-title\">M\u00e0ster i cursos en Intel\u00b7lig\u00e8ncia Artificial i Big Data en Salut<\/h6><\/a>  <\/div><\/div>[\/vc_column_inner][\/vc_row_inner][vc_row_inner][vc_column_inner width=&#8221;1\/2&#8243;]<div class=\"eut-element eut-box-icon eut-align-left eut-medium\" style=\"\"><a href=\"https:\/\/www.tauli.cat\/institut\/master-en-infermeria-intensiva-i-cures-critiques\/\" target=\"_self\">  <div class=\"eut-wrapper-icon eut-no-shape eut-color-grey\"><i class=\"fas fa-graduation-cap eut-color-primary-1\"><\/i><\/div><\/a>  <div class=\"eut-box-content\"><a href=\"https:\/\/www.tauli.cat\/institut\/master-en-infermeria-intensiva-i-cures-critiques\/\" target=\"_self\">      <h6 class=\"eut-box-title\">M\u00e0ster en Infermeria Intensiva i Cures Cr\u00edtiques<\/h6><\/a>  <\/div><\/div>[\/vc_column_inner][vc_column_inner width=&#8221;1\/2&#8243;]<div class=\"eut-element eut-box-icon eut-align-left eut-medium\" style=\"\"><a href=\"https:\/\/www.tauli.cat\/institut\/docencia\/postgrau\/diploma-despecialitzacio-en-fisioterapia-pediatrica\/\" target=\"_self\">  <div class=\"eut-wrapper-icon eut-no-shape eut-color-grey\"><i class=\"fas fa-graduation-cap eut-color-primary-1\"><\/i><\/div><\/a>  <div class=\"eut-box-content\"><a href=\"https:\/\/www.tauli.cat\/institut\/docencia\/postgrau\/diploma-despecialitzacio-en-fisioterapia-pediatrica\/\" target=\"_self\">      <h6 class=\"eut-box-title\">Diploma d\u2019Especialitzaci\u00f3 en Fisioter\u00e0pia Pedi\u00e0trica<\/h6><\/a>  <\/div><\/div>[\/vc_column_inner][\/vc_row_inner][\/vc_column][\/vc_row][vc_row][vc_column][vc_column_text]\n<h2>Calendari de formacions<\/h2>\n[\/vc_column_text][vc_raw_html]JTNDaWZyYW1lJTIwc3JjJTNEJTIyaHR0cHMlM0ElMkYlMkZ3d3cudGF1bGkuY2F0JTJGdGF1bGklMkZqb29tbGElMkZDdXJzb3NGUFQlMkZkZWZhdWx0LmFzcCUyMiUyMHdpZHRoJTNEJTIyMTAwJTI1JTIyJTIwaGVpZ2h0JTNEJTIyMTIwMHB4JTIyJTNFJTNDJTJGaWZyYW1lJTNF[\/vc_raw_html][\/vc_column][\/vc_row][vc_row][vc_column][vc_column_text]Responsable de la informaci\u00f3: <a href=\"mailto:efreixa@tauli.cat\">Ester Freixa<\/a>[\/vc_column_text][\/vc_column][\/vc_row]\n<\/div>","protected":false},"excerpt":{"rendered":"<p>[vc_row][vc_column][vc_column_text] M\u00e0sters i cursos [\/vc_column_text][vc_row_inner][vc_column_inner width=&#8221;1\/2&#8243;][\/vc_column_inner][vc_column_inner width=&#8221;1\/2&#8243;][\/vc_column_inner][\/vc_row_inner][vc_row_inner][vc_column_inner width=&#8221;1\/2&#8243;][\/vc_column_inner][vc_column_inner width=&#8221;1\/2&#8243;][\/vc_column_inner][\/vc_row_inner][\/vc_column][\/vc_row][vc_row][vc_column][vc_column_text] Calendari de formacions [\/vc_column_text][vc_raw_html]JTNDaWZyYW1lJTIwc3JjJTNEJTIyaHR0cHMlM0ElMkYlMkZ3d3cudGF1bGkuY2F0JTJGdGF1bGklMkZqb29tbGElMkZDdXJzb3NGUFQlMkZkZWZhdWx0LmFzcCUyMiUyMHdpZHRoJTNEJTIyMTAwJTI1JTIyJTIwaGVpZ2h0JTNEJTIyMTIwMHB4JTIyJTNFJTNDJTJGaWZyYW1lJTNF[\/vc_raw_html][\/vc_column][\/vc_row][vc_row][vc_column][vc_column_text]Responsable de la informaci\u00f3: Ester Freixa[\/vc_column_text][\/vc_column][\/vc_row]<\/p>\n","protected":false},"author":12,"featured_media":0,"parent":2913,"menu_order":0,"comment_status":"closed","ping_status":"closed","template":"","meta":[],"_links":{"self":[{"href":"https:\/\/www.tauli.cat\/institut\/wp-json\/wp\/v2\/pages\/957"}],"collection":[{"href":"https:\/\/www.tauli.cat\/institut\/wp-json\/wp\/v2\/pages"}],"about":[{"href":"https:\/\/www.tauli.cat\/institut\/wp-json\/wp\/v2\/types\/page"}],"author":[{"embeddable":true,"href":"https:\/\/www.tauli.cat\/institut\/wp-json\/wp\/v2\/users\/12"}],"replies":[{"embeddable":true,"href":"https:\/\/www.tauli.cat\/institut\/wp-json\/wp\/v2\/comments?post=957"}],"version-history":[{"count":23,"href":"https:\/\/www.tauli.cat\/institut\/wp-json\/wp\/v2\/pages\/957\/revisions"}],"predecessor-version":[{"id":22423,"href":"https:\/\/www.tauli.cat\/institut\/wp-json\/wp\/v2\/pages\/957\/revisions\/22423"}],"up":[{"embeddable":true,"href":"https:\/\/www.tauli.cat\/institut\/wp-json\/wp\/v2\/pages\/2913"}],"wp:attachment":[{"href":"https:\/\/www.tauli.cat\/institut\/wp-json\/wp\/v2\/media?parent=957"}],"curies":[{"name":"wp","href":"https:\/\/api.w.org\/{rel}","templated":true}]}}